{"id":3020,"date":"2026-04-09T14:19:02","date_gmt":"2026-04-09T12:19:02","guid":{"rendered":"https:\/\/www.evamatic.at\/product\/kennzeichenhalter-pkw-schweiz-5011ch-klapprahmen-2\/"},"modified":"2026-05-05T13:57:52","modified_gmt":"2026-05-05T11:57:52","slug":"rendszamtarto-auto-svajc-5011ch-felhajthato-keret-2","status":"publish","type":"product","link":"https:\/\/www.evamatic.com\/hu\/product\/kennzeichenhalter-pkw-schweiz-5011ch-klapprahmen-2\/","title":{"rendered":"Rendsz\u00e1mtart\u00f3 szem\u00e9lyg\u00e9pkocsi Sv\u00e1jc 500\u00d7110 mm (5011CH) \u2013 Felnyithat\u00f3 keret"},"content":{"rendered":"<p><span style=\"color: #000000;\"><strong>Az 5011CH rendsz\u00e1mt\u00e1blatart\u00f3 egy felnyithat\u00f3 keret, amely alkalmas sv\u00e1jci szem\u00e9lyg\u00e9pj\u00e1rm\u0171vek 500\u00d7110 mm m\u00e9ret\u0171 rendsz\u00e1mt\u00e1bl\u00e1ihoz.<\/strong><\/span><\/p>\n<p><span style=\"color: #000000;\">Az Evamatic 5011CH rendsz\u00e1mt\u00e1blatart\u00f3 kifejezetten a sv\u00e1jci 500x110 mm-es rendsz\u00e1mt\u00e1bl\u00e1khoz k\u00e9sz\u00fclt, \u00e9s biztons\u00e1gos, stabil \u00e9s tiszta r\u00f6gz\u00edt\u00e9st biztos\u00edt a j\u00e1rm\u0171v\u00f6n. A pontos illeszked\u00e9snek k\u00f6sz\u00f6nhet\u0151en a rendsz\u00e1mt\u00e1bla r\u00f6gz\u00edtett \u00e9s rezg\u00e9smentes \u2013 ide\u00e1lis a napi k\u00f6zleked\u00e9shez. A tart\u00f3 robusztus kivitel\u00e9vel \u00e9s tart\u00f3s szerkezet\u00e9vel gy\u0151z meg, amely v\u00e1ltoz\u00f3 id\u0151j\u00e1r\u00e1si k\u00f6r\u00fclm\u00e9nyek k\u00f6z\u00f6tt is megb\u00edzhat\u00f3an m\u0171k\u00f6dik. Az egyszer\u0171, funkcion\u00e1lis megjelen\u00e9s b\u00e1rmilyen j\u00e1rm\u0171diz\u00e1jnba illeszkedik.<\/span><\/p>\n<p><span style=\"color: #000000;\"><strong>El\u0151ny\u00f6k:<\/strong><\/span><\/p>\n<ul>\n<li><span style=\"color: #000000;\">Sv\u00e1jci rendsz\u00e1mokhoz val\u00f3 500x110mm<\/span><\/li>\n<li><span style=\"color: #000000;\">Biztos tart\u00e1s z\u00f6rg\u00e9s n\u00e9lk\u00fcl<\/span><\/li>\n<li><span style=\"color: #000000;\">Robusztus \u00e9s tart\u00f3s kivitel<\/span><\/li>\n<li><span style=\"color: #000000;\">Egyszer\u0171 \u00f6sszeszerel\u00e9s<\/span><\/li>\n<li><span style=\"color: #000000;\">Diszkr\u00e9t, id\u0151tlen diz\u00e1jn<\/span><\/li>\n<\/ul>\n<p>&nbsp;<\/p>\n<p><span style=\"color: #000000;\"><strong>Alkalmaz\u00e1si ter\u00fcletek:<\/strong><\/span><\/p>\n<ul>\n<li><span style=\"color: #000000;\">Szem\u00e9lyg\u00e9pkocsik \u00e9s haszong\u00e9pj\u00e1rm\u0171vek Sv\u00e1jcban<\/span><\/li>\n<li><span style=\"color: #000000;\">Mag\u00e1nj\u00e1rm\u0171vek<\/span><\/li>\n<li><span style=\"color: #000000;\">C\u00e9ges \u00e9s szervizj\u00e1rm\u0171vek<\/span><\/li>\n<li><span style=\"color: #000000;\">Aut\u00f3keresked\u00e9sek \u00e9s szervizek<\/span><\/li>\n<\/ul>\n<p>&nbsp;<\/p>\n<p><span style=\"color: #000000;\"><strong>Term\u00e9k r\u00e9szletei:<\/strong><\/span><\/p>\n<ul>\n<li><span style=\"color: #000000;\">Rendsz\u00e1mtart\u00f3 5011CH \u2013 sv\u00e1jci rendsz\u00e1mokhoz L 500 M 110 mm<\/span><\/li>\n<li><span style=\"color: #000000;\">Z\u00e1r\u00e1s: Klapprahmen<\/span><\/li>\n<li><span style=\"color: #000000;\">Sz\u00edn: fekete<\/span><\/li>\n<li><span style=\"color: #000000;\">Anyag: Polipropil\u00e9n<\/span><\/li>\n<li><span style=\"color: #000000;\">Nyomtat\u00e1si v\u00e1ltozatok: nyomtat\u00e1s n\u00e9lk\u00fcl, 4c digit\u00e1lis nyomtat\u00e1s selyemf\u00e9ny\u0171, 4c digit\u00e1lis nyomtat\u00e1s m\u0171gyanta bevonattal<\/span><\/li>\n<\/ul>","protected":false},"excerpt":{"rendered":"<p>Der Kennzeichenhalter 5011CH ist ein Klapprahmen passend f\u00fcr schweizer PKW Kennzeichen im Format 500&#215;110 mm. Der Evamatic Kennzeichenhalter 5011CH ist speziell f\u00fcr Schweizer Kennzeichen 500x110mm konzipiert und sorgt f\u00fcr eine sichere, stabile und saubere Befestigung am Fahrzeug. Dank passgenauer Ausf\u00fchrung sitzt das Kennzeichen fest und vibrationsfrei \u2013 ideal f\u00fcr den t\u00e4glichen Einsatz im Stra\u00dfenverkehr. Der [&hellip;]<\/p>\n","protected":false},"featured_media":2137,"template":"","meta":{"_acf_changed":false},"product_brand":[],"product_cat":[201,209],"product_tag":[],"class_list":{"0":"post-3020","1":"product","2":"type-product","3":"status-publish","4":"has-post-thumbnail","6":"product_cat-kennzeichenhalter-schweiz","7":"product_cat-pkw-lkw-500x100-mm-300x80-mm-300x160-mm","8":"pa_druckvariante-4c-druck-mit-kunstharzbeschichtung-silber-matt","9":"pa_druckvariante-4c-druck-seidenmatt","10":"pa_druckvariante-4c-druck-mit-kunstharzbeschichtung","11":"pa_druckvariante-4c-druck-mit-kunstharzbeschichtung-silber-hochglanz","12":"pa_druckvariante-4c-druck-mit-kunstharzbeschichtung-reflektierend","13":"pa_menge-95","14":"pa_menge-96","15":"pa_menge-114","16":"pa_menge-118","17":"pa_menge-130","18":"pa_menge-131","20":"first","21":"instock","22":"taxable","23":"shipping-taxable","24":"purchasable","25":"product-type-variable"},"exclude_global_add_ons":false,"addons":[{"name":"Nyomdai f\u00e1jlfelt\u00f6lt\u00e9s","type":"file_upload","position":0,"required":false,"title_format":"label","default":"","description_enable":false,"description":"Bitte laden Sie hier die Druckdatei (Bild) hoch.","placeholder_enable":false,"placeholder":"","display":"select","restrictions_type":"any_text","adjust_price":false,"price":"","price_type":"flat_fee","restrictions":false,"min":"0","max":"0","options":[],"id":1776081863},{"name":"\u00a0","type":"checkbox","position":1,"required":false,"title_format":"label","default":"","description_enable":true,"description":"Hagyd a diz\u00e1jnt a profikra! Egyszer\u0171en k\u00fcldd el nek\u00fcnk k\u00edv\u00e1ns\u00e1gaidat, log\u00f3idat, sz\u00f6vegeidet \u00e9s prefer\u00e1lt bet\u0171t\u00edpusodat e-mailben vagy az\nfelt\u00f6lt\u00e9si funkci\u00f3nkkal. Tapasztalt grafikai csapatunk professzion\u00e1lisan elk\u00e9sz\u00edt ak\u00e1r 3 egyedi diz\u00e1jntervet is, pontosan az ig\u00e9nyeidhez\nigaz\u00edtva.","placeholder_enable":false,"placeholder":"","display":"select","restrictions_type":"any_text","adjust_price":false,"price":"","price_type":"flat_fee","restrictions":false,"min":"0","max":"0","options":[{"label":"Professionelle Layouterstellung durch unsere Grafikabteilung","price":"35","price_type":"flat_fee","image":0,"visibility":true}],"id":1775653837}],"acf":[],"_links":{"self":[{"href":"https:\/\/www.evamatic.com\/hu\/wp-json\/wp\/v2\/product\/3020","targetHints":{"allow":["GET"]}}],"collection":[{"href":"https:\/\/www.evamatic.com\/hu\/wp-json\/wp\/v2\/product"}],"about":[{"href":"https:\/\/www.evamatic.com\/hu\/wp-json\/wp\/v2\/types\/product"}],"wp:featuredmedia":[{"embeddable":true,"href":"https:\/\/www.evamatic.com\/hu\/wp-json\/wp\/v2\/media\/2137"}],"wp:attachment":[{"href":"https:\/\/www.evamatic.com\/hu\/wp-json\/wp\/v2\/media?parent=3020"}],"wp:term":[{"taxonomy":"product_brand","embeddable":true,"href":"https:\/\/www.evamatic.com\/hu\/wp-json\/wp\/v2\/product_brand?post=3020"},{"taxonomy":"product_cat","embeddable":true,"href":"https:\/\/www.evamatic.com\/hu\/wp-json\/wp\/v2\/product_cat?post=3020"},{"taxonomy":"product_tag","embeddable":true,"href":"https:\/\/www.evamatic.com\/hu\/wp-json\/wp\/v2\/product_tag?post=3020"}],"curies":[{"name":"wp","href":"https:\/\/api.w.org\/{rel}","templated":true}]}}