{"id":2999,"date":"2026-04-09T14:19:01","date_gmt":"2026-04-09T12:19:01","guid":{"rendered":"https:\/\/www.evamatic.at\/product\/kennzeichenhalter-motorrad-eu-270-drehverschluss-2\/"},"modified":"2026-05-05T13:58:55","modified_gmt":"2026-05-05T11:58:55","slug":"motorkerekpar-rendszamtarto-eu-270-forgozar-2","status":"publish","type":"product","link":"https:\/\/www.evamatic.com\/hu\/product\/kennzeichenhalter-motorrad-eu-270-drehverschluss-2\/","title":{"rendered":"Rendsz\u00e1mtart\u00f3 motorker\u00e9kp\u00e1rhoz EU 240\u00d7150 mm (270) \u2013 Forg\u00f3z\u00e1r"},"content":{"rendered":"<p><span style=\"color: #000000;\"><strong>Rendsz\u00e1mtart\u00f3 motorker\u00e9kp\u00e1r EU Type 270 k\u00e9tsoros rendsz\u00e1mtart\u00f3khoz 240\u00d7150 mm<\/strong><\/span><\/p>\n<p><span style=\"color: #000000;\">Az Evamatic 270 rendsz\u00e1mt\u00e1blatart\u00f3 biztons\u00e1gos \u00e9s k\u00e9nyelmes megold\u00e1st k\u00edn\u00e1l EU motoros rendsz\u00e1mt\u00e1bl\u00e1k (240x150mm) r\u00f6gz\u00edt\u00e9s\u00e9re. A be\u00e9p\u00edtett forg\u00f3z\u00e1rnak k\u00f6sz\u00f6nhet\u0151en a rendsz\u00e1mt\u00e1bla k\u00f6nnyen behelyezhet\u0151 \u00e9s megb\u00edzhat\u00f3an r\u00f6gz\u00edthet\u0151 \u2013 ide\u00e1lis a mindennapi haszn\u00e1lathoz. A nyomtathat\u00f3 rekl\u00e1mcs\u00edk (155 \u00d7 22 mm) elegend\u0151 helyet biztos\u00edt log\u00f3k, feliratok vagy rekl\u00e1m\u00fczenetek sz\u00e1m\u00e1ra, \u00edgy a tart\u00f3 diszkr\u00e9t, m\u00e9gis hat\u00e9kony rekl\u00e1mhordoz\u00f3v\u00e1 v\u00e1lik.<\/span><\/p>\n<p><span style=\"color: #000000;\"><strong>Term\u00e9k r\u00e9szletei:<\/strong><\/span><\/p>\n<ul>\n<li><span style=\"color: #000000;\">Z\u00e1r\u00e1s: Csavaros kupak<\/span><\/li>\n<li><span style=\"color: #000000;\">Sz\u00edn: fekete<\/span><\/li>\n<li><span style=\"color: #000000;\">Anyag: Polipropil\u00e9n<\/span><\/li>\n<li><span style=\"color: #000000;\">Nyomtat\u00e1si v\u00e1ltozatok: nyomatlan, 4c digit\u00e1lis nyomtat\u00e1s m\u0171gyanta bevonattal<\/span><\/li>\n<\/ul>","protected":false},"excerpt":{"rendered":"<p>Kennzeichenhalter Motorrad EU Type 270 f\u00fcr zweizeilige Kennzeichenhalter 240&#215;150 mm Der Evamatic Kennzeichenhalter 270 bietet eine sichere und komfortable L\u00f6sung zur Befestigung von EU Motorrad Kennzeichen (240x150mm). Dank des integrierten Drehverschlusses l\u00e4sst sich das Kennzeichen einfach einlegen und zuverl\u00e4ssig fixieren \u2013 ideal f\u00fcr den t\u00e4glichen Einsatz. Die bedruckbare Werbeleiste (155 \u00d7 22 mm) bietet ausreichend [&hellip;]<\/p>\n","protected":false},"featured_media":2151,"template":"","meta":{"_acf_changed":false},"product_brand":[],"product_cat":[204,199],"product_tag":[],"class_list":{"0":"post-2999","1":"product","2":"type-product","3":"status-publish","4":"has-post-thumbnail","6":"product_cat-motorrad-240x150-mm","7":"product_cat-kennzeichenhalter-eu","8":"pa_druckvariante-4c-druck-mit-kunstharzbeschichtung","9":"pa_druckvariante-4c-druck-mit-kunstharzbeschichtung-silber-hochglanz","10":"pa_druckvariante-4c-druck-mit-kunstharzbeschichtung-reflektierend","11":"pa_druckvariante-4c-druck-mit-kunstharzbeschichtung-silber-matt","12":"pa_druckvariante-unbedruckt","13":"pa_menge-95","14":"pa_menge-96","15":"pa_menge-116","16":"pa_menge-119","17":"pa_menge-120","19":"first","20":"instock","21":"taxable","22":"shipping-taxable","23":"purchasable","24":"product-type-variable"},"exclude_global_add_ons":false,"addons":[{"name":"Nyomdai f\u00e1jlfelt\u00f6lt\u00e9s","type":"file_upload","position":0,"required":false,"title_format":"label","default":"","description_enable":false,"description":"Bitte laden Sie hier die Druckdatei (Bild) hoch.","placeholder_enable":false,"placeholder":"","display":"select","restrictions_type":"any_text","adjust_price":false,"price":"","price_type":"flat_fee","restrictions":false,"min":"0","max":"0","options":[],"id":1776081863},{"name":"\u00a0","type":"checkbox","position":1,"required":false,"title_format":"label","default":"","description_enable":true,"description":"Hagyd a diz\u00e1jnt a profikra! Egyszer\u0171en k\u00fcldd el nek\u00fcnk k\u00edv\u00e1ns\u00e1gaidat, log\u00f3idat, sz\u00f6vegeidet \u00e9s prefer\u00e1lt bet\u0171t\u00edpusodat e-mailben vagy az\nfelt\u00f6lt\u00e9si funkci\u00f3nkkal. Tapasztalt grafikai csapatunk professzion\u00e1lisan elk\u00e9sz\u00edt ak\u00e1r 3 egyedi diz\u00e1jntervet is, pontosan az ig\u00e9nyeidhez\nigaz\u00edtva.","placeholder_enable":false,"placeholder":"","display":"select","restrictions_type":"any_text","adjust_price":false,"price":"","price_type":"flat_fee","restrictions":false,"min":"0","max":"0","options":[{"label":"Professionelle Layouterstellung durch unsere Grafikabteilung","price":"35","price_type":"flat_fee","image":0,"visibility":true}],"id":1775653837}],"acf":[],"_links":{"self":[{"href":"https:\/\/www.evamatic.com\/hu\/wp-json\/wp\/v2\/product\/2999","targetHints":{"allow":["GET"]}}],"collection":[{"href":"https:\/\/www.evamatic.com\/hu\/wp-json\/wp\/v2\/product"}],"about":[{"href":"https:\/\/www.evamatic.com\/hu\/wp-json\/wp\/v2\/types\/product"}],"wp:featuredmedia":[{"embeddable":true,"href":"https:\/\/www.evamatic.com\/hu\/wp-json\/wp\/v2\/media\/2151"}],"wp:attachment":[{"href":"https:\/\/www.evamatic.com\/hu\/wp-json\/wp\/v2\/media?parent=2999"}],"wp:term":[{"taxonomy":"product_brand","embeddable":true,"href":"https:\/\/www.evamatic.com\/hu\/wp-json\/wp\/v2\/product_brand?post=2999"},{"taxonomy":"product_cat","embeddable":true,"href":"https:\/\/www.evamatic.com\/hu\/wp-json\/wp\/v2\/product_cat?post=2999"},{"taxonomy":"product_tag","embeddable":true,"href":"https:\/\/www.evamatic.com\/hu\/wp-json\/wp\/v2\/product_tag?post=2999"}],"curies":[{"name":"wp","href":"https:\/\/api.w.org\/{rel}","templated":true}]}}