{"id":2984,"date":"2026-04-09T14:19:01","date_gmt":"2026-04-09T12:19:01","guid":{"rendered":"https:\/\/www.evamatic.at\/product\/kennzeichenhalter-suvs-gelaendewagen-quads-lkw-und-anhaenger-deutschland-type-340-2-zeilig-klapprahmen-2\/"},"modified":"2026-05-05T13:58:22","modified_gmt":"2026-05-05T11:58:22","slug":"rendszamtarto-suv-khoz-terepjarokhoz-quadokhoz-teherautokhoz-es-utanfutokhoz-nemetorszag-340-es-tipus-2-soros-lehajthato-keret-2","status":"publish","type":"product","link":"https:\/\/www.evamatic.com\/hu\/product\/kennzeichenhalter-suvs-gelaendewagen-quads-lkw-und-anhaenger-deutschland-type-340-2-zeilig-klapprahmen-2\/","title":{"rendered":"Rendsz\u00e1mtart\u00f3 SUV-okhoz \/ terepj\u00e1r\u00f3khoz \/ quadokhoz \/ teheraut\u00f3khoz \u00e9s ut\u00e1nfut\u00f3khoz N\u00e9metorsz\u00e1g 340x200 mm (340 2 soros) \u2013 csukl\u00f3s keret"},"content":{"rendered":"<p><span style=\"color: #000000;\"><strong>Rendsz\u00e1mtart\u00f3 340 \u2013 k\u00e9tsoros felnyithat\u00f3 keret 340\u00d7200 mm-es rendsz\u00e1mokhoz terepj\u00e1r\u00f3khoz \/ SUV-okhoz \/ quadokhoz \/ teherg\u00e9pj\u00e1rm\u0171vekhez \u00e9s p\u00f3tkocsikhoz<\/strong><\/span><\/p>\n<p><span style=\"color: #000000;\">Az Evamatic 340 rendsz\u00e1mt\u00e1blatart\u00f3 az Evamatic-t\u00f3l egy robusztus, k\u00e9tsoros, felcsukhat\u00f3 keretes rendsz\u00e1mt\u00e1blatart\u00f3 340 \u00d7 200 mm-es m\u00e9retben, ide\u00e1lis olyan j\u00e1rm\u0171vekhez, amelyek k\u00e9tsoros rendsz\u00e1mt\u00e1bl\u00e1t haszn\u00e1lnak, mint p\u00e9ld\u00e1ul haszonj\u00e1rm\u0171vek, SUV-ok, teheraut\u00f3k vagy p\u00f3tkocsik. Kiv\u00e1l\u00f3 min\u0151s\u00e9g\u0171, id\u0151j\u00e1r\u00e1s- \u00e9s UV-\u00e1ll\u00f3 m\u0171anyagb\u00f3l k\u00e9sz\u00fclt, amely hossz\u00fa t\u00e1v\u00fa haszn\u00e1latot tesz lehet\u0151v\u00e9 v\u00e1ltoz\u00f3 id\u0151j\u00e1r\u00e1si k\u00f6r\u00fclm\u00e9nyek k\u00f6z\u00f6tt is. Az okos felcsukhat\u00f3 keretes rendszer biztons\u00e1gos bajonettz\u00e1ras vagy forgathat\u00f3 z\u00e1rral gyors \u00e9s egyszer\u0171 rendsz\u00e1mt\u00e1blacser\u00e9t tesz lehet\u0151v\u00e9 an\u00e9lk\u00fcl, hogy mag\u00e1t a rendsz\u00e1mt\u00e1bl\u00e1t kellene f\u00farni vagy csavarozni. Az univerz\u00e1lis furatrendszernek k\u00f6sz\u00f6nhet\u0151en a tart\u00f3 a megfelel\u0151 r\u00f6gz\u00edt\u00e9si pontokon kereszt\u00fcl sok elterjedt j\u00e1rm\u0171m\u00e1rk\u00e1hoz illeszkedik.<\/span><\/p>\n<p>&nbsp;<\/p>\n<p><span style=\"color: #000000;\"><strong>Term\u00e9k r\u00e9szletei:<\/strong><\/span><\/p>\n<ul>\n<li><span style=\"color: #000000;\">Rendsz\u00e1mtart\u00f3 340 \u2013 n\u00e9met k\u00e9t soros rendsz\u00e1mokhoz L 340 H 200 mm<\/span><\/li>\n<li><span style=\"color: #000000;\">Z\u00e1r\u00e1s: Klapprahmen<\/span><\/li>\n<li><span style=\"color: #000000;\">Sz\u00edn: fekete<\/span><\/li>\n<li><span style=\"color: #000000;\">Anyag: Polipropil\u00e9n<\/span><\/li>\n<li><span style=\"color: #000000;\">Nyomtat\u00e1si v\u00e1ltozatok: nyomatlan, szitanyom\u00e1s, 4c digit\u00e1lis nyomtat\u00e1s m\u0171gyanta bevonattal<\/span><\/li>\n<\/ul>","protected":false},"excerpt":{"rendered":"<p>Kennzeichenhalter 340 &#8211; zweizeiliger Klapprahmen f\u00fcr Kennzeichen im Format 340\u00d7200 mm f\u00fcr SUVs \/ Gel\u00e4ndewagen \/ Quads \/ LKW und Anh\u00e4nger Der Evamatic Kennzeichenhalter 340 von Evamatic ist ein robuster, zweizeiliger Klapprahmen-Kennzeichenhalter im Format 340 \u00d7 200 mm, ideal f\u00fcr Fahrzeuge mit zweizeiligen Kennzeichen wie Nutzfahrzeuge, SUVs, LKWs oder Anh\u00e4nger. Er besteht aus hochwertigem, witterungs- [&hellip;]<\/p>\n","protected":false},"featured_media":4457,"template":"","meta":{"_acf_changed":false},"product_brand":[],"product_cat":[203,199],"product_tag":[],"class_list":{"0":"post-2984","1":"product","2":"type-product","3":"status-publish","4":"has-post-thumbnail","6":"product_cat-pkw-anhaenger-gelaendewagen-340x200-mm","7":"product_cat-kennzeichenhalter-eu","8":"pa_druckvariante-4c-druck-mit-kunstharzbeschichtung-reflektierend","9":"pa_druckvariante-4c-druck-mit-kunstharzbeschichtung-silber-matt","10":"pa_druckvariante-unbedruckt","11":"pa_druckvariante-siebdruck-einfaerbig-weiss","12":"pa_druckvariante-siebdruck-einfaerbig-silber","13":"pa_druckvariante-4c-druck-mit-kunstharzbeschichtung","14":"pa_druckvariante-4c-druck-mit-kunstharzbeschichtung-silber-hochglanz","15":"pa_menge-95","16":"pa_menge-96","17":"pa_menge-116","18":"pa_menge-118","19":"pa_menge-119","20":"pa_menge-120","21":"pa_menge-125","23":"first","24":"instock","25":"taxable","26":"shipping-taxable","27":"purchasable","28":"product-type-variable"},"exclude_global_add_ons":false,"addons":[{"name":"Nyomdai f\u00e1jlfelt\u00f6lt\u00e9s","type":"file_upload","position":0,"required":false,"title_format":"label","default":"","description_enable":false,"description":"Bitte laden Sie hier die Druckdatei (Bild) hoch.","placeholder_enable":false,"placeholder":"","display":"select","restrictions_type":"any_text","adjust_price":false,"price":"","price_type":"flat_fee","restrictions":false,"min":"0","max":"0","options":[],"id":1776081863},{"name":"\u00a0","type":"checkbox","position":1,"required":false,"title_format":"label","default":"","description_enable":true,"description":"Hagyd a diz\u00e1jnt a profikra! Egyszer\u0171en k\u00fcldd el nek\u00fcnk k\u00edv\u00e1ns\u00e1gaidat, log\u00f3idat, sz\u00f6vegeidet \u00e9s prefer\u00e1lt bet\u0171t\u00edpusodat e-mailben vagy az\nfelt\u00f6lt\u00e9si funkci\u00f3nkkal. Tapasztalt grafikai csapatunk professzion\u00e1lisan elk\u00e9sz\u00edt ak\u00e1r 3 egyedi diz\u00e1jntervet is, pontosan az ig\u00e9nyeidhez\nigaz\u00edtva.","placeholder_enable":false,"placeholder":"","display":"select","restrictions_type":"any_text","adjust_price":false,"price":"","price_type":"flat_fee","restrictions":false,"min":"0","max":"0","options":[{"label":"Professionelle Layouterstellung durch unsere Grafikabteilung","price":"35","price_type":"flat_fee","image":0,"visibility":true}],"id":1775653837}],"acf":[],"_links":{"self":[{"href":"https:\/\/www.evamatic.com\/hu\/wp-json\/wp\/v2\/product\/2984","targetHints":{"allow":["GET"]}}],"collection":[{"href":"https:\/\/www.evamatic.com\/hu\/wp-json\/wp\/v2\/product"}],"about":[{"href":"https:\/\/www.evamatic.com\/hu\/wp-json\/wp\/v2\/types\/product"}],"wp:featuredmedia":[{"embeddable":true,"href":"https:\/\/www.evamatic.com\/hu\/wp-json\/wp\/v2\/media\/4457"}],"wp:attachment":[{"href":"https:\/\/www.evamatic.com\/hu\/wp-json\/wp\/v2\/media?parent=2984"}],"wp:term":[{"taxonomy":"product_brand","embeddable":true,"href":"https:\/\/www.evamatic.com\/hu\/wp-json\/wp\/v2\/product_brand?post=2984"},{"taxonomy":"product_cat","embeddable":true,"href":"https:\/\/www.evamatic.com\/hu\/wp-json\/wp\/v2\/product_cat?post=2984"},{"taxonomy":"product_tag","embeddable":true,"href":"https:\/\/www.evamatic.com\/hu\/wp-json\/wp\/v2\/product_tag?post=2984"}],"curies":[{"name":"wp","href":"https:\/\/api.w.org\/{rel}","templated":true}]}}