{"id":2916,"date":"2026-04-09T14:18:58","date_gmt":"2026-04-09T12:18:58","guid":{"rendered":"https:\/\/www.evamatic.at\/product\/kennzeichenhalter-pkw-eu-deutschland-520b-klapprahmen-2\/"},"modified":"2026-05-05T13:59:25","modified_gmt":"2026-05-05T11:59:25","slug":"rendszamtablatarto-szemelygepkocsi-eu-nemetorszag-520b-felhajthato-keret-2","status":"publish","type":"product","link":"https:\/\/www.evamatic.com\/hu\/product\/kennzeichenhalter-pkw-eu-deutschland-520b-klapprahmen-2\/","title":{"rendered":"Rendsz\u00e1mt\u00e1bla tart\u00f3 szem\u00e9lyg\u00e9pkocsi EU\/N\u00e9metorsz\u00e1g 520\u00d7110 mm (520B) \u2013 Klapprahmen"},"content":{"rendered":"<p><span style=\"color: #000000;\"><strong>Rendsz\u00e1mkeret EU\/N\u00e9metorsz\u00e1g 520-as t\u00edpus, lecsukhat\u00f3 kerettel \u00e9s forg\u00f3kapcsol\u00f3val, EU rendsz\u00e1mt\u00e1blam\u00e9retre 520\u00d7110 mm<\/strong><\/span><\/p>\n<p><span style=\"color: #000000;\">Az Evamatic Rendsz\u00e1mtart\u00f3 TYPE 520 Felnyithat\u00f3 keret egy EU-rendsz\u00e1mtart\u00f3 (520 \u00d7 110 mm) felnyithat\u00f3 kerettel \u00e9s bajonettz\u00e1rral a rendsz\u00e1m egyszer\u0171 cser\u00e9j\u00e9hez. A rug\u00f3s leszor\u00edt\u00f3k cs\u00f6kkentik a l\u00f6ty\u00f6g\u00e9st, a keskeny kialak\u00edt\u00e1s pedig nem zavarja a parkol\u00f3 szenzorokat \u2013 ide\u00e1lis egyedi rekl\u00e1mokhoz \u00e9s professzion\u00e1lis j\u00e1rm\u0171bemutat\u00e1shoz.<\/span><\/p>\n<p>&nbsp;<\/p>\n<p><span style=\"color: #000000;\"><strong>Term\u00e9k r\u00e9szletei:<\/strong><\/span><\/p>\n<ul>\n<li><span style=\"color: #000000;\">Z\u00e1r\u00e1s: Klapprahmen<\/span><\/li>\n<li><span style=\"color: #000000;\">Sz\u00edn: fekete<\/span><\/li>\n<li><span style=\"color: #000000;\">Anyag: Polipropil\u00e9n<\/span><\/li>\n<li><span style=\"color: #000000;\">Nyomtat\u00e1si v\u00e1ltozatok: nyomatlan, szitanyom\u00e1s, 4c digit\u00e1lis nyomtat\u00e1s selyemf\u00e9ny\u0171 lakkoz\u00e1ssal, 4c digit\u00e1lis nyomtat\u00e1s m\u0171gyanta bevonattal<\/span><\/li>\n<\/ul>","protected":false},"excerpt":{"rendered":"<p>teszt<\/p>","protected":false},"featured_media":4458,"template":"","meta":{"_acf_changed":false},"product_brand":[],"product_cat":[199,202],"product_tag":[],"class_list":{"0":"post-2916","1":"product","2":"type-product","3":"status-publish","4":"has-post-thumbnail","6":"product_cat-kennzeichenhalter-eu","7":"product_cat-pkw-lkw-520x110","8":"pa_druckvariante-siebdruck-einfaerbig-weiss","9":"pa_druckvariante-siebdruck-einfaerbig-silber","10":"pa_druckvariante-4c-druck-seidenmatt","11":"pa_druckvariante-4c-druck-mit-kunstharzbeschichtung","12":"pa_druckvariante-4c-druck-mit-kunstharzbeschichtung-silber-hochglanz","13":"pa_druckvariante-4c-druck-mit-kunstharzbeschichtung-reflektierend","14":"pa_druckvariante-4c-druck-mit-kunstharzbeschichtung-silber-matt","15":"pa_druckvariante-unbedruckt","16":"pa_menge-108","17":"pa_menge-109","18":"pa_menge-110","19":"pa_menge-111","20":"pa_menge-112","21":"pa_menge-119","22":"pa_menge-93","23":"pa_menge-94","24":"pa_menge-95","25":"pa_menge-96","27":"first","28":"instock","29":"taxable","30":"shipping-taxable","31":"purchasable","32":"product-type-variable"},"exclude_global_add_ons":false,"addons":[{"name":"Nyomdai f\u00e1jlfelt\u00f6lt\u00e9s","type":"file_upload","position":0,"required":false,"title_format":"label","default":"","description_enable":false,"description":"Bitte laden Sie hier die Druckdatei (Bild) hoch.","placeholder_enable":false,"placeholder":"","display":"select","restrictions_type":"any_text","adjust_price":false,"price":"","price_type":"flat_fee","restrictions":false,"min":"0","max":"0","options":[],"id":1776081863},{"name":"\u00a0","type":"checkbox","position":1,"required":false,"title_format":"label","default":"","description_enable":true,"description":"Hagyd a diz\u00e1jnt a profikra! Egyszer\u0171en k\u00fcldd el nek\u00fcnk k\u00edv\u00e1ns\u00e1gaidat, log\u00f3idat, sz\u00f6vegeidet \u00e9s prefer\u00e1lt bet\u0171t\u00edpusodat e-mailben vagy az\nfelt\u00f6lt\u00e9si funkci\u00f3nkkal. Tapasztalt grafikai csapatunk professzion\u00e1lisan elk\u00e9sz\u00edt ak\u00e1r 3 egyedi diz\u00e1jntervet is, pontosan az ig\u00e9nyeidhez\nigaz\u00edtva.","placeholder_enable":false,"placeholder":"","display":"select","restrictions_type":"any_text","adjust_price":false,"price":"","price_type":"flat_fee","restrictions":false,"min":"0","max":"0","options":[{"label":"Professionelle Layouterstellung durch unsere Grafikabteilung","price":"35","price_type":"flat_fee","image":0,"visibility":true}],"id":1775653837}],"acf":[],"_links":{"self":[{"href":"https:\/\/www.evamatic.com\/hu\/wp-json\/wp\/v2\/product\/2916","targetHints":{"allow":["GET"]}}],"collection":[{"href":"https:\/\/www.evamatic.com\/hu\/wp-json\/wp\/v2\/product"}],"about":[{"href":"https:\/\/www.evamatic.com\/hu\/wp-json\/wp\/v2\/types\/product"}],"wp:featuredmedia":[{"embeddable":true,"href":"https:\/\/www.evamatic.com\/hu\/wp-json\/wp\/v2\/media\/4458"}],"wp:attachment":[{"href":"https:\/\/www.evamatic.com\/hu\/wp-json\/wp\/v2\/media?parent=2916"}],"wp:term":[{"taxonomy":"product_brand","embeddable":true,"href":"https:\/\/www.evamatic.com\/hu\/wp-json\/wp\/v2\/product_brand?post=2916"},{"taxonomy":"product_cat","embeddable":true,"href":"https:\/\/www.evamatic.com\/hu\/wp-json\/wp\/v2\/product_cat?post=2916"},{"taxonomy":"product_tag","embeddable":true,"href":"https:\/\/www.evamatic.com\/hu\/wp-json\/wp\/v2\/product_tag?post=2916"}],"curies":[{"name":"wp","href":"https:\/\/api.w.org\/{rel}","templated":true}]}}