{"id":2844,"date":"2026-04-09T14:18:54","date_gmt":"2026-04-09T12:18:54","guid":{"rendered":"https:\/\/www.evamatic.at\/product\/kennzeichenhalter-moped-oesterreich-drehverschluss-2\/"},"modified":"2026-04-30T14:24:14","modified_gmt":"2026-04-30T12:24:14","slug":"rendszamtablatarto-robogo-ausztria-forgokapcsolo-2","status":"publish","type":"product","link":"https:\/\/www.evamatic.com\/hu\/product\/kennzeichenhalter-moped-oesterreich-drehverschluss-2\/","title":{"rendered":"Rendsz\u00e1mtart\u00f3 motor Ausztria \u2013 Forgathat\u00f3 z\u00e1r\u00f3kupak"},"content":{"rendered":"<p><span style=\"color: #000000;\"><strong>Rendsz\u00e1mtart\u00f3 motoros robog\u00f3hoz Ausztria 3110-es t\u00edpus, osztr\u00e1k 115\u00d7150 mm-es robog\u00f3 rendsz\u00e1mokhoz.<\/strong><\/span><\/p>\n<p><span style=\"color: #000000;\">Az Evamatic Moped rendsz\u00e1mtart\u00f3 art.-nr. 3110 speci\u00e1lisan osztr\u00e1k mopedrendsz\u00e1mokhoz lett tervezve, \u00e9s biztons\u00e1gos, stabil, ugyanakkor egyszer\u0171 r\u00f6gz\u00edt\u00e9si megold\u00e1st k\u00edn\u00e1l. A be\u00e9p\u00edtett forgathat\u00f3 z\u00e1r lehet\u0151v\u00e9 teszi a rendsz\u00e1m gyors behelyez\u00e9s\u00e9t \u00e9s r\u00f6gz\u00edt\u00e9s\u00e9t. A rendsz\u00e1mtart\u00f3 m\u00e9g a mindennapi haszn\u00e1lat sor\u00e1n fell\u00e9p\u0151 rezg\u00e9sekn\u00e9l is biztos tart\u00e1st garant\u00e1l. A nyomtathat\u00f3 rekl\u00e1mcs\u00edk (115 \u00d7 33 mm) elegend\u0151 helyet biztos\u00edt log\u00f3k, feliratok vagy rekl\u00e1m\u00fczenetek sz\u00e1m\u00e1ra, \u00e9s a tart\u00f3t szembet\u0171n\u0151, \u00e1m visszafogott rekl\u00e1mhordoz\u00f3v\u00e1 teszi.<\/span><\/p>\n<p><span style=\"color: #000000;\">Ide\u00e1lisan alkalmas k\u00e9tkerek\u0171-keresked\u0151knek, m\u0171helyeknek, ez a rendsz\u00e1mt\u00e1blatart\u00f3 egyes\u00edti a funkcionalit\u00e1st a rekl\u00e1mhat\u00e1ssal.<\/span><\/p>\n<p>&nbsp;<\/p>\n<p><span style=\"color: #000000;\"><strong>Term\u00e9k r\u00e9szletei:<\/strong><\/span><\/p>\n<ul>\n<li><span style=\"color: #000000;\">Rendsz\u00e1mtart\u00f3 3110 \u2013 Osztr\u00e1k Moped\/Mofa rendsz\u00e1mhoz L 115 H 150 mm<\/span><\/li>\n<li><span style=\"color: #000000;\">Z\u00e1r\u00e1s: Csavaros kupak<\/span><\/li>\n<li><span style=\"color: #000000;\">Sz\u00edn: fekete<\/span><\/li>\n<li><span style=\"color: #000000;\">Anyag: Polipropil\u00e9n<\/span><\/li>\n<li><span style=\"color: #000000;\">Nyomtat\u00e1si v\u00e1ltozatok: nyomatlan, szitanyom\u00e1s, 4c digit\u00e1lis nyomtat\u00e1s m\u0171gyanta bevonattal<\/span><\/li>\n<\/ul>","protected":false},"excerpt":{"rendered":"<p>Kennzeichenhalter Moped \u00d6sterreich Type 3110 passend f\u00fcr \u00f6sterreichische Moped Kennzeichen 115&#215;150 mm. Der Evamatic Moped Kennzeichenhalter Art.-Nr. 3110 ist speziell f\u00fcr \u00f6sterreichische Mopedkennzeichen konzipiert und bietet eine sichere, stabile und zugleich einfache Befestigungsl\u00f6sung. Der integrierte Drehverschluss erm\u00f6glicht ein schnelles Einlegen und Fixieren des Kennzeichens. Der Kennzeichenhalter sorgt f\u00fcr festen Halt auch bei Vibrationen im t\u00e4glichen [&hellip;]<\/p>\n","protected":false},"featured_media":2155,"template":"","meta":{"_acf_changed":false},"product_brand":[],"product_cat":[200,208],"product_tag":[],"class_list":{"0":"post-2844","1":"product","2":"type-product","3":"status-publish","4":"has-post-thumbnail","6":"product_cat-kennzeichenhalter-oesterreich-slowenien","7":"product_cat-moped-mofa-115x150-mm","8":"pa_druckvariante-4c-druck-mit-kunstharzbeschichtung-silber-matt","9":"pa_druckvariante-unbedruckt","10":"pa_druckvariante-siebdruck-einfaerbig-weiss","11":"pa_druckvariante-siebdruck-einfaerbig-silber","12":"pa_druckvariante-4c-druck-mit-kunstharzbeschichtung","13":"pa_druckvariante-4c-druck-mit-kunstharzbeschichtung-silber-hochglanz","14":"pa_druckvariante-4c-druck-mit-kunstharzbeschichtung-reflektierend","15":"pa_menge-95","16":"pa_menge-96","17":"pa_menge-116","18":"pa_menge-118","19":"pa_menge-120","21":"first","22":"instock","23":"taxable","24":"shipping-taxable","25":"purchasable","26":"product-type-variable"},"exclude_global_add_ons":false,"addons":[{"name":"Nyomdai f\u00e1jlfelt\u00f6lt\u00e9s","type":"file_upload","position":0,"required":false,"title_format":"label","default":"","description_enable":false,"description":"Bitte laden Sie hier die Druckdatei (Bild) hoch.","placeholder_enable":false,"placeholder":"","display":"select","restrictions_type":"any_text","adjust_price":false,"price":"","price_type":"flat_fee","restrictions":false,"min":"0","max":"0","options":[],"id":1776081863},{"name":"\u00a0","type":"checkbox","position":1,"required":false,"title_format":"label","default":"","description_enable":true,"description":"Hagyd a diz\u00e1jnt a profikra! Egyszer\u0171en k\u00fcldd el nek\u00fcnk k\u00edv\u00e1ns\u00e1gaidat, log\u00f3idat, sz\u00f6vegeidet \u00e9s prefer\u00e1lt bet\u0171t\u00edpusodat e-mailben vagy az\nfelt\u00f6lt\u00e9si funkci\u00f3nkkal. Tapasztalt grafikai csapatunk professzion\u00e1lisan elk\u00e9sz\u00edt ak\u00e1r 3 egyedi diz\u00e1jntervet is, pontosan az ig\u00e9nyeidhez\nigaz\u00edtva.","placeholder_enable":false,"placeholder":"","display":"select","restrictions_type":"any_text","adjust_price":false,"price":"","price_type":"flat_fee","restrictions":false,"min":"0","max":"0","options":[{"label":"Professionelle Layouterstellung durch unsere Grafikabteilung","price":"35","price_type":"flat_fee","image":0,"visibility":true}],"id":1775653837}],"acf":[],"_links":{"self":[{"href":"https:\/\/www.evamatic.com\/hu\/wp-json\/wp\/v2\/product\/2844","targetHints":{"allow":["GET"]}}],"collection":[{"href":"https:\/\/www.evamatic.com\/hu\/wp-json\/wp\/v2\/product"}],"about":[{"href":"https:\/\/www.evamatic.com\/hu\/wp-json\/wp\/v2\/types\/product"}],"wp:featuredmedia":[{"embeddable":true,"href":"https:\/\/www.evamatic.com\/hu\/wp-json\/wp\/v2\/media\/2155"}],"wp:attachment":[{"href":"https:\/\/www.evamatic.com\/hu\/wp-json\/wp\/v2\/media?parent=2844"}],"wp:term":[{"taxonomy":"product_brand","embeddable":true,"href":"https:\/\/www.evamatic.com\/hu\/wp-json\/wp\/v2\/product_brand?post=2844"},{"taxonomy":"product_cat","embeddable":true,"href":"https:\/\/www.evamatic.com\/hu\/wp-json\/wp\/v2\/product_cat?post=2844"},{"taxonomy":"product_tag","embeddable":true,"href":"https:\/\/www.evamatic.com\/hu\/wp-json\/wp\/v2\/product_tag?post=2844"}],"curies":[{"name":"wp","href":"https:\/\/api.w.org\/{rel}","templated":true}]}}