{"id":2833,"date":"2026-04-09T14:18:54","date_gmt":"2026-04-09T12:18:54","guid":{"rendered":"https:\/\/www.evamatic.at\/product\/kennzeichenhalter-motorrad-oesterreich-extra-schmal-schiebeverschluss-2\/"},"modified":"2026-04-30T14:24:03","modified_gmt":"2026-04-30T12:24:03","slug":"rendszamtarto-motorkerekparhoz-osztrak-extra-keskeny-tolozar-2","status":"publish","type":"product","link":"https:\/\/www.evamatic.com\/hu\/product\/kennzeichenhalter-motorrad-oesterreich-extra-schmal-schiebeverschluss-2\/","title":{"rendered":"Motorker\u00e9kp\u00e1r rendsz\u00e1mt\u00e1blatart\u00f3 Ausztria extra v\u00e9kony \u2013 tol\u00f3z\u00e1ras"},"content":{"rendered":"<p><strong>Rendsz\u00e1mtart\u00f3 motorker\u00e9kp\u00e1rhoz Ausztria, Type 210HS \u2013 extra keskeny, Ausztriai motorker\u00e9kp\u00e1r rendsz\u00e1mokhoz val\u00f3 210\u00d7170 mm.<\/strong><\/p>\n<p>Az Evamatic Rendsz\u00e1mtart\u00f3 210HS t\u00edpus kifejezetten az osztr\u00e1k motorker\u00e9kp\u00e1r-rendsz\u00e1mt\u00e1bl\u00e1khoz lett kifejlesztve, \u00e9s extra keskeny kialak\u00edt\u00e1s\u00e1val nyeri el. Mind\u00f6ssze 213 \u00d7 190 mm-es k\u00fcls\u0151 m\u00e9ret\u00e9vel ez a modell ide\u00e1lisan alkalmas sportos motorker\u00e9kp\u00e1rokhoz \u00e9s olyan j\u00e1rm\u0171vekhez, ahol diszkr\u00e9t, felt\u0171n\u00e9smentes megjelen\u00e9sre van sz\u00fcks\u00e9g. A be\u00e9p\u00edtett tol\u00f3z\u00e1r lehet\u0151v\u00e9 teszi a rendsz\u00e1mt\u00e1bla gyors \u00e9s egyszer\u0171 behelyez\u00e9s\u00e9t, mik\u00f6zben biztons\u00e1gos tart\u00e1st biztos\u00edt.<\/p>\n<p>A kompakt kialak\u00edt\u00e1s ellen\u00e9re a tart\u00f3 rendelkezik egy nyomtathat\u00f3 rekl\u00e1mcs\u00edkkal (210 \u00d7 15 mm), amely ide\u00e1lis diszkr\u00e9t log\u00f3k vagy feliratok sz\u00e1m\u00e1ra \u2013 t\u00f6k\u00e9letes visszafogott, de hat\u00e9kony m\u00e1rkaazonos\u00edt\u00e1shoz.<\/p>\n<p>&nbsp;<\/p>\n<p><strong>Term\u00e9k r\u00e9szletei:<\/strong><\/p>\n<ul>\n<li>Z\u00e1r: tol\u00f3z\u00e1r<\/li>\n<li>Sz\u00edn: fekete<\/li>\n<li>Anyag: Polipropil\u00e9n<\/li>\n<li>Nyomtat\u00e1si v\u00e1ltozatok: nyomatlan, 4c digit\u00e1lis nyomtat\u00e1s m\u0171gyanta bevonattal<\/li>\n<\/ul>","protected":false},"excerpt":{"rendered":"<p>Kennzeichenhalter Motorrad \u00d6sterreich Type 210HS &#8211; extra schmal passend f\u00fcr Motorradkennzeichen \u00d6sterreich 210&#215;170 mm. Der Evamatic Kennzeichenhalter Type 210HS ist speziell f\u00fcr \u00f6sterreichische Motorradkennzeichen entwickelt und \u00fcberzeugt durch seine extra schmale Bauweise. Mit einem Au\u00dfenma\u00df von nur 213 \u00d7 190 mm eignet sich dieses Modell ideal f\u00fcr sportliche Motorr\u00e4der und Fahrzeuge, bei denen eine dezente, [&hellip;]<\/p>\n","protected":false},"featured_media":943,"template":"","meta":{"_acf_changed":false},"product_brand":[],"product_cat":[200,207],"product_tag":[],"class_list":{"0":"post-2833","1":"product","2":"type-product","3":"status-publish","4":"has-post-thumbnail","6":"product_cat-kennzeichenhalter-oesterreich-slowenien","7":"product_cat-motorrad-210x170-mm","8":"pa_druckvariante-4c-druck-mit-kunstharzbeschichtung-silber-hochglanz","9":"pa_druckvariante-4c-druck-mit-kunstharzbeschichtung-reflektierend","10":"pa_druckvariante-4c-druck-mit-kunstharzbeschichtung-silber-matt","11":"pa_druckvariante-unbedruckt","12":"pa_druckvariante-4c-druck-mit-kunstharzbeschichtung","13":"pa_menge-95","14":"pa_menge-96","15":"pa_menge-114","16":"pa_menge-116","17":"pa_menge-118","18":"pa_menge-130","20":"first","21":"instock","22":"taxable","23":"shipping-taxable","24":"purchasable","25":"product-type-variable"},"exclude_global_add_ons":false,"addons":[{"name":"Nyomdai f\u00e1jlfelt\u00f6lt\u00e9s","type":"file_upload","position":0,"required":false,"title_format":"label","default":"","description_enable":false,"description":"Bitte laden Sie hier die Druckdatei (Bild) hoch.","placeholder_enable":false,"placeholder":"","display":"select","restrictions_type":"any_text","adjust_price":false,"price":"","price_type":"flat_fee","restrictions":false,"min":"0","max":"0","options":[],"id":1776081863},{"name":"\u00a0","type":"checkbox","position":1,"required":false,"title_format":"label","default":"","description_enable":true,"description":"Hagyd a diz\u00e1jnt a profikra! Egyszer\u0171en k\u00fcldd el nek\u00fcnk k\u00edv\u00e1ns\u00e1gaidat, log\u00f3idat, sz\u00f6vegeidet \u00e9s prefer\u00e1lt bet\u0171t\u00edpusodat e-mailben vagy az\nfelt\u00f6lt\u00e9si funkci\u00f3nkkal. Tapasztalt grafikai csapatunk professzion\u00e1lisan elk\u00e9sz\u00edt ak\u00e1r 3 egyedi diz\u00e1jntervet is, pontosan az ig\u00e9nyeidhez\nigaz\u00edtva.","placeholder_enable":false,"placeholder":"","display":"select","restrictions_type":"any_text","adjust_price":false,"price":"","price_type":"flat_fee","restrictions":false,"min":"0","max":"0","options":[{"label":"Professionelle Layouterstellung durch unsere Grafikabteilung","price":"35","price_type":"flat_fee","image":0,"visibility":true}],"id":1775653837}],"acf":[],"_links":{"self":[{"href":"https:\/\/www.evamatic.com\/hu\/wp-json\/wp\/v2\/product\/2833","targetHints":{"allow":["GET"]}}],"collection":[{"href":"https:\/\/www.evamatic.com\/hu\/wp-json\/wp\/v2\/product"}],"about":[{"href":"https:\/\/www.evamatic.com\/hu\/wp-json\/wp\/v2\/types\/product"}],"wp:featuredmedia":[{"embeddable":true,"href":"https:\/\/www.evamatic.com\/hu\/wp-json\/wp\/v2\/media\/943"}],"wp:attachment":[{"href":"https:\/\/www.evamatic.com\/hu\/wp-json\/wp\/v2\/media?parent=2833"}],"wp:term":[{"taxonomy":"product_brand","embeddable":true,"href":"https:\/\/www.evamatic.com\/hu\/wp-json\/wp\/v2\/product_brand?post=2833"},{"taxonomy":"product_cat","embeddable":true,"href":"https:\/\/www.evamatic.com\/hu\/wp-json\/wp\/v2\/product_cat?post=2833"},{"taxonomy":"product_tag","embeddable":true,"href":"https:\/\/www.evamatic.com\/hu\/wp-json\/wp\/v2\/product_tag?post=2833"}],"curies":[{"name":"wp","href":"https:\/\/api.w.org\/{rel}","templated":true}]}}