{"id":2818,"date":"2026-04-09T14:18:54","date_gmt":"2026-04-09T12:18:54","guid":{"rendered":"https:\/\/www.evamatic.at\/product\/kennzeichenhalter-motorrad-oesterreich-drehverschluss-2\/"},"modified":"2026-04-30T14:23:44","modified_gmt":"2026-04-30T12:23:44","slug":"motorkerekpar-rendszamtabla-tarto-ausztria-forgokapocs-2","status":"publish","type":"product","link":"https:\/\/www.evamatic.com\/hu\/product\/kennzeichenhalter-motorrad-oesterreich-drehverschluss-2\/","title":{"rendered":"Rendsz\u00e1mt\u00e1bla tart\u00f3 motorhoz Ausztria \u2013 forgathat\u00f3 z\u00e1r"},"content":{"rendered":"<p><span style=\"color: #000000;\"><strong>Rendsz\u00e1mtart\u00f3 motorker\u00e9kp\u00e1r Ausztria Type 210 motorker\u00e9kp\u00e1r rendsz\u00e1mokhoz Ausztria 210\u00d7170 mm.<\/strong><\/span><\/p>\n<p><span style=\"color: #000000;\">Az Evamatic Rendsz\u00e1mtart\u00f3 210-es t\u00edpus kimondottan osztr\u00e1k motorker\u00e9kp\u00e1r rendsz\u00e1mokhoz lett tervezve, \u00e9s biztons\u00e1gos, stabil, ugyanakkor rugalmas r\u00f6gz\u00edt\u00e9si megold\u00e1st k\u00edn\u00e1l. Az integr\u00e1lt forg\u00f3z\u00e1r lehet\u0151v\u00e9 teszi a rendsz\u00e1m egyszer\u0171 behelyez\u00e9s\u00e9t \u00e9s r\u00f6gz\u00edt\u00e9s\u00e9t. A nyomtathat\u00f3 rekl\u00e1mcs\u00edk (210 \u00d7 28 mm) elegend\u0151 helyet k\u00edn\u00e1l log\u00f3k, szlogenek vagy rekl\u00e1m\u00fczenetek sz\u00e1m\u00e1ra, \u00edgy a tart\u00f3 vonz\u00f3 rekl\u00e1mhordoz\u00f3v\u00e1 v\u00e1lik.<\/span><\/p>\n<p><span style=\"color: #000000;\">A rendsz\u00e1mt\u00e1blatart\u00f3 ide\u00e1lis aut\u00f3keresked\u00e9sek, m\u0171helyek, motorker\u00e9kp\u00e1r-\u00fczletek, egyes\u00fcletek vagy prom\u00f3ci\u00f3s kamp\u00e1nyok sz\u00e1m\u00e1ra.<\/span><\/p>\n<p><span style=\"color: #000000;\"><strong>Term\u00e9k r\u00e9szletei:<\/strong><\/span><\/p>\n<ul>\n<li><span style=\"color: #000000;\">Rendsz\u00e1mtart\u00f3 210 \u2013 Ausztriai motorker\u00e9kp\u00e1r rendsz\u00e1mokhoz L 210 H 170 mm<\/span><\/li>\n<li><span style=\"color: #000000;\">Z\u00e1r\u00e1s: Csavaros kupak<\/span><\/li>\n<li><span style=\"color: #000000;\">Sz\u00edn: fekete<\/span><\/li>\n<li><span style=\"color: #000000;\">Anyag: Polipropil\u00e9n<\/span><\/li>\n<li><span style=\"color: #000000;\">Nyomtat\u00e1si v\u00e1ltozatok: nyomatlan, szitanyom\u00e1s, 4c digit\u00e1lis nyomtat\u00e1s m\u0171gyanta bevonattal<\/span><\/li>\n<\/ul>","protected":false},"excerpt":{"rendered":"<p>Kennzeichenhalter Motorrad \u00d6sterreich Type 210 passend f\u00fcr Motorradkennzeichen \u00d6sterreich 210&#215;170 mm. Der Evamatic Kennzeichenhalter Type 210 ist speziell f\u00fcr \u00f6sterreichische Motorradkennzeichen konzipiert und bietet eine sichere, stabile und zugleich flexible Befestigungsl\u00f6sung. Der integrierte Drehverschluss erm\u00f6glicht ein einfaches Einlegen und Fixieren des Kennzeichens. Die bedruckbare Werbeleiste (210 \u00d7 28 mm) bietet ausreichend Platz f\u00fcr Logos, Slogans [&hellip;]<\/p>\n","protected":false},"featured_media":913,"template":"","meta":{"_acf_changed":false},"product_brand":[],"product_cat":[200,207],"product_tag":[],"class_list":{"0":"post-2818","1":"product","2":"type-product","3":"status-publish","4":"has-post-thumbnail","6":"product_cat-kennzeichenhalter-oesterreich-slowenien","7":"product_cat-motorrad-210x170-mm","8":"pa_druckvariante-siebdruck-einfaerbig-weiss","9":"pa_druckvariante-siebdruck-einfaerbig-silber","10":"pa_druckvariante-4c-druck-mit-kunstharzbeschichtung","11":"pa_druckvariante-4c-druck-mit-kunstharzbeschichtung-silber-hochglanz","12":"pa_druckvariante-4c-druck-mit-kunstharzbeschichtung-reflektierend","13":"pa_druckvariante-4c-druck-mit-kunstharzbeschichtung-silber-matt","14":"pa_druckvariante-unbedruckt","15":"pa_menge-95","16":"pa_menge-96","17":"pa_menge-116","18":"pa_menge-118","19":"pa_menge-120","21":"first","22":"instock","23":"taxable","24":"shipping-taxable","25":"purchasable","26":"product-type-variable"},"exclude_global_add_ons":false,"addons":[{"name":"Nyomdai f\u00e1jlfelt\u00f6lt\u00e9s","type":"file_upload","position":0,"required":false,"title_format":"label","default":"","description_enable":false,"description":"Bitte laden Sie hier die Druckdatei (Bild) hoch.","placeholder_enable":false,"placeholder":"","display":"select","restrictions_type":"any_text","adjust_price":false,"price":"","price_type":"flat_fee","restrictions":false,"min":"0","max":"0","options":[],"id":1776081863},{"name":"\u00a0","type":"checkbox","position":1,"required":false,"title_format":"label","default":"","description_enable":true,"description":"Hagyd a diz\u00e1jnt a profikra! Egyszer\u0171en k\u00fcldd el nek\u00fcnk k\u00edv\u00e1ns\u00e1gaidat, log\u00f3idat, sz\u00f6vegeidet \u00e9s prefer\u00e1lt bet\u0171t\u00edpusodat e-mailben vagy az\nfelt\u00f6lt\u00e9si funkci\u00f3nkkal. Tapasztalt grafikai csapatunk professzion\u00e1lisan elk\u00e9sz\u00edt ak\u00e1r 3 egyedi diz\u00e1jntervet is, pontosan az ig\u00e9nyeidhez\nigaz\u00edtva.","placeholder_enable":false,"placeholder":"","display":"select","restrictions_type":"any_text","adjust_price":false,"price":"","price_type":"flat_fee","restrictions":false,"min":"0","max":"0","options":[{"label":"Professionelle Layouterstellung durch unsere Grafikabteilung","price":"35","price_type":"flat_fee","image":0,"visibility":true}],"id":1775653837}],"acf":[],"_links":{"self":[{"href":"https:\/\/www.evamatic.com\/hu\/wp-json\/wp\/v2\/product\/2818","targetHints":{"allow":["GET"]}}],"collection":[{"href":"https:\/\/www.evamatic.com\/hu\/wp-json\/wp\/v2\/product"}],"about":[{"href":"https:\/\/www.evamatic.com\/hu\/wp-json\/wp\/v2\/types\/product"}],"wp:featuredmedia":[{"embeddable":true,"href":"https:\/\/www.evamatic.com\/hu\/wp-json\/wp\/v2\/media\/913"}],"wp:attachment":[{"href":"https:\/\/www.evamatic.com\/hu\/wp-json\/wp\/v2\/media?parent=2818"}],"wp:term":[{"taxonomy":"product_brand","embeddable":true,"href":"https:\/\/www.evamatic.com\/hu\/wp-json\/wp\/v2\/product_brand?post=2818"},{"taxonomy":"product_cat","embeddable":true,"href":"https:\/\/www.evamatic.com\/hu\/wp-json\/wp\/v2\/product_cat?post=2818"},{"taxonomy":"product_tag","embeddable":true,"href":"https:\/\/www.evamatic.com\/hu\/wp-json\/wp\/v2\/product_tag?post=2818"}],"curies":[{"name":"wp","href":"https:\/\/api.w.org\/{rel}","templated":true}]}}