{"id":2803,"date":"2026-04-09T14:18:53","date_gmt":"2026-04-09T12:18:53","guid":{"rendered":"https:\/\/www.evamatic.at\/product\/kennzeichenhalter-traktor-gelaendewagen-oesterreich-2-zeilig-drehverschluss-2\/"},"modified":"2026-05-05T14:00:53","modified_gmt":"2026-05-05T12:00:53","slug":"rendszamtarto-traktor-terepjaro-ausztria-2-soros-forgozar-2","status":"publish","type":"product","link":"https:\/\/www.evamatic.com\/hu\/product\/kennzeichenhalter-traktor-gelaendewagen-oesterreich-2-zeilig-drehverschluss-2\/","title":{"rendered":"Rendsz\u00e1mtart\u00f3 traktorhoz \/ terepj\u00e1r\u00f3hoz Ausztria 300\u00d7200 mm (300 2 soros) \u2013 Forg\u00f3kapcsos"},"content":{"rendered":"<p><strong>Rendsz\u00e1mtart\u00f3 traktor \/ terepj\u00e1r\u00f3 Ausztria 300-as t\u00edpus\u00fa, 2 soros, 300\u00d7200 mm-es rendsz\u00e1mt\u00e1bla m\u00e9rethez.<\/strong><\/p>\n<p>A 300 \u00d7 200 mm-es m\u00e9ret\u0171 Evamatic rendsz\u00e1mtart\u00f3 Type 300 kifejezetten traktorokhoz, terepj\u00e1r\u00f3khoz \u00e9s speci\u00e1lis j\u00e1rm\u0171vekhez k\u00e9sz\u00fclt. Stabil \u00e9s megb\u00edzhat\u00f3 r\u00f6gz\u00edt\u00e9st biztos\u00edt m\u00e9g ig\u00e9nyes k\u00f6r\u00fclm\u00e9nyek k\u00f6z\u00f6tt is.<\/p>\n<p>A forgathat\u00f3 z\u00e1rmechanizmus biztos\u00edtja a rendsz\u00e1mt\u00e1bla biztons\u00e1gos r\u00f6gz\u00edt\u00e9s\u00e9t, mik\u00f6zben k\u00f6nny\u0171 haszn\u00e1latot tesz lehet\u0151v\u00e9. A nagyon rugalmas anyag optim\u00e1lisan illeszkedik a j\u00e1rm\u0171 kont\u00farj\u00e1hoz, \u00e9s rugalmas, tart\u00f3s haszn\u00e1latot biztos\u00edt. A be\u00e9p\u00edtett fesz\u00edt\u0151rug\u00f3k hat\u00e9konyan megakad\u00e1lyozz\u00e1k a cs\u00f6rg\u0151 \u00e9s d\u00f6rzs\u00f6l\u0151 hangokat, m\u00e9g er\u0151s vibr\u00e1ci\u00f3 vagy egyenetlen terep eset\u00e9n is.<\/p>\n<p>Az egyszer\u0171 \u00f6sszeszerel\u00e9snek k\u00f6sz\u00f6nhet\u0151en a rendsz\u00e1mt\u00e1blatart\u00f3 gyorsan haszn\u00e1lhat\u00f3, \u00e9s ide\u00e1lis mez\u0151gazdas\u00e1gi j\u00e1rm\u0171vekhez, terephaszn\u00e1lathoz \u00e9s haszong\u00e9pj\u00e1rm\u0171vekhez.<\/p>\n<p>&nbsp;<\/p>\n<p><strong>Term\u00e9k r\u00e9szletei:<\/strong><\/p>\n<ul>\n<li>Rendsz\u00e1mt\u00e1blatart\u00f3 300 - Osztr\u00e1k traktorhoz, terepj\u00e1r\u00f3hoz rendsz\u00e1mt\u00e1bla L 300 H 200 mm<\/li>\n<li>Z\u00e1r\u00e1s: Csavaros kupak<\/li>\n<li>Sz\u00edn: fekete<\/li>\n<li>Anyag: Polipropil\u00e9n<\/li>\n<li>Nyomtat\u00e1si v\u00e1ltozatok: nyomatlan, szitanyom\u00e1s, 4c digit\u00e1lis nyomtat\u00e1s m\u0171gyanta bevonattal<\/li>\n<\/ul>","protected":false},"excerpt":{"rendered":"<p>Kennzeichenhalter Traktor \/ Gel\u00e4ndewagen \u00d6sterreich Type 300 2 zeilig passend f\u00fcr Kennzeichengr\u00f6\u00dfe 300&#215;200 mm. Der Evamatic Kennzeichenhalter Type 300 im Platinenma\u00df 300 \u00d7 200 mm ist speziell f\u00fcr den Einsatz an Traktoren, Gel\u00e4ndewagen und Sonderfahrzeugen konzipiert. Er bietet eine stabile und zuverl\u00e4ssige Befestigung auch unter anspruchsvollen Einsatzbedingungen. Der Drehverschluss-Mechanismus erm\u00f6glicht ein sicheres Fixieren des Kennzeichens [&hellip;]<\/p>\n","protected":false},"featured_media":4459,"template":"","meta":{"_acf_changed":false},"product_brand":[],"product_cat":[200,206],"product_tag":[],"class_list":{"0":"post-2803","1":"product","2":"type-product","3":"status-publish","4":"has-post-thumbnail","6":"product_cat-kennzeichenhalter-oesterreich-slowenien","7":"product_cat-traktor-gelaendewagen-300x200-mm","8":"pa_druckvariante-unbedruckt","9":"pa_druckvariante-siebdruck-einfaerbig-weiss","10":"pa_druckvariante-siebdruck-einfaerbig-silber","11":"pa_druckvariante-4c-druck-mit-kunstharzbeschichtung","12":"pa_druckvariante-4c-druck-mit-kunstharzbeschichtung-silber-hochglanz","13":"pa_druckvariante-4c-druck-mit-kunstharzbeschichtung-reflektierend","14":"pa_druckvariante-4c-druck-mit-kunstharzbeschichtung-silber-matt","15":"pa_menge-96","16":"pa_menge-116","17":"pa_menge-118","18":"pa_menge-120","19":"pa_menge-95","21":"first","22":"instock","23":"taxable","24":"shipping-taxable","25":"purchasable","26":"product-type-variable"},"exclude_global_add_ons":false,"addons":[{"name":"Nyomdai f\u00e1jlfelt\u00f6lt\u00e9s","type":"file_upload","position":0,"required":false,"title_format":"label","default":"","description_enable":false,"description":"Bitte laden Sie hier die Druckdatei (Bild) hoch.","placeholder_enable":false,"placeholder":"","display":"select","restrictions_type":"any_text","adjust_price":false,"price":"","price_type":"flat_fee","restrictions":false,"min":"0","max":"0","options":[],"id":1776081863},{"name":"\u00a0","type":"checkbox","position":1,"required":false,"title_format":"label","default":"","description_enable":true,"description":"Hagyd a diz\u00e1jnt a profikra! Egyszer\u0171en k\u00fcldd el nek\u00fcnk k\u00edv\u00e1ns\u00e1gaidat, log\u00f3idat, sz\u00f6vegeidet \u00e9s prefer\u00e1lt bet\u0171t\u00edpusodat e-mailben vagy az\nfelt\u00f6lt\u00e9si funkci\u00f3nkkal. Tapasztalt grafikai csapatunk professzion\u00e1lisan elk\u00e9sz\u00edt ak\u00e1r 3 egyedi diz\u00e1jntervet is, pontosan az ig\u00e9nyeidhez\nigaz\u00edtva.","placeholder_enable":false,"placeholder":"","display":"select","restrictions_type":"any_text","adjust_price":false,"price":"","price_type":"flat_fee","restrictions":false,"min":"0","max":"0","options":[{"label":"Professionelle Layouterstellung durch unsere Grafikabteilung","price":"35","price_type":"flat_fee","image":0,"visibility":true}],"id":1775653837}],"acf":[],"_links":{"self":[{"href":"https:\/\/www.evamatic.com\/hu\/wp-json\/wp\/v2\/product\/2803","targetHints":{"allow":["GET"]}}],"collection":[{"href":"https:\/\/www.evamatic.com\/hu\/wp-json\/wp\/v2\/product"}],"about":[{"href":"https:\/\/www.evamatic.com\/hu\/wp-json\/wp\/v2\/types\/product"}],"wp:featuredmedia":[{"embeddable":true,"href":"https:\/\/www.evamatic.com\/hu\/wp-json\/wp\/v2\/media\/4459"}],"wp:attachment":[{"href":"https:\/\/www.evamatic.com\/hu\/wp-json\/wp\/v2\/media?parent=2803"}],"wp:term":[{"taxonomy":"product_brand","embeddable":true,"href":"https:\/\/www.evamatic.com\/hu\/wp-json\/wp\/v2\/product_brand?post=2803"},{"taxonomy":"product_cat","embeddable":true,"href":"https:\/\/www.evamatic.com\/hu\/wp-json\/wp\/v2\/product_cat?post=2803"},{"taxonomy":"product_tag","embeddable":true,"href":"https:\/\/www.evamatic.com\/hu\/wp-json\/wp\/v2\/product_tag?post=2803"}],"curies":[{"name":"wp","href":"https:\/\/api.w.org\/{rel}","templated":true}]}}