{"id":2757,"date":"2026-04-09T14:18:51","date_gmt":"2026-04-09T12:18:51","guid":{"rendered":"https:\/\/www.evamatic.at\/product\/kennzeichenhalter-pkw-oesterreich-525csb-chrom-klapprahmen-2\/"},"modified":"2026-05-05T14:01:20","modified_gmt":"2026-05-05T12:01:20","slug":"rendszamtarto-auto-ausztria-525csb-krom-felnyithato-keret-2","status":"publish","type":"product","link":"https:\/\/www.evamatic.com\/hu\/product\/kennzeichenhalter-pkw-oesterreich-525csb-chrom-klapprahmen-2\/","title":{"rendered":"Rendsz\u00e1mt\u00e1blatart\u00f3 szem\u00e9lyg\u00e9pkocsi Ausztria \u00e9s Szlov\u00e9nia 520\u00d7120 mm (525CSB KR\u00d3M) \u2013 Kihajthat\u00f3 keret"},"content":{"rendered":"<p><span style=\"color: #000000;\"><strong>Rendsz\u00e1mtart\u00f3 Ausztria \u00e9s Szlov\u00e9nia, 525CSB t\u00edpus\u00fa, felhajthat\u00f3 kerettel, kr\u00f3mozott, 520\u00d7120 mm-es rendsz\u00e1mt\u00e1bl\u00e1khoz.<\/strong><\/span><\/p>\n<p><span style=\"color: #000000;\">Az Evamatic 525CSB rendsz\u00e1mt\u00e1blatart\u00f3 pr\u00e9mium megjelen\u00e9st \u00e9s magas funkcionalit\u00e1st \u00f6tv\u00f6z \u2013 ide\u00e1lis mindazok sz\u00e1m\u00e1ra, akik \u00e9rt\u00e9kelik az eleg\u00e1ns megjelen\u00e9s\u0171 j\u00e1rm\u0171vet. A tart\u00f3t kifejezetten osztr\u00e1k \u00e9s szlov\u00e9n rendsz\u00e1mt\u00e1bl\u00e1khoz (520 \u00d7 120 mm) tervezt\u00e9k, \u00e9s \u00e1tgondolt kialak\u00edt\u00e1s\u00e1nak k\u00f6sz\u00f6nhet\u0151en megk\u00f6nny\u00edti a t\u00e1bla biztons\u00e1gos behelyez\u00e9s\u00e9t \u00e9s r\u00f6gz\u00edt\u00e9s\u00e9t.<\/span><\/p>\n<p><span style=\"color: #000000;\">A kiv\u00e1l\u00f3 min\u0151s\u00e9g\u0171 kr\u00f3m fel\u00fclet eleg\u00e1ns megjelen\u00e9st k\u00f6lcs\u00f6n\u00f6z a rendsz\u00e1mt\u00e1blatart\u00f3nak, amely k\u00fcl\u00f6n\u00f6sen j\u00f3l mutat a modern \u00e9s exkluz\u00edv j\u00e1rm\u0171veken. Ugyanakkor a robusztus, szinte t\u00f6rhetetlen anyagb\u00f3l k\u00e9sz\u00fclt, stabil tart\u00f3 gondoskodik arr\u00f3l, hogy a rendsz\u00e1mt\u00e1bla biztons\u00e1gosan \u00e9s rezg\u00e9smentesen r\u00f6gz\u00fclj\u00f6n a j\u00e1rm\u0171v\u00f6n \u2013 z\u00f6rg\u00e9s n\u00e9lk\u00fcl.<\/span><\/p>\n<p><span style=\"color: #000000;\">Az 525CSB rendsz\u00e1mt\u00e1blatart\u00f3 szem\u00e9lyg\u00e9pkocsikhoz \u00e9s teherg\u00e9pkocsikhoz egyar\u00e1nt alkalmas, \u00e9s harmonikusan illeszkedik b\u00e1rmilyen j\u00e1rm\u0171 megjelen\u00e9s\u00e9be \u2013 diszkr\u00e9t \u00e9s egyben min\u0151s\u00e9gi.<\/span><br \/>\n<span style=\"color: #000000;\">Ez a tart\u00f3 <strong>T\u00dcV-min\u0151s\u00e9gellen\u0151rz\u00f6tt<\/strong>, megfelel <strong>az \u00f6sszes relev\u00e1ns EU-szabv\u00e1nynak megfelel, \u00e9s teljes\u00edti a hat\u00e1lyos jogszab\u00e1lyokat.<\/strong> A <strong>A lekerek\u00edtett k\u00fcls\u0151 \u00e9lek legal\u00e1bb 2,5 mm-es r\u00e1diusszal biztos\u00edtj\u00e1k a maxim\u00e1lis biztons\u00e1got \u00e9s az \u00fat\u00fcgyi j\u00f3v\u00e1hagy\u00e1st.<\/strong><\/span><\/p>\n<p><span style=\"color: #000000;\">Az egyedi embl\u00e9m\u00e1z\u00e1si lehet\u0151s\u00e9geknek k\u00f6sz\u00f6nhet\u0151en log\u00f3j\u00e1val vagy rekl\u00e1msz\u00f6veg\u00e9vel a rendsz\u00e1mt\u00e1blatart\u00f3 diszkr\u00e9t, de hat\u00e9kony rekl\u00e1meszk\u00f6zz\u00e9 v\u00e1lik \u2013 ide\u00e1lis aut\u00f3keresked\u00e9sek, m\u0171helyek, flottakezel\u0151k, biztos\u00edt\u00e1si irod\u00e1k vagy egyes\u00fcletek sz\u00e1m\u00e1ra. Alternat\u00edvak\u00e9nt, embl\u00e9m\u00e1z\u00e1s n\u00e9lk\u00fcl is meggy\u0151z\u0151, letisztult, min\u0151s\u00e9gi megjelen\u00e9s\u00e9vel harmonikusan illeszkedik b\u00e1rmilyen j\u00e1rm\u0171 diz\u00e1jnj\u00e1ba.<\/span><\/p>\n<p>&nbsp;<\/p>\n<p><span style=\"color: #000000;\"><strong>Term\u00e9k r\u00e9szletei:<\/strong><\/span><\/p>\n<ul>\n<li><span style=\"color: #000000;\">Rendsz\u00e1mtart\u00f3 525CSB KR\u00d3M \u2013 osztr\u00e1k \u00e9s szlov\u00e9n rendsz\u00e1mokhoz H 520x M 120 mm<\/span><\/li>\n<li><span style=\"color: #000000;\">Z\u00e1r\u00e1s: Klapprahmen<\/span><\/li>\n<li><span style=\"color: #000000;\">Sz\u00edn: fekete\/kr\u00f3m<\/span><\/li>\n<li><span style=\"color: #000000;\">Anyag: Polipropil\u00e9n\/ABS<\/span><\/li>\n<li><span style=\"color: #000000;\">Nyomtat\u00e1si v\u00e1ltozatok: nyomatlan, 4c digit\u00e1lis nyomtat\u00e1s m\u0171gyanta bevonattal<\/span><\/li>\n<\/ul>","protected":false},"excerpt":{"rendered":"<p>Kennzeichenhalter \u00d6sterreich und Slowenien Type 525CSB mit Klapprahmen verchromt passend f\u00fcr Kennzeichengr\u00f6\u00dfe 520&#215;120 mm. Der Evamatic Kennzeichenhalter 525CSB kombiniert premium Optik und hohe Funktionalit\u00e4t \u2013 ideal f\u00fcr alle, die Wert auf eine edel wirkende Fahrzeugpr\u00e4senz legen. Der Halter ist speziell f\u00fcr \u00f6sterreichische und slowenische Kennzeichen (520 \u00d7 120 mm) konzipiert und erleichtert durch sein durchdachtes [&hellip;]<\/p>\n","protected":false},"featured_media":4452,"template":"","meta":{"_acf_changed":false},"product_brand":[],"product_cat":[200,205],"product_tag":[],"class_list":{"0":"post-2757","1":"product","2":"type-product","3":"status-publish","4":"has-post-thumbnail","6":"product_cat-kennzeichenhalter-oesterreich-slowenien","7":"product_cat-pkw-lkw-520x120-mm","8":"pa_druckvariante-unbedruckt","9":"pa_druckvariante-4c-druck-mit-kunstharzbeschichtung-silber-hochglanz","10":"pa_menge-121","11":"pa_menge-123","12":"pa_menge-124","13":"pa_menge-93","14":"pa_menge-94","15":"pa_menge-113","17":"first","18":"instock","19":"taxable","20":"shipping-taxable","21":"purchasable","22":"product-type-variable"},"exclude_global_add_ons":false,"addons":[{"name":"Nyomdai f\u00e1jlfelt\u00f6lt\u00e9s","type":"file_upload","position":0,"required":false,"title_format":"label","default":"","description_enable":false,"description":"Bitte laden Sie hier die Druckdatei (Bild) hoch.","placeholder_enable":false,"placeholder":"","display":"select","restrictions_type":"any_text","adjust_price":false,"price":"","price_type":"flat_fee","restrictions":false,"min":"0","max":"0","options":[],"id":1776081863},{"name":"\u00a0","type":"checkbox","position":1,"required":false,"title_format":"label","default":"","description_enable":true,"description":"Hagyd a diz\u00e1jnt a profikra! Egyszer\u0171en k\u00fcldd el nek\u00fcnk k\u00edv\u00e1ns\u00e1gaidat, log\u00f3idat, sz\u00f6vegeidet \u00e9s prefer\u00e1lt bet\u0171t\u00edpusodat e-mailben vagy az\nfelt\u00f6lt\u00e9si funkci\u00f3nkkal. Tapasztalt grafikai csapatunk professzion\u00e1lisan elk\u00e9sz\u00edt ak\u00e1r 3 egyedi diz\u00e1jntervet is, pontosan az ig\u00e9nyeidhez\nigaz\u00edtva.","placeholder_enable":false,"placeholder":"","display":"select","restrictions_type":"any_text","adjust_price":false,"price":"","price_type":"flat_fee","restrictions":false,"min":"0","max":"0","options":[{"label":"Professionelle Layouterstellung durch unsere Grafikabteilung","price":"35","price_type":"flat_fee","image":0,"visibility":true}],"id":1775653837}],"acf":[],"_links":{"self":[{"href":"https:\/\/www.evamatic.com\/hu\/wp-json\/wp\/v2\/product\/2757","targetHints":{"allow":["GET"]}}],"collection":[{"href":"https:\/\/www.evamatic.com\/hu\/wp-json\/wp\/v2\/product"}],"about":[{"href":"https:\/\/www.evamatic.com\/hu\/wp-json\/wp\/v2\/types\/product"}],"wp:featuredmedia":[{"embeddable":true,"href":"https:\/\/www.evamatic.com\/hu\/wp-json\/wp\/v2\/media\/4452"}],"wp:attachment":[{"href":"https:\/\/www.evamatic.com\/hu\/wp-json\/wp\/v2\/media?parent=2757"}],"wp:term":[{"taxonomy":"product_brand","embeddable":true,"href":"https:\/\/www.evamatic.com\/hu\/wp-json\/wp\/v2\/product_brand?post=2757"},{"taxonomy":"product_cat","embeddable":true,"href":"https:\/\/www.evamatic.com\/hu\/wp-json\/wp\/v2\/product_cat?post=2757"},{"taxonomy":"product_tag","embeddable":true,"href":"https:\/\/www.evamatic.com\/hu\/wp-json\/wp\/v2\/product_tag?post=2757"}],"curies":[{"name":"wp","href":"https:\/\/api.w.org\/{rel}","templated":true}]}}