{"id":2711,"date":"2026-04-09T14:18:49","date_gmt":"2026-04-09T12:18:49","guid":{"rendered":"https:\/\/www.evamatic.at\/product\/kennzeichenhalter-pkw-oesterreich-524-klapprahmen-2\/"},"modified":"2026-05-05T14:01:44","modified_gmt":"2026-05-05T12:01:44","slug":"rendszamtabla-tarto-szemelygepkocsi-ausztria-524-lehajthato-keret-2","status":"publish","type":"product","link":"https:\/\/www.evamatic.com\/hu\/product\/kennzeichenhalter-pkw-oesterreich-524-klapprahmen-2\/","title":{"rendered":"Rendsz\u00e1mtart\u00f3 PKW Ausztria \u00e9s Szlov\u00e9nia 520\u00d7120 mm (524) \u2013 billenthet\u0151 keret"},"content":{"rendered":"<p><strong>Rendsz\u00e1mt\u00e1blatart\u00f3 Ausztria \u00e9s Szlov\u00e9nia, 524-es t\u00edpus, felhajthat\u00f3 kerettel \u00e9s forg\u00f3z\u00e1rral, 520\u00d7120 mm-es rendsz\u00e1mt\u00e1bl\u00e1hoz.<\/strong><\/p>\n<p>Az Evamatic 524-es t\u00edpus\u00fa, billenthet\u0151 keretrendszerrel ell\u00e1tott rendsz\u00e1mt\u00e1blatart\u00f3 biztons\u00e1gos, gyors \u00e9s k\u00e9nyelmes megold\u00e1st k\u00edn\u00e1l osztr\u00e1k \u00e9s szlov\u00e9n rendsz\u00e1mt\u00e1bl\u00e1k (520 \u00d7 120 mm) felszerel\u00e9s\u00e9hez. A praktikus billenthet\u0151 keretnek k\u00f6sz\u00f6nhet\u0151en a rendsz\u00e1mt\u00e1bl\u00e1k k\u00fcl\u00f6n\u00f6sen egyszer\u0171en behelyezhet\u0151k vagy cser\u00e9lhet\u0151k. A tart\u00f3 rugalmas, szinte t\u00f6rhetetlen polipropil\u00e9nb\u0151l k\u00e9sz\u00fclt, amely optim\u00e1lisan illeszkedik a j\u00e1rm\u0171 kont\u00farj\u00e1hoz, \u00e9s megb\u00edzhat\u00f3an megakad\u00e1lyozza a z\u00f6rg\u0151 hangokat. A billenthet\u0151 keret emellett stabil r\u00f6gz\u00edt\u00e9st biztos\u00edt, mik\u00f6zben gyors kezelhet\u0151s\u00e9gr\u0151l is gondoskodik.<\/p>\n<p>Az 524-es t\u00edpus szem\u00e9ly- \u00e9s teherg\u00e9pj\u00e1rm\u0171vekhez egyar\u00e1nt alkalmas, \u00e9s kiv\u00e1l\u00f3 min\u0151s\u00e9g\u0171 kialak\u00edt\u00e1s\u00e1val t\u0171nik ki, amely harmonikusan illeszkedik b\u00e1rmely j\u00e1rm\u0171 megjelen\u00e9s\u00e9hez.<\/p>\n<p>A rendsz\u00e1mt\u00e1bla tart\u00f3ja <strong>T\u00dcV-gebrauchswertgepr\u00fcft, megfelel minden \u00e9rv\u00e9nyes EU-norm\u00e1nak \u00e9s megfelel a hat\u00e1lyos jogszab\u00e1lyoknak. A k\u00fcls\u0151 \u00e9lek lekerek\u00edtettek, minim\u00e1lis sugara 2,5 mm, ami a legmagasabb biztons\u00e1got \u00e9s korl\u00e1tlan k\u00f6z\u00fati enged\u00e9lyez\u00e9st garant\u00e1l.<\/strong><br \/>\nAz egyedi nyomtat\u00e1si lehet\u0151s\u00e9geknek k\u00f6sz\u00f6nhet\u0151en log\u00f3val vagy rekl\u00e1msz\u00f6veggel a rendsz\u00e1mt\u00e1blatart\u00f3 tart\u00f3s \u00e9s figyelemfelkelt\u0151 rekl\u00e1mt\u00e1rgy lesz \u2013 t\u00f6k\u00e9letesen alkalmas aut\u00f3keresked\u00e9seknek, m\u0171helyeknek, flott\u00e1knak, biztos\u00edt\u00e1si irod\u00e1knak vagy egyes\u00fcleteknek.<\/p>\n<p>&nbsp;<\/p>\n<p><strong>Term\u00e9k r\u00e9szletei:<\/strong><\/p>\n<ul>\n<li>Rendsz\u00e1mtart\u00f3 524 \u2013 osztr\u00e1k \u00e9s szlov\u00e9n rendsz\u00e1mokhoz L 520x H 120 mm<\/li>\n<li>Z\u00e1r\u00e1s: Klapprahmen<\/li>\n<li>Sz\u00edn: fekete<\/li>\n<li>Anyag: Polipropil\u00e9n<\/li>\n<li>Nyomtat\u00e1si v\u00e1ltozatok: nyomtat\u00e1s n\u00e9lk\u00fcl, 4c digit\u00e1lis nyomtat\u00e1s selyemf\u00e9ny\u0171, 4c digit\u00e1lis nyomtat\u00e1s m\u0171gyanta bevonattal\n<ul>\n<li><strong>Az 524-es rendsz\u00e1mt\u00e1blatart\u00f3n\u00e1l a nyomat a rendsz\u00e1mt\u00e1blatart\u00f3 bem\u00e9lyed\u00e9s\u00e9ben tal\u00e1lhat\u00f3, \u00edgy megb\u00edzhat\u00f3an v\u00e9dett a karcol\u00e1sokkal, az id\u0151j\u00e1r\u00e1s viszontags\u00e1gaival \u00e9s a mechanikai ig\u00e9nybev\u00e9telekkel szemben \u2013 a tart\u00f3san magas min\u0151s\u00e9g\u0171 m\u00e1rkaim\u00e1zs \u00e9rdek\u00e9ben.<\/strong><\/li>\n<\/ul>\n<\/li>\n<\/ul>","protected":false},"excerpt":{"rendered":"<p>Kennzeichenhalter \u00d6sterreich und Slowenien Type 524 mit Klapprahmen und Drehverschluss passend f\u00fcr Kennzeichengr\u00f6\u00dfe 520&#215;120 mm. Der Evamatic Kennzeichenhalter Type 524 mit Klapprahmen-System bietet eine sichere, schnelle und komfortable L\u00f6sung zur Montage von \u00f6sterreichischen und slowenischen Kennzeichen (520 \u00d7 120 mm). Durch den praktischen Klapprahmen lassen sich Kennzeichen besonders einfach einlegen oder wechseln. Der Halter besteht [&hellip;]<\/p>\n","protected":false},"featured_media":4450,"template":"","meta":{"_acf_changed":false},"product_brand":[],"product_cat":[200,205],"product_tag":[],"class_list":{"0":"post-2711","1":"product","2":"type-product","3":"status-publish","4":"has-post-thumbnail","6":"product_cat-kennzeichenhalter-oesterreich-slowenien","7":"product_cat-pkw-lkw-520x120-mm","8":"pa_druckvariante-4c-druck-seidenmatt","9":"pa_druckvariante-4c-druck-mit-kunstharzbeschichtung","10":"pa_druckvariante-4c-druck-mit-kunstharzbeschichtung-silber-hochglanz","11":"pa_druckvariante-4c-druck-mit-kunstharzbeschichtung-reflektierend","12":"pa_druckvariante-4c-druck-mit-kunstharzbeschichtung-silber-matt","13":"pa_menge-95","14":"pa_menge-96","15":"pa_menge-108","16":"pa_menge-109","17":"pa_menge-110","18":"pa_menge-111","19":"pa_menge-112","20":"pa_menge-93","21":"pa_menge-94","23":"first","24":"instock","25":"taxable","26":"shipping-taxable","27":"purchasable","28":"product-type-variable"},"exclude_global_add_ons":false,"addons":[{"name":"Nyomdai f\u00e1jlfelt\u00f6lt\u00e9s","type":"file_upload","position":0,"required":false,"title_format":"label","default":"","description_enable":false,"description":"Bitte laden Sie hier die Druckdatei (Bild) hoch.","placeholder_enable":false,"placeholder":"","display":"select","restrictions_type":"any_text","adjust_price":false,"price":"","price_type":"flat_fee","restrictions":false,"min":"0","max":"0","options":[],"id":1776081863},{"name":"\u00a0","type":"checkbox","position":1,"required":false,"title_format":"label","default":"","description_enable":true,"description":"Hagyd a diz\u00e1jnt a profikra! Egyszer\u0171en k\u00fcldd el nek\u00fcnk k\u00edv\u00e1ns\u00e1gaidat, log\u00f3idat, sz\u00f6vegeidet \u00e9s prefer\u00e1lt bet\u0171t\u00edpusodat e-mailben vagy az\nfelt\u00f6lt\u00e9si funkci\u00f3nkkal. Tapasztalt grafikai csapatunk professzion\u00e1lisan elk\u00e9sz\u00edt ak\u00e1r 3 egyedi diz\u00e1jntervet is, pontosan az ig\u00e9nyeidhez\nigaz\u00edtva.","placeholder_enable":false,"placeholder":"","display":"select","restrictions_type":"any_text","adjust_price":false,"price":"","price_type":"flat_fee","restrictions":false,"min":"0","max":"0","options":[{"label":"Professionelle Layouterstellung durch unsere Grafikabteilung","price":"35","price_type":"flat_fee","image":0,"visibility":true}],"id":1775653837}],"acf":[],"_links":{"self":[{"href":"https:\/\/www.evamatic.com\/hu\/wp-json\/wp\/v2\/product\/2711","targetHints":{"allow":["GET"]}}],"collection":[{"href":"https:\/\/www.evamatic.com\/hu\/wp-json\/wp\/v2\/product"}],"about":[{"href":"https:\/\/www.evamatic.com\/hu\/wp-json\/wp\/v2\/types\/product"}],"wp:featuredmedia":[{"embeddable":true,"href":"https:\/\/www.evamatic.com\/hu\/wp-json\/wp\/v2\/media\/4450"}],"wp:attachment":[{"href":"https:\/\/www.evamatic.com\/hu\/wp-json\/wp\/v2\/media?parent=2711"}],"wp:term":[{"taxonomy":"product_brand","embeddable":true,"href":"https:\/\/www.evamatic.com\/hu\/wp-json\/wp\/v2\/product_brand?post=2711"},{"taxonomy":"product_cat","embeddable":true,"href":"https:\/\/www.evamatic.com\/hu\/wp-json\/wp\/v2\/product_cat?post=2711"},{"taxonomy":"product_tag","embeddable":true,"href":"https:\/\/www.evamatic.com\/hu\/wp-json\/wp\/v2\/product_tag?post=2711"}],"curies":[{"name":"wp","href":"https:\/\/api.w.org\/{rel}","templated":true}]}}