{"id":2710,"date":"2026-04-09T14:18:49","date_gmt":"2026-04-09T12:18:49","guid":{"rendered":"https:\/\/www.evamatic.at\/product\/kennzeichenhalter-pkw-oesterreich-528hs-rahmenlos-schiebeverschluss-2\/"},"modified":"2026-05-05T14:02:15","modified_gmt":"2026-05-05T12:02:15","slug":"rendszamtabla-tarto-auto-ausztria-528hs-keret-nelkueli-tolozar-2","status":"publish","type":"product","link":"https:\/\/www.evamatic.com\/hu\/product\/kennzeichenhalter-pkw-oesterreich-528hs-rahmenlos-schiebeverschluss-2\/","title":{"rendered":"Rendsz\u00e1mtart\u00f3 szem\u00e9lyg\u00e9pkocsi Ausztria \u00e9s Szlov\u00e9nia 520\u00d7120 mm (528HS keret n\u00e9lk\u00fcli) \u2013 Becs\u00fasztathat\u00f3 z\u00e1r"},"content":{"rendered":"<p><strong>Rendsz\u00e1mt\u00e1blatart\u00f3 PKW Ausztria \u00e9s Szlov\u00e9nia Type 528HS cs\u00fasztathat\u00f3 z\u00e1rral \u2013 extra v\u00e9kony, 520\u00d7120 mm-es rendsz\u00e1mt\u00e1bla m\u00e9rethez.<\/strong><\/p>\n<p>Az Evamatic 528HS t\u00edpus\u00fa rendsz\u00e1mt\u00e1blatart\u00f3 tol\u00f3z\u00e1ras rendszerrel biztons\u00e1gos, gyors \u00e9s k\u00e9nyelmes megold\u00e1st k\u00edn\u00e1l osztr\u00e1k \u00e9s szlov\u00e9n rendsz\u00e1mt\u00e1bl\u00e1k (520 \u00d7 120 mm) r\u00f6gz\u00edt\u00e9s\u00e9re. A bev\u00e1lt tol\u00f3z\u00e1ras rendszernek k\u00f6sz\u00f6nhet\u0151en a rendsz\u00e1mt\u00e1bl\u00e1k k\u00f6nnyed\u00e9n behelyezhet\u0151k \u00e9s sz\u00fcks\u00e9g eset\u00e9n gyorsan cser\u00e9lhet\u0151k.<\/p>\n<p>A keret n\u00e9lk\u00fcli, rekl\u00e1mfel\u00fclet n\u00e9lk\u00fcli kialak\u00edt\u00e1s diszkr\u00e9t, felt\u0171n\u00e9smentes megjelen\u00e9st biztos\u00edt, \u00e9s mag\u00e1t a rendsz\u00e1mt\u00e1bl\u00e1t helyezi el\u0151t\u00e9rbe \u2013 ide\u00e1lis mindazok sz\u00e1m\u00e1ra, akik a visszafogott \u00e9s semleges j\u00e1rm\u0171diz\u00e1jnt r\u00e9szes\u00edtik el\u0151nyben.<\/p>\n<p>Rugalmas, szinte t\u00f6rhetetlen polipropil\u00e9nb\u0151l k\u00e9sz\u00fclt rendsz\u00e1mt\u00e1blatart\u00f3 optim\u00e1lisan illeszkedik a j\u00e1rm\u0171 kont\u00farj\u00e1hoz, \u00e9s megb\u00edzhat\u00f3an megakad\u00e1lyozza a z\u00f6rg\u0151 \u00e9s vibr\u00e1l\u00f3 zajokat. Szem\u00e9lyg\u00e9pkocsikhoz \u00e9s teherg\u00e9pkocsikhoz egyar\u00e1nt alkalmas, stabil \u00e9s tart\u00f3s kivitelez\u00e9se meggy\u0151z\u0151.<\/p>\n<p>Az RZ-tart\u00f3 528HS t\u00edpus\u00fa <strong>T\u00dcV-haszn\u00e1lati \u00e9rt\u00e9kkel vizsg\u00e1lt, megfelel minden vonatkoz\u00f3 EU-szabv\u00e1nynak \u00e9s az aktu\u00e1lis jogszab\u00e1lyi el\u0151\u00edr\u00e1soknak.<\/strong> <strong>A lekerek\u00edtett k\u00fcls\u0151 \u00e9lek, legal\u00e1bb 2,5 mm-es r\u00e1diusszal, a legmagasabb biztons\u00e1got garant\u00e1lj\u00e1k, \u00e9s a tart\u00f3t korl\u00e1toz\u00e1s n\u00e9lk\u00fcl alkalmass\u00e1 teszik k\u00f6z\u00fati haszn\u00e1latra.<\/strong><\/p>\n<p>&nbsp;<\/p>\n<p><strong>Term\u00e9k r\u00e9szletei:<\/strong><\/p>\n<ul>\n<li>Rendsz\u00e1mt\u00e1blatart\u00f3 528HS keret n\u00e9lk\u00fcli \u2013 osztr\u00e1k \u00e9s szlov\u00e9n rendsz\u00e1mokhoz L 520x M 120 mm<\/li>\n<li>Z\u00e1r: tol\u00f3z\u00e1r<\/li>\n<li>Sz\u00edn: fekete<\/li>\n<li>Anyag: Polipropil\u00e9n<\/li>\n<li>nyomtatv\u00e1nyv\u00e1ltozatok: nyomtatlan<\/li>\n<\/ul>","protected":false},"excerpt":{"rendered":"<p>Kennzeichenhalter PKW \u00d6sterreich und Slowenien Type 528HS mit Schiebeverschluss &#8211; extra schmal passend f\u00fcr Kennzeichengr\u00f6\u00dfe 520&#215;120 mm. Der Evamatic Kennzeichenhalter Type 528HS mit Schiebeverschluss-System bietet eine sichere, schnelle und komfortable L\u00f6sung zur Montage von \u00f6sterreichischen und slowenischen Kennzeichen (520 \u00d7 120 mm). Dank des bew\u00e4hrten Schiebeverschlusses lassen sich Kennzeichen m\u00fchelos einlegen und bei Bedarf rasch [&hellip;]<\/p>\n","protected":false},"featured_media":4451,"template":"","meta":{"_acf_changed":false},"product_brand":[],"product_cat":[200,205],"product_tag":[133],"class_list":{"0":"post-2710","1":"product","2":"type-product","3":"status-publish","4":"has-post-thumbnail","6":"product_cat-kennzeichenhalter-oesterreich-slowenien","7":"product_cat-pkw-lkw-520x120-mm","8":"product_tag-unbedruckt","9":"pa_druckvariante-unbedruckt","10":"pa_menge-94","11":"pa_menge-97","12":"pa_menge-100","13":"pa_menge-101","14":"pa_menge-121","15":"pa_menge-124","16":"pa_menge-93","18":"first","19":"instock","20":"taxable","21":"shipping-taxable","22":"purchasable","23":"product-type-variable"},"exclude_global_add_ons":[],"addons":[],"acf":[],"_links":{"self":[{"href":"https:\/\/www.evamatic.com\/hu\/wp-json\/wp\/v2\/product\/2710","targetHints":{"allow":["GET"]}}],"collection":[{"href":"https:\/\/www.evamatic.com\/hu\/wp-json\/wp\/v2\/product"}],"about":[{"href":"https:\/\/www.evamatic.com\/hu\/wp-json\/wp\/v2\/types\/product"}],"wp:featuredmedia":[{"embeddable":true,"href":"https:\/\/www.evamatic.com\/hu\/wp-json\/wp\/v2\/media\/4451"}],"wp:attachment":[{"href":"https:\/\/www.evamatic.com\/hu\/wp-json\/wp\/v2\/media?parent=2710"}],"wp:term":[{"taxonomy":"product_brand","embeddable":true,"href":"https:\/\/www.evamatic.com\/hu\/wp-json\/wp\/v2\/product_brand?post=2710"},{"taxonomy":"product_cat","embeddable":true,"href":"https:\/\/www.evamatic.com\/hu\/wp-json\/wp\/v2\/product_cat?post=2710"},{"taxonomy":"product_tag","embeddable":true,"href":"https:\/\/www.evamatic.com\/hu\/wp-json\/wp\/v2\/product_tag?post=2710"}],"curies":[{"name":"wp","href":"https:\/\/api.w.org\/{rel}","templated":true}]}}