{"id":2648,"date":"2026-04-09T14:18:47","date_gmt":"2026-04-09T12:18:47","guid":{"rendered":"https:\/\/www.evamatic.at\/product\/kennzeichenhalter-pkw-oesterreich-530-schiebeverschluss-2\/"},"modified":"2026-05-05T14:02:42","modified_gmt":"2026-05-05T12:02:42","slug":"rendszamtabla-tarto-szemelygepkocsi-ausztria-530-tolozar-2","status":"publish","type":"product","link":"https:\/\/www.evamatic.com\/hu\/product\/kennzeichenhalter-pkw-oesterreich-530-schiebeverschluss-2\/","title":{"rendered":"Rendsz\u00e1mtart\u00f3 szem\u00e9lyg\u00e9pkocsi Ausztria \u00e9s Szlov\u00e9nia 520\u00d7120 mm (530) \u2013 tol\u00f3z\u00e1r"},"content":{"rendered":"<p><strong>Rendsz\u00e1mt\u00e1blatart\u00f3 szem\u00e9lyg\u00e9pkocsi Ausztria \u00e9s Szlov\u00e9nia, 530-as t\u00edpus tol\u00f3z\u00e1rral, 520\u00d7120 mm-es rendsz\u00e1mt\u00e1bla m\u00e9rethez alkalmas.<\/strong><\/p>\n<p>Az Evamatic rendsz\u00e1mt\u00e1bla-tart\u00f3 530-as t\u00edpus\u00fa, cs\u00fasz\u00f3-z\u00e1ras rendszerrel k\u00fcl\u00f6n\u00f6sen stabil, biztons\u00e1gos \u00e9s k\u00e9nyelmes megold\u00e1st k\u00edn\u00e1l osztr\u00e1k \u00e9s szlov\u00e9n rendsz\u00e1mt\u00e1bl\u00e1k (520 \u00d7 120 mm) r\u00f6gz\u00edt\u00e9s\u00e9re. A bev\u00e1lt cs\u00fasz\u00f3-z\u00e1rrendszernek k\u00f6sz\u00f6nhet\u0151en a rendsz\u00e1mt\u00e1bl\u00e1k gyorsan \u00e9s egyszer\u0171en behelyezhet\u0151k \u00e9s cser\u00e9lhet\u0151k.<\/p>\n<p>Az 526-os t\u00edpushoz k\u00e9pest az 530-as t\u00edpus er\u0151sebb anyagvastags\u00e1ggal rendelkezik, ami m\u00e9g nagyobb stabilit\u00e1st biztos\u00edt. Ezen k\u00edv\u00fcl a tart\u00f3 egy kiss\u00e9 nagyobb rekl\u00e1mfel\u00fcletet k\u00edn\u00e1l, ami t\u00f6bb helyet biztos\u00edt log\u00f3knak, szlogeneknek vagy rekl\u00e1m\u00fczeneteknek, \u00e9s n\u00f6veli a l\u00e1that\u00f3s\u00e1got.<br \/>\nA rendsz\u00e1mt\u00e1bla tart\u00f3 rugalmas, szinte t\u00f6rhetetlen polipropil\u00e9nb\u0151l k\u00e9sz\u00fclt, optim\u00e1lisan illeszkedik a j\u00e1rm\u0171 kont\u00farj\u00e1hoz, \u00e9s megb\u00edzhat\u00f3an megakad\u00e1lyozza a z\u00f6rg\u0151 hangokat. G\u00e9pj\u00e1rm\u0171vekhez \u00e9s teherg\u00e9pj\u00e1rm\u0171vekhez egyar\u00e1nt alkalmas, \u00e9s visszafogott, kiv\u00e1l\u00f3 min\u0151s\u00e9g\u0171 diz\u00e1jnj\u00e1val, amely harmonikusan illeszkedik a j\u00e1rm\u0171 \u00f6sszk\u00e9p\u00e9be, meggy\u0151z\u0151.<\/p>\n<p>Az 530-as t\u00edpus <strong>T\u00dcV-tesztelt, megfelel minden vonatkoz\u00f3 EU-szabv\u00e1nynak \u00e9s az aktu\u00e1lis t\u00f6rv\u00e9nyi el\u0151\u00edr\u00e1soknak. A lekerek\u00edtett k\u00fcls\u0151 \u00e9lek, legal\u00e1bb 2,5 mm-es sugar\u00fa r\u00e1diusszal, maxim\u00e1lis biztons\u00e1got garant\u00e1lnak, \u00e9s a rendsz\u00e1mt\u00e1blatart\u00f3t korl\u00e1toz\u00e1sok n\u00e9lk\u00fcl j\u00f3v\u00e1hagyj\u00e1k a k\u00f6z\u00fati forgalomban val\u00f3 haszn\u00e1latra.<\/strong><\/p>\n<p>Az egyedi nyomtat\u00e1si lehet\u0151s\u00e9geknek k\u00f6sz\u00f6nhet\u0151en az 530-as t\u00edpus\u00fa rendsz\u00e1mkeret tart\u00f3s \u00e9s figyelemfelkelt\u0151 rekl\u00e1mhordoz\u00f3v\u00e1 v\u00e1lik \u2013 ide\u00e1lis aut\u00f3keresked\u0151k, m\u0171helyek, flott\u00e1k, biztos\u00edt\u00e1si irod\u00e1k vagy egyes\u00fcletek sz\u00e1m\u00e1ra.<\/p>\n<p>&nbsp;<\/p>\n<p><strong>Term\u00e9k r\u00e9szletei:<\/strong><\/p>\n<ul>\n<li>Rendsz\u00e1mtart\u00f3 530 \u2013 osztr\u00e1k \u00e9s szlov\u00e9n rendsz\u00e1mokhoz L 520x M 120 mm<\/li>\n<li>Z\u00e1r: tol\u00f3z\u00e1r<\/li>\n<li>Sz\u00edn: fekete<\/li>\n<li>Anyag: Polipropil\u00e9n<\/li>\n<li>Nyomtat\u00e1si v\u00e1ltozatok: nyomatlan, szitanyom\u00e1s, 4c digit\u00e1lis nyomtat\u00e1s selyemf\u00e9ny\u0171 lakkoz\u00e1ssal, 4c digit\u00e1lis nyomtat\u00e1s m\u0171gyanta bevonattal\n<ul>\n<li><strong>Minden 4c digit\u00e1lis nyomatn\u00e1l a nyomat a rendsz\u00e1mt\u00e1blatart\u00f3 egy m\u00e9lyed\u00e9s\u00e9ben helyezkedik el, \u00edgy megb\u00edzhat\u00f3an v\u00e9dett a karcol\u00e1sok, az id\u0151j\u00e1r\u00e1s viszontags\u00e1gai \u00e9s a mechanikai ig\u00e9nybev\u00e9tel ellen \u2013 a tart\u00f3san magas min\u0151s\u00e9g\u0171 m\u00e1rka-jelenl\u00e9t \u00e9rdek\u00e9ben.<\/strong><\/li>\n<\/ul>\n<\/li>\n<\/ul>","protected":false},"excerpt":{"rendered":"<p>Kennzeichenhalter PKW \u00d6sterreich und Slowenien Type 530 mit Schiebeverschluss passen f\u00fcr Kennzeichengr\u00f6\u00dfe 520&#215;120 mm. Der Evamatic Kennzeichenhalter Type 530 mit Schiebeverschluss-System bietet eine besonders stabile, sichere und komfortable L\u00f6sung zur Montage von \u00f6sterreichischen und slowenischen Kennzeichen (520 \u00d7 120 mm). Durch den bew\u00e4hrten Schiebeverschluss lassen sich Kennzeichen schnell und unkompliziert einsetzen und wechseln. Im Vergleich [&hellip;]<\/p>\n","protected":false},"featured_media":4449,"template":"","meta":{"_acf_changed":false},"product_brand":[],"product_cat":[200,205],"product_tag":[],"class_list":{"0":"post-2648","1":"product","2":"type-product","3":"status-publish","4":"has-post-thumbnail","6":"product_cat-kennzeichenhalter-oesterreich-slowenien","7":"product_cat-pkw-lkw-520x120-mm","8":"pa_druckvariante-siebdruck-einfaerbig-silber","9":"pa_druckvariante-4c-druck-seidenmatt","10":"pa_druckvariante-4c-druck-mit-kunstharzbeschichtung","11":"pa_druckvariante-4c-druck-mit-kunstharzbeschichtung-silber-hochglanz","12":"pa_druckvariante-4c-druck-mit-kunstharzbeschichtung-reflektierend","13":"pa_druckvariante-4c-druck-mit-kunstharzbeschichtung-silber-matt","14":"pa_druckvariante-unbedruckt","15":"pa_druckvariante-siebdruck-einfaerbig-weiss","16":"pa_menge-97","17":"pa_menge-132","18":"pa_menge-98","19":"pa_menge-99","20":"pa_menge-100","21":"pa_menge-101","22":"pa_menge-102","23":"pa_menge-103","24":"pa_menge-93","25":"pa_menge-104","26":"pa_menge-94","27":"pa_menge-105","28":"pa_menge-95","29":"pa_menge-106","30":"pa_menge-96","31":"pa_menge-107","33":"first","34":"instock","35":"taxable","36":"shipping-taxable","37":"purchasable","38":"product-type-variable"},"exclude_global_add_ons":false,"addons":[{"name":"Nyomdai f\u00e1jlfelt\u00f6lt\u00e9s","type":"file_upload","position":0,"required":false,"title_format":"label","default":"","description_enable":false,"description":"Bitte laden Sie hier die Druckdatei (Bild) hoch.","placeholder_enable":false,"placeholder":"","display":"select","restrictions_type":"any_text","adjust_price":false,"price":"","price_type":"flat_fee","restrictions":false,"min":"0","max":"0","options":[],"id":1776081863},{"name":"\u00a0","type":"checkbox","position":1,"required":false,"title_format":"label","default":"","description_enable":true,"description":"Hagyd a diz\u00e1jnt a profikra! Egyszer\u0171en k\u00fcldd el nek\u00fcnk k\u00edv\u00e1ns\u00e1gaidat, log\u00f3idat, sz\u00f6vegeidet \u00e9s prefer\u00e1lt bet\u0171t\u00edpusodat e-mailben vagy az\nfelt\u00f6lt\u00e9si funkci\u00f3nkkal. Tapasztalt grafikai csapatunk professzion\u00e1lisan elk\u00e9sz\u00edt ak\u00e1r 3 egyedi diz\u00e1jntervet is, pontosan az ig\u00e9nyeidhez\nigaz\u00edtva.","placeholder_enable":false,"placeholder":"","display":"select","restrictions_type":"any_text","adjust_price":false,"price":"","price_type":"flat_fee","restrictions":false,"min":"0","max":"0","options":[{"label":"Professionelle Layouterstellung durch unsere Grafikabteilung","price":"35","price_type":"flat_fee","image":0,"visibility":true}],"id":1775653837}],"acf":[],"_links":{"self":[{"href":"https:\/\/www.evamatic.com\/hu\/wp-json\/wp\/v2\/product\/2648","targetHints":{"allow":["GET"]}}],"collection":[{"href":"https:\/\/www.evamatic.com\/hu\/wp-json\/wp\/v2\/product"}],"about":[{"href":"https:\/\/www.evamatic.com\/hu\/wp-json\/wp\/v2\/types\/product"}],"wp:featuredmedia":[{"embeddable":true,"href":"https:\/\/www.evamatic.com\/hu\/wp-json\/wp\/v2\/media\/4449"}],"wp:attachment":[{"href":"https:\/\/www.evamatic.com\/hu\/wp-json\/wp\/v2\/media?parent=2648"}],"wp:term":[{"taxonomy":"product_brand","embeddable":true,"href":"https:\/\/www.evamatic.com\/hu\/wp-json\/wp\/v2\/product_brand?post=2648"},{"taxonomy":"product_cat","embeddable":true,"href":"https:\/\/www.evamatic.com\/hu\/wp-json\/wp\/v2\/product_cat?post=2648"},{"taxonomy":"product_tag","embeddable":true,"href":"https:\/\/www.evamatic.com\/hu\/wp-json\/wp\/v2\/product_tag?post=2648"}],"curies":[{"name":"wp","href":"https:\/\/api.w.org\/{rel}","templated":true}]}}