{"id":3,"date":"2026-01-22T12:31:49","date_gmt":"2026-01-22T12:31:49","guid":{"rendered":"http:\/\/www.evamatic.at\/?page_id=3"},"modified":"2026-03-26T15:19:05","modified_gmt":"2026-03-26T14:19:05","slug":"adatvedelem","status":"publish","type":"page","link":"https:\/\/www.evamatic.com\/hu\/datenschutz\/","title":{"rendered":"Adatv\u00e9delem"},"content":{"rendered":"<p><span style=\"font-weight: 400;\">Ez az adatv\u00e9delmi nyilatkozat az Eur\u00f3pai Adatv\u00e9delmi Rendeletnek (GDPR) megfelel\u0151en t\u00e1j\u00e9koztatja a weboldal felhaszn\u00e1l\u00f3it a weboldal \u00fczemeltet\u0151je \u00e1ltal gy\u0171jt\u00f6tt \u00e9s felhaszn\u00e1lt szem\u00e9lyes adatok t\u00edpus\u00e1r\u00f3l, k\u00f6r\u00e9r\u0151l \u00e9s c\u00e9lj\u00e1r\u00f3l. A weboldal \u00fczemeltet\u0151je szem\u00e9lyes adatait bizalmasan \u00e9s a t\u00f6rv\u00e9nyi el\u0151\u00edr\u00e1soknak megfelel\u0151en kezeli.<\/span><\/p>\r\n<p><span style=\"font-weight: 400;\">A szem\u00e9lyes adatok olyan inform\u00e1ci\u00f3k, amelyek egy szem\u00e9ly szem\u00e9lyazonoss\u00e1g\u00e1ra vonatkoznak, vagy amelyek r\u00e9v\u00e9n egy szem\u00e9ly azonos\u00edthat\u00f3, p\u00e9ld\u00e1ul kapcsolattart\u00e1si adatok vagy IP-c\u00edm. Az adatv\u00e9delmi nyilatkozatban szerepl\u0151 kifejez\u00e9seket az \u00e1ltal\u00e1nos adatv\u00e9delmi rendeletnek (a tov\u00e1bbiakban: \u201eGDPR\u201c) megfelel\u0151en kell \u00e9rtelmezni.<\/span><\/p>\r\n<h2 class=\"wp-block-heading\"><b>Hozz\u00e1f\u00e9r\u00e9si adatok<\/b><\/h2>\r\n<p><span style=\"font-weight: 400;\">A weboldal \u00fczemeltet\u0151je adatokat gy\u0171jt az oldal l\u00e1togatotts\u00e1g\u00e1r\u00f3l, \u00e9s azokat \u201eszervernapl\u00f3 f\u00e1jlokk\u00e9nt\u201c t\u00e1rolja. A k\u00f6vetkez\u0151 adatok ker\u00fclnek napl\u00f3z\u00e1sra:<\/span><\/p>\r\n<ul>\r\n<li><span style=\"font-weight: 400;\"> L\u00e1togatott webhely<\/span><\/li>\r\n<li><span style=\"font-weight: 400;\"> Access id\u0151pontj\u00e1ban<\/span><\/li>\r\n<li><span style=\"font-weight: 400;\"> K\u00fcld\u00f6tt adatok mennyis\u00e9ge byte-ban<\/span><\/li>\r\n<li><span style=\"font-weight: 400;\"> Forr\u00e1s\/Hivatkoz\u00e1s<\/span><\/li>\r\n<li><span style=\"font-weight: 400;\"> Haszn\u00e1lt b\u00f6ng\u00e9sz\u0151<\/span><\/li>\r\n<li><span style=\"font-weight: 400;\"> Oper\u00e1ci\u00f3s rendszer<\/span><\/li>\r\n<li><span style=\"font-weight: 400;\"> Haszn\u00e1lt IP-c\u00edm<\/span><\/li>\r\n<\/ul>\r\n<p><span style=\"font-weight: 400;\">Az \u00f6sszegy\u0171jt\u00f6tt adatok kiz\u00e1r\u00f3lag statisztikai elemz\u00e9sekre \u00e9s a weboldal fejleszt\u00e9s\u00e9re szolg\u00e1lnak. A weboldal \u00fczemeltet\u0151je azonban fenntartja a jogot a szerver napl\u00f3f\u00e1jljainak ut\u00f3lagos ellen\u0151rz\u00e9s\u00e9re, ha konkr\u00e9t utal\u00e1sok mer\u00fclnek fel jogellenes haszn\u00e1latra.<\/span><\/p>\r\n<h2><b>S\u00fcti<\/b><\/h2>\r\n<p><span style=\"font-weight: 400;\">Ez a weboldal s\u00fctiket haszn\u00e1l. Ezek kis sz\u00f6veges f\u00e1jlok, amelyeket egy v\u00e9gberendez\u00e9sen t\u00e1rolunk. A szok\u00e1sos b\u00f6ng\u00e9sz\u0151k k\u00edn\u00e1lnak be\u00e1ll\u00edt\u00e1si lehet\u0151s\u00e9get a s\u00fctik letilt\u00e1s\u00e1ra. Megjegyz\u00e9s: Nem garant\u00e1lt, hogy e weboldal minden funkci\u00f3ja korl\u00e1toz\u00e1s n\u00e9lk\u00fcl el\u00e9rhet\u0151 lesz, ha ezeket a be\u00e1ll\u00edt\u00e1sokat elv\u00e9gzik.<\/span><\/p>\r\n<h2><b>Szem\u00e9lyes adatok kezel\u00e9se<\/b><\/h2>\r\n<p><span style=\"font-weight: 400;\">A weboldal \u00fczemeltet\u0151je a szem\u00e9lyes adatokat csak akkor gy\u0171jti, haszn\u00e1lja fel \u00e9s adja tov\u00e1bb, ha ez a t\u00f6rv\u00e9nyi keretek k\u00f6z\u00f6tt megengedett, vagy ha hozz\u00e1j\u00e1rul\u00e1s t\u00f6rt\u00e9nt az adatgy\u0171jt\u00e9shez.<\/span><\/p>\r\n<p><span style=\"font-weight: 400;\">Szem\u00e9lyes adatnak min\u0151s\u00fcl minden olyan inform\u00e1ci\u00f3, amely a szem\u00e9ly meghat\u00e1roz\u00e1s\u00e1ra szolg\u00e1l \u2013 \u00edgy p\u00e9ld\u00e1ul a n\u00e9v, az \u00d6n e-mail c\u00edme \u00e9s telefonsz\u00e1ma.<\/span><\/p>\r\n<h2><b>Kapcsolattart\u00e1si adatok kezel\u00e9se<\/b><\/h2>\r\n<p><span style=\"font-weight: 400;\">Ha a weboldal \u00fczemeltet\u0151j\u00e9vel a rendelkez\u00e9sre bocs\u00e1tott kapcsolatfelv\u00e9teli lehet\u0151s\u00e9geken kereszt\u00fcl kapcsolatba l\u00e9pnek, az adatokat t\u00e1roljuk, hogy azokat a k\u00e9r\u00e9s feldolgoz\u00e1sa \u00e9s megv\u00e1laszol\u00e1sa, valamint esetleges tov\u00e1bbi k\u00e9rd\u00e9sek eset\u00e9n fel lehessen haszn\u00e1lni. Hozz\u00e1j\u00e1rul\u00e1s n\u00e9lk\u00fcl ezeket az adatokat harmadik f\u00e9lnek nem adjuk \u00e1t.<\/span><\/p>\r\n<h2><b>Adatfeldolgoz\u00e1s id\u0151tartama<\/b><\/h2>\r\n<p><span style=\"font-weight: 400;\">A szerz\u0151d\u00e9s teljes\u00edt\u00e9se sor\u00e1n feldolgozott szem\u00e9lyes adatokat a t\u00f6rv\u00e9nyi t\u00e1rol\u00e1si k\u00f6telezetts\u00e9g (jelenleg 7 \u00e9v) lej\u00e1rt\u00e1ig dolgozzuk fel. Ett\u0151l elt\u00e9r\u0151en a szerz\u0151d\u0151 felek hosszabb id\u0151tartamot is kik\u00f6thetnek. A k\u00e9r\u00e9sekb\u0151l sz\u00e1rmaz\u00f3 szem\u00e9lyes adatokat a k\u00e9r\u00e9s teljes\u00edt\u00e9s\u00e9nek id\u0151tartam\u00e1ra t\u00e1roljuk.\u00a0<\/span><\/p>\r\n<h2><b>Felhaszn\u00e1l\u00f3i jogok: T\u00e1j\u00e9koztat\u00e1shoz, helyesb\u00edt\u00e9shez \u00e9s t\u00f6rl\u00e9shez val\u00f3 jog<\/b><\/h2>\r\n<p><span style=\"font-weight: 400;\">Az adatv\u00e9delemr\u0151l sz\u00f3l\u00f3 jogszab\u00e1lyok alapj\u00e1n az adatkezel\u00e9sben \u00e9rintett szem\u00e9lyt a k\u00f6vetkez\u0151 jogok illetik meg:<\/span><\/p>\r\n<ol>\r\n<li style=\"font-weight: 400;\" aria-level=\"1\"><span style=\"font-weight: 400;\">T\u00e1j\u00e9koztat\u00e1shoz val\u00f3 jog<\/span><\/li>\r\n<li style=\"font-weight: 400;\" aria-level=\"1\"><span style=\"font-weight: 400;\">Helyesb\u00edt\u00e9si jog<\/span><\/li>\r\n<li style=\"font-weight: 400;\" aria-level=\"1\"><span style=\"font-weight: 400;\">T\u00f6rl\u00e9shez val\u00f3 jog<\/span><\/li>\r\n<li style=\"font-weight: 400;\" aria-level=\"1\"><span style=\"font-weight: 400;\">A feldolgoz\u00e1s korl\u00e1toz\u00e1s\u00e1hoz val\u00f3 jog<\/span><\/li>\r\n<li style=\"font-weight: 400;\" aria-level=\"1\"><span style=\"font-weight: 400;\">Ellentmond\u00e1si jog<\/span><\/li>\r\n<li style=\"font-weight: 400;\" aria-level=\"1\"><span style=\"font-weight: 400;\">Visszavon\u00e1s egy adott hozz\u00e1j\u00e1rul\u00e1s<\/span><\/li>\r\n<li style=\"font-weight: 400;\" aria-level=\"1\"><span style=\"font-weight: 400;\">Adathordoz\u00e1si jog<\/span><\/li>\r\n<li style=\"font-weight: 400;\" aria-level=\"1\"><span style=\"font-weight: 400;\">Jogorvoslat az adatv\u00e9delmi hat\u00f3s\u00e1gn\u00e1l<\/span><\/li>\r\n<\/ol>\r\n<p><span style=\"font-weight: 400;\"><br \/>Az a)-t\u00f3l g)-ig felsorolt jogok \u00e9rv\u00e9nyes\u00edt\u00e9s\u00e9hez az \u00e9rintett szem\u00e9lyek e-mailben fordulhatnak a<\/span><span style=\"font-weight: 400;\"> \u00dcgyf\u00e9l e-mail<\/span><span style=\"font-weight: 400;\"> fordul.<\/span><\/p>\r\n<h2><b>Google Analytics<\/b><\/h2>\r\n<p><span style=\"font-weight: 400;\">Amennyiben beleegyezett, ezen a weboldalon a Google LLC webanalitikai szolg\u00e1ltat\u00e1sa, a Google Analytics 4 ker\u00fcl haszn\u00e1latra. az EU\/EGT-ben \u00e9s Sv\u00e1jcban \u00e9l\u0151 felhaszn\u00e1l\u00f3k tekintet\u00e9ben az illet\u00e9kes szerv a Google Ireland Limited, Google Building Gordon House, 4 Barrow St, Dublin, D04 E5W5, \u00cdrorsz\u00e1g (\u201eGoogle\u201c).<\/span><\/p>\r\n<p><span style=\"font-weight: 400;\">A Google Analytics s\u00fctiket haszn\u00e1l, amelyek lehet\u0151v\u00e9 teszik weboldalunk haszn\u00e1lat\u00e1nak elemz\u00e9s\u00e9t. A s\u00fctik \u00e1ltal gy\u0171jt\u00f6tt, weboldalunk haszn\u00e1lat\u00e1val kapcsolatos inform\u00e1ci\u00f3kat \u00e1ltal\u00e1ban a Google egyik amerikai szerver\u00e9re tov\u00e1bb\u00edtjuk \u00e9s ott t\u00e1roljuk.<\/span><\/p>\r\n<p><span style=\"font-weight: 400;\">A Google Analytics 4-ben az IP-c\u00edmek anonimiz\u00e1l\u00e1sa alap\u00e9rtelmezetten enged\u00e9lyezve van. Az IP-c\u00edmek anonimiz\u00e1l\u00e1sa miatt az \u00d6n IP-c\u00edm\u00e9t a Google az Eur\u00f3pai Uni\u00f3 tag\u00e1llamaiban vagy az Eur\u00f3pai Gazdas\u00e1gi T\u00e9rs\u00e9gr\u0151l sz\u00f3l\u00f3 meg\u00e1llapod\u00e1s m\u00e1s szerz\u0151d\u0151 \u00e1llamaiban r\u00f6vid\u00edti. Csak kiv\u00e9teles esetekben tov\u00e1bb\u00edtj\u00e1k a teljes IP-c\u00edmet egy Google-szerverre az USA-ban, \u00e9s ott r\u00f6vid\u00edtik le. A Google szerint az \u00d6n b\u00f6ng\u00e9sz\u0151j\u00e9b\u0151l a Google Analytics keret\u00e9ben tov\u00e1bb\u00edtott IP-c\u00edmet nem egyes\u00edtik m\u00e1s Google-adatokkal.<\/span><\/p>\r\n<p><span style=\"font-weight: 400;\">Webhely\u00fcnk l\u00e1togat\u00e1sa sor\u00e1n a felhaszn\u00e1l\u00f3i magatart\u00e1s\u00e1t \u201eesem\u00e9nyek\u201c form\u00e1j\u00e1ban r\u00f6gz\u00edtj\u00fck. Az esem\u00e9nyek lehetnek a k\u00f6vetkez\u0151k:<\/span><\/p>\r\n<ul>\r\n<li style=\"font-weight: 400;\" aria-level=\"1\"><span style=\"font-weight: 400;\">Oldalmegtekint\u00e9sek<\/span><\/li>\r\n<li style=\"font-weight: 400;\" aria-level=\"1\"><span style=\"font-weight: 400;\">Els\u0151 l\u00e1togat\u00e1s a weboldalon<\/span><\/li>\r\n<li style=\"font-weight: 400;\" aria-level=\"1\"><span style=\"font-weight: 400;\">A munkamenet kezdete<\/span><\/li>\r\n<li style=\"font-weight: 400;\" aria-level=\"1\"><span style=\"font-weight: 400;\">Az \u00d6n \u201ekattint\u00e1si \u00fatvonala\u201c, interakci\u00f3 a weboldallal<\/span><\/li>\r\n<li style=\"font-weight: 400;\" aria-level=\"1\"><span style=\"font-weight: 400;\">G\u00f6rget\u00e9sek (mindig, amikor egy felhaszn\u00e1l\u00f3 az oldal alj\u00e1ra (90%) g\u00f6rget)<\/span><\/li>\r\n<li style=\"font-weight: 400;\" aria-level=\"1\"><span style=\"font-weight: 400;\">Kattint\u00e1sok k\u00fcls\u0151 hivatkoz\u00e1sokra\u00a0<\/span><\/li>\r\n<li style=\"font-weight: 400;\" aria-level=\"1\"><span style=\"font-weight: 400;\">bels\u0151 keres\u00e9si lek\u00e9rdez\u00e9sek<\/span><\/li>\r\n<li style=\"font-weight: 400;\" aria-level=\"1\"><span style=\"font-weight: 400;\">Interakci\u00f3 vide\u00f3kkal<\/span><\/li>\r\n<li style=\"font-weight: 400;\" aria-level=\"1\"><span style=\"font-weight: 400;\">F\u00e1jl let\u00f6lt\u00e9sek<\/span><\/li>\r\n<li style=\"font-weight: 400;\" aria-level=\"1\"><span style=\"font-weight: 400;\">l\u00e1tott \/ kattintott hirdet\u00e9sek<\/span><\/li>\r\n<li style=\"font-weight: 400;\" aria-level=\"1\"><span style=\"font-weight: 400;\">Nyelvi be\u00e1ll\u00edt\u00e1s<\/span><\/li>\r\n<\/ul>\r\n<p><span style=\"font-weight: 400;\"><br \/>Ezenk\u00edv\u00fcl r\u00f6gz\u00edt\u00e9sre ker\u00fcl:<\/span><\/p>\r\n<ul>\r\n<li style=\"font-weight: 400;\" aria-level=\"1\"><span style=\"font-weight: 400;\">Az \u00d6n hozz\u00e1vet\u0151leges tart\u00f3zkod\u00e1si helye (r\u00e9gi\u00f3)<\/span><\/li>\r\n<li style=\"font-weight: 400;\" aria-level=\"1\"><span style=\"font-weight: 400;\">Az \u00d6n IP-c\u00edme (csonk\u00edtott form\u00e1ban)<\/span><\/li>\r\n<li style=\"font-weight: 400;\" aria-level=\"1\"><span style=\"font-weight: 400;\">technikai inform\u00e1ci\u00f3k a b\u00f6ng\u00e9sz\u0151j\u00e9r\u0151l \u00e9s a haszn\u00e1lt v\u00e9gberendez\u00e9seir\u0151l (pl. nyelvi be\u00e1ll\u00edt\u00e1sok, k\u00e9perny\u0151felbont\u00e1s)<\/span><\/li>\r\n<li style=\"font-weight: 400;\" aria-level=\"1\"><span style=\"font-weight: 400;\">Az internetszolg\u00e1ltat\u00f3ja<\/span><\/li>\r\n<li style=\"font-weight: 400;\" aria-level=\"1\"><span style=\"font-weight: 400;\">a hivatkoz\u00f3 URL (melyik webhelyr\u0151l\/melyik hirdet\u00e9sr\u0151l \u00e9rkezett erre a webhelyre)<\/span><\/li>\r\n<\/ul>\r\n<p><span style=\"font-weight: 400;\"><br \/>Ezeket a felhaszn\u00e1l\u00f3specifikus adatokat 14 h\u00f3nap ut\u00e1n automatikusan t\u00f6r\u00f6lj\u00fck. A t\u00f6bbi adat \u00f6sszes\u00edtett form\u00e1ban, hat\u00e1rozatlan ideig t\u00e1rol\u00e1sra ker\u00fcl.<\/span><\/p>\r\n<p><span style=\"font-weight: 400;\">A Google Analytics haszn\u00e1lati felt\u00e9teleir\u0151l \u00e9s az adatv\u00e9delemr\u0151l a k\u00f6vetkez\u0151 c\u00edmen tal\u00e1l tov\u00e1bbi inform\u00e1ci\u00f3t: <\/span><a href=\"https:\/\/marketingplatform.google.com\/about\/analytics\/terms\/de\/\" target=\"_blank\" rel=\"noopener\"><span style=\"font-weight: 400;\">https:\/\/marketingplatform.google.com\/about\/analytics\/terms\/de<\/span><\/a><span style=\"font-weight: 400;\">\u00e9s alatt <\/span><a href=\"https:\/\/policies.google.com\/?hl=de\" target=\"_blank\" rel=\"noopener\"><span style=\"font-weight: 400;\">https:\/\/policies.google.com\/?hl=de<\/span><\/a><span style=\"font-weight: 400;\">.<\/span><\/p>\r\n<p>&nbsp;<\/p>\r\n<p>&nbsp;<\/p>","protected":false},"excerpt":{"rendered":"<p>Diese Datenschutzerkl\u00e4rung informiert die Nutzer dieser Website gem\u00e4\u00df europ\u00e4ischer Datenschutzgrundverordnung (DSGVO) \u00fcber die Art, den Umfang und den Zweck der Erhebung und der Verwendung personenbezogener Daten durch den Websitebetreiber. Der Websitebetreiber behandelt Ihre personenbezogenen Daten vertraulich und entsprechend der gesetzlichen Vorschriften. Personenbezogene Daten sind Informationen, die sich auf die Identit\u00e4t einer Person beziehen oder durch [&hellip;]<\/p>\n","protected":false},"author":1,"featured_media":0,"parent":0,"menu_order":0,"comment_status":"closed","ping_status":"open","template":"","meta":{"_acf_changed":false,"footnotes":""},"class_list":["post-3","page","type-page","status-publish","hentry"],"acf":[],"_links":{"self":[{"href":"https:\/\/www.evamatic.com\/hu\/wp-json\/wp\/v2\/pages\/3","targetHints":{"allow":["GET"]}}],"collection":[{"href":"https:\/\/www.evamatic.com\/hu\/wp-json\/wp\/v2\/pages"}],"about":[{"href":"https:\/\/www.evamatic.com\/hu\/wp-json\/wp\/v2\/types\/page"}],"author":[{"embeddable":true,"href":"https:\/\/www.evamatic.com\/hu\/wp-json\/wp\/v2\/users\/1"}],"replies":[{"embeddable":true,"href":"https:\/\/www.evamatic.com\/hu\/wp-json\/wp\/v2\/comments?post=3"}],"version-history":[{"count":5,"href":"https:\/\/www.evamatic.com\/hu\/wp-json\/wp\/v2\/pages\/3\/revisions"}],"predecessor-version":[{"id":721,"href":"https:\/\/www.evamatic.com\/hu\/wp-json\/wp\/v2\/pages\/3\/revisions\/721"}],"wp:attachment":[{"href":"https:\/\/www.evamatic.com\/hu\/wp-json\/wp\/v2\/media?parent=3"}],"curies":[{"name":"wp","href":"https:\/\/api.w.org\/{rel}","templated":true}]}}