{"id":1862,"date":"2026-03-20T11:22:05","date_gmt":"2026-03-20T10:22:05","guid":{"rendered":"http:\/\/www.evamatic.at\/?page_id=1862"},"modified":"2026-04-19T16:55:05","modified_gmt":"2026-04-19T14:55:05","slug":"szallitas-es-feladas","status":"publish","type":"page","link":"https:\/\/www.evamatic.com\/hu\/lieferung-und-versand\/","title":{"rendered":"Sz\u00e1ll\u00edt\u00e1s \u00e9s felad\u00e1s"},"content":{"rendered":"<div data-elementor-type=\"wp-page\" data-elementor-id=\"1862\" class=\"elementor elementor-1862\" data-elementor-post-type=\"page\">\n\t\t\t\t<div class=\"elementor-element elementor-element-f116383 e-flex e-con-boxed e-con e-parent\" data-id=\"f116383\" data-element_type=\"container\" data-e-type=\"container\" data-settings=\"{&quot;background_background&quot;:&quot;gradient&quot;}\">\n\t\t\t\t\t<div class=\"e-con-inner\">\n\t\t<div class=\"elementor-element elementor-element-be4351c e-con-full e-flex e-con e-child\" data-id=\"be4351c\" data-element_type=\"container\" data-e-type=\"container\">\n\t\t\t\t<div class=\"elementor-element elementor-element-28e617b elementor-widget elementor-widget-heading\" data-id=\"28e617b\" data-element_type=\"widget\" data-e-type=\"widget\" data-widget_type=\"heading.default\">\n\t\t\t\t\t<h2 class=\"elementor-heading-title elementor-size-default\">Sz\u00e1ll\u00edt\u00e1s \u00e9s post\u00e1z\u00e1s<\/h2>\t\t\t\t<\/div>\n\t\t\t\t<div class=\"elementor-element elementor-element-20d1fb3 elementor-invisible elementor-widget elementor-widget-heading\" data-id=\"20d1fb3\" data-element_type=\"widget\" data-e-type=\"widget\" data-settings=\"{&quot;_animation&quot;:&quot;fadeInUp&quot;,&quot;_animation_delay&quot;:250}\" data-widget_type=\"heading.default\">\n\t\t\t\t\t<h4 class=\"elementor-heading-title elementor-size-default\">Sz\u00e1ll\u00edt\u00e1s \u00e9s felad\u00e1s \u2013 relev\u00e1ns inform\u00e1ci\u00f3k \u00e9s gyakran ism\u00e9telt k\u00e9rd\u00e9sek \u00e1ttekint\u00e9se.\n\n\n\n<\/h4>\t\t\t\t<\/div>\n\t\t\t\t<\/div>\n\t\t\t\t\t<\/div>\n\t\t\t\t<\/div>\n\t\t<div class=\"elementor-element elementor-element-6964ee1 e-flex e-con-boxed e-con e-parent\" data-id=\"6964ee1\" data-element_type=\"container\" data-e-type=\"container\">\n\t\t\t\t\t<div class=\"e-con-inner\">\n\t\t\t\t<div class=\"elementor-element elementor-element-159d36d elementor-widget elementor-widget-text-editor\" data-id=\"159d36d\" data-element_type=\"widget\" data-e-type=\"widget\" data-widget_type=\"text-editor.default\">\n\t\t\t\t\t\t\t\t\t<p data-start=\"223\" data-end=\"382\">\u00a0<\/p><p data-start=\"223\" data-end=\"382\">Megb\u00edzhat\u00f3an \u00e9s id\u0151ben sz\u00e1ll\u00edtjuk term\u00e9keinket. A sz\u00e1ll\u00edt\u00e1si id\u0151 a mindenkori term\u00e9kt\u0151l, valamint a v\u00e1lasztott kivitel \u00e9s nyomtat\u00e1si t\u00edpust\u00f3l f\u00fcgg.<\/p><p data-start=\"384\" data-end=\"422\">K\u00edn\u00e1latunk t\u00f6bbek k\u00f6z\u00f6tt a k\u00f6vetkez\u0151ket tartalmazza:<\/p><ul data-start=\"423\" data-end=\"539\"><li data-start=\"423\" data-end=\"446\"><p data-start=\"425\" data-end=\"446\"><strong data-start=\"425\" data-end=\"446\">Rendsz\u00e1mt\u00e1bla tart\u00f3<\/strong><\/p><\/li><li data-start=\"481\" data-end=\"506\"><p data-start=\"483\" data-end=\"506\"><strong data-start=\"483\" data-end=\"506\">T\u00e1bl\u00e1k \u00e9s kijelz\u0151k<\/strong><\/p><\/li><li data-start=\"507\" data-end=\"539\"><p data-start=\"509\" data-end=\"539\"><strong data-start=\"509\" data-end=\"539\">C\u00edmk\u00e9k \u00e9s matric\u00e1k<\/strong><\/p><\/li><li><strong data-start=\"449\" data-end=\"480\">Kulcsszervez\u00e9s (AUT)<\/strong><\/li><\/ul><p>\u00a0<\/p>\t\t\t\t\t\t\t\t<\/div>\n\t\t\t\t\t<\/div>\n\t\t\t\t<\/div>\n\t\t<div class=\"elementor-element elementor-element-483cd10 e-flex e-con-boxed e-con e-parent\" data-id=\"483cd10\" data-element_type=\"container\" data-e-type=\"container\">\n\t\t\t\t\t<div class=\"e-con-inner\">\n\t\t\t\t<div class=\"elementor-element elementor-element-58fc854 elementor-widget elementor-widget-heading\" data-id=\"58fc854\" data-element_type=\"widget\" data-e-type=\"widget\" data-widget_type=\"heading.default\">\n\t\t\t\t\t<h3 class=\"elementor-heading-title elementor-size-default\">Sz\u00e1ll\u00edt\u00e1si id\u0151k<\/h3>\t\t\t\t<\/div>\n\t\t\t\t<div class=\"elementor-element elementor-element-6aa573b elementor-widget elementor-widget-text-editor\" data-id=\"6aa573b\" data-element_type=\"widget\" data-e-type=\"widget\" data-widget_type=\"text-editor.default\">\n\t\t\t\t\t\t\t\t\t<p><strong>Nyomtatlan rendsz\u00e1mt\u00e1blatart\u00f3k<\/strong><\/p><ul><li><p>kb. <strong>5 munkanap<\/strong><\/p><\/li><\/ul><p><strong>4C-Nyomtat\u00e1s (Digit\u00e1lis nyomtat\u00e1s)<\/strong><\/p><ul><li><p>kb. <strong>10\u201314 nap<\/strong><\/p><\/li><\/ul><p><strong>Szitanyom\u00e1s<\/strong><\/p><ul><li><p>kb. <strong>3\u20134 h\u00e9t<\/strong><\/p><\/li><\/ul><p><em>A sz\u00e1ll\u00edt\u00e1si id\u0151 a fizet\u00e9s be\u00e9rkez\u00e9s\u00e9t\u0151l sz\u00e1m\u00edt\u00f3dik. Egyedileg gy\u00e1rtott term\u00e9kekn\u00e9l gy\u00e1rt\u00e1stechnol\u00f3giai elt\u00e9r\u00e9sek el\u0151fordulhatnak.<\/em><\/p><p>\u00a0<\/p>\t\t\t\t\t\t\t\t<\/div>\n\t\t\t\t\t<\/div>\n\t\t\t\t<\/div>\n\t\t<div class=\"elementor-element elementor-element-dfb2575 e-flex e-con-boxed e-con e-parent\" data-id=\"dfb2575\" data-element_type=\"container\" data-e-type=\"container\">\n\t\t\t\t\t<div class=\"e-con-inner\">\n\t\t\t\t<div class=\"elementor-element elementor-element-9bc9d89 elementor-widget elementor-widget-heading\" data-id=\"9bc9d89\" data-element_type=\"widget\" data-e-type=\"widget\" data-widget_type=\"heading.default\">\n\t\t\t\t\t<h3 class=\"elementor-heading-title elementor-size-default\">Sz\u00e1ll\u00edt\u00e1si k\u00f6lts\u00e9gek \u00e9s sz\u00e1ll\u00edt\u00e1si ter\u00fcletek<\/h3>\t\t\t\t<\/div>\n\t\t\t\t<div class=\"elementor-element elementor-element-c7216dc elementor-widget elementor-widget-text-editor\" data-id=\"c7216dc\" data-element_type=\"widget\" data-e-type=\"widget\" data-widget_type=\"text-editor.default\">\n\t\t\t\t\t\t\t\t\t<p data-start=\"58\" data-end=\"228\">Ausztri\u00e1ba, N\u00e9metorsz\u00e1gba, Sv\u00e1jcba, valamint az USA-ba sz\u00e1ll\u00edtunk. EU-n bel\u00fcli k\u00f6z\u00f6ss\u00e9gi sz\u00e1ll\u00edt\u00e1s is lehets\u00e9ges.<\/p>\n<h4><img decoding=\"async\" draggable=\"false\" role=\"img\" class=\"emoji\" alt=\"Ausztria\" src=\"https:\/\/s.w.org\/images\/core\/emoji\/17.0.2\/svg\/1f1e6-1f1f9.svg\" title=\"\"> Ausztria<\/h4>\n<ul>\n<li>\n<p><strong>Sz\u00e1ll\u00edt\u00e1si k\u00f6lts\u00e9g:<\/strong> \u20ac <strong>9,90<\/strong><\/p>\n<\/li>\n<li>\n<p><strong>Ingyen h\u00e1zhozsz\u00e1ll\u00edt\u00e1s:<\/strong> egy rendel\u00e9si \u00e9rt\u00e9kt\u0151l <strong>250 eur<\/strong><\/p>\n<\/li>\n<li>\n<p><strong>Sz\u00e1ll\u00edt\u00e1si id\u0151:<\/strong> a term\u00e9kt\u0151l \u00e9s a nyomtat\u00e1s t\u00edpus\u00e1t\u00f3l f\u00fcgg\u0151en&nbsp;<\/p>\n<\/li>\n<\/ul>\n<h4>&nbsp;<\/h4>\n<h4><img decoding=\"async\" draggable=\"false\" role=\"img\" class=\"emoji\" alt=\"N\u00e9metorsz\u00e1g\" src=\"https:\/\/s.w.org\/images\/core\/emoji\/17.0.2\/svg\/1f1e9-1f1ea.svg\" title=\"\"> N\u00e9metorsz\u00e1g<\/h4>\n<ul>\n<li>\n<p><strong>Sz\u00e1ll\u00edt\u00e1si k\u00f6lts\u00e9g:<\/strong> \u20ac <strong>19,90<\/strong><\/p>\n<\/li>\n<li>\n<p><strong>Ingyen h\u00e1zhozsz\u00e1ll\u00edt\u00e1s:<\/strong> egy rendel\u00e9si \u00e9rt\u00e9kt\u0151l <strong>400 \u20ac<\/strong><\/p>\n<\/li>\n<li>\n<p><strong>Sz\u00e1ll\u00edt\u00e1si id\u0151:<\/strong> term\u00e9kt\u0151l \u00e9s nyomtat\u00e1si t\u00edpust\u00f3l f\u00fcgg\u0151en<\/p>\n<\/li>\n<\/ul>\n<p><em>Egyes term\u00e9kek eset\u00e9ben nem lehets\u00e9ges a kisz\u00e1ll\u00edt\u00e1s N\u00e9metorsz\u00e1gba. Ebben az esetben ez a megrendel\u00e9si folyamat sor\u00e1n jelz\u00e9sre ker\u00fcl.<\/em><\/p>\n<h4><img decoding=\"async\" draggable=\"false\" role=\"img\" class=\"emoji\" alt=\"Sv\u00e1jc\" src=\"https:\/\/s.w.org\/images\/core\/emoji\/17.0.2\/svg\/1f1e8-1f1ed.svg\" title=\"\"> Sv\u00e1jc<\/h4>\n<p><em>Arr\u00f3l, hogy lehets\u00e9ges-e a sv\u00e1jci kisz\u00e1ll\u00edt\u00e1s, a term\u00e9k, illetve a rendel\u00e9si folyamat t\u00e1j\u00e9koztat.<br><span style=\"font-weight: 400;\">A Sv\u00e1jcba ir\u00e1nyul\u00f3 sz\u00e1ll\u00edt\u00e1si k\u00f6lts\u00e9gek\u00e9rt tekintse meg a webshop sz\u00e1ll\u00edt\u00e1si k\u00f6lts\u00e9g-kalkul\u00e1tor\u00e1t. Felh\u00edvjuk figyelm\u00e9t, hogy v\u00e1m- vagy importd\u00edjak mer\u00fclhetnek fel. Sv\u00e1jcba t\u00f6rt\u00e9n\u0151 v\u00e1mkezel\u00e9shez mindenk\u00e9ppen sz\u00fcks\u00e9ges egy \u00c1FA azonos\u00edt\u00f3sz\u00e1m (UID).<\/span><\/em><\/p>\n<h4 data-start=\"793\" data-end=\"817\"><img decoding=\"async\" draggable=\"false\" role=\"img\" class=\"emoji\" alt=\"\ud83c\uddea\ud83c\uddfa\" src=\"https:\/\/s.w.org\/images\/core\/emoji\/17.0.2\/svg\/1f1ea-1f1fa.svg\" title=\"\"> Eur\u00f3pai Uni\u00f3<\/h4>\n<p data-start=\"819\" data-end=\"874\"><span style=\"font-weight: 400;\">Sz\u00e1ll\u00edt\u00e1s m\u00e1s EU-tag\u00e1llamokba is lehets\u00e9ges.<\/span><\/p><p data-start=\"819\" data-end=\"874\"><span style=\"font-weight: 400;\">A sz\u00e1ll\u00edt\u00e1si k\u00f6lts\u00e9gek k\u00e9r\u00e9sre, vagy a web\u00e1ruh\u00e1z sz\u00e1ll\u00edt\u00e1si k\u00f6lts\u00e9g kalkul\u00e1tor\u00e1ban tal\u00e1lhat\u00f3k.<\/span><\/p>\n<h4 data-start=\"792\" data-end=\"802\"><img decoding=\"async\" draggable=\"false\" role=\"img\" class=\"emoji\" alt=\"Amerikai\" src=\"https:\/\/s.w.org\/images\/core\/emoji\/17.0.2\/svg\/1f1fa-1f1f8.svg\" title=\"\"> USA<\/h4>\n<p data-start=\"804\" data-end=\"832\">A sz\u00e1ll\u00edt\u00e1si k\u00f6lts\u00e9gekr\u0151l az USA-ba k\u00e9r\u00e9sre t\u00e1j\u00e9koztatjuk. Felh\u00edvjuk figyelm\u00e9t, hogy v\u00e1m- vagy importd\u00edjak mer\u00fclhetnek fel.<\/p>\n<p data-start=\"804\" data-end=\"832\">\n<\/p>\t\t\t\t\t\t\t\t<\/div>\n\t\t\t\t\t<\/div>\n\t\t\t\t<\/div>\n\t\t<div class=\"elementor-element elementor-element-33db644 e-flex e-con-boxed e-con e-parent\" data-id=\"33db644\" data-element_type=\"container\" data-e-type=\"container\">\n\t\t\t\t\t<div class=\"e-con-inner\">\n\t\t\t\t<div class=\"elementor-element elementor-element-5646282 elementor-widget elementor-widget-heading\" data-id=\"5646282\" data-element_type=\"widget\" data-e-type=\"widget\" data-widget_type=\"heading.default\">\n\t\t\t\t\t<h3 class=\"elementor-heading-title elementor-size-default\">Fontos figyelmeztet\u00e9sek<\/h3>\t\t\t\t<\/div>\n\t\t\t\t<div class=\"elementor-element elementor-element-24231ff elementor-widget elementor-widget-text-editor\" data-id=\"24231ff\" data-element_type=\"widget\" data-e-type=\"widget\" data-widget_type=\"text-editor.default\">\n\t\t\t\t\t\t\t\t\t<ul><li><p>A rendel\u00e9seket munkanapokon dolgozzuk fel.<\/p><\/li><li><p>H\u00e9tv\u00e9g\u00e9n \u00e9s \u00fcnnepnapokon nincs kisz\u00e1ll\u00edt\u00e1s.<\/p><\/li><li><p>K\u00e9rj\u00fck, \u00fcgyeljen a sz\u00e1ll\u00edt\u00e1si c\u00edm helyes megad\u00e1s\u00e1ra.<\/p><\/li><\/ul><p>K\u00e9rd\u00e9ssel a sz\u00e1ll\u00edt\u00e1si id\u0151vel, a sz\u00e1ll\u00edt\u00e1ssal vagy egyedi megold\u00e1sokkal kapcsolatban <a href=\"\/hu\/kapcsolat\/\"><strong>Keressen minket b\u00e1tran<\/strong><\/a> \u2013 szem\u00e9lyesen seg\u00edt\u00fcnk \u00d6nnek.<\/p>\t\t\t\t\t\t\t\t<\/div>\n\t\t\t\t\t<\/div>\n\t\t\t\t<\/div>\n\t\t\t\t<\/div>","protected":false},"excerpt":{"rendered":"<p>Lieferung &amp; Versand Relevante Informationen und h\u00e4ufige Fragen zu Lieferung &amp; Versand auf einen Blick. \u00a0 Wir liefern unsere Produkte zuverl\u00e4ssig und termingerecht. Die Lieferzeit richtet sich nach dem jeweiligen Produkt sowie der gew\u00e4hlten Ausf\u00fchrung und Druckart. Unser Sortiment umfasst unter anderem: Kennzeichenhalter Schilder &amp; Displays Beschriftungen &amp; Aufkleber Schl\u00fcsselorganisation (AUT) \u00a0 Lieferzeiten Unbedruckte Kennzeichenhalter [&hellip;]<\/p>\n","protected":false},"author":1,"featured_media":0,"parent":0,"menu_order":0,"comment_status":"closed","ping_status":"closed","template":"","meta":{"_acf_changed":false,"footnotes":""},"class_list":["post-1862","page","type-page","status-publish","hentry"],"acf":[],"_links":{"self":[{"href":"https:\/\/www.evamatic.com\/hu\/wp-json\/wp\/v2\/pages\/1862","targetHints":{"allow":["GET"]}}],"collection":[{"href":"https:\/\/www.evamatic.com\/hu\/wp-json\/wp\/v2\/pages"}],"about":[{"href":"https:\/\/www.evamatic.com\/hu\/wp-json\/wp\/v2\/types\/page"}],"author":[{"embeddable":true,"href":"https:\/\/www.evamatic.com\/hu\/wp-json\/wp\/v2\/users\/1"}],"replies":[{"embeddable":true,"href":"https:\/\/www.evamatic.com\/hu\/wp-json\/wp\/v2\/comments?post=1862"}],"version-history":[{"count":10,"href":"https:\/\/www.evamatic.com\/hu\/wp-json\/wp\/v2\/pages\/1862\/revisions"}],"predecessor-version":[{"id":3972,"href":"https:\/\/www.evamatic.com\/hu\/wp-json\/wp\/v2\/pages\/1862\/revisions\/3972"}],"wp:attachment":[{"href":"https:\/\/www.evamatic.com\/hu\/wp-json\/wp\/v2\/media?parent=1862"}],"curies":[{"name":"wp","href":"https:\/\/api.w.org\/{rel}","templated":true}]}}