{"id":16,"date":"2026-01-22T13:14:56","date_gmt":"2026-01-22T12:14:56","guid":{"rendered":"http:\/\/www.evamatic.at\/cart\/"},"modified":"2026-04-22T10:43:55","modified_gmt":"2026-04-22T08:43:55","slug":"bevasarlokosar","status":"publish","type":"page","link":"https:\/\/www.evamatic.com\/hu\/warenkorb\/","title":{"rendered":"Bev\u00e1s\u00e1rl\u00f3kos\u00e1r"},"content":{"rendered":"<div data-elementor-type=\"wp-page\" data-elementor-id=\"16\" class=\"elementor elementor-16\" data-elementor-post-type=\"page\">\n\t\t\t\t<div class=\"elementor-element elementor-element-7f3c364 e-flex e-con-boxed e-con e-parent\" data-id=\"7f3c364\" data-element_type=\"container\" data-e-type=\"container\" data-settings=\"{&quot;background_background&quot;:&quot;gradient&quot;}\">\n\t\t\t\t\t<div class=\"e-con-inner\">\n\t\t<div class=\"elementor-element elementor-element-8872740 e-con-full e-flex e-con e-child\" data-id=\"8872740\" data-element_type=\"container\" data-e-type=\"container\">\n\t\t\t\t<div class=\"elementor-element elementor-element-41afe81 elementor-widget elementor-widget-heading\" data-id=\"41afe81\" data-element_type=\"widget\" data-e-type=\"widget\" data-widget_type=\"heading.default\">\n\t\t\t\t\t<h1 class=\"elementor-heading-title elementor-size-default\">Bev\u00e1s\u00e1rl\u00f3kos\u00e1r<\/h1>\t\t\t\t<\/div>\n\t\t\t\t<\/div>\n\t\t\t\t\t<\/div>\n\t\t\t\t<\/div>\n\t\t<div class=\"elementor-element elementor-element-0f85c1d e-flex e-con-boxed e-con e-parent\" data-id=\"0f85c1d\" data-element_type=\"container\" data-e-type=\"container\">\n\t\t\t\t\t<div class=\"e-con-inner\">\n\t\t\t\t\t<\/div>\n\t\t\t\t<\/div>\n\t\t\t\t<\/div>","protected":false},"excerpt":{"rendered":"<p>Warenkorb Artikel entfernen Vorschaubild Produkt Preis Anzahl Zwischensumme &times; Kennzeichenhalter PKW EU\/Deutschland 520B &#8211; Klapprahmen &#8211; 4c Druck mit Kunstharzbeschichtung reflektierend, 30 Druckvariante: 4c-druck-mit-kunstharzbeschichtung-reflektierend St\u00fcck: 30 141,00&nbsp;&euro; 1 141,00&nbsp;&euro; Gutschein anwenden Summe Zwischensumme 141,00&nbsp;&euro; Versand Versandkosten berechnen Land\/Region Land\/Region ausw\u00e4hlen\u00a0\u2026BelgienBulgarienDeutschlandFrankreichKroatienLiechtensteinLuxemburgNiederlandePolenRum\u00e4nienSchwedenSchweizSlowakeiSlowenienTschechienUngarn\u00d6sterreich Stadt: Postleitzahl: Aktualisieren 20 % MwSt. 28,20&nbsp;&euro; Gesamtsumme 169,20&nbsp;&euro; Weiter zur Kasse<\/p>","protected":false},"author":1,"featured_media":0,"parent":0,"menu_order":0,"comment_status":"closed","ping_status":"closed","template":"","meta":{"_acf_changed":false,"footnotes":""},"class_list":["post-16","page","type-page","status-publish","hentry"],"acf":[],"_links":{"self":[{"href":"https:\/\/www.evamatic.com\/hu\/wp-json\/wp\/v2\/pages\/16","targetHints":{"allow":["GET"]}}],"collection":[{"href":"https:\/\/www.evamatic.com\/hu\/wp-json\/wp\/v2\/pages"}],"about":[{"href":"https:\/\/www.evamatic.com\/hu\/wp-json\/wp\/v2\/types\/page"}],"author":[{"embeddable":true,"href":"https:\/\/www.evamatic.com\/hu\/wp-json\/wp\/v2\/users\/1"}],"replies":[{"embeddable":true,"href":"https:\/\/www.evamatic.com\/hu\/wp-json\/wp\/v2\/comments?post=16"}],"version-history":[{"count":10,"href":"https:\/\/www.evamatic.com\/hu\/wp-json\/wp\/v2\/pages\/16\/revisions"}],"predecessor-version":[{"id":4311,"href":"https:\/\/www.evamatic.com\/hu\/wp-json\/wp\/v2\/pages\/16\/revisions\/4311"}],"wp:attachment":[{"href":"https:\/\/www.evamatic.com\/hu\/wp-json\/wp\/v2\/media?parent=16"}],"curies":[{"name":"wp","href":"https:\/\/api.w.org\/{rel}","templated":true}]}}