{"id":3144,"date":"2026-04-09T14:19:08","date_gmt":"2026-04-09T12:19:08","guid":{"rendered":"https:\/\/www.evamatic.at\/product\/kunden-info-box-2\/"},"modified":"2026-04-22T09:49:48","modified_gmt":"2026-04-22T07:49:48","slug":"boite-dinformations-client-2","status":"publish","type":"product","link":"https:\/\/www.evamatic.com\/fr\/product\/kunden-info-box-2\/","title":{"rendered":"Bo\u00eete d'informations client DIN A4 \/ DIN A6"},"content":{"rendered":"<p><strong>Organisation de pr\u00e9sentoirs pour prospectus, brochures, catalogues de prix en format DIN A4 ou DIN A6<\/strong><\/p>\n<p>Gr\u00e2ce \u00e0 nos solutions d'organisation de prospectus, pr\u00e9sentez brochures, d\u00e9pliants et documents d'information de mani\u00e8re claire, visible et professionnelle. Que ce soit sur un v\u00e9hicule, dans des zones d'accueil, salles d'attente, stands de salon, bureaux ou salles de vente \u2013 des documents d'information bien organis\u00e9s sont per\u00e7us et utilis\u00e9s plus rapidement. Nos porte-prospectus sont polyvalents, robustes et fabriqu\u00e9s \u00e0 partir de mat\u00e9riaux de haute qualit\u00e9. Ils offrent suffisamment d'espace pour des formats DIN tels que A4 ou A6, ainsi que des options de montage flexibles \u2013 du montage mural au montage sur table en passant par l'utilisation mobile.<\/p>\n<p>&nbsp;<\/p>\n<p><strong>Avantages :<\/strong><\/p>\n<ul>\n<li>Pr\u00e9sentation claire de vos brochures et d\u00e9pliants<\/li>\n<li>Acc\u00e8s facile pour les clients et les visiteurs<\/li>\n<li>Robuste et durable \u2013 id\u00e9al pour les zones \u00e0 fort trafic<\/li>\n<li>Montage polyvalente : sur v\u00e9hicule, mur, table ou en pose libre<\/li>\n<li>Convient pour DINA4 ou DIN A6 au choix<\/li>\n<\/ul>\n<p>&nbsp;<\/p>\n<p><strong>Domaines d'application :<\/strong><\/p>\n<ul>\n<li>Pr\u00e9sentation du v\u00e9hicule<\/li>\n<li>Zones de r\u00e9ception et d'attente<\/li>\n<li>Salons &amp; \u00c9v\u00e9nements<\/li>\n<li>Bureaux, salles de vente et showroom<\/li>\n<li>Stands d'information et r\u00e9ceptions<\/li>\n<li>Autorit\u00e9s, cabinets et salles de formation<\/li>\n<\/ul>\n<p>&nbsp;<\/p>\n<p><strong>D\u00e9tails du produit :<\/strong><\/p>\n<ul>\n<li>Mati\u00e8re : Acrylique de 3 mm Fond : PET incassable<\/li>\n<li>Couleur : noir\/transparent<\/li>\n<li>Caract\u00e9ristiques : couvercle \u00e0 fermeture automatique, grand volume d'absorption, pas de basculement possible en cas de temp\u00eate, trous de ventilation contre la condensation, pour usage int\u00e9rieur et ext\u00e9rieur<\/li>\n<\/ul>","protected":false},"excerpt":{"rendered":"<p>Prospektorganisation f\u00fcr Flyer, Brosch\u00fcren Preisbl\u00e4tter DIN A4 oder DIN A6 Mit unseren Prospektorganisation-L\u00f6sungen pr\u00e4sentieren Sie Brosch\u00fcren, Flyer und Informationsmaterial \u00fcbersichtlich, gut sichtbar und professionell. Ob am Fahrzeug, in Empfangsbereichen, Wartezonen, Messest\u00e4nden, B\u00fcro oder Verkaufsr\u00e4umen \u2013 gut organisierte Informationsmaterialien werden schneller wahrgenommen und genutzt.Unsere Prospekthalter sind vielseitig einsetzbar, robust und aus hochwertigen Materialien gefertigt. Sie bieten [&hellip;]<\/p>\n","protected":false},"featured_media":726,"template":"","meta":{"_acf_changed":false},"product_brand":[],"product_cat":[89],"product_tag":[],"class_list":{"0":"post-3144","1":"product","2":"type-product","3":"status-publish","4":"has-post-thumbnail","6":"product_cat-kunden-infoboxen","7":"pa_groesse-din-a4","8":"pa_groesse-din-a6","9":"pa_menge-193","10":"pa_menge-194","11":"pa_menge-195","12":"pa_menge-93","13":"pa_menge-196","14":"pa_menge-94","15":"pa_menge-95","16":"pa_menge-113","17":"pa_menge-123","18":"pa_menge-191","19":"pa_menge-192","21":"first","22":"instock","23":"taxable","24":"shipping-taxable","25":"purchasable","26":"product-type-variable"},"exclude_global_add_ons":[],"addons":[],"acf":[],"_links":{"self":[{"href":"https:\/\/www.evamatic.com\/fr\/wp-json\/wp\/v2\/product\/3144","targetHints":{"allow":["GET"]}}],"collection":[{"href":"https:\/\/www.evamatic.com\/fr\/wp-json\/wp\/v2\/product"}],"about":[{"href":"https:\/\/www.evamatic.com\/fr\/wp-json\/wp\/v2\/types\/product"}],"wp:featuredmedia":[{"embeddable":true,"href":"https:\/\/www.evamatic.com\/fr\/wp-json\/wp\/v2\/media\/726"}],"wp:attachment":[{"href":"https:\/\/www.evamatic.com\/fr\/wp-json\/wp\/v2\/media?parent=3144"}],"wp:term":[{"taxonomy":"product_brand","embeddable":true,"href":"https:\/\/www.evamatic.com\/fr\/wp-json\/wp\/v2\/product_brand?post=3144"},{"taxonomy":"product_cat","embeddable":true,"href":"https:\/\/www.evamatic.com\/fr\/wp-json\/wp\/v2\/product_cat?post=3144"},{"taxonomy":"product_tag","embeddable":true,"href":"https:\/\/www.evamatic.com\/fr\/wp-json\/wp\/v2\/product_tag?post=3144"}],"curies":[{"name":"wp","href":"https:\/\/api.w.org\/{rel}","templated":true}]}}