{"id":3137,"date":"2026-04-09T14:19:07","date_gmt":"2026-04-09T12:19:07","guid":{"rendered":"https:\/\/www.evamatic.at\/product\/fixanhaenger-2\/"},"modified":"2026-04-22T14:09:36","modified_gmt":"2026-04-22T12:09:36","slug":"attache-remorque-2","status":"publish","type":"product","link":"https:\/\/www.evamatic.com\/fr\/product\/fixanhaenger-2\/","title":{"rendered":"\u00c9tiquette d'identification de cl\u00e9 de remorque"},"content":{"rendered":"<p><span style=\"color: #000000;\"><strong>Fixanh\u00e4nger 8 \u00d7 3,5 cm, color\u00e9 \u2013 Porte-cl\u00e9s en PP color\u00e9s avec zone d'\u00e9criture des deux c\u00f4t\u00e9s pour une identification et une organisation rapides.<\/strong><\/span><\/p>\n<p><span style=\"color: #000000;\">Les \u00e9tiquettes pour cl\u00e9s color\u00e9es de 8 \u00d7 3,5 cm sont une solution pratique et durable pour identifier clairement les cl\u00e9s dans les ateliers, les entreprises et les environnements industriels. Gr\u00e2ce \u00e0 leur conception robuste, elles sont id\u00e9ales pour un usage quotidien et conservent leur forme m\u00eame en cas d'utilisation fr\u00e9quente.<\/span><br \/>\n<span style=\"color: #000000;\">Le champ d'\u00e9tiquetage int\u00e9gr\u00e9 permet une identification claire et lisible, tandis que les diff\u00e9rentes couleurs permettent une association visuelle rapide des cl\u00e9s, des machines ou des zones. La fermeture fixe garantit que la cl\u00e9 reste solidement attach\u00e9e au porte-cl\u00e9s.<\/span><\/p>\n<p><span style=\"color: #000000;\"><strong>Avantages en un coup d'\u0153il :<\/strong><\/span><\/p>\n<ul>\n<li><span style=\"color: #000000;\">Ex\u00e9cution robuste pour le quotidien de l'atelier<\/span><\/li>\n<li><span style=\"color: #000000;\">Tri de couleur pour une attribution rapide<\/span><\/li>\n<li><span style=\"color: #000000;\">Grand champ d'\u00e9tiquetage, bien lisible<\/span><\/li>\n<li><span style=\"color: #000000;\">Maintien s\u00fbr gr\u00e2ce \u00e0 la fermeture fixe<\/span><\/li>\n<li><span style=\"color: #000000;\">R\u00e9utilisable et durable<\/span><\/li>\n<li><span style=\"color: #000000;\">Domaines d'application typiques :<\/span><\/li>\n<li><span style=\"color: #000000;\">Cl\u00e9s d'atelier et de fonctionnement<\/span><\/li>\n<li><span style=\"color: #000000;\">Cl\u00e9 d'\u00e9quipement et de machines<\/span><\/li>\n<li><span style=\"color: #000000;\">Cl\u00e9s de v\u00e9hicule et de rechange<\/span><\/li>\n<li><span style=\"color: #000000;\">Zones de stockage, techniques et administratives<\/span><\/li>\n<\/ul>\n<p>&nbsp;<\/p>\n<p><span style=\"color: #000000;\"><strong>D\u00e9tails du produit :<\/strong><\/span><\/p>\n<ul>\n<li><span style=\"color: #000000;\">Mat\u00e9riau\u00a0: film PP \u00e9cologique<\/span><\/li>\n<li><span style=\"color: #000000;\">Couleur\u00a0: bleu, rouge, vert, gris, violet, jaune<\/span><\/li>\n<li><span style=\"color: #000000;\">Particularit\u00e9s : zone d'\u00e9criture blanche des deux c\u00f4t\u00e9s<\/span><\/li>\n<li><span style=\"color: #000000;\">Convient pour copie, laser, jet d'encre<\/span><\/li>\n<li><span style=\"color: #000000;\">VPE : 100 pi\u00e8ces par couleur en bo\u00eete distributrice<\/span><\/li>\n<\/ul>","protected":false},"excerpt":{"rendered":"<p>Fixanh\u00e4nger 8 \u00d7 3,5 cm, farbig \u2013 farbige PP-Schl\u00fcsselanh\u00e4nger mit beidseitigem Beschriftungsfeld f\u00fcr schnelle Kennzeichnung und Organisation. Die farbigen Fixanh\u00e4nger in der Gr\u00f6\u00dfe 8 \u00d7 3,5 cm sind eine praktische und langlebige L\u00f6sung zur \u00fcbersichtlichen Kennzeichnung von Schl\u00fcsseln in Werkst\u00e4tten, Betrieben und industriellen Umgebungen. Dank der stabilen Ausf\u00fchrung eignen sie sich ideal f\u00fcr den t\u00e4glichen [&hellip;]<\/p>\n","protected":false},"featured_media":562,"template":"","meta":{"_acf_changed":false},"product_brand":[],"product_cat":[83],"product_tag":[],"class_list":{"0":"post-3137","1":"product","2":"type-product","3":"status-publish","4":"has-post-thumbnail","6":"product_cat-schluesselanhaenger","7":"pa_farbe-grau","8":"pa_farbe-lila","9":"pa_farbe-gelb","10":"pa_farbe-blau","11":"pa_farbe-rot","12":"pa_farbe-gruen","13":"pa_menge-113","14":"pa_menge-123","15":"pa_menge-191","16":"pa_menge-192","17":"pa_menge-193","19":"first","20":"instock","21":"taxable","22":"shipping-taxable","23":"purchasable","24":"product-type-variable"},"exclude_global_add_ons":false,"addons":[{"name":"Fichier d'impression \u00e0 t\u00e9l\u00e9charger","type":"file_upload","position":0,"required":false,"title_format":"label","default":"","description_enable":false,"description":"Bitte laden Sie hier die Druckdatei (Bild) hoch.","placeholder_enable":false,"placeholder":"","display":"select","restrictions_type":"any_text","adjust_price":false,"price":"","price_type":"flat_fee","restrictions":false,"min":"0","max":"0","options":[],"id":1776081863},{"name":"\u00a0","type":"checkbox","position":1,"required":false,"title_format":"label","default":"","description_enable":true,"description":"Confiez la conception aux professionnels ! Envoyez-nous simplement vos souhaits, logos, textes et polices pr\u00e9f\u00e9r\u00e9es par e-mail ou via notre fonction de t\u00e9l\u00e9chargement. Notre \u00e9quipe graphique exp\u00e9riment\u00e9e cr\u00e9era jusqu'\u00e0 3 propositions de design personnalis\u00e9es, parfaitement adapt\u00e9es \u00e0 vos besoins.","placeholder_enable":false,"placeholder":"","display":"select","restrictions_type":"any_text","adjust_price":false,"price":"","price_type":"flat_fee","restrictions":false,"min":"0","max":"0","options":[{"label":"Professionelle Layouterstellung durch unsere Grafikabteilung","price":"35","price_type":"flat_fee","image":0,"visibility":true}],"id":1775653837}],"acf":[],"_links":{"self":[{"href":"https:\/\/www.evamatic.com\/fr\/wp-json\/wp\/v2\/product\/3137","targetHints":{"allow":["GET"]}}],"collection":[{"href":"https:\/\/www.evamatic.com\/fr\/wp-json\/wp\/v2\/product"}],"about":[{"href":"https:\/\/www.evamatic.com\/fr\/wp-json\/wp\/v2\/types\/product"}],"wp:featuredmedia":[{"embeddable":true,"href":"https:\/\/www.evamatic.com\/fr\/wp-json\/wp\/v2\/media\/562"}],"wp:attachment":[{"href":"https:\/\/www.evamatic.com\/fr\/wp-json\/wp\/v2\/media?parent=3137"}],"wp:term":[{"taxonomy":"product_brand","embeddable":true,"href":"https:\/\/www.evamatic.com\/fr\/wp-json\/wp\/v2\/product_brand?post=3137"},{"taxonomy":"product_cat","embeddable":true,"href":"https:\/\/www.evamatic.com\/fr\/wp-json\/wp\/v2\/product_cat?post=3137"},{"taxonomy":"product_tag","embeddable":true,"href":"https:\/\/www.evamatic.com\/fr\/wp-json\/wp\/v2\/product_tag?post=3137"}],"curies":[{"name":"wp","href":"https:\/\/api.w.org\/{rel}","templated":true}]}}