{"id":3125,"date":"2026-04-09T14:19:07","date_gmt":"2026-04-09T12:19:07","guid":{"rendered":"https:\/\/www.evamatic.at\/product\/decotafel-miniletter-kennzeicheneinleger-uv-digitaldruck-fuer-motorrad-kennzeichenhalter-oesterreich-2\/"},"modified":"2026-04-29T11:12:09","modified_gmt":"2026-04-29T09:12:09","slug":"plaque-decorative-mini-lettre-insert-de-plaque-dimmatriculation-impression-numerique-uv-pour-support-de-plaque-dimmatriculation-moto-autriche-2","status":"publish","type":"product","link":"https:\/\/www.evamatic.com\/fr\/product\/decotafel-miniletter-kennzeicheneinleger-uv-digitaldruck-fuer-motorrad-kennzeichenhalter-oesterreich-2\/","title":{"rendered":"D\u00e9coration de table \/ Mini-lettre \/ Inserts de plaque d'immatriculation impression num\u00e9rique UV pour porte-plaques d'immatriculation de moto Autriche"},"content":{"rendered":"<p>Les mini-lettres d\u00e9coschilder sont la solution id\u00e9ale pour des encarts publicitaires personnalis\u00e9s dans les supports de plaque d'immatriculation. Elles permettent une pr\u00e9sentation discr\u00e8te mais efficace de logos, slogans ou noms de soci\u00e9t\u00e9 directement sur le v\u00e9hicule, assurant ainsi votre pr\u00e9sence publicitaire sur les parkings automobiles ou dans les concessions.<br \/>\nLes inserts sont fabriqu\u00e9s sur mesure et s'ins\u00e8rent facilement dans les supports de plaque d'immatriculation standards. Gr\u00e2ce \u00e0 des mat\u00e9riaux de haute qualit\u00e9, ils convainquent par une qualit\u00e9 d'impression durable et un aspect professionnel, tant \u00e0 l'int\u00e9rieur qu'\u00e0 l'ext\u00e9rieur.<\/p>\n<p><strong>Avantages :<\/strong><\/p>\n<ul>\n<li>Id\u00e9al comme encart publicitaire pour les porte-plaques d'immatriculation<\/li>\n<li>Publicit\u00e9 automobile subtile mais efficace<\/li>\n<li>Finition de haute qualit\u00e9 et excellente lisibilit\u00e9<\/li>\n<li>Parfaitement adapt\u00e9 aux porte-plaques d'immatriculation courants<\/li>\n<li>R\u00e9sistant aux intemp\u00e9ries et aux UV<\/li>\n<\/ul>\n<p><strong>Domaines d'application :<\/strong><\/p>\n<ul>\n<li>Concessionnaires et ateliers<\/li>\n<li>\u00c0 des fins publicitaires et promotionnelles<\/li>\n<li>V\u00e9hicules \u00e9v\u00e9nementiels<\/li>\n<\/ul>","protected":false},"excerpt":{"rendered":"<p>Miniletter Decoschilder sind die ideale L\u00f6sung f\u00fcr individuelle Werbeeinleger in Kennzeichenhaltern. Sie erm\u00f6glichen eine dezente, aber wirkungsvolle Pr\u00e4sentation von Logos, Slogans oder Firmennamen direkt am Fahrzeug und sorgen so f\u00fcr Ihren Werbeauftritt am Autoplatz oder im Autohaus. Die Einleger sind passgenau gefertigt und lassen sich einfach in handels\u00fcbliche Kennzeichenhalter einsetzen. Dank hochwertiger Materialien \u00fcberzeugen sie [&hellip;]<\/p>\n","protected":false},"featured_media":4447,"template":"","meta":{"_acf_changed":false},"product_brand":[],"product_cat":[200,92],"product_tag":[],"class_list":{"0":"post-3125","1":"product","2":"type-product","3":"status-publish","4":"has-post-thumbnail","6":"product_cat-kennzeichenhalter-oesterreich-slowenien","7":"product_cat-decotafel-miniletter-kennzeicheneinleger","8":"pa_druckvariante-4c-uv-direktdruck","9":"pa_menge-118","10":"pa_menge-120","11":"pa_menge-95","12":"pa_menge-96","13":"pa_menge-116","15":"first","16":"instock","17":"taxable","18":"shipping-taxable","19":"purchasable","20":"product-type-variable"},"exclude_global_add_ons":false,"addons":[{"name":"Fichier d'impression \u00e0 t\u00e9l\u00e9charger","type":"file_upload","position":0,"required":false,"title_format":"label","default":"","description_enable":false,"description":"Bitte laden Sie hier die Druckdatei (Bild) hoch.","placeholder_enable":false,"placeholder":"","display":"select","restrictions_type":"any_text","adjust_price":false,"price":"","price_type":"flat_fee","restrictions":false,"min":"0","max":"0","options":[],"id":1776081863},{"name":"\u00a0","type":"checkbox","position":1,"required":false,"title_format":"label","default":"","description_enable":true,"description":"Confiez la conception aux professionnels ! Envoyez-nous simplement vos souhaits, logos, textes et polices pr\u00e9f\u00e9r\u00e9es par e-mail ou via notre fonction de t\u00e9l\u00e9chargement. Notre \u00e9quipe graphique exp\u00e9riment\u00e9e cr\u00e9era jusqu'\u00e0 3 propositions de design personnalis\u00e9es, parfaitement adapt\u00e9es \u00e0 vos besoins.","placeholder_enable":false,"placeholder":"","display":"select","restrictions_type":"any_text","adjust_price":false,"price":"","price_type":"flat_fee","restrictions":false,"min":"0","max":"0","options":[{"label":"Professionelle Layouterstellung durch unsere Grafikabteilung","price":"35","price_type":"flat_fee","image":0,"visibility":true}],"id":1775653837}],"acf":[],"_links":{"self":[{"href":"https:\/\/www.evamatic.com\/fr\/wp-json\/wp\/v2\/product\/3125","targetHints":{"allow":["GET"]}}],"collection":[{"href":"https:\/\/www.evamatic.com\/fr\/wp-json\/wp\/v2\/product"}],"about":[{"href":"https:\/\/www.evamatic.com\/fr\/wp-json\/wp\/v2\/types\/product"}],"wp:featuredmedia":[{"embeddable":true,"href":"https:\/\/www.evamatic.com\/fr\/wp-json\/wp\/v2\/media\/4447"}],"wp:attachment":[{"href":"https:\/\/www.evamatic.com\/fr\/wp-json\/wp\/v2\/media?parent=3125"}],"wp:term":[{"taxonomy":"product_brand","embeddable":true,"href":"https:\/\/www.evamatic.com\/fr\/wp-json\/wp\/v2\/product_brand?post=3125"},{"taxonomy":"product_cat","embeddable":true,"href":"https:\/\/www.evamatic.com\/fr\/wp-json\/wp\/v2\/product_cat?post=3125"},{"taxonomy":"product_tag","embeddable":true,"href":"https:\/\/www.evamatic.com\/fr\/wp-json\/wp\/v2\/product_tag?post=3125"}],"curies":[{"name":"wp","href":"https:\/\/api.w.org\/{rel}","templated":true}]}}