{"id":3056,"date":"2026-04-09T14:19:04","date_gmt":"2026-04-09T12:19:04","guid":{"rendered":"https:\/\/www.evamatic.at\/product\/kennzeichenhalter-pkw-schweiz-3008ch-klapprahmen-2\/"},"modified":"2026-05-05T13:57:30","modified_gmt":"2026-05-05T11:57:30","slug":"support-de-plaque-dimmatriculation-voiture-suisse-3008ch-cadre-pliable-2","status":"publish","type":"product","link":"https:\/\/www.evamatic.com\/fr\/product\/kennzeichenhalter-pkw-schweiz-3008ch-klapprahmen-2\/","title":{"rendered":"Porte-plaque d'immatriculation voiture Suisse 300x80 mm (3008CH) \u2013 Cadre pliable"},"content":{"rendered":"<p><strong>Le porte-plaque d'immatriculation 3008CH est un cadre rabattable adapt\u00e9 aux plaques d'immatriculation suisses pour voitures de tourisme au format 300\u00d780 mm.<\/strong><\/p>\n<p>Le support de plaque d'immatriculation Evamatic 3008CH est sp\u00e9cialement con\u00e7u pour les plaques d'immatriculation suisses de 300\u00d780 mm et assure une fixation s\u00fbre, stable et propre sur le v\u00e9hicule. Gr\u00e2ce \u00e0 sa conception ajust\u00e9e, la plaque d'immatriculation est fermement et sans vibrations \u2013 id\u00e9ale pour un usage quotidien sur la route. Le support impressionne par sa fabrication robuste et sa construction durable, qui r\u00e9siste de mani\u00e8re fiable m\u00eame dans des conditions m\u00e9t\u00e9orologiques changeantes. Son aspect sobre et fonctionnel s'int\u00e8gre dans le design de n'importe quel v\u00e9hicule.<\/p>\n<p><strong>Avantages :<\/strong><\/p>\n<ul>\n<li>Convient pour plaques d'immatriculation suisses 300\u00d780 mm<\/li>\n<li>Tenue s\u00fbre sans cliquetis<\/li>\n<li>Construction robuste et durable<\/li>\n<li>Montage facile<\/li>\n<li>Design discret et intemporel<br \/>\nDomaines d'application<\/li>\n<li>V\u00e9hicules de tourisme et v\u00e9hicules utilitaires en Suisse<\/li>\n<li>V\u00e9hicules priv\u00e9s<\/li>\n<li>V\u00e9hicules d'entreprise et de service<\/li>\n<li>Concessionnaires et ateliers<\/li>\n<\/ul>\n<p>&nbsp;<\/p>\n<p><strong><span style=\"color: #000000;\">D\u00e9tails du produit :<\/span><\/strong><\/p>\n<ul>\n<li><span style=\"color: #000000;\">Fermeture : cadre \u00e0 clipser<\/span><\/li>\n<li><span style=\"color: #000000;\">Couleur : noir<\/span><\/li>\n<li><span style=\"color: #000000;\">Mat\u00e9riau : Polypropyl\u00e8ne<\/span><\/li>\n<li><span style=\"color: #000000;\">Variantes d'impression : non imprim\u00e9, impression num\u00e9rique 4c satin\u00e9, impression num\u00e9rique 4c avec rev\u00eatement r\u00e9sine<\/span><\/li>\n<\/ul>","protected":false},"excerpt":{"rendered":"<p>Der Kennzeichenhalter 3008CH ist ein Klapprahmen passend f\u00fcr schweizer PKW Kennzeichen im Format 300&#215;80 mm. Der Evamatic Kennzeichenhalter 3008CH ist speziell f\u00fcr schweizer Kennzeichen 300&#215;80 mm konzipiert und sorgt f\u00fcr eine sichere, stabile und saubere Befestigung am Fahrzeug. Dank passgenauer Ausf\u00fchrung sitzt das Kennzeichen fest und vibrationsfrei \u2013 ideal f\u00fcr den t\u00e4glichen Einsatz im Stra\u00dfenverkehr. [&hellip;]<\/p>\n","protected":false},"featured_media":2138,"template":"","meta":{"_acf_changed":false},"product_brand":[],"product_cat":[201,209],"product_tag":[],"class_list":{"0":"post-3056","1":"product","2":"type-product","3":"status-publish","4":"has-post-thumbnail","6":"product_cat-kennzeichenhalter-schweiz","7":"product_cat-pkw-lkw-500x100-mm-300x80-mm-300x160-mm","8":"pa_druckvariante-4c-druck-seidenmatt","9":"pa_druckvariante-4c-druck-mit-kunstharzbeschichtung","10":"pa_druckvariante-4c-druck-mit-kunstharzbeschichtung-silber-hochglanz","11":"pa_druckvariante-4c-druck-mit-kunstharzbeschichtung-reflektierend","12":"pa_druckvariante-4c-druck-mit-kunstharzbeschichtung-silber-matt","13":"pa_menge-114","14":"pa_menge-118","15":"pa_menge-130","16":"pa_menge-131","17":"pa_menge-96","19":"first","20":"instock","21":"taxable","22":"shipping-taxable","23":"purchasable","24":"product-type-variable"},"exclude_global_add_ons":false,"addons":[{"name":"Fichier d'impression \u00e0 t\u00e9l\u00e9charger","type":"file_upload","position":0,"required":false,"title_format":"label","default":"","description_enable":false,"description":"Bitte laden Sie hier die Druckdatei (Bild) hoch.","placeholder_enable":false,"placeholder":"","display":"select","restrictions_type":"any_text","adjust_price":false,"price":"","price_type":"flat_fee","restrictions":false,"min":"0","max":"0","options":[],"id":1776081863},{"name":"\u00a0","type":"checkbox","position":1,"required":false,"title_format":"label","default":"","description_enable":true,"description":"Confiez la conception aux professionnels ! Envoyez-nous simplement vos souhaits, logos, textes et polices pr\u00e9f\u00e9r\u00e9es par e-mail ou via notre fonction de t\u00e9l\u00e9chargement. Notre \u00e9quipe graphique exp\u00e9riment\u00e9e cr\u00e9era jusqu'\u00e0 3 propositions de design personnalis\u00e9es, parfaitement adapt\u00e9es \u00e0 vos besoins.","placeholder_enable":false,"placeholder":"","display":"select","restrictions_type":"any_text","adjust_price":false,"price":"","price_type":"flat_fee","restrictions":false,"min":"0","max":"0","options":[{"label":"Professionelle Layouterstellung durch unsere Grafikabteilung","price":"35","price_type":"flat_fee","image":0,"visibility":true}],"id":1775653837}],"acf":[],"_links":{"self":[{"href":"https:\/\/www.evamatic.com\/fr\/wp-json\/wp\/v2\/product\/3056","targetHints":{"allow":["GET"]}}],"collection":[{"href":"https:\/\/www.evamatic.com\/fr\/wp-json\/wp\/v2\/product"}],"about":[{"href":"https:\/\/www.evamatic.com\/fr\/wp-json\/wp\/v2\/types\/product"}],"wp:featuredmedia":[{"embeddable":true,"href":"https:\/\/www.evamatic.com\/fr\/wp-json\/wp\/v2\/media\/2138"}],"wp:attachment":[{"href":"https:\/\/www.evamatic.com\/fr\/wp-json\/wp\/v2\/media?parent=3056"}],"wp:term":[{"taxonomy":"product_brand","embeddable":true,"href":"https:\/\/www.evamatic.com\/fr\/wp-json\/wp\/v2\/product_brand?post=3056"},{"taxonomy":"product_cat","embeddable":true,"href":"https:\/\/www.evamatic.com\/fr\/wp-json\/wp\/v2\/product_cat?post=3056"},{"taxonomy":"product_tag","embeddable":true,"href":"https:\/\/www.evamatic.com\/fr\/wp-json\/wp\/v2\/product_tag?post=3056"}],"curies":[{"name":"wp","href":"https:\/\/api.w.org\/{rel}","templated":true}]}}