{"id":3020,"date":"2026-04-09T14:19:02","date_gmt":"2026-04-09T12:19:02","guid":{"rendered":"https:\/\/www.evamatic.at\/product\/kennzeichenhalter-pkw-schweiz-5011ch-klapprahmen-2\/"},"modified":"2026-05-05T13:57:52","modified_gmt":"2026-05-05T11:57:52","slug":"support-de-plaque-dimmatriculation-voiture-suisse-5011ch-cadre-rabattable-2","status":"publish","type":"product","link":"https:\/\/www.evamatic.com\/fr\/product\/kennzeichenhalter-pkw-schweiz-5011ch-klapprahmen-2\/","title":{"rendered":"Support de plaque d'immatriculation pour voiture Suisse 500\u00d7110 mm (5011CH) \u2013 Cadre rabattable"},"content":{"rendered":"<p><span style=\"color: #000000;\"><strong>Le porte-plaque d'immatriculation 5011CH est un cadre articul\u00e9 adapt\u00e9 aux plaques d'immatriculation suisses pour voitures de tourisme au format 500\u00d7110 mm.<\/strong><\/span><\/p>\n<p><span style=\"color: #000000;\">Le support de plaque d'immatriculation Evamatic 5011CH est sp\u00e9cialement con\u00e7u pour les plaques d'immatriculation suisses de 500x110mm et assure une fixation s\u00fbre, stable et propre sur le v\u00e9hicule. Gr\u00e2ce \u00e0 sa conception ajust\u00e9e, la plaque d'immatriculation est bien fix\u00e9e et sans vibrations \u2013 id\u00e9al pour un usage quotidien sur la route. Le support convainc par sa fabrication robuste et sa construction durable, qui r\u00e9siste de mani\u00e8re fiable m\u00eame dans des conditions m\u00e9t\u00e9orologiques changeantes. L'aspect sobre et fonctionnel s'int\u00e8gre dans tout design de v\u00e9hicule.<\/span><\/p>\n<p><span style=\"color: #000000;\"><strong>Avantages :<\/strong><\/span><\/p>\n<ul>\n<li><span style=\"color: #000000;\">Convient aux plaques d'immatriculation suisses 500x110mm<\/span><\/li>\n<li><span style=\"color: #000000;\">Tenue s\u00fbre sans cliquetis<\/span><\/li>\n<li><span style=\"color: #000000;\">Construction robuste et durable<\/span><\/li>\n<li><span style=\"color: #000000;\">Montage facile<\/span><\/li>\n<li><span style=\"color: #000000;\">Design discret et intemporel<\/span><\/li>\n<\/ul>\n<p>&nbsp;<\/p>\n<p><span style=\"color: #000000;\"><strong>Domaines d'application :<\/strong><\/span><\/p>\n<ul>\n<li><span style=\"color: #000000;\">V\u00e9hicules de tourisme et v\u00e9hicules utilitaires en Suisse<\/span><\/li>\n<li><span style=\"color: #000000;\">V\u00e9hicules priv\u00e9s<\/span><\/li>\n<li><span style=\"color: #000000;\">V\u00e9hicules d'entreprise et de service<\/span><\/li>\n<li><span style=\"color: #000000;\">Concessionnaires et ateliers<\/span><\/li>\n<\/ul>\n<p>&nbsp;<\/p>\n<p><span style=\"color: #000000;\"><strong>D\u00e9tails du produit :<\/strong><\/span><\/p>\n<ul>\n<li><span style=\"color: #000000;\">Support de plaque d'immatriculation 5011CH \u2013 pour plaques suisses L 500 H 110 mm<\/span><\/li>\n<li><span style=\"color: #000000;\">Fermeture : cadre \u00e0 clipser<\/span><\/li>\n<li><span style=\"color: #000000;\">Couleur : noir<\/span><\/li>\n<li><span style=\"color: #000000;\">Mat\u00e9riau : Polypropyl\u00e8ne<\/span><\/li>\n<li><span style=\"color: #000000;\">Variantes d'impression : non imprim\u00e9, impression num\u00e9rique 4c satin\u00e9, impression num\u00e9rique 4c avec rev\u00eatement r\u00e9sine<\/span><\/li>\n<\/ul>","protected":false},"excerpt":{"rendered":"<p>Der Kennzeichenhalter 5011CH ist ein Klapprahmen passend f\u00fcr schweizer PKW Kennzeichen im Format 500&#215;110 mm. Der Evamatic Kennzeichenhalter 5011CH ist speziell f\u00fcr Schweizer Kennzeichen 500x110mm konzipiert und sorgt f\u00fcr eine sichere, stabile und saubere Befestigung am Fahrzeug. Dank passgenauer Ausf\u00fchrung sitzt das Kennzeichen fest und vibrationsfrei \u2013 ideal f\u00fcr den t\u00e4glichen Einsatz im Stra\u00dfenverkehr. Der [&hellip;]<\/p>\n","protected":false},"featured_media":2137,"template":"","meta":{"_acf_changed":false},"product_brand":[],"product_cat":[201,209],"product_tag":[],"class_list":{"0":"post-3020","1":"product","2":"type-product","3":"status-publish","4":"has-post-thumbnail","6":"product_cat-kennzeichenhalter-schweiz","7":"product_cat-pkw-lkw-500x100-mm-300x80-mm-300x160-mm","8":"pa_druckvariante-4c-druck-mit-kunstharzbeschichtung-silber-hochglanz","9":"pa_druckvariante-4c-druck-mit-kunstharzbeschichtung-reflektierend","10":"pa_druckvariante-4c-druck-mit-kunstharzbeschichtung-silber-matt","11":"pa_druckvariante-4c-druck-seidenmatt","12":"pa_druckvariante-4c-druck-mit-kunstharzbeschichtung","13":"pa_menge-95","14":"pa_menge-96","15":"pa_menge-114","16":"pa_menge-118","17":"pa_menge-130","18":"pa_menge-131","20":"first","21":"instock","22":"taxable","23":"shipping-taxable","24":"purchasable","25":"product-type-variable"},"exclude_global_add_ons":false,"addons":[{"name":"Fichier d'impression \u00e0 t\u00e9l\u00e9charger","type":"file_upload","position":0,"required":false,"title_format":"label","default":"","description_enable":false,"description":"Bitte laden Sie hier die Druckdatei (Bild) hoch.","placeholder_enable":false,"placeholder":"","display":"select","restrictions_type":"any_text","adjust_price":false,"price":"","price_type":"flat_fee","restrictions":false,"min":"0","max":"0","options":[],"id":1776081863},{"name":"\u00a0","type":"checkbox","position":1,"required":false,"title_format":"label","default":"","description_enable":true,"description":"Confiez la conception aux professionnels ! Envoyez-nous simplement vos souhaits, logos, textes et polices pr\u00e9f\u00e9r\u00e9es par e-mail ou via notre fonction de t\u00e9l\u00e9chargement. Notre \u00e9quipe graphique exp\u00e9riment\u00e9e cr\u00e9era jusqu'\u00e0 3 propositions de design personnalis\u00e9es, parfaitement adapt\u00e9es \u00e0 vos besoins.","placeholder_enable":false,"placeholder":"","display":"select","restrictions_type":"any_text","adjust_price":false,"price":"","price_type":"flat_fee","restrictions":false,"min":"0","max":"0","options":[{"label":"Professionelle Layouterstellung durch unsere Grafikabteilung","price":"35","price_type":"flat_fee","image":0,"visibility":true}],"id":1775653837}],"acf":[],"_links":{"self":[{"href":"https:\/\/www.evamatic.com\/fr\/wp-json\/wp\/v2\/product\/3020","targetHints":{"allow":["GET"]}}],"collection":[{"href":"https:\/\/www.evamatic.com\/fr\/wp-json\/wp\/v2\/product"}],"about":[{"href":"https:\/\/www.evamatic.com\/fr\/wp-json\/wp\/v2\/types\/product"}],"wp:featuredmedia":[{"embeddable":true,"href":"https:\/\/www.evamatic.com\/fr\/wp-json\/wp\/v2\/media\/2137"}],"wp:attachment":[{"href":"https:\/\/www.evamatic.com\/fr\/wp-json\/wp\/v2\/media?parent=3020"}],"wp:term":[{"taxonomy":"product_brand","embeddable":true,"href":"https:\/\/www.evamatic.com\/fr\/wp-json\/wp\/v2\/product_brand?post=3020"},{"taxonomy":"product_cat","embeddable":true,"href":"https:\/\/www.evamatic.com\/fr\/wp-json\/wp\/v2\/product_cat?post=3020"},{"taxonomy":"product_tag","embeddable":true,"href":"https:\/\/www.evamatic.com\/fr\/wp-json\/wp\/v2\/product_tag?post=3020"}],"curies":[{"name":"wp","href":"https:\/\/api.w.org\/{rel}","templated":true}]}}