{"id":2999,"date":"2026-04-09T14:19:01","date_gmt":"2026-04-09T12:19:01","guid":{"rendered":"https:\/\/www.evamatic.at\/product\/kennzeichenhalter-motorrad-eu-270-drehverschluss-2\/"},"modified":"2026-05-05T13:58:55","modified_gmt":"2026-05-05T11:58:55","slug":"support-de-plaque-dimmatriculation-moto-ue-270-fermeture-tournante-2","status":"publish","type":"product","link":"https:\/\/www.evamatic.com\/fr\/product\/kennzeichenhalter-motorrad-eu-270-drehverschluss-2\/","title":{"rendered":"Support de plaque d'immatriculation moto UE 240x150 mm (270) \u2013 Fermeture tournante"},"content":{"rendered":"<p><span style=\"color: #000000;\"><strong>Support de plaque d'immatriculation moto type UE 270 pour supports de plaque d'immatriculation \u00e0 deux lignes 240\u00d7150 mm<\/strong><\/span><\/p>\n<p><span style=\"color: #000000;\">Le support de plaque d'immatriculation Evamatic 270 offre une solution s\u00fbre et pratique pour fixer les plaques d'immatriculation de moto europ\u00e9ennes (240x150 mm). Gr\u00e2ce au m\u00e9canisme de fermeture rotatif int\u00e9gr\u00e9, la plaque d'immatriculation peut \u00eatre facilement ins\u00e9r\u00e9e et fix\u00e9e de mani\u00e8re fiable \u2013 id\u00e9al pour un usage quotidien. La barre publicitaire imprimable (155 x 22 mm) offre suffisamment d'espace pour les logos, les inscriptions ou les messages publicitaires et fait du support un support publicitaire discret mais efficace.<\/span><\/p>\n<p><span style=\"color: #000000;\"><strong>D\u00e9tails du produit :<\/strong><\/span><\/p>\n<ul>\n<li><span style=\"color: #000000;\">Bouchon \u00e0 vis<\/span><\/li>\n<li><span style=\"color: #000000;\">Couleur : noir<\/span><\/li>\n<li><span style=\"color: #000000;\">Mat\u00e9riau : Polypropyl\u00e8ne<\/span><\/li>\n<li><span style=\"color: #000000;\">Variantes d'impression : sans impression, impression num\u00e9rique 4 couleurs avec pelliculage r\u00e9sine<\/span><\/li>\n<\/ul>","protected":false},"excerpt":{"rendered":"<p>Kennzeichenhalter Motorrad EU Type 270 f\u00fcr zweizeilige Kennzeichenhalter 240&#215;150 mm Der Evamatic Kennzeichenhalter 270 bietet eine sichere und komfortable L\u00f6sung zur Befestigung von EU Motorrad Kennzeichen (240x150mm). Dank des integrierten Drehverschlusses l\u00e4sst sich das Kennzeichen einfach einlegen und zuverl\u00e4ssig fixieren \u2013 ideal f\u00fcr den t\u00e4glichen Einsatz. Die bedruckbare Werbeleiste (155 \u00d7 22 mm) bietet ausreichend [&hellip;]<\/p>\n","protected":false},"featured_media":2151,"template":"","meta":{"_acf_changed":false},"product_brand":[],"product_cat":[204,199],"product_tag":[],"class_list":{"0":"post-2999","1":"product","2":"type-product","3":"status-publish","4":"has-post-thumbnail","6":"product_cat-motorrad-240x150-mm","7":"product_cat-kennzeichenhalter-eu","8":"pa_druckvariante-4c-druck-mit-kunstharzbeschichtung","9":"pa_druckvariante-4c-druck-mit-kunstharzbeschichtung-silber-hochglanz","10":"pa_druckvariante-4c-druck-mit-kunstharzbeschichtung-reflektierend","11":"pa_druckvariante-4c-druck-mit-kunstharzbeschichtung-silber-matt","12":"pa_druckvariante-unbedruckt","13":"pa_menge-95","14":"pa_menge-96","15":"pa_menge-116","16":"pa_menge-119","17":"pa_menge-120","19":"first","20":"instock","21":"taxable","22":"shipping-taxable","23":"purchasable","24":"product-type-variable"},"exclude_global_add_ons":false,"addons":[{"name":"Fichier d'impression \u00e0 t\u00e9l\u00e9charger","type":"file_upload","position":0,"required":false,"title_format":"label","default":"","description_enable":false,"description":"Bitte laden Sie hier die Druckdatei (Bild) hoch.","placeholder_enable":false,"placeholder":"","display":"select","restrictions_type":"any_text","adjust_price":false,"price":"","price_type":"flat_fee","restrictions":false,"min":"0","max":"0","options":[],"id":1776081863},{"name":"\u00a0","type":"checkbox","position":1,"required":false,"title_format":"label","default":"","description_enable":true,"description":"Confiez la conception aux professionnels ! Envoyez-nous simplement vos souhaits, logos, textes et polices pr\u00e9f\u00e9r\u00e9es par e-mail ou via notre fonction de t\u00e9l\u00e9chargement. Notre \u00e9quipe graphique exp\u00e9riment\u00e9e cr\u00e9era jusqu'\u00e0 3 propositions de design personnalis\u00e9es, parfaitement adapt\u00e9es \u00e0 vos besoins.","placeholder_enable":false,"placeholder":"","display":"select","restrictions_type":"any_text","adjust_price":false,"price":"","price_type":"flat_fee","restrictions":false,"min":"0","max":"0","options":[{"label":"Professionelle Layouterstellung durch unsere Grafikabteilung","price":"35","price_type":"flat_fee","image":0,"visibility":true}],"id":1775653837}],"acf":[],"_links":{"self":[{"href":"https:\/\/www.evamatic.com\/fr\/wp-json\/wp\/v2\/product\/2999","targetHints":{"allow":["GET"]}}],"collection":[{"href":"https:\/\/www.evamatic.com\/fr\/wp-json\/wp\/v2\/product"}],"about":[{"href":"https:\/\/www.evamatic.com\/fr\/wp-json\/wp\/v2\/types\/product"}],"wp:featuredmedia":[{"embeddable":true,"href":"https:\/\/www.evamatic.com\/fr\/wp-json\/wp\/v2\/media\/2151"}],"wp:attachment":[{"href":"https:\/\/www.evamatic.com\/fr\/wp-json\/wp\/v2\/media?parent=2999"}],"wp:term":[{"taxonomy":"product_brand","embeddable":true,"href":"https:\/\/www.evamatic.com\/fr\/wp-json\/wp\/v2\/product_brand?post=2999"},{"taxonomy":"product_cat","embeddable":true,"href":"https:\/\/www.evamatic.com\/fr\/wp-json\/wp\/v2\/product_cat?post=2999"},{"taxonomy":"product_tag","embeddable":true,"href":"https:\/\/www.evamatic.com\/fr\/wp-json\/wp\/v2\/product_tag?post=2999"}],"curies":[{"name":"wp","href":"https:\/\/api.w.org\/{rel}","templated":true}]}}