{"id":2984,"date":"2026-04-09T14:19:01","date_gmt":"2026-04-09T12:19:01","guid":{"rendered":"https:\/\/www.evamatic.at\/product\/kennzeichenhalter-suvs-gelaendewagen-quads-lkw-und-anhaenger-deutschland-type-340-2-zeilig-klapprahmen-2\/"},"modified":"2026-05-05T13:58:22","modified_gmt":"2026-05-05T11:58:22","slug":"support-de-plaque-dimmatriculation-suv-tous-terrains-quads-camions-et-remorques-germany-type-340-cadre-pliable-2-lignes-2","status":"publish","type":"product","link":"https:\/\/www.evamatic.com\/fr\/product\/kennzeichenhalter-suvs-gelaendewagen-quads-lkw-und-anhaenger-deutschland-type-340-2-zeilig-klapprahmen-2\/","title":{"rendered":"Support de plaque d'immatriculation pour SUV \/ tout-terrain \/ quads \/ camions et remorques Allemagne 340\u00d7200 mm (340 2 lignes) \u2013 Cadre rabattable"},"content":{"rendered":"<p><span style=\"color: #000000;\"><strong>Porte-plaque d'immatriculation 340 \u2013 cadre rabattable \u00e0 deux rang\u00e9es pour plaques d'immatriculation au format 340 \u00d7 200 mm pour SUV \/ tout-terrain \/ quads \/ camions et remorques<\/strong><\/span><\/p>\n<p><span style=\"color: #000000;\">Le support de plaque d'immatriculation Evamatic 340 d'Evamatic est un support de plaque d'immatriculation robuste \u00e0 cadre rabattable \u00e0 deux lignes au format 340 \u00d7 200 mm, id\u00e9al pour les v\u00e9hicules avec des plaques d'immatriculation \u00e0 deux lignes tels que les v\u00e9hicules utilitaires, les SUV, les camions ou les remorques. Il est fabriqu\u00e9 en plastique de haute qualit\u00e9, r\u00e9sistant aux intemp\u00e9ries et aux UV, ce qui permet une utilisation durable m\u00eame dans des conditions m\u00e9t\u00e9orologiques changeantes. Le syst\u00e8me intelligent de cadre rabattable avec fermeture ba\u00efonnette ou \u00e0 rotation s\u00e9curis\u00e9e permet de changer rapidement et facilement la plaque d'immatriculation sans avoir \u00e0 percer ou \u00e0 visser la plaque elle-m\u00eame. Gr\u00e2ce \u00e0 son sch\u00e9ma de trous universel, le support s'adapte \u00e0 de nombreuses marques de v\u00e9hicules courantes gr\u00e2ce \u00e0 des points de montage adapt\u00e9s.<\/span><\/p>\n<p>&nbsp;<\/p>\n<p><span style=\"color: #000000;\"><strong>D\u00e9tails du produit :<\/strong><\/span><\/p>\n<ul>\n<li><span style=\"color: #000000;\">Support de plaque d'immatriculation 340 \u2013 pour plaques d'immatriculation allemandes \u00e0 deux lignes L 340 H 200 mm<\/span><\/li>\n<li><span style=\"color: #000000;\">Fermeture : cadre \u00e0 clipser<\/span><\/li>\n<li><span style=\"color: #000000;\">Couleur : noir<\/span><\/li>\n<li><span style=\"color: #000000;\">Mat\u00e9riau : Polypropyl\u00e8ne<\/span><\/li>\n<li><span style=\"color: #000000;\">Variantes d'impression : non imprim\u00e9, s\u00e9rigraphie, impression num\u00e9rique 4 couleurs avec rev\u00eatement en r\u00e9sine.<\/span><\/li>\n<\/ul>","protected":false},"excerpt":{"rendered":"<p>Kennzeichenhalter 340 &#8211; zweizeiliger Klapprahmen f\u00fcr Kennzeichen im Format 340\u00d7200 mm f\u00fcr SUVs \/ Gel\u00e4ndewagen \/ Quads \/ LKW und Anh\u00e4nger Der Evamatic Kennzeichenhalter 340 von Evamatic ist ein robuster, zweizeiliger Klapprahmen-Kennzeichenhalter im Format 340 \u00d7 200 mm, ideal f\u00fcr Fahrzeuge mit zweizeiligen Kennzeichen wie Nutzfahrzeuge, SUVs, LKWs oder Anh\u00e4nger. Er besteht aus hochwertigem, witterungs- [&hellip;]<\/p>\n","protected":false},"featured_media":4457,"template":"","meta":{"_acf_changed":false},"product_brand":[],"product_cat":[203,199],"product_tag":[],"class_list":{"0":"post-2984","1":"product","2":"type-product","3":"status-publish","4":"has-post-thumbnail","6":"product_cat-pkw-anhaenger-gelaendewagen-340x200-mm","7":"product_cat-kennzeichenhalter-eu","8":"pa_druckvariante-4c-druck-mit-kunstharzbeschichtung-reflektierend","9":"pa_druckvariante-4c-druck-mit-kunstharzbeschichtung-silber-matt","10":"pa_druckvariante-unbedruckt","11":"pa_druckvariante-siebdruck-einfaerbig-weiss","12":"pa_druckvariante-siebdruck-einfaerbig-silber","13":"pa_druckvariante-4c-druck-mit-kunstharzbeschichtung","14":"pa_druckvariante-4c-druck-mit-kunstharzbeschichtung-silber-hochglanz","15":"pa_menge-95","16":"pa_menge-96","17":"pa_menge-116","18":"pa_menge-118","19":"pa_menge-119","20":"pa_menge-120","21":"pa_menge-125","23":"first","24":"instock","25":"taxable","26":"shipping-taxable","27":"purchasable","28":"product-type-variable"},"exclude_global_add_ons":false,"addons":[{"name":"Fichier d'impression \u00e0 t\u00e9l\u00e9charger","type":"file_upload","position":0,"required":false,"title_format":"label","default":"","description_enable":false,"description":"Bitte laden Sie hier die Druckdatei (Bild) hoch.","placeholder_enable":false,"placeholder":"","display":"select","restrictions_type":"any_text","adjust_price":false,"price":"","price_type":"flat_fee","restrictions":false,"min":"0","max":"0","options":[],"id":1776081863},{"name":"\u00a0","type":"checkbox","position":1,"required":false,"title_format":"label","default":"","description_enable":true,"description":"Confiez la conception aux professionnels ! Envoyez-nous simplement vos souhaits, logos, textes et polices pr\u00e9f\u00e9r\u00e9es par e-mail ou via notre fonction de t\u00e9l\u00e9chargement. Notre \u00e9quipe graphique exp\u00e9riment\u00e9e cr\u00e9era jusqu'\u00e0 3 propositions de design personnalis\u00e9es, parfaitement adapt\u00e9es \u00e0 vos besoins.","placeholder_enable":false,"placeholder":"","display":"select","restrictions_type":"any_text","adjust_price":false,"price":"","price_type":"flat_fee","restrictions":false,"min":"0","max":"0","options":[{"label":"Professionelle Layouterstellung durch unsere Grafikabteilung","price":"35","price_type":"flat_fee","image":0,"visibility":true}],"id":1775653837}],"acf":[],"_links":{"self":[{"href":"https:\/\/www.evamatic.com\/fr\/wp-json\/wp\/v2\/product\/2984","targetHints":{"allow":["GET"]}}],"collection":[{"href":"https:\/\/www.evamatic.com\/fr\/wp-json\/wp\/v2\/product"}],"about":[{"href":"https:\/\/www.evamatic.com\/fr\/wp-json\/wp\/v2\/types\/product"}],"wp:featuredmedia":[{"embeddable":true,"href":"https:\/\/www.evamatic.com\/fr\/wp-json\/wp\/v2\/media\/4457"}],"wp:attachment":[{"href":"https:\/\/www.evamatic.com\/fr\/wp-json\/wp\/v2\/media?parent=2984"}],"wp:term":[{"taxonomy":"product_brand","embeddable":true,"href":"https:\/\/www.evamatic.com\/fr\/wp-json\/wp\/v2\/product_brand?post=2984"},{"taxonomy":"product_cat","embeddable":true,"href":"https:\/\/www.evamatic.com\/fr\/wp-json\/wp\/v2\/product_cat?post=2984"},{"taxonomy":"product_tag","embeddable":true,"href":"https:\/\/www.evamatic.com\/fr\/wp-json\/wp\/v2\/product_tag?post=2984"}],"curies":[{"name":"wp","href":"https:\/\/api.w.org\/{rel}","templated":true}]}}