{"id":2916,"date":"2026-04-09T14:18:58","date_gmt":"2026-04-09T12:18:58","guid":{"rendered":"https:\/\/www.evamatic.at\/product\/kennzeichenhalter-pkw-eu-deutschland-520b-klapprahmen-2\/"},"modified":"2026-05-05T13:59:25","modified_gmt":"2026-05-05T11:59:25","slug":"support-de-plaque-dimmatriculation-voiture-ue-allemagne-520b-cadre-rabattable-2","status":"publish","type":"product","link":"https:\/\/www.evamatic.com\/fr\/product\/kennzeichenhalter-pkw-eu-deutschland-520b-klapprahmen-2\/","title":{"rendered":"Porte-plaque d'immatriculation voiture UE\/Allemagne 520\u00d7110 mm (520B) \u2013 Cadre rabattable"},"content":{"rendered":"<p><span style=\"color: #000000;\"><strong>Porte-plaque d'immatriculation UE\/Allemagne Type 520 avec cadre rabattable et fermeture tournante, compatible avec les plaques d'immatriculation UE de taille 520\u00d7110 mm<\/strong><\/span><\/p>\n<p><span style=\"color: #000000;\">Le porte-plaque d'immatriculation Evamatic TYPE 520 \u00e0 cadre rabattable est un cadre pour plaque d'immatriculation europ\u00e9en (520 x 110 mm) avec un cadre rabattable et un syst\u00e8me de verrouillage \u00e0 ba\u00efonnette pour un changement de plaque facile. Des ressorts de tension r\u00e9duisent le cliquetis et sa construction fine ne g\u00eane pas les capteurs de stationnement \u2013 id\u00e9al pour la publicit\u00e9 personnalis\u00e9e et la pr\u00e9sentation professionnelle des v\u00e9hicules.<\/span><\/p>\n<p>&nbsp;<\/p>\n<p><span style=\"color: #000000;\"><strong>D\u00e9tails du produit :<\/strong><\/span><\/p>\n<ul>\n<li><span style=\"color: #000000;\">Fermeture : cadre \u00e0 clipser<\/span><\/li>\n<li><span style=\"color: #000000;\">Couleur : noir<\/span><\/li>\n<li><span style=\"color: #000000;\">Mat\u00e9riau : Polypropyl\u00e8ne<\/span><\/li>\n<li><span style=\"color: #000000;\">Variantes d\u2019impression : non imprim\u00e9, s\u00e9rigraphie, impression num\u00e9rique 4c satin\u00e9, impression num\u00e9rique 4c avec rev\u00eatement en r\u00e9sine synth\u00e9tique<\/span><\/li>\n<\/ul>","protected":false},"excerpt":{"rendered":"<p>test<\/p>","protected":false},"featured_media":4458,"template":"","meta":{"_acf_changed":false},"product_brand":[],"product_cat":[199,202],"product_tag":[],"class_list":{"0":"post-2916","1":"product","2":"type-product","3":"status-publish","4":"has-post-thumbnail","6":"product_cat-kennzeichenhalter-eu","7":"product_cat-pkw-lkw-520x110","8":"pa_druckvariante-4c-druck-mit-kunstharzbeschichtung-silber-hochglanz","9":"pa_druckvariante-4c-druck-mit-kunstharzbeschichtung-reflektierend","10":"pa_druckvariante-4c-druck-mit-kunstharzbeschichtung-silber-matt","11":"pa_druckvariante-unbedruckt","12":"pa_druckvariante-siebdruck-einfaerbig-weiss","13":"pa_druckvariante-siebdruck-einfaerbig-silber","14":"pa_druckvariante-4c-druck-seidenmatt","15":"pa_druckvariante-4c-druck-mit-kunstharzbeschichtung","16":"pa_menge-112","17":"pa_menge-119","18":"pa_menge-93","19":"pa_menge-94","20":"pa_menge-95","21":"pa_menge-96","22":"pa_menge-108","23":"pa_menge-109","24":"pa_menge-110","25":"pa_menge-111","27":"first","28":"instock","29":"taxable","30":"shipping-taxable","31":"purchasable","32":"product-type-variable"},"exclude_global_add_ons":false,"addons":[{"name":"Fichier d'impression \u00e0 t\u00e9l\u00e9charger","type":"file_upload","position":0,"required":false,"title_format":"label","default":"","description_enable":false,"description":"Bitte laden Sie hier die Druckdatei (Bild) hoch.","placeholder_enable":false,"placeholder":"","display":"select","restrictions_type":"any_text","adjust_price":false,"price":"","price_type":"flat_fee","restrictions":false,"min":"0","max":"0","options":[],"id":1776081863},{"name":"\u00a0","type":"checkbox","position":1,"required":false,"title_format":"label","default":"","description_enable":true,"description":"Confiez la conception aux professionnels ! Envoyez-nous simplement vos souhaits, logos, textes et polices pr\u00e9f\u00e9r\u00e9es par e-mail ou via notre fonction de t\u00e9l\u00e9chargement. Notre \u00e9quipe graphique exp\u00e9riment\u00e9e cr\u00e9era jusqu'\u00e0 3 propositions de design personnalis\u00e9es, parfaitement adapt\u00e9es \u00e0 vos besoins.","placeholder_enable":false,"placeholder":"","display":"select","restrictions_type":"any_text","adjust_price":false,"price":"","price_type":"flat_fee","restrictions":false,"min":"0","max":"0","options":[{"label":"Professionelle Layouterstellung durch unsere Grafikabteilung","price":"35","price_type":"flat_fee","image":0,"visibility":true}],"id":1775653837}],"acf":[],"_links":{"self":[{"href":"https:\/\/www.evamatic.com\/fr\/wp-json\/wp\/v2\/product\/2916","targetHints":{"allow":["GET"]}}],"collection":[{"href":"https:\/\/www.evamatic.com\/fr\/wp-json\/wp\/v2\/product"}],"about":[{"href":"https:\/\/www.evamatic.com\/fr\/wp-json\/wp\/v2\/types\/product"}],"wp:featuredmedia":[{"embeddable":true,"href":"https:\/\/www.evamatic.com\/fr\/wp-json\/wp\/v2\/media\/4458"}],"wp:attachment":[{"href":"https:\/\/www.evamatic.com\/fr\/wp-json\/wp\/v2\/media?parent=2916"}],"wp:term":[{"taxonomy":"product_brand","embeddable":true,"href":"https:\/\/www.evamatic.com\/fr\/wp-json\/wp\/v2\/product_brand?post=2916"},{"taxonomy":"product_cat","embeddable":true,"href":"https:\/\/www.evamatic.com\/fr\/wp-json\/wp\/v2\/product_cat?post=2916"},{"taxonomy":"product_tag","embeddable":true,"href":"https:\/\/www.evamatic.com\/fr\/wp-json\/wp\/v2\/product_tag?post=2916"}],"curies":[{"name":"wp","href":"https:\/\/api.w.org\/{rel}","templated":true}]}}