{"id":2859,"date":"2026-04-09T14:18:55","date_gmt":"2026-04-09T12:18:55","guid":{"rendered":"https:\/\/www.evamatic.at\/product\/kennzeichenhalter-pkw-eu-deutschland-526eu-schiebeverschluss-2\/"},"modified":"2026-05-05T14:00:04","modified_gmt":"2026-05-05T12:00:04","slug":"support-de-plaque-dimmatriculation-voiture-ue-allemagne-526eu-fermeture-coulissante-2","status":"publish","type":"product","link":"https:\/\/www.evamatic.com\/fr\/product\/kennzeichenhalter-pkw-eu-deutschland-526eu-schiebeverschluss-2\/","title":{"rendered":"Support de plaque d'immatriculation pour voiture, UE\/Allemagne, 520\u00d7110 mm (526EU) \u2013 Fermeture coulissante"},"content":{"rendered":"<p><span style=\"color: #000000;\"><strong>Porte-plaque d'immatriculation pour voiture EU\/Allemagne 526EU avec fermeture coulissante, convient aux plaques d'immatriculation europ\u00e9ennes de taille 520 \u00d7 110 mm.<\/strong><\/span><\/p>\n<p><span style=\"color: #000000;\">Le support de plaque d'immatriculation Evamatic 526EU avec syst\u00e8me de fermeture coulissante offre une solution s\u00fbre, rapide et confortable pour le montage des plaques d'immatriculation europ\u00e9ennes (520 \u00d7 110 mm). Gr\u00e2ce \u00e0 la fermeture coulissante innovante, les plaques d'immatriculation se glissent facilement. Le support de plaque est fabriqu\u00e9 en mat\u00e9riau flexible et pratiquement incassable (polypropyl\u00e8ne) et s'adapte au contour du v\u00e9hicule sans provoquer de bruits de claquement. Ils conviennent aussi bien aux voitures particuli\u00e8res qu'aux camions et s'int\u00e8grent \u00e0 l'image du v\u00e9hicule gr\u00e2ce \u00e0 leur design discret. Le support de plaque d'immatriculation 526EU est <strong>Test\u00e9 pour la valeur d'utilit\u00e9 par le T\u00dcV, conforme \u00e0 toutes les normes UE en vigueur et respecte la l\u00e9gislation actuelle.<\/strong> Les bords ext\u00e9rieurs arrondis avec un <strong>Rayon minimum de 2,5 mm<\/strong> garantir une s\u00e9curit\u00e9 maximale et rendre le support de plaque d'immatriculation enti\u00e8rement homologu\u00e9 pour une utilisation sur la route. Gr\u00e2ce \u00e0 des variantes d'impression individuelles avec logo ou message publicitaire, le support de plaque d'immatriculation devient un support publicitaire durable et accrocheur, id\u00e9al pour les concessions automobiles, les ateliers, les parcs de v\u00e9hicules, les bureaux d'assurance ou les associations.<\/span><\/p>\n<p>&nbsp;<\/p>\n<p><span style=\"color: #000000;\"><strong>D\u00e9tails du produit :<\/strong><\/span><\/p>\n<ul>\n<li><span style=\"color: #000000;\">Fermeture : fermoir coulissant<\/span><\/li>\n<li><span style=\"color: #000000;\">Couleur : noir<\/span><\/li>\n<li><span style=\"color: #000000;\">Mat\u00e9riau : Polypropyl\u00e8ne<\/span><\/li>\n<li><span style=\"color: #000000;\">Variantes d\u2019impression : non imprim\u00e9, s\u00e9rigraphie, impression num\u00e9rique 4c satin\u00e9, impression num\u00e9rique 4c avec rev\u00eatement en r\u00e9sine synth\u00e9tique<\/span>\n<ul>\n<li><strong><span style=\"color: #000000;\">Avec tous les porte-plaques d'immatriculation \u00e0 impression num\u00e9rique 4c, l'impression se trouve dans un renfoncement du porte-plaque et est ainsi prot\u00e9g\u00e9e de mani\u00e8re fiable contre les rayures, les intemp\u00e9ries et les contraintes m\u00e9caniques \u2013 pour une pr\u00e9sence de marque durable et de haute qualit\u00e9.<\/span><\/strong><\/li>\n<\/ul>\n<\/li>\n<\/ul>","protected":false},"excerpt":{"rendered":"<p>Kennzeichenhalter PKW EU\/Deutschland 526EU mit Schiebeverschluss passen f\u00fcr EU-Kennzeichengr\u00f6\u00dfe 520&#215;110 mm. Der Evamatic Kennzeichenhalter 526EU mit Schiebeverschluss System bieten eine sichere, schnelle und komfortable L\u00f6sung zur Montage von EU Kennzeichen (520 \u00d7 110 mm). Dank innovativem Schiebeverschluss lassen sich Kennzeichen m\u00fchelos einlegen. Der Kennzeichenhalter ist aus flexiblem, nahezu bruchfestem Material (Polypropylen) gefertigt und passt sich [&hellip;]<\/p>\n","protected":false},"featured_media":4642,"template":"","meta":{"_acf_changed":false},"product_brand":[],"product_cat":[199,202],"product_tag":[],"class_list":{"0":"post-2859","1":"product","2":"type-product","3":"status-publish","4":"has-post-thumbnail","6":"product_cat-kennzeichenhalter-eu","7":"product_cat-pkw-lkw-520x110","8":"pa_druckvariante-unbedruckt","9":"pa_druckvariante-siebdruck-einfaerbig-weiss","10":"pa_druckvariante-siebdruck-einfaerbig-silber","11":"pa_druckvariante-4c-druck-seidenmatt","12":"pa_druckvariante-4c-druck-mit-kunstharzbeschichtung","13":"pa_druckvariante-4c-druck-mit-kunstharzbeschichtung-silber-hochglanz","14":"pa_druckvariante-4c-druck-mit-kunstharzbeschichtung-reflektierend","15":"pa_druckvariante-4c-druck-mit-kunstharzbeschichtung-silber-matt","16":"pa_menge-93","17":"pa_menge-94","18":"pa_menge-95","19":"pa_menge-96","20":"pa_menge-97","21":"pa_menge-98","22":"pa_menge-99","23":"pa_menge-100","24":"pa_menge-101","25":"pa_menge-126","27":"first","28":"instock","29":"taxable","30":"shipping-taxable","31":"purchasable","32":"product-type-variable"},"exclude_global_add_ons":false,"addons":[{"name":"Fichier d'impression \u00e0 t\u00e9l\u00e9charger","type":"file_upload","position":0,"required":false,"title_format":"label","default":"","description_enable":false,"description":"Bitte laden Sie hier die Druckdatei (Bild) hoch.","placeholder_enable":false,"placeholder":"","display":"select","restrictions_type":"any_text","adjust_price":false,"price":"","price_type":"flat_fee","restrictions":false,"min":"0","max":"0","options":[],"id":1776081863},{"name":"\u00a0","type":"checkbox","position":1,"required":false,"title_format":"label","default":"","description_enable":true,"description":"Confiez la conception aux professionnels ! Envoyez-nous simplement vos souhaits, logos, textes et polices pr\u00e9f\u00e9r\u00e9es par e-mail ou via notre fonction de t\u00e9l\u00e9chargement. Notre \u00e9quipe graphique exp\u00e9riment\u00e9e cr\u00e9era jusqu'\u00e0 3 propositions de design personnalis\u00e9es, parfaitement adapt\u00e9es \u00e0 vos besoins.","placeholder_enable":false,"placeholder":"","display":"select","restrictions_type":"any_text","adjust_price":false,"price":"","price_type":"flat_fee","restrictions":false,"min":"0","max":"0","options":[{"label":"Professionelle Layouterstellung durch unsere Grafikabteilung","price":"35","price_type":"flat_fee","image":0,"visibility":true}],"id":1775653837}],"acf":[],"_links":{"self":[{"href":"https:\/\/www.evamatic.com\/fr\/wp-json\/wp\/v2\/product\/2859","targetHints":{"allow":["GET"]}}],"collection":[{"href":"https:\/\/www.evamatic.com\/fr\/wp-json\/wp\/v2\/product"}],"about":[{"href":"https:\/\/www.evamatic.com\/fr\/wp-json\/wp\/v2\/types\/product"}],"wp:featuredmedia":[{"embeddable":true,"href":"https:\/\/www.evamatic.com\/fr\/wp-json\/wp\/v2\/media\/4642"}],"wp:attachment":[{"href":"https:\/\/www.evamatic.com\/fr\/wp-json\/wp\/v2\/media?parent=2859"}],"wp:term":[{"taxonomy":"product_brand","embeddable":true,"href":"https:\/\/www.evamatic.com\/fr\/wp-json\/wp\/v2\/product_brand?post=2859"},{"taxonomy":"product_cat","embeddable":true,"href":"https:\/\/www.evamatic.com\/fr\/wp-json\/wp\/v2\/product_cat?post=2859"},{"taxonomy":"product_tag","embeddable":true,"href":"https:\/\/www.evamatic.com\/fr\/wp-json\/wp\/v2\/product_tag?post=2859"}],"curies":[{"name":"wp","href":"https:\/\/api.w.org\/{rel}","templated":true}]}}