{"id":2844,"date":"2026-04-09T14:18:54","date_gmt":"2026-04-09T12:18:54","guid":{"rendered":"https:\/\/www.evamatic.at\/product\/kennzeichenhalter-moped-oesterreich-drehverschluss-2\/"},"modified":"2026-04-30T14:24:14","modified_gmt":"2026-04-30T12:24:14","slug":"support-de-plaque-dimmatriculation-mobylette-autriche-fermeture-tournante-2","status":"publish","type":"product","link":"https:\/\/www.evamatic.com\/fr\/product\/kennzeichenhalter-moped-oesterreich-drehverschluss-2\/","title":{"rendered":"Support de plaque de moto Autriche \u2013 Fermeture \u00e0 rotation"},"content":{"rendered":"<p><span style=\"color: #000000;\"><strong>Support de plaque d'immatriculation pour cyclomoteur Autriche Type 3110 adapt\u00e9 aux plaques d'immatriculation de cyclomoteur autrichiennes 115x150 mm.<\/strong><\/span><\/p>\n<p><span style=\"color: #000000;\">Le support de plaque d'immatriculation pour mobylette Evamatic, r\u00e9f. 3110, est sp\u00e9cialement con\u00e7u pour les plaques d'immatriculation de mobylettes autrichiennes et offre une solution de fixation s\u00fbre, stable et facile. La fermeture tournante int\u00e9gr\u00e9e permet une insertion et une fixation rapides de la plaque. Le support assure un maintien ferme, m\u00eame en cas de vibrations lors de l'utilisation quotidienne. La bande publicitaire imprimable (115 \u00d7 33 mm) offre suffisamment d'espace pour les logos, les inscriptions ou les messages publicitaires, faisant du support un support publicitaire accrocheur mais discret.<\/span><\/p>\n<p><span style=\"color: #000000;\">Id\u00e9al pour les concessionnaires de deux-roues et les ateliers, ce support de plaque d'immatriculation allie fonctionnalit\u00e9 et impact publicitaire.<\/span><\/p>\n<p>&nbsp;<\/p>\n<p><span style=\"color: #000000;\"><strong>D\u00e9tails du produit :<\/strong><\/span><\/p>\n<ul>\n<li><span style=\"color: #000000;\">Porte-plaque d'immatriculation 3110 \u2013 pour plaques d'immatriculation de mobylette\/cyclomoteur autrichiennes L 115 H 150 mm<\/span><\/li>\n<li><span style=\"color: #000000;\">Bouchon \u00e0 vis<\/span><\/li>\n<li><span style=\"color: #000000;\">Couleur : noir<\/span><\/li>\n<li><span style=\"color: #000000;\">Mat\u00e9riau : Polypropyl\u00e8ne<\/span><\/li>\n<li><span style=\"color: #000000;\">Variantes d'impression : non imprim\u00e9, s\u00e9rigraphie, impression num\u00e9rique 4 couleurs avec rev\u00eatement en r\u00e9sine.<\/span><\/li>\n<\/ul>","protected":false},"excerpt":{"rendered":"<p>Kennzeichenhalter Moped \u00d6sterreich Type 3110 passend f\u00fcr \u00f6sterreichische Moped Kennzeichen 115&#215;150 mm. Der Evamatic Moped Kennzeichenhalter Art.-Nr. 3110 ist speziell f\u00fcr \u00f6sterreichische Mopedkennzeichen konzipiert und bietet eine sichere, stabile und zugleich einfache Befestigungsl\u00f6sung. Der integrierte Drehverschluss erm\u00f6glicht ein schnelles Einlegen und Fixieren des Kennzeichens. Der Kennzeichenhalter sorgt f\u00fcr festen Halt auch bei Vibrationen im t\u00e4glichen [&hellip;]<\/p>\n","protected":false},"featured_media":2155,"template":"","meta":{"_acf_changed":false},"product_brand":[],"product_cat":[200,208],"product_tag":[],"class_list":{"0":"post-2844","1":"product","2":"type-product","3":"status-publish","4":"has-post-thumbnail","6":"product_cat-kennzeichenhalter-oesterreich-slowenien","7":"product_cat-moped-mofa-115x150-mm","8":"pa_druckvariante-4c-druck-mit-kunstharzbeschichtung-silber-matt","9":"pa_druckvariante-unbedruckt","10":"pa_druckvariante-siebdruck-einfaerbig-weiss","11":"pa_druckvariante-siebdruck-einfaerbig-silber","12":"pa_druckvariante-4c-druck-mit-kunstharzbeschichtung","13":"pa_druckvariante-4c-druck-mit-kunstharzbeschichtung-silber-hochglanz","14":"pa_druckvariante-4c-druck-mit-kunstharzbeschichtung-reflektierend","15":"pa_menge-95","16":"pa_menge-96","17":"pa_menge-116","18":"pa_menge-118","19":"pa_menge-120","21":"first","22":"instock","23":"taxable","24":"shipping-taxable","25":"purchasable","26":"product-type-variable"},"exclude_global_add_ons":false,"addons":[{"name":"Fichier d'impression \u00e0 t\u00e9l\u00e9charger","type":"file_upload","position":0,"required":false,"title_format":"label","default":"","description_enable":false,"description":"Bitte laden Sie hier die Druckdatei (Bild) hoch.","placeholder_enable":false,"placeholder":"","display":"select","restrictions_type":"any_text","adjust_price":false,"price":"","price_type":"flat_fee","restrictions":false,"min":"0","max":"0","options":[],"id":1776081863},{"name":"\u00a0","type":"checkbox","position":1,"required":false,"title_format":"label","default":"","description_enable":true,"description":"Confiez la conception aux professionnels ! Envoyez-nous simplement vos souhaits, logos, textes et polices pr\u00e9f\u00e9r\u00e9es par e-mail ou via notre fonction de t\u00e9l\u00e9chargement. Notre \u00e9quipe graphique exp\u00e9riment\u00e9e cr\u00e9era jusqu'\u00e0 3 propositions de design personnalis\u00e9es, parfaitement adapt\u00e9es \u00e0 vos besoins.","placeholder_enable":false,"placeholder":"","display":"select","restrictions_type":"any_text","adjust_price":false,"price":"","price_type":"flat_fee","restrictions":false,"min":"0","max":"0","options":[{"label":"Professionelle Layouterstellung durch unsere Grafikabteilung","price":"35","price_type":"flat_fee","image":0,"visibility":true}],"id":1775653837}],"acf":[],"_links":{"self":[{"href":"https:\/\/www.evamatic.com\/fr\/wp-json\/wp\/v2\/product\/2844","targetHints":{"allow":["GET"]}}],"collection":[{"href":"https:\/\/www.evamatic.com\/fr\/wp-json\/wp\/v2\/product"}],"about":[{"href":"https:\/\/www.evamatic.com\/fr\/wp-json\/wp\/v2\/types\/product"}],"wp:featuredmedia":[{"embeddable":true,"href":"https:\/\/www.evamatic.com\/fr\/wp-json\/wp\/v2\/media\/2155"}],"wp:attachment":[{"href":"https:\/\/www.evamatic.com\/fr\/wp-json\/wp\/v2\/media?parent=2844"}],"wp:term":[{"taxonomy":"product_brand","embeddable":true,"href":"https:\/\/www.evamatic.com\/fr\/wp-json\/wp\/v2\/product_brand?post=2844"},{"taxonomy":"product_cat","embeddable":true,"href":"https:\/\/www.evamatic.com\/fr\/wp-json\/wp\/v2\/product_cat?post=2844"},{"taxonomy":"product_tag","embeddable":true,"href":"https:\/\/www.evamatic.com\/fr\/wp-json\/wp\/v2\/product_tag?post=2844"}],"curies":[{"name":"wp","href":"https:\/\/api.w.org\/{rel}","templated":true}]}}