{"id":2833,"date":"2026-04-09T14:18:54","date_gmt":"2026-04-09T12:18:54","guid":{"rendered":"https:\/\/www.evamatic.at\/product\/kennzeichenhalter-motorrad-oesterreich-extra-schmal-schiebeverschluss-2\/"},"modified":"2026-04-30T14:24:03","modified_gmt":"2026-04-30T12:24:03","slug":"support-de-plaque-dimmatriculation-moto-autriche-extra-plat-fermeture-coulissante-2","status":"publish","type":"product","link":"https:\/\/www.evamatic.com\/fr\/product\/kennzeichenhalter-motorrad-oesterreich-extra-schmal-schiebeverschluss-2\/","title":{"rendered":"Support de plaque d'immatriculation moto Autriche extra fin \u2013 fermeture coulissante"},"content":{"rendered":"<p><strong>Support de plaque d'immatriculation moto Autriche Type 210HS \u2013 extra fin pour plaques d'immatriculation moto Autriche 210\u00d7170 mm.<\/strong><\/p>\n<p>Le porte-plaque d'immatriculation Evamatic Type 210HS est sp\u00e9cialement con\u00e7u pour les plaques d'immatriculation de motos autrichiennes et convainc par sa construction extra-fine. Avec des dimensions ext\u00e9rieures de seulement 213 \u00d7 190 mm, ce mod\u00e8le est id\u00e9al pour les motos sportives et les v\u00e9hicules o\u00f9 un aspect discret et discret est demand\u00e9. Le m\u00e9canisme de fermeture coulissante int\u00e9gr\u00e9 permet une insertion rapide et simple de la plaque d'immatriculation tout en assurant un maintien s\u00fbr.<\/p>\n<p>Malgr\u00e9 sa conception compacte, le support dispose d'une barre publicitaire imprimable (210 \u00d7 15 mm), id\u00e9ale pour des logos discrets ou des inscriptions - parfaite pour une identification de marque subtile mais efficace.<\/p>\n<p>&nbsp;<\/p>\n<p><strong>D\u00e9tails du produit :<\/strong><\/p>\n<ul>\n<li>Fermeture : fermoir coulissant<\/li>\n<li>Couleur : noir<\/li>\n<li>Mat\u00e9riau : Polypropyl\u00e8ne<\/li>\n<li>Variantes d'impression : sans impression, impression num\u00e9rique 4 couleurs avec pelliculage r\u00e9sine<\/li>\n<\/ul>","protected":false},"excerpt":{"rendered":"<p>Kennzeichenhalter Motorrad \u00d6sterreich Type 210HS &#8211; extra schmal passend f\u00fcr Motorradkennzeichen \u00d6sterreich 210&#215;170 mm. Der Evamatic Kennzeichenhalter Type 210HS ist speziell f\u00fcr \u00f6sterreichische Motorradkennzeichen entwickelt und \u00fcberzeugt durch seine extra schmale Bauweise. Mit einem Au\u00dfenma\u00df von nur 213 \u00d7 190 mm eignet sich dieses Modell ideal f\u00fcr sportliche Motorr\u00e4der und Fahrzeuge, bei denen eine dezente, [&hellip;]<\/p>\n","protected":false},"featured_media":943,"template":"","meta":{"_acf_changed":false},"product_brand":[],"product_cat":[200,207],"product_tag":[],"class_list":{"0":"post-2833","1":"product","2":"type-product","3":"status-publish","4":"has-post-thumbnail","6":"product_cat-kennzeichenhalter-oesterreich-slowenien","7":"product_cat-motorrad-210x170-mm","8":"pa_druckvariante-unbedruckt","9":"pa_druckvariante-4c-druck-mit-kunstharzbeschichtung","10":"pa_druckvariante-4c-druck-mit-kunstharzbeschichtung-silber-hochglanz","11":"pa_druckvariante-4c-druck-mit-kunstharzbeschichtung-reflektierend","12":"pa_druckvariante-4c-druck-mit-kunstharzbeschichtung-silber-matt","13":"pa_menge-114","14":"pa_menge-116","15":"pa_menge-118","16":"pa_menge-130","17":"pa_menge-95","18":"pa_menge-96","20":"first","21":"instock","22":"taxable","23":"shipping-taxable","24":"purchasable","25":"product-type-variable"},"exclude_global_add_ons":false,"addons":[{"name":"Fichier d'impression \u00e0 t\u00e9l\u00e9charger","type":"file_upload","position":0,"required":false,"title_format":"label","default":"","description_enable":false,"description":"Bitte laden Sie hier die Druckdatei (Bild) hoch.","placeholder_enable":false,"placeholder":"","display":"select","restrictions_type":"any_text","adjust_price":false,"price":"","price_type":"flat_fee","restrictions":false,"min":"0","max":"0","options":[],"id":1776081863},{"name":"\u00a0","type":"checkbox","position":1,"required":false,"title_format":"label","default":"","description_enable":true,"description":"Confiez la conception aux professionnels ! Envoyez-nous simplement vos souhaits, logos, textes et polices pr\u00e9f\u00e9r\u00e9es par e-mail ou via notre fonction de t\u00e9l\u00e9chargement. Notre \u00e9quipe graphique exp\u00e9riment\u00e9e cr\u00e9era jusqu'\u00e0 3 propositions de design personnalis\u00e9es, parfaitement adapt\u00e9es \u00e0 vos besoins.","placeholder_enable":false,"placeholder":"","display":"select","restrictions_type":"any_text","adjust_price":false,"price":"","price_type":"flat_fee","restrictions":false,"min":"0","max":"0","options":[{"label":"Professionelle Layouterstellung durch unsere Grafikabteilung","price":"35","price_type":"flat_fee","image":0,"visibility":true}],"id":1775653837}],"acf":[],"_links":{"self":[{"href":"https:\/\/www.evamatic.com\/fr\/wp-json\/wp\/v2\/product\/2833","targetHints":{"allow":["GET"]}}],"collection":[{"href":"https:\/\/www.evamatic.com\/fr\/wp-json\/wp\/v2\/product"}],"about":[{"href":"https:\/\/www.evamatic.com\/fr\/wp-json\/wp\/v2\/types\/product"}],"wp:featuredmedia":[{"embeddable":true,"href":"https:\/\/www.evamatic.com\/fr\/wp-json\/wp\/v2\/media\/943"}],"wp:attachment":[{"href":"https:\/\/www.evamatic.com\/fr\/wp-json\/wp\/v2\/media?parent=2833"}],"wp:term":[{"taxonomy":"product_brand","embeddable":true,"href":"https:\/\/www.evamatic.com\/fr\/wp-json\/wp\/v2\/product_brand?post=2833"},{"taxonomy":"product_cat","embeddable":true,"href":"https:\/\/www.evamatic.com\/fr\/wp-json\/wp\/v2\/product_cat?post=2833"},{"taxonomy":"product_tag","embeddable":true,"href":"https:\/\/www.evamatic.com\/fr\/wp-json\/wp\/v2\/product_tag?post=2833"}],"curies":[{"name":"wp","href":"https:\/\/api.w.org\/{rel}","templated":true}]}}