{"id":2803,"date":"2026-04-09T14:18:53","date_gmt":"2026-04-09T12:18:53","guid":{"rendered":"https:\/\/www.evamatic.at\/product\/kennzeichenhalter-traktor-gelaendewagen-oesterreich-2-zeilig-drehverschluss-2\/"},"modified":"2026-05-05T14:00:53","modified_gmt":"2026-05-05T12:00:53","slug":"support-de-plaque-dimmatriculation-tracteur-tout-terrain-autriche-2-lignes-fermeture-rotative-2","status":"publish","type":"product","link":"https:\/\/www.evamatic.com\/fr\/product\/kennzeichenhalter-traktor-gelaendewagen-oesterreich-2-zeilig-drehverschluss-2\/","title":{"rendered":"Support de plaque d'immatriculation tracteur \/ tout-terrain Autriche 300\u00d7200 mm (300 2 lignes) \u2013 Fermeture rotative"},"content":{"rendered":"<p><strong>Support de plaque d'immatriculation tracteur \/ tout-terrain Autriche Type 300 2 lignes, adapt\u00e9 aux plaques d'immatriculation de taille 300\u00d7200 mm.<\/strong><\/p>\n<p>Le support de plaque d'immatriculation Evamatic Type 300 au format de carte 300 \u00d7 200 mm est sp\u00e9cialement con\u00e7u pour une utilisation sur les tracteurs, les v\u00e9hicules tout-terrain et les v\u00e9hicules sp\u00e9ciaux. Il offre une fixation stable et fiable, m\u00eame dans des conditions d'utilisation exigeantes.<\/p>\n<p>Le m\u00e9canisme de fermeture \u00e0 rotation permet une fixation s\u00e9curis\u00e9e de la plaque d'immatriculation tout en garantissant une manipulation ais\u00e9e. Le mat\u00e9riau tr\u00e8s \u00e9lastique s'adapte parfaitement au contour du v\u00e9hicule et assure une utilisation flexible et durable. Des ressorts de tension int\u00e9gr\u00e9s emp\u00eachent efficacement les bruits de cliquetis et de frottement, m\u00eame en cas de fortes vibrations ou sur terrain accident\u00e9.<\/p>\n<p>Gr\u00e2ce \u00e0 son montage simple, le support de plaque d'immatriculation est rapidement op\u00e9rationnel et id\u00e9al pour les v\u00e9hicules agricoles, les utilisations tout-terrain et les v\u00e9hicules utilitaires.<\/p>\n<p>&nbsp;<\/p>\n<p><strong>D\u00e9tails du produit :<\/strong><\/p>\n<ul>\n<li>Support de plaque d'immatriculation 300 \u2013 pour remorque autrichienne, v\u00e9hicule tout-terrain 300 H 200 mm<\/li>\n<li>Bouchon \u00e0 vis<\/li>\n<li>Couleur : noir<\/li>\n<li>Mat\u00e9riau : Polypropyl\u00e8ne<\/li>\n<li>Variantes d'impression : non imprim\u00e9, s\u00e9rigraphie, impression num\u00e9rique 4 couleurs avec rev\u00eatement en r\u00e9sine.<\/li>\n<\/ul>","protected":false},"excerpt":{"rendered":"<p>Kennzeichenhalter Traktor \/ Gel\u00e4ndewagen \u00d6sterreich Type 300 2 zeilig passend f\u00fcr Kennzeichengr\u00f6\u00dfe 300&#215;200 mm. Der Evamatic Kennzeichenhalter Type 300 im Platinenma\u00df 300 \u00d7 200 mm ist speziell f\u00fcr den Einsatz an Traktoren, Gel\u00e4ndewagen und Sonderfahrzeugen konzipiert. Er bietet eine stabile und zuverl\u00e4ssige Befestigung auch unter anspruchsvollen Einsatzbedingungen. Der Drehverschluss-Mechanismus erm\u00f6glicht ein sicheres Fixieren des Kennzeichens [&hellip;]<\/p>\n","protected":false},"featured_media":4459,"template":"","meta":{"_acf_changed":false},"product_brand":[],"product_cat":[200,206],"product_tag":[],"class_list":{"0":"post-2803","1":"product","2":"type-product","3":"status-publish","4":"has-post-thumbnail","6":"product_cat-kennzeichenhalter-oesterreich-slowenien","7":"product_cat-traktor-gelaendewagen-300x200-mm","8":"pa_druckvariante-unbedruckt","9":"pa_druckvariante-siebdruck-einfaerbig-weiss","10":"pa_druckvariante-siebdruck-einfaerbig-silber","11":"pa_druckvariante-4c-druck-mit-kunstharzbeschichtung","12":"pa_druckvariante-4c-druck-mit-kunstharzbeschichtung-silber-hochglanz","13":"pa_druckvariante-4c-druck-mit-kunstharzbeschichtung-reflektierend","14":"pa_druckvariante-4c-druck-mit-kunstharzbeschichtung-silber-matt","15":"pa_menge-120","16":"pa_menge-95","17":"pa_menge-96","18":"pa_menge-116","19":"pa_menge-118","21":"first","22":"instock","23":"taxable","24":"shipping-taxable","25":"purchasable","26":"product-type-variable"},"exclude_global_add_ons":false,"addons":[{"name":"Fichier d'impression \u00e0 t\u00e9l\u00e9charger","type":"file_upload","position":0,"required":false,"title_format":"label","default":"","description_enable":false,"description":"Bitte laden Sie hier die Druckdatei (Bild) hoch.","placeholder_enable":false,"placeholder":"","display":"select","restrictions_type":"any_text","adjust_price":false,"price":"","price_type":"flat_fee","restrictions":false,"min":"0","max":"0","options":[],"id":1776081863},{"name":"\u00a0","type":"checkbox","position":1,"required":false,"title_format":"label","default":"","description_enable":true,"description":"Confiez la conception aux professionnels ! Envoyez-nous simplement vos souhaits, logos, textes et polices pr\u00e9f\u00e9r\u00e9es par e-mail ou via notre fonction de t\u00e9l\u00e9chargement. Notre \u00e9quipe graphique exp\u00e9riment\u00e9e cr\u00e9era jusqu'\u00e0 3 propositions de design personnalis\u00e9es, parfaitement adapt\u00e9es \u00e0 vos besoins.","placeholder_enable":false,"placeholder":"","display":"select","restrictions_type":"any_text","adjust_price":false,"price":"","price_type":"flat_fee","restrictions":false,"min":"0","max":"0","options":[{"label":"Professionelle Layouterstellung durch unsere Grafikabteilung","price":"35","price_type":"flat_fee","image":0,"visibility":true}],"id":1775653837}],"acf":[],"_links":{"self":[{"href":"https:\/\/www.evamatic.com\/fr\/wp-json\/wp\/v2\/product\/2803","targetHints":{"allow":["GET"]}}],"collection":[{"href":"https:\/\/www.evamatic.com\/fr\/wp-json\/wp\/v2\/product"}],"about":[{"href":"https:\/\/www.evamatic.com\/fr\/wp-json\/wp\/v2\/types\/product"}],"wp:featuredmedia":[{"embeddable":true,"href":"https:\/\/www.evamatic.com\/fr\/wp-json\/wp\/v2\/media\/4459"}],"wp:attachment":[{"href":"https:\/\/www.evamatic.com\/fr\/wp-json\/wp\/v2\/media?parent=2803"}],"wp:term":[{"taxonomy":"product_brand","embeddable":true,"href":"https:\/\/www.evamatic.com\/fr\/wp-json\/wp\/v2\/product_brand?post=2803"},{"taxonomy":"product_cat","embeddable":true,"href":"https:\/\/www.evamatic.com\/fr\/wp-json\/wp\/v2\/product_cat?post=2803"},{"taxonomy":"product_tag","embeddable":true,"href":"https:\/\/www.evamatic.com\/fr\/wp-json\/wp\/v2\/product_tag?post=2803"}],"curies":[{"name":"wp","href":"https:\/\/api.w.org\/{rel}","templated":true}]}}