{"id":2768,"date":"2026-04-09T14:18:52","date_gmt":"2026-04-09T12:18:52","guid":{"rendered":"https:\/\/www.evamatic.at\/product\/kennzeichenhalter-pkw-oesterreich-527-austauschbare-werbeleiste-komplett-grundplatte-inkl-bedruckter-werbeleiste-2\/"},"modified":"2026-05-12T11:26:14","modified_gmt":"2026-05-12T09:26:14","slug":"support-de-plaque-dimmatriculation-auto-autriche-527-barre-publicitaire-interchangeable-plaque-de-base-complete-incl-barre-publicitaire-imprimee-2","status":"publish","type":"product","link":"https:\/\/www.evamatic.com\/fr\/product\/kennzeichenhalter-pkw-oesterreich-527-austauschbare-werbeleiste-komplett-grundplatte-inkl-bedruckter-werbeleiste-2\/","title":{"rendered":"Porte-plaque d'immatriculation pour voiture Autriche &amp; Slov\u00e9nie 520 \u00d7 120 mm (527) \u2013 Bandeau publicitaire interchangeable, kit complet, plaque de base, y compris bandeau publicitaire imprim\u00e9"},"content":{"rendered":"<p><strong>Support de plaque d'immatriculation pour voiture Autriche et Slov\u00e9nie type 527 avec barre publicitaire interchangeable adapt\u00e9e aux plaques d'immatriculation de taille 520\u00d7120 mm.<\/strong><\/p>\n<p>Le support de plaque d'immatriculation Evamatic 527 avec barre publicitaire interchangeable offre une solution fiable, rapide et confortable pour le montage des plaques d'immatriculation autrichiennes (520 \u00d7 120 mm).<br \/>\nGr\u00e2ce au syst\u00e8me de rails innovant, les messages publicitaires (s\u00e9paration de marque) peuvent \u00eatre rapidement chang\u00e9s et de nouveaux slogans publicitaires appos\u00e9s sans avoir \u00e0 remplacer la plaque de base.<\/p>\n<p>Le support de plaque d'immatriculation poss\u00e8de une r\u00e9glette publicitaire rempla\u00e7able avec une zone publicitaire extra-large qui offre un espace particuli\u00e8rement g\u00e9n\u00e9reux pour les logos, slogans ou messages publicitaires et garantit une visibilit\u00e9 optimale. Ce mod\u00e8le est donc id\u00e9al pour une pr\u00e9sence de marque forte et durable.<br \/>\nFabriqu\u00e9 en polypropyl\u00e8ne robuste et pratiquement incassable, le support \u00e9pouse parfaitement les contours du v\u00e9hicule et emp\u00eache de mani\u00e8re fiable les bruits de claquement et de vibration. Il convient aux voitures particuli\u00e8res et aux camions et convainc par un design discret et de haute qualit\u00e9 qui s'int\u00e8gre harmonieusement dans l'esth\u00e9tique du v\u00e9hicule.<\/p>\n<p>Le porte-plaque d'immatriculation 527 est <strong>Test\u00e9 par le T\u00dcV pour sa valeur d'usage, conforme \u00e0 toutes les normes UE applicables et aux r\u00e9glementations l\u00e9gales en vigueur. Les bords ext\u00e9rieurs arrondis avec un rayon minimum de 2,5 mm garantissent une s\u00e9curit\u00e9 maximale et rendent le support pleinement homologu\u00e9 pour une utilisation sur la route.<\/strong><br \/>\nGr\u00e2ce aux options d'impression individuelles sur la barre publicitaire interchangeable, le support de plaque d'immatriculation devient un support publicitaire particuli\u00e8rement attrayant \u2013 id\u00e9al pour les concessions automobiles, les ateliers, les parcs automobiles, les bureaux d'assurance ou les associations.<\/p>\n<ul>\n<li>Support de plaque d'immatriculation 527 \u2013 pour plaques d'immatriculation autrichiennes L 520 x H 120 mm<\/li>\n<li>Fermeture : bandeau publicitaire interchangeable<\/li>\n<li>Couleur : noir<\/li>\n<li>Mat\u00e9riau : socle : polypropyl\u00e8ne, barre de publicit\u00e9 : ABS<\/li>\n<li>Variantes d'impression : sans impression, impression num\u00e9rique 4 couleurs avec pelliculage r\u00e9sine<\/li>\n<\/ul>","protected":false},"excerpt":{"rendered":"<p>Kennzeichenhalter PKW \u00d6sterreich und Slowenien Type 527 mit austauschbarer Werbeleiste passend f\u00fcr Kennzeichengr\u00f6\u00dfe 520\u00d7120 mm. Der Evamatic Kennzeichenhalter 527 mit austauschbarer Werbeleiste bietet eine zuverl\u00e4ssige, schnelle und komfortable L\u00f6sung zur Montage von \u00f6sterreichischen Kennzeichen (520 \u00d7 120 mm). Dank des innovativen Leistensystems lassen sich die Werbebotschaften (Markentrennung) rasch wechseln und neue Werbeslogans anbringen ohne die [&hellip;]<\/p>\n","protected":false},"featured_media":4675,"template":"","meta":{"_acf_changed":false},"product_brand":[],"product_cat":[200,205],"product_tag":[],"class_list":{"0":"post-2768","1":"product","2":"type-product","3":"status-publish","4":"has-post-thumbnail","6":"product_cat-kennzeichenhalter-oesterreich-slowenien","7":"product_cat-pkw-lkw-520x120-mm","8":"pa_druckvariante-4c-druck-mit-kunstharzbeschichtung","9":"pa_druckvariante-4c-druck-mit-kunstharzbeschichtung-silber-hochglanz","10":"pa_druckvariante-4c-druck-mit-kunstharzbeschichtung-reflektierend","11":"pa_druckvariante-4c-druck-mit-kunstharzbeschichtung-silber-matt","12":"pa_menge-96","13":"pa_menge-114","14":"pa_menge-115","15":"pa_menge-116","16":"pa_menge-118","17":"pa_menge-125","19":"first","20":"instock","21":"taxable","22":"shipping-taxable","23":"purchasable","24":"product-type-variable"},"exclude_global_add_ons":false,"addons":[{"name":"Fichier d'impression \u00e0 t\u00e9l\u00e9charger","type":"file_upload","position":0,"required":false,"title_format":"label","default":"","description_enable":false,"description":"Bitte laden Sie hier die Druckdatei (Bild) hoch.","placeholder_enable":false,"placeholder":"","display":"select","restrictions_type":"any_text","adjust_price":false,"price":"","price_type":"flat_fee","restrictions":false,"min":"0","max":"0","options":[],"id":1776081863},{"name":"\u00a0","type":"checkbox","position":1,"required":false,"title_format":"label","default":"","description_enable":true,"description":"Confiez la conception aux professionnels ! Envoyez-nous simplement vos souhaits, logos, textes et polices pr\u00e9f\u00e9r\u00e9es par e-mail ou via notre fonction de t\u00e9l\u00e9chargement. Notre \u00e9quipe graphique exp\u00e9riment\u00e9e cr\u00e9era jusqu'\u00e0 3 propositions de design personnalis\u00e9es, parfaitement adapt\u00e9es \u00e0 vos besoins.","placeholder_enable":false,"placeholder":"","display":"select","restrictions_type":"any_text","adjust_price":false,"price":"","price_type":"flat_fee","restrictions":false,"min":"0","max":"0","options":[{"label":"Professionelle Layouterstellung durch unsere Grafikabteilung","price":"35","price_type":"flat_fee","image":0,"visibility":true}],"id":1775653837}],"acf":[],"_links":{"self":[{"href":"https:\/\/www.evamatic.com\/fr\/wp-json\/wp\/v2\/product\/2768","targetHints":{"allow":["GET"]}}],"collection":[{"href":"https:\/\/www.evamatic.com\/fr\/wp-json\/wp\/v2\/product"}],"about":[{"href":"https:\/\/www.evamatic.com\/fr\/wp-json\/wp\/v2\/types\/product"}],"wp:featuredmedia":[{"embeddable":true,"href":"https:\/\/www.evamatic.com\/fr\/wp-json\/wp\/v2\/media\/4675"}],"wp:attachment":[{"href":"https:\/\/www.evamatic.com\/fr\/wp-json\/wp\/v2\/media?parent=2768"}],"wp:term":[{"taxonomy":"product_brand","embeddable":true,"href":"https:\/\/www.evamatic.com\/fr\/wp-json\/wp\/v2\/product_brand?post=2768"},{"taxonomy":"product_cat","embeddable":true,"href":"https:\/\/www.evamatic.com\/fr\/wp-json\/wp\/v2\/product_cat?post=2768"},{"taxonomy":"product_tag","embeddable":true,"href":"https:\/\/www.evamatic.com\/fr\/wp-json\/wp\/v2\/product_tag?post=2768"}],"curies":[{"name":"wp","href":"https:\/\/api.w.org\/{rel}","templated":true}]}}