{"id":2757,"date":"2026-04-09T14:18:51","date_gmt":"2026-04-09T12:18:51","guid":{"rendered":"https:\/\/www.evamatic.at\/product\/kennzeichenhalter-pkw-oesterreich-525csb-chrom-klapprahmen-2\/"},"modified":"2026-05-05T14:01:20","modified_gmt":"2026-05-05T12:01:20","slug":"support-de-plaque-dimmatriculation-voiture-autriche-525csb-chrome-cadre-rabattable-2","status":"publish","type":"product","link":"https:\/\/www.evamatic.com\/fr\/product\/kennzeichenhalter-pkw-oesterreich-525csb-chrom-klapprahmen-2\/","title":{"rendered":"Support de plaque d'immatriculation voiture Autriche et Slov\u00e9nie 520x120 mm (525CSB CHROME) \u2013 Cadre rabattable"},"content":{"rendered":"<p><span style=\"color: #000000;\"><strong>Porte-plaque d'immatriculation Autriche et Slov\u00e9nie Type 525CSB avec cadre rabattable chrom\u00e9 adapt\u00e9 aux plaques d'immatriculation de taille 520\u00d7120 mm.<\/strong><\/span><\/p>\n<p><span style=\"color: #000000;\">Le porte-plaque d'immatriculation Evamatic 525CSB combine un aspect haut de gamme et une fonctionnalit\u00e9 \u00e9lev\u00e9e \u2013 id\u00e9al pour tous ceux qui appr\u00e9cient une pr\u00e9sence de v\u00e9hicule d'aspect \u00e9l\u00e9gant. Le support est sp\u00e9cialement con\u00e7u pour les plaques d'immatriculation autrichiennes et slov\u00e8nes (520 \u00d7 120 mm) et, gr\u00e2ce \u00e0 sa conception r\u00e9fl\u00e9chie, facilite l'insertion et la fixation s\u00fbres de la plaque.<\/span><\/p>\n<p><span style=\"color: #000000;\">La finition chrom\u00e9e de haute qualit\u00e9 conf\u00e8re au support de plaque d'immatriculation un aspect \u00e9l\u00e9gant qui met particuli\u00e8rement en valeur les v\u00e9hicules modernes et les mod\u00e8les exclusifs. Simultan\u00e9ment, le support stable fabriqu\u00e9 \u00e0 partir d'un mat\u00e9riau robuste et quasi incassable assure que la plaque d'immatriculation est fix\u00e9e au v\u00e9hicule de mani\u00e8re s\u00fbre et sans vibrations \u2013 sans bruits de claquement.<\/span><\/p>\n<p><span style=\"color: #000000;\">Le support de plaque d'immatriculation 525CSB convient aux voitures particuli\u00e8res et aux camions et s'int\u00e8gre harmonieusement dans l'apparence de tout v\u00e9hicule \u2013 discret et de haute qualit\u00e9 \u00e0 la fois.<\/span><br \/>\n<span style=\"color: #000000;\">Ce support est <strong>Test\u00e9 selon la valeur d'usage T\u00dcV<\/strong>, correspond <strong>conformes aux normes europ\u00e9ennes en vigueur et respecte la l\u00e9gislation actuelle.<\/strong> Le <strong>des bords ext\u00e9rieurs arrondis d'un rayon minimum de 2,5 mm garantissent une s\u00e9curit\u00e9 et une homologation routi\u00e8re maximales.<\/strong><\/span><\/p>\n<p><span style=\"color: #000000;\">Gr\u00e2ce aux options d'impression individuelles avec votre logo ou texte publicitaire, le support de plaque d'immatriculation devient un support publicitaire discret mais efficace \u2013 id\u00e9al pour les concessionnaires automobiles, les ateliers, les parcs de v\u00e9hicules, les bureaux d'assurance ou les clubs. Alternativement, il convainc \u00e9galement sans impression par son aspect sobre et de haute qualit\u00e9 et s'int\u00e8gre harmonieusement dans le design de chaque v\u00e9hicule.<\/span><\/p>\n<p>&nbsp;<\/p>\n<p><span style=\"color: #000000;\"><strong>D\u00e9tails du produit :<\/strong><\/span><\/p>\n<ul>\n<li><span style=\"color: #000000;\">Porte-plaque d'immatriculation 525CSB CHROME \u2013 pour plaques d'immatriculation autrichiennes et slov\u00e8nes L 520x H 120 mm<\/span><\/li>\n<li><span style=\"color: #000000;\">Fermeture : cadre \u00e0 clipser<\/span><\/li>\n<li><span style=\"color: #000000;\">Couleur : noir\/chrome<\/span><\/li>\n<li><span style=\"color: #000000;\">Mat\u00e9riaux : Polypropyl\u00e8ne\/ABS<\/span><\/li>\n<li><span style=\"color: #000000;\">Variantes d'impression : sans impression, impression num\u00e9rique 4 couleurs avec pelliculage r\u00e9sine<\/span><\/li>\n<\/ul>","protected":false},"excerpt":{"rendered":"<p>Kennzeichenhalter \u00d6sterreich und Slowenien Type 525CSB mit Klapprahmen verchromt passend f\u00fcr Kennzeichengr\u00f6\u00dfe 520&#215;120 mm. Der Evamatic Kennzeichenhalter 525CSB kombiniert premium Optik und hohe Funktionalit\u00e4t \u2013 ideal f\u00fcr alle, die Wert auf eine edel wirkende Fahrzeugpr\u00e4senz legen. Der Halter ist speziell f\u00fcr \u00f6sterreichische und slowenische Kennzeichen (520 \u00d7 120 mm) konzipiert und erleichtert durch sein durchdachtes [&hellip;]<\/p>\n","protected":false},"featured_media":4452,"template":"","meta":{"_acf_changed":false},"product_brand":[],"product_cat":[200,205],"product_tag":[],"class_list":{"0":"post-2757","1":"product","2":"type-product","3":"status-publish","4":"has-post-thumbnail","6":"product_cat-kennzeichenhalter-oesterreich-slowenien","7":"product_cat-pkw-lkw-520x120-mm","8":"pa_druckvariante-unbedruckt","9":"pa_druckvariante-4c-druck-mit-kunstharzbeschichtung-silber-hochglanz","10":"pa_menge-121","11":"pa_menge-123","12":"pa_menge-124","13":"pa_menge-93","14":"pa_menge-94","15":"pa_menge-113","17":"first","18":"instock","19":"taxable","20":"shipping-taxable","21":"purchasable","22":"product-type-variable"},"exclude_global_add_ons":false,"addons":[{"name":"Fichier d'impression \u00e0 t\u00e9l\u00e9charger","type":"file_upload","position":0,"required":false,"title_format":"label","default":"","description_enable":false,"description":"Bitte laden Sie hier die Druckdatei (Bild) hoch.","placeholder_enable":false,"placeholder":"","display":"select","restrictions_type":"any_text","adjust_price":false,"price":"","price_type":"flat_fee","restrictions":false,"min":"0","max":"0","options":[],"id":1776081863},{"name":"\u00a0","type":"checkbox","position":1,"required":false,"title_format":"label","default":"","description_enable":true,"description":"Confiez la conception aux professionnels ! Envoyez-nous simplement vos souhaits, logos, textes et polices pr\u00e9f\u00e9r\u00e9es par e-mail ou via notre fonction de t\u00e9l\u00e9chargement. Notre \u00e9quipe graphique exp\u00e9riment\u00e9e cr\u00e9era jusqu'\u00e0 3 propositions de design personnalis\u00e9es, parfaitement adapt\u00e9es \u00e0 vos besoins.","placeholder_enable":false,"placeholder":"","display":"select","restrictions_type":"any_text","adjust_price":false,"price":"","price_type":"flat_fee","restrictions":false,"min":"0","max":"0","options":[{"label":"Professionelle Layouterstellung durch unsere Grafikabteilung","price":"35","price_type":"flat_fee","image":0,"visibility":true}],"id":1775653837}],"acf":[],"_links":{"self":[{"href":"https:\/\/www.evamatic.com\/fr\/wp-json\/wp\/v2\/product\/2757","targetHints":{"allow":["GET"]}}],"collection":[{"href":"https:\/\/www.evamatic.com\/fr\/wp-json\/wp\/v2\/product"}],"about":[{"href":"https:\/\/www.evamatic.com\/fr\/wp-json\/wp\/v2\/types\/product"}],"wp:featuredmedia":[{"embeddable":true,"href":"https:\/\/www.evamatic.com\/fr\/wp-json\/wp\/v2\/media\/4452"}],"wp:attachment":[{"href":"https:\/\/www.evamatic.com\/fr\/wp-json\/wp\/v2\/media?parent=2757"}],"wp:term":[{"taxonomy":"product_brand","embeddable":true,"href":"https:\/\/www.evamatic.com\/fr\/wp-json\/wp\/v2\/product_brand?post=2757"},{"taxonomy":"product_cat","embeddable":true,"href":"https:\/\/www.evamatic.com\/fr\/wp-json\/wp\/v2\/product_cat?post=2757"},{"taxonomy":"product_tag","embeddable":true,"href":"https:\/\/www.evamatic.com\/fr\/wp-json\/wp\/v2\/product_tag?post=2757"}],"curies":[{"name":"wp","href":"https:\/\/api.w.org\/{rel}","templated":true}]}}