{"id":2711,"date":"2026-04-09T14:18:49","date_gmt":"2026-04-09T12:18:49","guid":{"rendered":"https:\/\/www.evamatic.at\/product\/kennzeichenhalter-pkw-oesterreich-524-klapprahmen-2\/"},"modified":"2026-05-05T14:01:44","modified_gmt":"2026-05-05T12:01:44","slug":"support-de-plaque-dimmatriculation-voiture-autriche-524-cadre-pliant-2","status":"publish","type":"product","link":"https:\/\/www.evamatic.com\/fr\/product\/kennzeichenhalter-pkw-oesterreich-524-klapprahmen-2\/","title":{"rendered":"Porte-plaque d'immatriculation voiture Autriche et Slov\u00e9nie 520\u00d7120 mm (524) \u2013 Cadre rabattable"},"content":{"rendered":"<p><strong>Porte-plaques d'immatriculation Autriche et Slov\u00e9nie Type 524 avec cadre rabattable et fermeture rotative adaptable \u00e0 la taille de plaque d'immatriculation 520\u00d7120 mm.<\/strong><\/p>\n<p>Le porte-plaque d'immatriculation Evamatic type 524 avec syst\u00e8me de cadre rabattable offre une solution s\u00fbre, rapide et confortable pour le montage de plaques d'immatriculation autrichiennes et slov\u00e8nes (520 \u00d7 120 mm). Gr\u00e2ce au cadre rabattable pratique, les plaques d'immatriculation sont particuli\u00e8rement faciles \u00e0 ins\u00e9rer ou \u00e0 changer. Le support est en polypropyl\u00e8ne flexible, quasiment incassable, qui s'adapte parfaitement au contour du v\u00e9hicule et emp\u00eache efficacement les bruits de cliquetis. Le cadre rabattable assure en outre une fixation stable tout en permettant une manipulation rapide.<\/p>\n<p>Le Type 524 convient aussi bien aux voitures particuli\u00e8res qu'aux camions et impressionne par son design de haute qualit\u00e9 qui s'int\u00e8gre harmonieusement dans l'aspect de chaque v\u00e9hicule.<\/p>\n<p>Le support de plaque d'immatriculation est <strong>Test\u00e9 pour sa valeur d'utilit\u00e9 par le T\u00dcV, conforme \u00e0 toutes les normes europ\u00e9ennes en vigueur et aux r\u00e9glementations l\u00e9gales actuelles. Les bords ext\u00e9rieurs sont arrondis avec un rayon minimum de 2,5 mm, ce qui garantit une s\u00e9curit\u00e9 maximale et une autorisation de circulation illimit\u00e9e.<\/strong><br \/>\nGr\u00e2ce aux options d'impression individuelles avec votre logo ou texte publicitaire, le support de plaque d'immatriculation devient un support publicitaire durable et accrocheur, id\u00e9al pour les concessionnaires automobiles, les ateliers, les parcs de v\u00e9hicules, les bureaux d'assurance ou les associations.<\/p>\n<p>&nbsp;<\/p>\n<p><strong>D\u00e9tails du produit :<\/strong><\/p>\n<ul>\n<li>Support de plaque d'immatriculation 524 \u2013 pour plaques d'immatriculation autrichiennes et slov\u00e8nes L 520 x H 120 mm<\/li>\n<li>Fermeture : cadre \u00e0 clipser<\/li>\n<li>Couleur : noir<\/li>\n<li>Mat\u00e9riau : Polypropyl\u00e8ne<\/li>\n<li>Variantes d'impression : non imprim\u00e9, impression num\u00e9rique 4c satin\u00e9, impression num\u00e9rique 4c avec rev\u00eatement r\u00e9sine\n<ul>\n<li><strong>Sur le porte-plaque d'immatriculation 524, le marquage se trouve dans un renfoncement du porte-plaque et est ainsi prot\u00e9g\u00e9 de mani\u00e8re fiable contre les rayures, les intemp\u00e9ries et les contraintes m\u00e9caniques \u2013 pour une pr\u00e9sence de marque durable et de haute qualit\u00e9.<\/strong><\/li>\n<\/ul>\n<\/li>\n<\/ul>","protected":false},"excerpt":{"rendered":"<p>Kennzeichenhalter \u00d6sterreich und Slowenien Type 524 mit Klapprahmen und Drehverschluss passend f\u00fcr Kennzeichengr\u00f6\u00dfe 520&#215;120 mm. Der Evamatic Kennzeichenhalter Type 524 mit Klapprahmen-System bietet eine sichere, schnelle und komfortable L\u00f6sung zur Montage von \u00f6sterreichischen und slowenischen Kennzeichen (520 \u00d7 120 mm). Durch den praktischen Klapprahmen lassen sich Kennzeichen besonders einfach einlegen oder wechseln. Der Halter besteht [&hellip;]<\/p>\n","protected":false},"featured_media":4450,"template":"","meta":{"_acf_changed":false},"product_brand":[],"product_cat":[200,205],"product_tag":[],"class_list":{"0":"post-2711","1":"product","2":"type-product","3":"status-publish","4":"has-post-thumbnail","6":"product_cat-kennzeichenhalter-oesterreich-slowenien","7":"product_cat-pkw-lkw-520x120-mm","8":"pa_druckvariante-4c-druck-seidenmatt","9":"pa_druckvariante-4c-druck-mit-kunstharzbeschichtung","10":"pa_druckvariante-4c-druck-mit-kunstharzbeschichtung-silber-hochglanz","11":"pa_druckvariante-4c-druck-mit-kunstharzbeschichtung-reflektierend","12":"pa_druckvariante-4c-druck-mit-kunstharzbeschichtung-silber-matt","13":"pa_menge-109","14":"pa_menge-110","15":"pa_menge-111","16":"pa_menge-112","17":"pa_menge-93","18":"pa_menge-94","19":"pa_menge-95","20":"pa_menge-96","21":"pa_menge-108","23":"first","24":"instock","25":"taxable","26":"shipping-taxable","27":"purchasable","28":"product-type-variable"},"exclude_global_add_ons":false,"addons":[{"name":"Fichier d'impression \u00e0 t\u00e9l\u00e9charger","type":"file_upload","position":0,"required":false,"title_format":"label","default":"","description_enable":false,"description":"Bitte laden Sie hier die Druckdatei (Bild) hoch.","placeholder_enable":false,"placeholder":"","display":"select","restrictions_type":"any_text","adjust_price":false,"price":"","price_type":"flat_fee","restrictions":false,"min":"0","max":"0","options":[],"id":1776081863},{"name":"\u00a0","type":"checkbox","position":1,"required":false,"title_format":"label","default":"","description_enable":true,"description":"Confiez la conception aux professionnels ! Envoyez-nous simplement vos souhaits, logos, textes et polices pr\u00e9f\u00e9r\u00e9es par e-mail ou via notre fonction de t\u00e9l\u00e9chargement. Notre \u00e9quipe graphique exp\u00e9riment\u00e9e cr\u00e9era jusqu'\u00e0 3 propositions de design personnalis\u00e9es, parfaitement adapt\u00e9es \u00e0 vos besoins.","placeholder_enable":false,"placeholder":"","display":"select","restrictions_type":"any_text","adjust_price":false,"price":"","price_type":"flat_fee","restrictions":false,"min":"0","max":"0","options":[{"label":"Professionelle Layouterstellung durch unsere Grafikabteilung","price":"35","price_type":"flat_fee","image":0,"visibility":true}],"id":1775653837}],"acf":[],"_links":{"self":[{"href":"https:\/\/www.evamatic.com\/fr\/wp-json\/wp\/v2\/product\/2711","targetHints":{"allow":["GET"]}}],"collection":[{"href":"https:\/\/www.evamatic.com\/fr\/wp-json\/wp\/v2\/product"}],"about":[{"href":"https:\/\/www.evamatic.com\/fr\/wp-json\/wp\/v2\/types\/product"}],"wp:featuredmedia":[{"embeddable":true,"href":"https:\/\/www.evamatic.com\/fr\/wp-json\/wp\/v2\/media\/4450"}],"wp:attachment":[{"href":"https:\/\/www.evamatic.com\/fr\/wp-json\/wp\/v2\/media?parent=2711"}],"wp:term":[{"taxonomy":"product_brand","embeddable":true,"href":"https:\/\/www.evamatic.com\/fr\/wp-json\/wp\/v2\/product_brand?post=2711"},{"taxonomy":"product_cat","embeddable":true,"href":"https:\/\/www.evamatic.com\/fr\/wp-json\/wp\/v2\/product_cat?post=2711"},{"taxonomy":"product_tag","embeddable":true,"href":"https:\/\/www.evamatic.com\/fr\/wp-json\/wp\/v2\/product_tag?post=2711"}],"curies":[{"name":"wp","href":"https:\/\/api.w.org\/{rel}","templated":true}]}}