{"id":2710,"date":"2026-04-09T14:18:49","date_gmt":"2026-04-09T12:18:49","guid":{"rendered":"https:\/\/www.evamatic.at\/product\/kennzeichenhalter-pkw-oesterreich-528hs-rahmenlos-schiebeverschluss-2\/"},"modified":"2026-05-05T14:02:15","modified_gmt":"2026-05-05T12:02:15","slug":"support-de-plaque-dimmatriculation-voiture-autriche-528hs-sans-cadre-fermeture-coulissante-2","status":"publish","type":"product","link":"https:\/\/www.evamatic.com\/fr\/product\/kennzeichenhalter-pkw-oesterreich-528hs-rahmenlos-schiebeverschluss-2\/","title":{"rendered":"Support de plaque d'immatriculation pour voiture Autriche et Slov\u00e9nie 520 \u00d7 120 mm (528HS sans cadre) \u2013 Fermeture \u00e0 glissi\u00e8re"},"content":{"rendered":"<p><strong>Porte-plaque minces pour voitures Autriche et Slov\u00e9nie Type 528HS avec fermeture coulissante - extra mince, compatible avec les plaques d'immatriculation de taille 520x120 mm.<\/strong><\/p>\n<p>Le support de plaque d'immatriculation Evamatic Type 528HS avec syst\u00e8me de fermeture coulissante offre une solution s\u00fbre, rapide et confortable pour le montage de plaques d'immatriculation autrichiennes et slov\u00e8nes (520 \u00d7 120 mm). Gr\u00e2ce \u00e0 son syst\u00e8me de fermeture coulissante \u00e9prouv\u00e9, les plaques d'immatriculation peuvent \u00eatre ins\u00e9r\u00e9es sans effort et chang\u00e9es rapidement si n\u00e9cessaire.<\/p>\n<p>La conception sans cadre et sans zone publicitaire offre un aspect discret et discret, mettant en valeur la plaque d'immatriculation elle-m\u00eame \u2013 id\u00e9al pour ceux qui appr\u00e9cient un design de v\u00e9hicule \u00e9pur\u00e9 et neutre.<\/p>\n<p>Fabriqu\u00e9 en polypropyl\u00e8ne souple et quasi incassable, le support de plaque d'immatriculation \u00e9pouse parfaitement le contour du v\u00e9hicule et \u00e9vite efficacement les bruits de claquement et de vibrations. Il convient aussi bien aux voitures particuli\u00e8res qu'aux camions et convainc par sa conception stable et durable.<\/p>\n<p>Le support de plaque d'immatriculation Type 528HS est <strong>Test\u00e9 pour la valeur d'utilit\u00e9 par le T\u00dcV, conforme \u00e0 toutes les normes UE en vigueur et respecte la l\u00e9gislation actuelle.<\/strong> <strong>Les bords ext\u00e9rieurs arrondis avec un rayon minimum de 2,5 mm garantissent une s\u00e9curit\u00e9 maximale et rendent le support pleinement homologu\u00e9 pour une utilisation dans la circulation routi\u00e8re.<\/strong><\/p>\n<p>&nbsp;<\/p>\n<p><strong>D\u00e9tails du produit :<\/strong><\/p>\n<ul>\n<li>Support de plaque d'immatriculation sans cadre 528HS \u2013 pour plaques d'immatriculation autrichiennes et slov\u00e8nes L 520 x H 120 mm<\/li>\n<li>Fermeture : fermoir coulissant<\/li>\n<li>Couleur : noir<\/li>\n<li>Mat\u00e9riau : Polypropyl\u00e8ne<\/li>\n<li>Variantes d'impression : non imprim\u00e9<\/li>\n<\/ul>","protected":false},"excerpt":{"rendered":"<p>Kennzeichenhalter PKW \u00d6sterreich und Slowenien Type 528HS mit Schiebeverschluss &#8211; extra schmal passend f\u00fcr Kennzeichengr\u00f6\u00dfe 520&#215;120 mm. Der Evamatic Kennzeichenhalter Type 528HS mit Schiebeverschluss-System bietet eine sichere, schnelle und komfortable L\u00f6sung zur Montage von \u00f6sterreichischen und slowenischen Kennzeichen (520 \u00d7 120 mm). Dank des bew\u00e4hrten Schiebeverschlusses lassen sich Kennzeichen m\u00fchelos einlegen und bei Bedarf rasch [&hellip;]<\/p>\n","protected":false},"featured_media":4451,"template":"","meta":{"_acf_changed":false},"product_brand":[],"product_cat":[200,205],"product_tag":[133],"class_list":{"0":"post-2710","1":"product","2":"type-product","3":"status-publish","4":"has-post-thumbnail","6":"product_cat-kennzeichenhalter-oesterreich-slowenien","7":"product_cat-pkw-lkw-520x120-mm","8":"product_tag-unbedruckt","9":"pa_druckvariante-unbedruckt","10":"pa_menge-93","11":"pa_menge-94","12":"pa_menge-97","13":"pa_menge-100","14":"pa_menge-101","15":"pa_menge-121","16":"pa_menge-124","18":"first","19":"instock","20":"taxable","21":"shipping-taxable","22":"purchasable","23":"product-type-variable"},"exclude_global_add_ons":[],"addons":[],"acf":[],"_links":{"self":[{"href":"https:\/\/www.evamatic.com\/fr\/wp-json\/wp\/v2\/product\/2710","targetHints":{"allow":["GET"]}}],"collection":[{"href":"https:\/\/www.evamatic.com\/fr\/wp-json\/wp\/v2\/product"}],"about":[{"href":"https:\/\/www.evamatic.com\/fr\/wp-json\/wp\/v2\/types\/product"}],"wp:featuredmedia":[{"embeddable":true,"href":"https:\/\/www.evamatic.com\/fr\/wp-json\/wp\/v2\/media\/4451"}],"wp:attachment":[{"href":"https:\/\/www.evamatic.com\/fr\/wp-json\/wp\/v2\/media?parent=2710"}],"wp:term":[{"taxonomy":"product_brand","embeddable":true,"href":"https:\/\/www.evamatic.com\/fr\/wp-json\/wp\/v2\/product_brand?post=2710"},{"taxonomy":"product_cat","embeddable":true,"href":"https:\/\/www.evamatic.com\/fr\/wp-json\/wp\/v2\/product_cat?post=2710"},{"taxonomy":"product_tag","embeddable":true,"href":"https:\/\/www.evamatic.com\/fr\/wp-json\/wp\/v2\/product_tag?post=2710"}],"curies":[{"name":"wp","href":"https:\/\/api.w.org\/{rel}","templated":true}]}}