{"id":2591,"date":"2026-04-09T14:18:44","date_gmt":"2026-04-09T12:18:44","guid":{"rendered":"https:\/\/www.evamatic.at\/product\/kennzeichenhalter-pkw-oesterreich-526-schiebeverschluss-2\/"},"modified":"2026-05-05T14:03:20","modified_gmt":"2026-05-05T12:03:20","slug":"porte-plaque-dimmatriculation-voiture-autriche-526-fermeture-coulissante-2","status":"publish","type":"product","link":"https:\/\/www.evamatic.com\/fr\/product\/kennzeichenhalter-pkw-oesterreich-526-schiebeverschluss-2\/","title":{"rendered":"Porte-plaque min\u00e9ralogique pour voiture Autriche et Slov\u00e9nie 520\u00d7120 mm (526) \u2013 Fermeture coulissante"},"content":{"rendered":"<p><strong>Support de plaque d'immatriculation pour voitures en Autriche et en Slov\u00e9nie, type 526 avec fermeture coulissante, convient aux plaques d'immatriculation de taille 520 \u00d7 120 mm.<\/strong><\/p>\n<p>Le support de plaque d'immatriculation Evamatic Type 526 avec syst\u00e8me de fermeture coulissante offre une solution s\u00fbre, rapide et confortable pour le montage de plaques d'immatriculation autrichiennes et slov\u00e8nes (520 x 120 mm). Gr\u00e2ce \u00e0 la fermeture coulissante innovante, les plaques d'immatriculation peuvent \u00eatre ins\u00e9r\u00e9es sans effort. Le support de plaque d'immatriculation est fabriqu\u00e9 en mat\u00e9riau flexible et quasi incassable (polypropyl\u00e8ne) et s'adapte au contour du v\u00e9hicule sans provoquer de bruits de cliquetis. Il convient aux voitures particuli\u00e8res ainsi qu'aux camions et s'int\u00e8gre subtilement \u00e0 l'esth\u00e9tique du v\u00e9hicule gr\u00e2ce \u00e0 son design discret.<\/p>\n<p>Le porte-plaque d'immatriculation 526 est <strong>Test\u00e9 pour sa valeur d'usage par le T\u00dcV, conforme \u00e0 toutes les normes UE applicables et aux r\u00e9glementations actuelles. Les bords ext\u00e9rieurs arrondis avec un rayon minimum de 2,5 mm garantissent une s\u00e9curit\u00e9 maximale et rendent le support de plaque d'immatriculation enti\u00e8rement autoris\u00e9 pour une utilisation sur la route.<\/strong><\/p>\n<p>Gr\u00e2ce \u00e0 des versions imprim\u00e9es individuelles avec logo ou message publicitaire, le support de plaque d'immatriculation devient un support publicitaire durable et accrocheur \u2013 id\u00e9al pour les concessionnaires automobiles, les ateliers, les parcs de v\u00e9hicules, les bureaux d'assurance ou les associations.<\/p>\n<p><strong>D\u00e9tails du produit :<\/strong><\/p>\n<ul>\n<li>Porte-plaque d'immatriculation 526 \u2013 pour plaques d'immatriculation autrichiennes et slov\u00e8nes L 520 x H 120 mm<\/li>\n<li>Fermeture : fermoir coulissant<\/li>\n<li>Couleur : noir<\/li>\n<li>Mat\u00e9riau : Polypropyl\u00e8ne<\/li>\n<li>Variantes d\u2019impression : non imprim\u00e9, s\u00e9rigraphie, impression num\u00e9rique 4c satin\u00e9, impression num\u00e9rique 4c avec rev\u00eatement en r\u00e9sine synth\u00e9tique\n<ul>\n<li><strong>Avec tous les porte-plaques d'immatriculation \u00e0 impression num\u00e9rique 4c, l'impression se trouve dans un renfoncement du porte-plaque et est ainsi prot\u00e9g\u00e9e de mani\u00e8re fiable contre les rayures, les intemp\u00e9ries et les contraintes m\u00e9caniques \u2013 pour une pr\u00e9sence de marque durable et de haute qualit\u00e9.<\/strong><\/li>\n<\/ul>\n<\/li>\n<\/ul>","protected":false},"excerpt":{"rendered":"<p>Kennzeichenhalter PKW \u00d6sterreich und Slowenien Type 526 mit Schiebeverschluss passen f\u00fcr Kennzeichengr\u00f6\u00dfe 520&#215;120 mm. Der Evamatic Kennzeichenhalter Type 526 mit Schiebeverschluss System bieten eine sichere, schnelle und komfortable L\u00f6sung zur Montage von \u00f6sterreichischen und slowenischen Kennzeichen (520 \u00d7 120 mm). Dank innovativem Schiebeverschluss lassen sich Kennzeichen m\u00fchelos einlegen. Der Kennzeichenhalter ist aus flexiblem, nahezu bruchfestem [&hellip;]<\/p>\n","protected":false},"featured_media":4448,"template":"","meta":{"_acf_changed":false},"product_brand":[],"product_cat":[200,205],"product_tag":[],"class_list":{"0":"post-2591","1":"product","2":"type-product","3":"status-publish","4":"has-post-thumbnail","6":"product_cat-kennzeichenhalter-oesterreich-slowenien","7":"product_cat-pkw-lkw-520x120-mm","8":"pa_druckvariante-4c-druck-mit-kunstharzbeschichtung-reflektierend","9":"pa_druckvariante-4c-druck-mit-kunstharzbeschichtung-silber-matt","10":"pa_druckvariante-unbedruckt","11":"pa_druckvariante-siebdruck-einfaerbig-weiss","12":"pa_druckvariante-siebdruck-einfaerbig-silber","13":"pa_druckvariante-4c-druck-seidenmatt","14":"pa_druckvariante-4c-druck-mit-kunstharzbeschichtung","15":"pa_druckvariante-4c-druck-mit-kunstharzbeschichtung-silber-hochglanz","16":"pa_menge-102","17":"pa_menge-93","18":"pa_menge-94","19":"pa_menge-95","20":"pa_menge-96","21":"pa_menge-97","22":"pa_menge-98","23":"pa_menge-99","24":"pa_menge-100","25":"pa_menge-101","27":"first","28":"instock","29":"taxable","30":"shipping-taxable","31":"purchasable","32":"product-type-variable"},"exclude_global_add_ons":false,"addons":[{"name":"Fichier d'impression \u00e0 t\u00e9l\u00e9charger","type":"file_upload","position":0,"required":false,"title_format":"label","default":"","description_enable":false,"description":"Bitte laden Sie hier die Druckdatei (Bild) hoch.","placeholder_enable":false,"placeholder":"","display":"select","restrictions_type":"any_text","adjust_price":false,"price":"","price_type":"flat_fee","restrictions":false,"min":"0","max":"0","options":[],"id":1776081863},{"name":"\u00a0","type":"checkbox","position":1,"required":false,"title_format":"label","default":"","description_enable":true,"description":"Confiez la conception aux professionnels ! Envoyez-nous simplement vos souhaits, logos, textes et polices pr\u00e9f\u00e9r\u00e9es par e-mail ou via notre fonction de t\u00e9l\u00e9chargement. Notre \u00e9quipe graphique exp\u00e9riment\u00e9e cr\u00e9era jusqu'\u00e0 3 propositions de design personnalis\u00e9es, parfaitement adapt\u00e9es \u00e0 vos besoins.","placeholder_enable":false,"placeholder":"","display":"select","restrictions_type":"any_text","adjust_price":false,"price":"","price_type":"flat_fee","restrictions":false,"min":"0","max":"0","options":[{"label":"Professionelle Layouterstellung durch unsere Grafikabteilung","price":"35","price_type":"flat_fee","image":0,"visibility":true}],"id":1775653837}],"acf":[],"_links":{"self":[{"href":"https:\/\/www.evamatic.com\/fr\/wp-json\/wp\/v2\/product\/2591","targetHints":{"allow":["GET"]}}],"collection":[{"href":"https:\/\/www.evamatic.com\/fr\/wp-json\/wp\/v2\/product"}],"about":[{"href":"https:\/\/www.evamatic.com\/fr\/wp-json\/wp\/v2\/types\/product"}],"wp:featuredmedia":[{"embeddable":true,"href":"https:\/\/www.evamatic.com\/fr\/wp-json\/wp\/v2\/media\/4448"}],"wp:attachment":[{"href":"https:\/\/www.evamatic.com\/fr\/wp-json\/wp\/v2\/media?parent=2591"}],"wp:term":[{"taxonomy":"product_brand","embeddable":true,"href":"https:\/\/www.evamatic.com\/fr\/wp-json\/wp\/v2\/product_brand?post=2591"},{"taxonomy":"product_cat","embeddable":true,"href":"https:\/\/www.evamatic.com\/fr\/wp-json\/wp\/v2\/product_cat?post=2591"},{"taxonomy":"product_tag","embeddable":true,"href":"https:\/\/www.evamatic.com\/fr\/wp-json\/wp\/v2\/product_tag?post=2591"}],"curies":[{"name":"wp","href":"https:\/\/api.w.org\/{rel}","templated":true}]}}