{"id":3,"date":"2026-01-22T12:31:49","date_gmt":"2026-01-22T12:31:49","guid":{"rendered":"http:\/\/www.evamatic.at\/?page_id=3"},"modified":"2026-03-26T15:19:05","modified_gmt":"2026-03-26T14:19:05","slug":"protection-des-donnees","status":"publish","type":"page","link":"https:\/\/www.evamatic.com\/fr\/datenschutz\/","title":{"rendered":"Protection des donn\u00e9es"},"content":{"rendered":"<p><span style=\"font-weight: 400;\">Cette politique de confidentialit\u00e9 informe les utilisateurs de ce site web, conform\u00e9ment au R\u00e8glement G\u00e9n\u00e9ral sur la Protection des Donn\u00e9es (RGPD) de l'Union Europ\u00e9enne, sur le type, la port\u00e9e et la finalit\u00e9 de la collecte et de l'utilisation des donn\u00e9es personnelles par l'exploitant du site web. L'exploitant du site web traite vos donn\u00e9es personnelles de mani\u00e8re confidentielle et conform\u00e9ment aux dispositions l\u00e9gales.<\/span><\/p>\r\n<p><span style=\"font-weight: 400;\">Les donn\u00e9es \u00e0 caract\u00e8re personnel sont des informations relatives \u00e0 une personne physique identifi\u00e9e ou identifiable, telles que les coordonn\u00e9es ou une adresse IP. Les termes employ\u00e9s dans la pr\u00e9sente politique de confidentialit\u00e9 doivent \u00eatre interpr\u00e9t\u00e9s conform\u00e9ment au r\u00e8glement g\u00e9n\u00e9ral sur la protection des donn\u00e9es (ci-apr\u00e8s d\u00e9nomm\u00e9 le \u201e RGPD \u201c).<\/span><\/p>\r\n<h2 class=\"wp-block-heading\"><b>Donn\u00e9es d'acc\u00e8s<\/b><\/h2>\r\n<p><span style=\"font-weight: 400;\">Le propri\u00e9taire du site web collecte des donn\u00e9es sur les acc\u00e8s \u00e0 la page et les enregistre sous forme de \u201e journaux de serveur \u201c. Les donn\u00e9es suivantes sont ainsi enregistr\u00e9es :<\/span><\/p>\r\n<ul>\r\n<li><span style=\"font-weight: 400;\"> Site web visit\u00e9<\/span><\/li>\r\n<li><span style=\"font-weight: 400;\"> Heure de l'acc\u00e8s<\/span><\/li>\r\n<li><span style=\"font-weight: 400;\"> Quantit\u00e9 de donn\u00e9es envoy\u00e9es en octets<\/span><\/li>\r\n<li><span style=\"font-weight: 400;\"> Quelle\/R\u00e9f\u00e9rence<\/span><\/li>\r\n<li><span style=\"font-weight: 400;\"> Navigateur utilis\u00e9<\/span><\/li>\r\n<li><span style=\"font-weight: 400;\"> Syst\u00e8me d'exploitation utilis\u00e9<\/span><\/li>\r\n<li><span style=\"font-weight: 400;\"> Adresse IP utilis\u00e9e<\/span><\/li>\r\n<\/ul>\r\n<p><span style=\"font-weight: 400;\">Les donn\u00e9es collect\u00e9es servent uniquement \u00e0 des analyses statistiques et \u00e0 l'am\u00e9lioration du site web. Cependant, l'exploitant du site web se r\u00e9serve le droit de v\u00e9rifier ult\u00e9rieurement les journaux de serveur en cas d'indices concrets d'une utilisation illicite.<\/span><\/p>\r\n<h2><b>Biscuits<\/b><\/h2>\r\n<p><span style=\"font-weight: 400;\">Ce site web utilise des cookies. Il s'agit de petits fichiers texte qui sont stock\u00e9s sur un appareil terminal. Les navigateurs courants offrent la possibilit\u00e9 de refuser les cookies. Remarque : il n'est pas garanti que toutes les fonctionnalit\u00e9s de ce site web soient accessibles sans restriction si les param\u00e8tres appropri\u00e9s sont appliqu\u00e9s.<\/span><\/p>\r\n<h2><b>Gestion des donn\u00e9es personnelles<\/b><\/h2>\r\n<p><span style=\"font-weight: 400;\">Le responsable du site ne collecte, n'utilise et ne transmet des donn\u00e9es personnelles que dans la mesure o\u00f9 cela est autoris\u00e9 par la loi ou si le consentement \u00e0 la collecte de donn\u00e9es est donn\u00e9.<\/span><\/p>\r\n<p><span style=\"font-weight: 400;\">Sont consid\u00e9r\u00e9es comme donn\u00e9es personnelles toutes les informations permettant d'identifier une personne \u2013 par exemple, le nom, votre adresse e-mail et votre num\u00e9ro de t\u00e9l\u00e9phone.<\/span><\/p>\r\n<h2><b>Gestion des informations de contact<\/b><\/h2>\r\n<p><span style=\"font-weight: 400;\">Si le responsable du site web est contact\u00e9 par les moyens de contact propos\u00e9s, les informations seront enregistr\u00e9es afin de pouvoir y recourir pour le traitement et la r\u00e9ponse \u00e0 la demande, ainsi qu'en cas de questions de suivi. Sans consentement, ces donn\u00e9es ne seront pas transmises \u00e0 des tiers.<\/span><\/p>\r\n<h2><b>Dur\u00e9e du traitement des donn\u00e9es<\/b><\/h2>\r\n<p><span style=\"font-weight: 400;\">Les donn\u00e9es personnelles trait\u00e9es dans le cadre de l'ex\u00e9cution du contrat seront trait\u00e9es au maximum pendant la dur\u00e9e des d\u00e9lais l\u00e9gaux de conservation (actuellement 7 ans). Les parties au contrat peuvent convenir de d\u00e9lais plus longs. Les donn\u00e9es personnelles provenant des demandes seront conserv\u00e9es pendant la dur\u00e9e de traitement de la demande.\u00a0<\/span><\/p>\r\n<h2><b>Droits de l'utilisateur : information, rectification et suppression<\/b><\/h2>\r\n<p><span style=\"font-weight: 400;\">Le droit de la protection des donn\u00e9es conf\u00e8re \u00e0 la personne concern\u00e9e par un traitement de donn\u00e9es les droits suivants :<\/span><\/p>\r\n<ol>\r\n<li style=\"font-weight: 400;\" aria-level=\"1\"><span style=\"font-weight: 400;\">Droit de demander des renseignements<\/span><\/li>\r\n<li style=\"font-weight: 400;\" aria-level=\"1\"><span style=\"font-weight: 400;\">Droit de rectification<\/span><\/li>\r\n<li style=\"font-weight: 400;\" aria-level=\"1\"><span style=\"font-weight: 400;\">Droit \u00e0 l'effacement<\/span><\/li>\r\n<li style=\"font-weight: 400;\" aria-level=\"1\"><span style=\"font-weight: 400;\">Droit \u00e0 la limitation du traitement<\/span><\/li>\r\n<li style=\"font-weight: 400;\" aria-level=\"1\"><span style=\"font-weight: 400;\">Droit d'opposition<\/span><\/li>\r\n<li style=\"font-weight: 400;\" aria-level=\"1\"><span style=\"font-weight: 400;\">R\u00e9vocation d'un consentement donn\u00e9<\/span><\/li>\r\n<li style=\"font-weight: 400;\" aria-level=\"1\"><span style=\"font-weight: 400;\">Droit \u00e0 la portabilit\u00e9 des donn\u00e9es<\/span><\/li>\r\n<li style=\"font-weight: 400;\" aria-level=\"1\"><span style=\"font-weight: 400;\">Droit de recours aupr\u00e8s de l'autorit\u00e9 de protection des donn\u00e9es<\/span><\/li>\r\n<\/ol>\r\n<p><span style=\"font-weight: 400;\"><br \/>Pour faire valoir les droits mentionn\u00e9s aux points a) \u00e0 g), les personnes concern\u00e9es peuvent contacter par e-mail<\/span><span style=\"font-weight: 400;\"> Courriel du client<\/span><span style=\"font-weight: 400;\"> tourner.<\/span><\/p>\r\n<h2><b>Google Analytics<\/b><\/h2>\r\n<p><span style=\"font-weight: 400;\">Dans la mesure o\u00f9 vous y avez consenti, Google Analytics 4, un service d\u2019analyse Web de Google LLC, est utilis\u00e9 sur ce site Web. L\u2019entit\u00e9 responsable pour les utilisateurs dans l\u2019UE\/ l\u2019EEE et en Suisse est Google Ireland Limited, Google Building Gordon House, 4 Barrow St, Dublin, D04 E5W5, Irlande (\u201e Google \u201c).<\/span><\/p>\r\n<p><span style=\"font-weight: 400;\">Google Analytics utilise des cookies qui permettent d'analyser votre utilisation de notre site web. Les informations collect\u00e9es par les cookies concernant votre utilisation de ce site web sont g\u00e9n\u00e9ralement transmises \u00e0 un serveur de Google aux \u00c9tats-Unis et y sont stock\u00e9es.<\/span><\/p>\r\n<p><span style=\"font-weight: 400;\">Dans Google Analytics 4, l'anonymisation des adresses IP est activ\u00e9e par d\u00e9faut. En raison de l'anonymisation des IP, votre adresse IP sera raccourcie par Google dans les \u00c9tats membres de l'Union europ\u00e9enne ou dans d'autres \u00c9tats contractants de l'accord sur l'Espace \u00e9conomique europ\u00e9en. Ce n'est que dans des cas exceptionnels que l'adresse IP compl\u00e8te sera transf\u00e9r\u00e9e \u00e0 un serveur de Google aux \u00c9tats-Unis et y sera raccourcie. L'adresse IP transmise par votre navigateur dans le cadre de Google Analytics ne sera pas recoup\u00e9e avec d'autres donn\u00e9es de Google, selon Google.<\/span><\/p>\r\n<p><span style=\"font-weight: 400;\">Pendant votre visite sur notre site web, votre comportement d'utilisateur est enregistr\u00e9 sous forme d\u201e\u201c\u00e9v\u00e9nements\". Les \u00e9v\u00e9nements peuvent \u00eatre :<\/span><\/p>\r\n<ul>\r\n<li style=\"font-weight: 400;\" aria-level=\"1\"><span style=\"font-weight: 400;\">Vues de page<\/span><\/li>\r\n<li style=\"font-weight: 400;\" aria-level=\"1\"><span style=\"font-weight: 400;\">Premi\u00e8re visite sur le site web<\/span><\/li>\r\n<li style=\"font-weight: 400;\" aria-level=\"1\"><span style=\"font-weight: 400;\">D\u00e9marrage de la session<\/span><\/li>\r\n<li style=\"font-weight: 400;\" aria-level=\"1\"><span style=\"font-weight: 400;\">Votre \u201e chemin de clics \u201c, interaction avec le site web<\/span><\/li>\r\n<li style=\"font-weight: 400;\" aria-level=\"1\"><span style=\"font-weight: 400;\">D\u00e9filements (chaque fois qu'un utilisateur fait d\u00e9filer jusqu'en bas de la page (90%))<\/span><\/li>\r\n<li style=\"font-weight: 400;\" aria-level=\"1\"><span style=\"font-weight: 400;\">Clics sur les liens externes\u00a0<\/span><\/li>\r\n<li style=\"font-weight: 400;\" aria-level=\"1\"><span style=\"font-weight: 400;\">Demandes de recherche internes<\/span><\/li>\r\n<li style=\"font-weight: 400;\" aria-level=\"1\"><span style=\"font-weight: 400;\">Interaction avec les vid\u00e9os<\/span><\/li>\r\n<li style=\"font-weight: 400;\" aria-level=\"1\"><span style=\"font-weight: 400;\">T\u00e9l\u00e9chargements de fichiers<\/span><\/li>\r\n<li style=\"font-weight: 400;\" aria-level=\"1\"><span style=\"font-weight: 400;\">annonces vues \/ cliqu\u00e9es<\/span><\/li>\r\n<li style=\"font-weight: 400;\" aria-level=\"1\"><span style=\"font-weight: 400;\">Param\u00e8tres linguistiques<\/span><\/li>\r\n<\/ul>\r\n<p><span style=\"font-weight: 400;\"><br \/>En outre, il est \u00e9galement enregistr\u00e9 :<\/span><\/p>\r\n<ul>\r\n<li style=\"font-weight: 400;\" aria-level=\"1\"><span style=\"font-weight: 400;\">Votre emplacement approximatif (r\u00e9gion)<\/span><\/li>\r\n<li style=\"font-weight: 400;\" aria-level=\"1\"><span style=\"font-weight: 400;\">Votre adresse IP (sous forme abr\u00e9g\u00e9e)<\/span><\/li>\r\n<li style=\"font-weight: 400;\" aria-level=\"1\"><span style=\"font-weight: 400;\">informations techniques sur votre navigateur et les appareils que vous utilisez (par exemple, param\u00e8tres de langue, r\u00e9solution d'\u00e9cran)<\/span><\/li>\r\n<li style=\"font-weight: 400;\" aria-level=\"1\"><span style=\"font-weight: 400;\">Votre fournisseur d'acc\u00e8s \u00e0 Internet<\/span><\/li>\r\n<li style=\"font-weight: 400;\" aria-level=\"1\"><span style=\"font-weight: 400;\">l'URL de r\u00e9f\u00e9rence (via quel site web\/quelle publicit\u00e9 vous \u00eates arriv\u00e9 sur ce site web)<\/span><\/li>\r\n<\/ul>\r\n<p><span style=\"font-weight: 400;\"><br \/>Ces donn\u00e9es li\u00e9es \u00e0 l'utilisateur sont automatiquement supprim\u00e9es apr\u00e8s 14 mois. Les autres donn\u00e9es sont conserv\u00e9es ind\u00e9finiment sous forme agr\u00e9g\u00e9e.<\/span><\/p>\r\n<p><span style=\"font-weight: 400;\">Vous trouverez plus d'informations sur les conditions d'utilisation de Google Analytics et sur la protection de la vie priv\u00e9e chez Google \u00e0 l'adresse <\/span><a href=\"https:\/\/marketingplatform.google.com\/about\/analytics\/terms\/de\/\" target=\"_blank\" rel=\"noopener\"><span style=\"font-weight: 400;\">https:\/\/marketingplatform.google.com\/about\/analytics\/terms\/de<\/span><\/a><span style=\"font-weight: 400;\">et sous <\/span><a href=\"https:\/\/policies.google.com\/?hl=de\" target=\"_blank\" rel=\"noopener\"><span style=\"font-weight: 400;\">https:\/\/policies.google.com\/?hl=de<\/span><\/a><span style=\"font-weight: 400;\">.<\/span><\/p>\r\n<p>&nbsp;<\/p>\r\n<p>&nbsp;<\/p>","protected":false},"excerpt":{"rendered":"<p>Diese Datenschutzerkl\u00e4rung informiert die Nutzer dieser Website gem\u00e4\u00df europ\u00e4ischer Datenschutzgrundverordnung (DSGVO) \u00fcber die Art, den Umfang und den Zweck der Erhebung und der Verwendung personenbezogener Daten durch den Websitebetreiber. Der Websitebetreiber behandelt Ihre personenbezogenen Daten vertraulich und entsprechend der gesetzlichen Vorschriften. Personenbezogene Daten sind Informationen, die sich auf die Identit\u00e4t einer Person beziehen oder durch [&hellip;]<\/p>\n","protected":false},"author":1,"featured_media":0,"parent":0,"menu_order":0,"comment_status":"closed","ping_status":"open","template":"","meta":{"_acf_changed":false,"footnotes":""},"class_list":["post-3","page","type-page","status-publish","hentry"],"acf":[],"_links":{"self":[{"href":"https:\/\/www.evamatic.com\/fr\/wp-json\/wp\/v2\/pages\/3","targetHints":{"allow":["GET"]}}],"collection":[{"href":"https:\/\/www.evamatic.com\/fr\/wp-json\/wp\/v2\/pages"}],"about":[{"href":"https:\/\/www.evamatic.com\/fr\/wp-json\/wp\/v2\/types\/page"}],"author":[{"embeddable":true,"href":"https:\/\/www.evamatic.com\/fr\/wp-json\/wp\/v2\/users\/1"}],"replies":[{"embeddable":true,"href":"https:\/\/www.evamatic.com\/fr\/wp-json\/wp\/v2\/comments?post=3"}],"version-history":[{"count":5,"href":"https:\/\/www.evamatic.com\/fr\/wp-json\/wp\/v2\/pages\/3\/revisions"}],"predecessor-version":[{"id":721,"href":"https:\/\/www.evamatic.com\/fr\/wp-json\/wp\/v2\/pages\/3\/revisions\/721"}],"wp:attachment":[{"href":"https:\/\/www.evamatic.com\/fr\/wp-json\/wp\/v2\/media?parent=3"}],"curies":[{"name":"wp","href":"https:\/\/api.w.org\/{rel}","templated":true}]}}