{"id":3144,"date":"2026-04-09T14:19:08","date_gmt":"2026-04-09T12:19:08","guid":{"rendered":"https:\/\/www.evamatic.at\/product\/kunden-info-box-2\/"},"modified":"2026-04-22T09:49:48","modified_gmt":"2026-04-22T07:49:48","slug":"customer-info-box-2","status":"publish","type":"product","link":"https:\/\/www.evamatic.com\/en\/product\/kunden-info-box-2\/","title":{"rendered":"Customer Information Box DIN A4 \/ DIN A6"},"content":{"rendered":"<p><strong>Prospectus organisation for flyers, brochures, price lists DIN A4 or DIN A6<\/strong><\/p>\n<p>With our brochure organisation solutions, you can present brochures, flyers and information materials clearly, visibly and professionally. Whether on a vehicle, in reception areas, waiting zones, exhibition stands, offices or retail spaces \u2013 well-organised information materials are noticed and used more quickly. Our brochure holders are versatile, robust and made from high-quality materials. They offer sufficient space for standard paper sizes such as A4 or A6, as well as flexible mounting options \u2013 from wall-mounted and tabletop to mobile use.<\/p>\n<p>&nbsp;<\/p>\n<p><strong>Advantages<\/strong><\/p>\n<ul>\n<li>A clear presentation of your brochures and flyers<\/li>\n<li>Easy access for customers and visitors<\/li>\n<li>Robust and durable \u2013 ideal for high-traffic areas<\/li>\n<li>Versatile mounting: on the vehicle, wall, table or freestanding<\/li>\n<li>Suitable for either A4 or A6<\/li>\n<\/ul>\n<p>&nbsp;<\/p>\n<p><strong>Areas of application<\/strong><\/p>\n<ul>\n<li>Vehicle Presentation<\/li>\n<li>Reception and waiting areas<\/li>\n<li>Exhibitions &amp; Events<\/li>\n<li>Offices, Retail Spaces &amp; Showroom<\/li>\n<li>Information points &amp; Reception<\/li>\n<li>Authorities, practices &amp; training rooms<\/li>\n<\/ul>\n<p>&nbsp;<\/p>\n<p><strong>Product details:<\/strong><\/p>\n<ul>\n<li>Material: 3 mm acrylic glass Back panel: shatterproof PET material<\/li>\n<li>Colour: black\/transparent<\/li>\n<li>Special features: self-closing lid, large capacity, cannot be blown open by wind, ventilation holes to prevent condensation, for indoor and outdoor use<\/li>\n<\/ul>","protected":false},"excerpt":{"rendered":"<p>Prospektorganisation f\u00fcr Flyer, Brosch\u00fcren Preisbl\u00e4tter DIN A4 oder DIN A6 Mit unseren Prospektorganisation-L\u00f6sungen pr\u00e4sentieren Sie Brosch\u00fcren, Flyer und Informationsmaterial \u00fcbersichtlich, gut sichtbar und professionell. Ob am Fahrzeug, in Empfangsbereichen, Wartezonen, Messest\u00e4nden, B\u00fcro oder Verkaufsr\u00e4umen \u2013 gut organisierte Informationsmaterialien werden schneller wahrgenommen und genutzt.Unsere Prospekthalter sind vielseitig einsetzbar, robust und aus hochwertigen Materialien gefertigt. Sie bieten [&hellip;]<\/p>\n","protected":false},"featured_media":726,"template":"","meta":{"_acf_changed":false},"product_brand":[],"product_cat":[89],"product_tag":[],"class_list":{"0":"post-3144","1":"product","2":"type-product","3":"status-publish","4":"has-post-thumbnail","6":"product_cat-kunden-infoboxen","7":"pa_groesse-din-a4","8":"pa_groesse-din-a6","9":"pa_menge-193","10":"pa_menge-194","11":"pa_menge-195","12":"pa_menge-93","13":"pa_menge-196","14":"pa_menge-94","15":"pa_menge-95","16":"pa_menge-113","17":"pa_menge-123","18":"pa_menge-191","19":"pa_menge-192","21":"first","22":"instock","23":"taxable","24":"shipping-taxable","25":"purchasable","26":"product-type-variable"},"exclude_global_add_ons":[],"addons":[],"acf":[],"_links":{"self":[{"href":"https:\/\/www.evamatic.com\/en\/wp-json\/wp\/v2\/product\/3144","targetHints":{"allow":["GET"]}}],"collection":[{"href":"https:\/\/www.evamatic.com\/en\/wp-json\/wp\/v2\/product"}],"about":[{"href":"https:\/\/www.evamatic.com\/en\/wp-json\/wp\/v2\/types\/product"}],"wp:featuredmedia":[{"embeddable":true,"href":"https:\/\/www.evamatic.com\/en\/wp-json\/wp\/v2\/media\/726"}],"wp:attachment":[{"href":"https:\/\/www.evamatic.com\/en\/wp-json\/wp\/v2\/media?parent=3144"}],"wp:term":[{"taxonomy":"product_brand","embeddable":true,"href":"https:\/\/www.evamatic.com\/en\/wp-json\/wp\/v2\/product_brand?post=3144"},{"taxonomy":"product_cat","embeddable":true,"href":"https:\/\/www.evamatic.com\/en\/wp-json\/wp\/v2\/product_cat?post=3144"},{"taxonomy":"product_tag","embeddable":true,"href":"https:\/\/www.evamatic.com\/en\/wp-json\/wp\/v2\/product_tag?post=3144"}],"curies":[{"name":"what","href":"https:\/\/api.w.org\/{rel}","templated":true}]}}