{"id":3056,"date":"2026-04-09T14:19:04","date_gmt":"2026-04-09T12:19:04","guid":{"rendered":"https:\/\/www.evamatic.at\/product\/kennzeichenhalter-pkw-schweiz-3008ch-klapprahmen-2\/"},"modified":"2026-05-05T13:57:30","modified_gmt":"2026-05-05T11:57:30","slug":"number-plate-holder-car-switzerland-3008ch-flip-frame-2","status":"publish","type":"product","link":"https:\/\/www.evamatic.com\/en\/product\/kennzeichenhalter-pkw-schweiz-3008ch-klapprahmen-2\/","title":{"rendered":"Number plate holder for cars, Switzerland, 300 x 80 mm (3008CH) \u2013 Flip frame"},"content":{"rendered":"<p><strong>The licence plate holder 3008CH is a flip frame suitable for Swiss car licence plates measuring 300x80 mm.<\/strong><\/p>\n<p>The Der Evamatic license plate holder 3008CH is specifically designed for Swiss license plates measuring 300x80 mm and ensures secure, stable, and neat attachment to the vehicle. Thanks to its precise fit, the license plate sits firmly and vibration-free, ideal for daily use on the road. The holder impresses with its robust construction and durable design, which reliably holds up even in varying weather conditions. The simple, functional appearance blends in with any vehicle design.<\/p>\n<p><strong>Advantages<\/strong><\/p>\n<ul>\n<li>Suitable for Swiss number plates 300\u00d780 mm<\/li>\n<li>Secure hold without rattling<\/li>\n<li>Robust and durable design<\/li>\n<li>Easy assembly<\/li>\n<li>Subtle, timeless design<br \/>\nAreas of application<\/li>\n<li>Private and commercial vehicles in Switzerland<\/li>\n<li>Private vehicles<\/li>\n<li>Company and service vehicles<\/li>\n<li>Car dealerships and repair shops<\/li>\n<\/ul>\n<p>&nbsp;<\/p>\n<p><strong><span style=\"color: #000000;\">Product details:<\/span><\/strong><\/p>\n<ul>\n<li><span style=\"color: #000000;\">Closure: Snap frame<\/span><\/li>\n<li><span style=\"color: #000000;\">Colour: black<\/span><\/li>\n<li><span style=\"color: #000000;\">Polypropylene<\/span><\/li>\n<li><span style=\"color: #000000;\">Print variants: unprinted, 4c digital print silk matt, 4c digital print with synthetic resin coating<\/span><\/li>\n<\/ul>","protected":false},"excerpt":{"rendered":"<p>Der Kennzeichenhalter 3008CH ist ein Klapprahmen passend f\u00fcr schweizer PKW Kennzeichen im Format 300&#215;80 mm. Der Evamatic Kennzeichenhalter 3008CH ist speziell f\u00fcr schweizer Kennzeichen 300&#215;80 mm konzipiert und sorgt f\u00fcr eine sichere, stabile und saubere Befestigung am Fahrzeug. Dank passgenauer Ausf\u00fchrung sitzt das Kennzeichen fest und vibrationsfrei \u2013 ideal f\u00fcr den t\u00e4glichen Einsatz im Stra\u00dfenverkehr. [&hellip;]<\/p>\n","protected":false},"featured_media":2138,"template":"","meta":{"_acf_changed":false},"product_brand":[],"product_cat":[201,209],"product_tag":[],"class_list":{"0":"post-3056","1":"product","2":"type-product","3":"status-publish","4":"has-post-thumbnail","6":"product_cat-kennzeichenhalter-schweiz","7":"product_cat-pkw-lkw-500x100-mm-300x80-mm-300x160-mm","8":"pa_druckvariante-4c-druck-mit-kunstharzbeschichtung-silber-hochglanz","9":"pa_druckvariante-4c-druck-mit-kunstharzbeschichtung-reflektierend","10":"pa_druckvariante-4c-druck-mit-kunstharzbeschichtung-silber-matt","11":"pa_druckvariante-4c-druck-seidenmatt","12":"pa_druckvariante-4c-druck-mit-kunstharzbeschichtung","13":"pa_menge-96","14":"pa_menge-114","15":"pa_menge-118","16":"pa_menge-130","17":"pa_menge-131","19":"first","20":"instock","21":"taxable","22":"shipping-taxable","23":"purchasable","24":"product-type-variable"},"exclude_global_add_ons":false,"addons":[{"name":"Print file upload","type":"file_upload","position":0,"required":false,"title_format":"label","default":"","description_enable":false,"description":"Please upload the print file (image) here.","placeholder_enable":false,"placeholder":"","display":"select","restrictions_type":"any_text","adjust_price":false,"price":"","price_type":"flat_fee","restrictions":false,"min":"0","max":"0","options":[],"id":1776081863},{"name":"\u00a0","type":"checkbox","position":1,"required":false,"title_format":"label","default":"","description_enable":true,"description":"Leave the design to the professionals! Simply send us your wishes, logos, texts and preferred fonts conveniently by email or via our upload function. Our experienced graphic design team will create up to 3 individual design proposals for you, perfectly tailored to your requirements.","placeholder_enable":false,"placeholder":"","display":"select","restrictions_type":"any_text","adjust_price":false,"price":"","price_type":"flat_fee","restrictions":false,"min":"0","max":"0","options":[{"label":"Professionelle Layouterstellung durch unsere Grafikabteilung","price":"35","price_type":"flat_fee","image":0,"visibility":true}],"id":1775653837}],"acf":[],"_links":{"self":[{"href":"https:\/\/www.evamatic.com\/en\/wp-json\/wp\/v2\/product\/3056","targetHints":{"allow":["GET"]}}],"collection":[{"href":"https:\/\/www.evamatic.com\/en\/wp-json\/wp\/v2\/product"}],"about":[{"href":"https:\/\/www.evamatic.com\/en\/wp-json\/wp\/v2\/types\/product"}],"wp:featuredmedia":[{"embeddable":true,"href":"https:\/\/www.evamatic.com\/en\/wp-json\/wp\/v2\/media\/2138"}],"wp:attachment":[{"href":"https:\/\/www.evamatic.com\/en\/wp-json\/wp\/v2\/media?parent=3056"}],"wp:term":[{"taxonomy":"product_brand","embeddable":true,"href":"https:\/\/www.evamatic.com\/en\/wp-json\/wp\/v2\/product_brand?post=3056"},{"taxonomy":"product_cat","embeddable":true,"href":"https:\/\/www.evamatic.com\/en\/wp-json\/wp\/v2\/product_cat?post=3056"},{"taxonomy":"product_tag","embeddable":true,"href":"https:\/\/www.evamatic.com\/en\/wp-json\/wp\/v2\/product_tag?post=3056"}],"curies":[{"name":"what","href":"https:\/\/api.w.org\/{rel}","templated":true}]}}