{"id":3020,"date":"2026-04-09T14:19:02","date_gmt":"2026-04-09T12:19:02","guid":{"rendered":"https:\/\/www.evamatic.at\/product\/kennzeichenhalter-pkw-schweiz-5011ch-klapprahmen-2\/"},"modified":"2026-05-05T13:57:52","modified_gmt":"2026-05-05T11:57:52","slug":"number-plate-holder-car-switzerland-5011ch-folding-frame-2","status":"publish","type":"product","link":"https:\/\/www.evamatic.com\/en\/product\/kennzeichenhalter-pkw-schweiz-5011ch-klapprahmen-2\/","title":{"rendered":"Number plate holder for cars, Switzerland 500\u00d7110 mm (5011CH) \u2013 Flip frame"},"content":{"rendered":"<p><span style=\"color: #000000;\"><strong>The number plate holder 5011CH is a clip-on frame suitable for Swiss car number plates in the size 500\u00d7110 mm.<\/strong><\/span><\/p>\n<p><span style=\"color: #000000;\">The Der Evamatic number plate holder 5011CH is specially designed for Swiss number plates measuring 500x110mm and ensures secure, stable, and neat mounting on the vehicle. Thanks to its precise fit, the number plate sits firmly and vibration-free \u2013 ideal for daily use on the road. The holder impresses with its robust construction and durable design, which reliably withstands changing weather conditions. Its simple, functional appearance blends in with any vehicle design.<\/span><\/p>\n<p><span style=\"color: #000000;\"><strong>Advantages<\/strong><\/span><\/p>\n<ul>\n<li><span style=\"color: #000000;\">Suitable for Swiss license plates 500x110mm<\/span><\/li>\n<li><span style=\"color: #000000;\">Secure hold without rattling<\/span><\/li>\n<li><span style=\"color: #000000;\">Robust and durable design<\/span><\/li>\n<li><span style=\"color: #000000;\">Easy assembly<\/span><\/li>\n<li><span style=\"color: #000000;\">Subtle, timeless design<\/span><\/li>\n<\/ul>\n<p>&nbsp;<\/p>\n<p><span style=\"color: #000000;\"><strong>Areas of application<\/strong><\/span><\/p>\n<ul>\n<li><span style=\"color: #000000;\">Private and commercial vehicles in Switzerland<\/span><\/li>\n<li><span style=\"color: #000000;\">Private vehicles<\/span><\/li>\n<li><span style=\"color: #000000;\">Company and service vehicles<\/span><\/li>\n<li><span style=\"color: #000000;\">Car dealerships and repair shops<\/span><\/li>\n<\/ul>\n<p>&nbsp;<\/p>\n<p><span style=\"color: #000000;\"><strong>Product details:<\/strong><\/span><\/p>\n<ul>\n<li><span style=\"color: #000000;\">Number plate holder 5011CH \u2013 for Swiss number plates L 500 H 110 mm<\/span><\/li>\n<li><span style=\"color: #000000;\">Closure: Snap frame<\/span><\/li>\n<li><span style=\"color: #000000;\">Colour: black<\/span><\/li>\n<li><span style=\"color: #000000;\">Polypropylene<\/span><\/li>\n<li><span style=\"color: #000000;\">Print variants: unprinted, 4c digital print silk matt, 4c digital print with synthetic resin coating<\/span><\/li>\n<\/ul>","protected":false},"excerpt":{"rendered":"<p>Der Kennzeichenhalter 5011CH ist ein Klapprahmen passend f\u00fcr schweizer PKW Kennzeichen im Format 500&#215;110 mm. Der Evamatic Kennzeichenhalter 5011CH ist speziell f\u00fcr Schweizer Kennzeichen 500x110mm konzipiert und sorgt f\u00fcr eine sichere, stabile und saubere Befestigung am Fahrzeug. Dank passgenauer Ausf\u00fchrung sitzt das Kennzeichen fest und vibrationsfrei \u2013 ideal f\u00fcr den t\u00e4glichen Einsatz im Stra\u00dfenverkehr. Der [&hellip;]<\/p>\n","protected":false},"featured_media":2137,"template":"","meta":{"_acf_changed":false},"product_brand":[],"product_cat":[201,209],"product_tag":[],"class_list":{"0":"post-3020","1":"product","2":"type-product","3":"status-publish","4":"has-post-thumbnail","6":"product_cat-kennzeichenhalter-schweiz","7":"product_cat-pkw-lkw-500x100-mm-300x80-mm-300x160-mm","8":"pa_druckvariante-4c-druck-seidenmatt","9":"pa_druckvariante-4c-druck-mit-kunstharzbeschichtung","10":"pa_druckvariante-4c-druck-mit-kunstharzbeschichtung-silber-hochglanz","11":"pa_druckvariante-4c-druck-mit-kunstharzbeschichtung-reflektierend","12":"pa_druckvariante-4c-druck-mit-kunstharzbeschichtung-silber-matt","13":"pa_menge-95","14":"pa_menge-96","15":"pa_menge-114","16":"pa_menge-118","17":"pa_menge-130","18":"pa_menge-131","20":"first","21":"instock","22":"taxable","23":"shipping-taxable","24":"purchasable","25":"product-type-variable"},"exclude_global_add_ons":false,"addons":[{"name":"Print file upload","type":"file_upload","position":0,"required":false,"title_format":"label","default":"","description_enable":false,"description":"Please upload the print file (image) here.","placeholder_enable":false,"placeholder":"","display":"select","restrictions_type":"any_text","adjust_price":false,"price":"","price_type":"flat_fee","restrictions":false,"min":"0","max":"0","options":[],"id":1776081863},{"name":"\u00a0","type":"checkbox","position":1,"required":false,"title_format":"label","default":"","description_enable":true,"description":"Leave the design to the professionals! Simply send us your wishes, logos, texts and preferred fonts conveniently by email or via our upload function. Our experienced graphic design team will create up to 3 individual design proposals for you, perfectly tailored to your requirements.","placeholder_enable":false,"placeholder":"","display":"select","restrictions_type":"any_text","adjust_price":false,"price":"","price_type":"flat_fee","restrictions":false,"min":"0","max":"0","options":[{"label":"Professionelle Layouterstellung durch unsere Grafikabteilung","price":"35","price_type":"flat_fee","image":0,"visibility":true}],"id":1775653837}],"acf":[],"_links":{"self":[{"href":"https:\/\/www.evamatic.com\/en\/wp-json\/wp\/v2\/product\/3020","targetHints":{"allow":["GET"]}}],"collection":[{"href":"https:\/\/www.evamatic.com\/en\/wp-json\/wp\/v2\/product"}],"about":[{"href":"https:\/\/www.evamatic.com\/en\/wp-json\/wp\/v2\/types\/product"}],"wp:featuredmedia":[{"embeddable":true,"href":"https:\/\/www.evamatic.com\/en\/wp-json\/wp\/v2\/media\/2137"}],"wp:attachment":[{"href":"https:\/\/www.evamatic.com\/en\/wp-json\/wp\/v2\/media?parent=3020"}],"wp:term":[{"taxonomy":"product_brand","embeddable":true,"href":"https:\/\/www.evamatic.com\/en\/wp-json\/wp\/v2\/product_brand?post=3020"},{"taxonomy":"product_cat","embeddable":true,"href":"https:\/\/www.evamatic.com\/en\/wp-json\/wp\/v2\/product_cat?post=3020"},{"taxonomy":"product_tag","embeddable":true,"href":"https:\/\/www.evamatic.com\/en\/wp-json\/wp\/v2\/product_tag?post=3020"}],"curies":[{"name":"what","href":"https:\/\/api.w.org\/{rel}","templated":true}]}}