{"id":2984,"date":"2026-04-09T14:19:01","date_gmt":"2026-04-09T12:19:01","guid":{"rendered":"https:\/\/www.evamatic.at\/product\/kennzeichenhalter-suvs-gelaendewagen-quads-lkw-und-anhaenger-deutschland-type-340-2-zeilig-klapprahmen-2\/"},"modified":"2026-05-05T13:58:22","modified_gmt":"2026-05-05T11:58:22","slug":"number-plate-holders-suvs-4x4s-quad-bikes-lorries-and-trailers-germany-type-340-2-line-folding-frame-2","status":"publish","type":"product","link":"https:\/\/www.evamatic.com\/en\/product\/kennzeichenhalter-suvs-gelaendewagen-quads-lkw-und-anhaenger-deutschland-type-340-2-zeilig-klapprahmen-2\/","title":{"rendered":"Number plate holder SUVs \/ Off-road vehicles \/ Quads \/ Trucks and trailers Germany 340x200 mm (340 2-line) \u2013 Flip frame"},"content":{"rendered":"<p><span style=\"color: #000000;\"><strong>Number plate holder 340 \u2013 two-line flip frame for number plates in size 340\u00d7200 mm for SUVs \/ off-road vehicles \/ quads \/ trucks and trailers<\/strong><\/span><\/p>\n<p><span style=\"color: #000000;\">The Der Evamatic Licence Plate Holder 340 by Evamatic is a robust, two-line flip frame licence plate holder in the format 340 \u00d7 200 mm, ideal for vehicles with two-line licence plates such as commercial vehicles, SUVs, lorries or trailers. It is made of high-quality, weather- and UV-resistant plastic, which allows for long-lasting use even in changing weather conditions. The clever flip frame system with a secure bayonet or twist lock allows for quick and easy changing of the licence plate without having to drill or screw the number plate itself. Thanks to the universal hole pattern, the holder fits many common vehicle brands with suitable mounting points.<\/span><\/p>\n<p>&nbsp;<\/p>\n<p><span style=\"color: #000000;\"><strong>Product details:<\/strong><\/span><\/p>\n<ul>\n<li><span style=\"color: #000000;\">Number plate holder 340 \u2013 for German two-line number plates L 340 H 200 mm<\/span><\/li>\n<li><span style=\"color: #000000;\">Closure: Snap frame<\/span><\/li>\n<li><span style=\"color: #000000;\">Colour: black<\/span><\/li>\n<li><span style=\"color: #000000;\">Polypropylene<\/span><\/li>\n<li><span style=\"color: #000000;\">Print variants: unprinted, screen printing, 4c digital printing with resin coating<\/span><\/li>\n<\/ul>","protected":false},"excerpt":{"rendered":"<p>Kennzeichenhalter 340 &#8211; zweizeiliger Klapprahmen f\u00fcr Kennzeichen im Format 340\u00d7200 mm f\u00fcr SUVs \/ Gel\u00e4ndewagen \/ Quads \/ LKW und Anh\u00e4nger Der Evamatic Kennzeichenhalter 340 von Evamatic ist ein robuster, zweizeiliger Klapprahmen-Kennzeichenhalter im Format 340 \u00d7 200 mm, ideal f\u00fcr Fahrzeuge mit zweizeiligen Kennzeichen wie Nutzfahrzeuge, SUVs, LKWs oder Anh\u00e4nger. Er besteht aus hochwertigem, witterungs- [&hellip;]<\/p>\n","protected":false},"featured_media":4457,"template":"","meta":{"_acf_changed":false},"product_brand":[],"product_cat":[199,203],"product_tag":[],"class_list":{"0":"post-2984","1":"product","2":"type-product","3":"status-publish","4":"has-post-thumbnail","6":"product_cat-kennzeichenhalter-eu","7":"product_cat-pkw-anhaenger-gelaendewagen-340x200-mm","8":"pa_druckvariante-unbedruckt","9":"pa_druckvariante-siebdruck-einfaerbig-weiss","10":"pa_druckvariante-siebdruck-einfaerbig-silber","11":"pa_druckvariante-4c-druck-mit-kunstharzbeschichtung","12":"pa_druckvariante-4c-druck-mit-kunstharzbeschichtung-silber-hochglanz","13":"pa_druckvariante-4c-druck-mit-kunstharzbeschichtung-reflektierend","14":"pa_druckvariante-4c-druck-mit-kunstharzbeschichtung-silber-matt","15":"pa_menge-96","16":"pa_menge-116","17":"pa_menge-118","18":"pa_menge-119","19":"pa_menge-120","20":"pa_menge-125","21":"pa_menge-95","23":"first","24":"instock","25":"taxable","26":"shipping-taxable","27":"purchasable","28":"product-type-variable"},"exclude_global_add_ons":false,"addons":[{"name":"Print file upload","type":"file_upload","position":0,"required":false,"title_format":"label","default":"","description_enable":false,"description":"Please upload the print file (image) here.","placeholder_enable":false,"placeholder":"","display":"select","restrictions_type":"any_text","adjust_price":false,"price":"","price_type":"flat_fee","restrictions":false,"min":"0","max":"0","options":[],"id":1776081863},{"name":"\u00a0","type":"checkbox","position":1,"required":false,"title_format":"label","default":"","description_enable":true,"description":"Leave the design to the professionals! Simply send us your wishes, logos, texts and preferred fonts conveniently by email or via our upload function. Our experienced graphic design team will create up to 3 individual design proposals for you, perfectly tailored to your requirements.","placeholder_enable":false,"placeholder":"","display":"select","restrictions_type":"any_text","adjust_price":false,"price":"","price_type":"flat_fee","restrictions":false,"min":"0","max":"0","options":[{"label":"Professionelle Layouterstellung durch unsere Grafikabteilung","price":"35","price_type":"flat_fee","image":0,"visibility":true}],"id":1775653837}],"acf":[],"_links":{"self":[{"href":"https:\/\/www.evamatic.com\/en\/wp-json\/wp\/v2\/product\/2984","targetHints":{"allow":["GET"]}}],"collection":[{"href":"https:\/\/www.evamatic.com\/en\/wp-json\/wp\/v2\/product"}],"about":[{"href":"https:\/\/www.evamatic.com\/en\/wp-json\/wp\/v2\/types\/product"}],"wp:featuredmedia":[{"embeddable":true,"href":"https:\/\/www.evamatic.com\/en\/wp-json\/wp\/v2\/media\/4457"}],"wp:attachment":[{"href":"https:\/\/www.evamatic.com\/en\/wp-json\/wp\/v2\/media?parent=2984"}],"wp:term":[{"taxonomy":"product_brand","embeddable":true,"href":"https:\/\/www.evamatic.com\/en\/wp-json\/wp\/v2\/product_brand?post=2984"},{"taxonomy":"product_cat","embeddable":true,"href":"https:\/\/www.evamatic.com\/en\/wp-json\/wp\/v2\/product_cat?post=2984"},{"taxonomy":"product_tag","embeddable":true,"href":"https:\/\/www.evamatic.com\/en\/wp-json\/wp\/v2\/product_tag?post=2984"}],"curies":[{"name":"what","href":"https:\/\/api.w.org\/{rel}","templated":true}]}}