{"id":2859,"date":"2026-04-09T14:18:55","date_gmt":"2026-04-09T12:18:55","guid":{"rendered":"https:\/\/www.evamatic.at\/product\/kennzeichenhalter-pkw-eu-deutschland-526eu-schiebeverschluss-2\/"},"modified":"2026-05-05T14:00:04","modified_gmt":"2026-05-05T12:00:04","slug":"number-plate-holder-for-car-eu-germany-526eu-slide-lock-2","status":"publish","type":"product","link":"https:\/\/www.evamatic.com\/en\/product\/kennzeichenhalter-pkw-eu-deutschland-526eu-schiebeverschluss-2\/","title":{"rendered":"Number plate holder car EU\/Germany 520\u00d7110 mm (526EU) \u2013 Slide closure"},"content":{"rendered":"<p><span style=\"color: #000000;\"><strong>Number plate holder for cars, EU\/Germany 526EU with sliding lock, fits EU number plate size 520x110 mm.<\/strong><\/span><\/p>\n<p><span style=\"color: #000000;\">The Der Evamatic 526EU number plate holder with a sliding closure system offers a secure, fast, and convenient solution for mounting EU number plates (520 \u00d7 110 mm). Thanks to the innovative sliding closure, number plates can be inserted effortlessly. The number plate holder is made from a flexible, virtually shatterproof material (polypropylene) and adapts to the vehicle's contours without causing rattling noises. They are suitable for both cars and lorries and blend seamlessly into the vehicle's appearance due to their subtle design. The 526EU number plate holder is <strong>T\u00dcV tested for usability, complies with all applicable EU standards and meets current legal requirements.<\/strong> The rounded outer edges with a <strong>Minimum radius of 2.5 mm<\/strong> ensure maximum safety and make the number plate holder fully approved for road use. Individual print options with a logo or advertising message turn the number plate holder into a durable and eye-catching advertising medium \u2013 perfectly suited for car dealerships, workshops, fleets of vehicles, insurance offices, or clubs.<\/span><\/p>\n<p>&nbsp;<\/p>\n<p><span style=\"color: #000000;\"><strong>Product details:<\/strong><\/span><\/p>\n<ul>\n<li><span style=\"color: #000000;\">Closure: Slide clasp<\/span><\/li>\n<li><span style=\"color: #000000;\">Colour: black<\/span><\/li>\n<li><span style=\"color: #000000;\">Polypropylene<\/span><\/li>\n<li><span style=\"color: #000000;\">Printing options: plain, screen printing, 4c digital print silk matt, 4c digital print with resin coating<\/span>\n<ul>\n<li><strong><span style=\"color: #000000;\">In all 4c digital prints, the print is located in a recess of the license plate holder, thereby reliably protecting it from scratches, weather influences, and mechanical stress \u2013 for a permanently high-quality brand presence.<\/span><\/strong><\/li>\n<\/ul>\n<\/li>\n<\/ul>","protected":false},"excerpt":{"rendered":"<p>Kennzeichenhalter PKW EU\/Deutschland 526EU mit Schiebeverschluss passen f\u00fcr EU-Kennzeichengr\u00f6\u00dfe 520&#215;110 mm. Der Evamatic Kennzeichenhalter 526EU mit Schiebeverschluss System bieten eine sichere, schnelle und komfortable L\u00f6sung zur Montage von EU Kennzeichen (520 \u00d7 110 mm). Dank innovativem Schiebeverschluss lassen sich Kennzeichen m\u00fchelos einlegen. Der Kennzeichenhalter ist aus flexiblem, nahezu bruchfestem Material (Polypropylen) gefertigt und passt sich [&hellip;]<\/p>\n","protected":false},"featured_media":4642,"template":"","meta":{"_acf_changed":false},"product_brand":[],"product_cat":[199,202],"product_tag":[],"class_list":{"0":"post-2859","1":"product","2":"type-product","3":"status-publish","4":"has-post-thumbnail","6":"product_cat-kennzeichenhalter-eu","7":"product_cat-pkw-lkw-520x110","8":"pa_druckvariante-4c-druck-mit-kunstharzbeschichtung-silber-hochglanz","9":"pa_druckvariante-4c-druck-mit-kunstharzbeschichtung-reflektierend","10":"pa_druckvariante-4c-druck-mit-kunstharzbeschichtung-silber-matt","11":"pa_druckvariante-unbedruckt","12":"pa_druckvariante-siebdruck-einfaerbig-weiss","13":"pa_druckvariante-siebdruck-einfaerbig-silber","14":"pa_druckvariante-4c-druck-seidenmatt","15":"pa_druckvariante-4c-druck-mit-kunstharzbeschichtung","16":"pa_menge-101","17":"pa_menge-126","18":"pa_menge-93","19":"pa_menge-94","20":"pa_menge-95","21":"pa_menge-96","22":"pa_menge-97","23":"pa_menge-98","24":"pa_menge-99","25":"pa_menge-100","27":"first","28":"instock","29":"taxable","30":"shipping-taxable","31":"purchasable","32":"product-type-variable"},"exclude_global_add_ons":false,"addons":[{"name":"Print file upload","type":"file_upload","position":0,"required":false,"title_format":"label","default":"","description_enable":false,"description":"Please upload the print file (image) here.","placeholder_enable":false,"placeholder":"","display":"select","restrictions_type":"any_text","adjust_price":false,"price":"","price_type":"flat_fee","restrictions":false,"min":"0","max":"0","options":[],"id":1776081863},{"name":"\u00a0","type":"checkbox","position":1,"required":false,"title_format":"label","default":"","description_enable":true,"description":"Leave the design to the professionals! Simply send us your wishes, logos, texts and preferred fonts conveniently by email or via our upload function. Our experienced graphic design team will create up to 3 individual design proposals for you, perfectly tailored to your requirements.","placeholder_enable":false,"placeholder":"","display":"select","restrictions_type":"any_text","adjust_price":false,"price":"","price_type":"flat_fee","restrictions":false,"min":"0","max":"0","options":[{"label":"Professionelle Layouterstellung durch unsere Grafikabteilung","price":"35","price_type":"flat_fee","image":0,"visibility":true}],"id":1775653837}],"acf":[],"_links":{"self":[{"href":"https:\/\/www.evamatic.com\/en\/wp-json\/wp\/v2\/product\/2859","targetHints":{"allow":["GET"]}}],"collection":[{"href":"https:\/\/www.evamatic.com\/en\/wp-json\/wp\/v2\/product"}],"about":[{"href":"https:\/\/www.evamatic.com\/en\/wp-json\/wp\/v2\/types\/product"}],"wp:featuredmedia":[{"embeddable":true,"href":"https:\/\/www.evamatic.com\/en\/wp-json\/wp\/v2\/media\/4642"}],"wp:attachment":[{"href":"https:\/\/www.evamatic.com\/en\/wp-json\/wp\/v2\/media?parent=2859"}],"wp:term":[{"taxonomy":"product_brand","embeddable":true,"href":"https:\/\/www.evamatic.com\/en\/wp-json\/wp\/v2\/product_brand?post=2859"},{"taxonomy":"product_cat","embeddable":true,"href":"https:\/\/www.evamatic.com\/en\/wp-json\/wp\/v2\/product_cat?post=2859"},{"taxonomy":"product_tag","embeddable":true,"href":"https:\/\/www.evamatic.com\/en\/wp-json\/wp\/v2\/product_tag?post=2859"}],"curies":[{"name":"what","href":"https:\/\/api.w.org\/{rel}","templated":true}]}}