{"id":2803,"date":"2026-04-09T14:18:53","date_gmt":"2026-04-09T12:18:53","guid":{"rendered":"https:\/\/www.evamatic.at\/product\/kennzeichenhalter-traktor-gelaendewagen-oesterreich-2-zeilig-drehverschluss-2\/"},"modified":"2026-05-05T14:00:53","modified_gmt":"2026-05-05T12:00:53","slug":"number-plate-holder-tractor-off-road-vehicle-austria-2-lines-quick-release-fastener-2","status":"publish","type":"product","link":"https:\/\/www.evamatic.com\/en\/product\/kennzeichenhalter-traktor-gelaendewagen-oesterreich-2-zeilig-drehverschluss-2\/","title":{"rendered":"Number plate holder tractor \/ off-road vehicle Austria 300\u00d7200 mm (300 2-line) \u2013 twist lock"},"content":{"rendered":"<p><strong>License plate holder tractor \/ off-road vehicle Austria Type 300 2-line, suitable for license plate size 300\u00d7200 mm.<\/strong><\/p>\n<p>The Der Evamatic license plate holder Type 300 in board size 300 \u00d7 200 mm is specially designed for use on tractors, off-road vehicles and special vehicles. It offers a stable and reliable mounting even under demanding operating conditions.<\/p>\n<p>The twist-lock mechanism allows for secure fixing of the number plate while also being easy to use. The highly elastic material adapts optimally to the vehicle contour, ensuring flexible and durable use. Integrated tension springs effectively prevent rattling and chafing noises, even with strong vibrations or on uneven terrain.<\/p>\n<p>Thanks to its simple assembly, the number plate holder is quickly ready for use and is ideal for agricultural vehicles, off-road use, and commercial vehicles.<\/p>\n<p>&nbsp;<\/p>\n<p><strong>Product details:<\/strong><\/p>\n<ul>\n<li>Number plate holder 300 \u2013 for Austrian tractor, all-terrain vehicle number plates L 300 H 200 mm<\/li>\n<li>Closure: Screw cap<\/li>\n<li>Colour: black<\/li>\n<li>Polypropylene<\/li>\n<li>Print variants: unprinted, screen printing, 4c digital printing with resin coating<\/li>\n<\/ul>","protected":false},"excerpt":{"rendered":"<p>Kennzeichenhalter Traktor \/ Gel\u00e4ndewagen \u00d6sterreich Type 300 2 zeilig passend f\u00fcr Kennzeichengr\u00f6\u00dfe 300&#215;200 mm. Der Evamatic Kennzeichenhalter Type 300 im Platinenma\u00df 300 \u00d7 200 mm ist speziell f\u00fcr den Einsatz an Traktoren, Gel\u00e4ndewagen und Sonderfahrzeugen konzipiert. Er bietet eine stabile und zuverl\u00e4ssige Befestigung auch unter anspruchsvollen Einsatzbedingungen. Der Drehverschluss-Mechanismus erm\u00f6glicht ein sicheres Fixieren des Kennzeichens [&hellip;]<\/p>\n","protected":false},"featured_media":4459,"template":"","meta":{"_acf_changed":false},"product_brand":[],"product_cat":[200,206],"product_tag":[],"class_list":{"0":"post-2803","1":"product","2":"type-product","3":"status-publish","4":"has-post-thumbnail","6":"product_cat-kennzeichenhalter-oesterreich-slowenien","7":"product_cat-traktor-gelaendewagen-300x200-mm","8":"pa_druckvariante-siebdruck-einfaerbig-silber","9":"pa_druckvariante-4c-druck-mit-kunstharzbeschichtung","10":"pa_druckvariante-4c-druck-mit-kunstharzbeschichtung-silber-hochglanz","11":"pa_druckvariante-4c-druck-mit-kunstharzbeschichtung-reflektierend","12":"pa_druckvariante-4c-druck-mit-kunstharzbeschichtung-silber-matt","13":"pa_druckvariante-unbedruckt","14":"pa_druckvariante-siebdruck-einfaerbig-weiss","15":"pa_menge-95","16":"pa_menge-96","17":"pa_menge-116","18":"pa_menge-118","19":"pa_menge-120","21":"first","22":"instock","23":"taxable","24":"shipping-taxable","25":"purchasable","26":"product-type-variable"},"exclude_global_add_ons":false,"addons":[{"name":"Print file upload","type":"file_upload","position":0,"required":false,"title_format":"label","default":"","description_enable":false,"description":"Please upload the print file (image) here.","placeholder_enable":false,"placeholder":"","display":"select","restrictions_type":"any_text","adjust_price":false,"price":"","price_type":"flat_fee","restrictions":false,"min":"0","max":"0","options":[],"id":1776081863},{"name":"\u00a0","type":"checkbox","position":1,"required":false,"title_format":"label","default":"","description_enable":true,"description":"Leave the design to the professionals! Simply send us your wishes, logos, texts and preferred fonts conveniently by email or via our upload function. Our experienced graphic design team will create up to 3 individual design proposals for you, perfectly tailored to your requirements.","placeholder_enable":false,"placeholder":"","display":"select","restrictions_type":"any_text","adjust_price":false,"price":"","price_type":"flat_fee","restrictions":false,"min":"0","max":"0","options":[{"label":"Professionelle Layouterstellung durch unsere Grafikabteilung","price":"35","price_type":"flat_fee","image":0,"visibility":true}],"id":1775653837}],"acf":[],"_links":{"self":[{"href":"https:\/\/www.evamatic.com\/en\/wp-json\/wp\/v2\/product\/2803","targetHints":{"allow":["GET"]}}],"collection":[{"href":"https:\/\/www.evamatic.com\/en\/wp-json\/wp\/v2\/product"}],"about":[{"href":"https:\/\/www.evamatic.com\/en\/wp-json\/wp\/v2\/types\/product"}],"wp:featuredmedia":[{"embeddable":true,"href":"https:\/\/www.evamatic.com\/en\/wp-json\/wp\/v2\/media\/4459"}],"wp:attachment":[{"href":"https:\/\/www.evamatic.com\/en\/wp-json\/wp\/v2\/media?parent=2803"}],"wp:term":[{"taxonomy":"product_brand","embeddable":true,"href":"https:\/\/www.evamatic.com\/en\/wp-json\/wp\/v2\/product_brand?post=2803"},{"taxonomy":"product_cat","embeddable":true,"href":"https:\/\/www.evamatic.com\/en\/wp-json\/wp\/v2\/product_cat?post=2803"},{"taxonomy":"product_tag","embeddable":true,"href":"https:\/\/www.evamatic.com\/en\/wp-json\/wp\/v2\/product_tag?post=2803"}],"curies":[{"name":"what","href":"https:\/\/api.w.org\/{rel}","templated":true}]}}