{"id":2768,"date":"2026-04-09T14:18:52","date_gmt":"2026-04-09T12:18:52","guid":{"rendered":"https:\/\/www.evamatic.at\/product\/kennzeichenhalter-pkw-oesterreich-527-austauschbare-werbeleiste-komplett-grundplatte-inkl-bedruckter-werbeleiste-2\/"},"modified":"2026-05-12T11:26:14","modified_gmt":"2026-05-12T09:26:14","slug":"license-plate-holder-for-cars-austria-527-interchangeable-advertising-strip-complete-with-base-plate-including-printed-advertising-strip-2","status":"publish","type":"product","link":"https:\/\/www.evamatic.com\/en\/product\/kennzeichenhalter-pkw-oesterreich-527-austauschbare-werbeleiste-komplett-grundplatte-inkl-bedruckter-werbeleiste-2\/","title":{"rendered":"Number plate holder for cars Austria &amp; Slovenia 520\u00d7120 mm (527) \u2013 interchangeable advertising strip Complete set base plate incl. printed advertising strip"},"content":{"rendered":"<p><strong>Number plate holder car Austria and Slovenia Type 527 with interchangeable advertising strip, suitable for number plate size 520\u00d7120 mm.<\/strong><\/p>\n<p>The Der evamatic license plate holder 527 with interchangeable advertising strip offers a reliable, quick and convenient solution for mounting Austrian number plates (520 \u00d7 120 mm).<br \/>\nThanks to the innovative bar system, advertising messages (brand separation) can be quickly changed and new advertising slogans attached without having to replace the base plate.<\/p>\n<p>The number plate holder features an interchangeable advertising strip with an extra-high advertising area, which offers plenty of space for logos, slogans or advertising messages and ensures optimal visibility. This makes the model ideal for a strong and long-lasting brand presence.<br \/>\nCrafted from robust, virtually shatterproof polypropylene, the holder adapts perfectly to the vehicle's contour and reliably prevents rattling and vibration noise. It is suitable for cars and lorries and impresses with a discreet, high-quality design that blends harmoniously into the vehicle's appearance.<\/p>\n<p>The license plate holder 527 is <strong>T\u00dcV-tested for usability, meets all applicable EU standards and complies with current legal regulations. The rounded outer edges with a minimum radius of 2.5 mm ensure maximum safety and make the holder fully approved for use on public roads.<\/strong><br \/>\nThrough the individual print options on the interchangeable advertising strip, the license plate holder becomes a particularly eye-catching advertising medium \u2013 ideal for car dealerships, workshops, fleets, insurance offices, or clubs.<\/p>\n<ul>\n<li>Number plate holder 527 \u2013 for Austrian number plates L 520 x H 120 mm<\/li>\n<li>Closure: interchangeable advertising strip<\/li>\n<li>Colour: black<\/li>\n<li>Material: Base plate: Polypropylene, Advertising strip: ABS<\/li>\n<li>Print variants: unprinted, 4c digital print with resin coating<\/li>\n<\/ul>","protected":false},"excerpt":{"rendered":"<p>Kennzeichenhalter PKW \u00d6sterreich und Slowenien Type 527 mit austauschbarer Werbeleiste passend f\u00fcr Kennzeichengr\u00f6\u00dfe 520\u00d7120 mm. Der Evamatic Kennzeichenhalter 527 mit austauschbarer Werbeleiste bietet eine zuverl\u00e4ssige, schnelle und komfortable L\u00f6sung zur Montage von \u00f6sterreichischen Kennzeichen (520 \u00d7 120 mm). Dank des innovativen Leistensystems lassen sich die Werbebotschaften (Markentrennung) rasch wechseln und neue Werbeslogans anbringen ohne die [&hellip;]<\/p>\n","protected":false},"featured_media":4675,"template":"","meta":{"_acf_changed":false},"product_brand":[],"product_cat":[200,205],"product_tag":[],"class_list":{"0":"post-2768","1":"product","2":"type-product","3":"status-publish","4":"has-post-thumbnail","6":"product_cat-kennzeichenhalter-oesterreich-slowenien","7":"product_cat-pkw-lkw-520x120-mm","8":"pa_druckvariante-4c-druck-mit-kunstharzbeschichtung","9":"pa_druckvariante-4c-druck-mit-kunstharzbeschichtung-silber-hochglanz","10":"pa_druckvariante-4c-druck-mit-kunstharzbeschichtung-reflektierend","11":"pa_druckvariante-4c-druck-mit-kunstharzbeschichtung-silber-matt","12":"pa_menge-115","13":"pa_menge-116","14":"pa_menge-118","15":"pa_menge-125","16":"pa_menge-96","17":"pa_menge-114","19":"first","20":"instock","21":"taxable","22":"shipping-taxable","23":"purchasable","24":"product-type-variable"},"exclude_global_add_ons":false,"addons":[{"name":"Print file upload","type":"file_upload","position":0,"required":false,"title_format":"label","default":"","description_enable":false,"description":"Please upload the print file (image) here.","placeholder_enable":false,"placeholder":"","display":"select","restrictions_type":"any_text","adjust_price":false,"price":"","price_type":"flat_fee","restrictions":false,"min":"0","max":"0","options":[],"id":1776081863},{"name":"\u00a0","type":"checkbox","position":1,"required":false,"title_format":"label","default":"","description_enable":true,"description":"Leave the design to the professionals! Simply send us your wishes, logos, texts and preferred fonts conveniently by email or via our upload function. Our experienced graphic design team will create up to 3 individual design proposals for you, perfectly tailored to your requirements.","placeholder_enable":false,"placeholder":"","display":"select","restrictions_type":"any_text","adjust_price":false,"price":"","price_type":"flat_fee","restrictions":false,"min":"0","max":"0","options":[{"label":"Professionelle Layouterstellung durch unsere Grafikabteilung","price":"35","price_type":"flat_fee","image":0,"visibility":true}],"id":1775653837}],"acf":[],"_links":{"self":[{"href":"https:\/\/www.evamatic.com\/en\/wp-json\/wp\/v2\/product\/2768","targetHints":{"allow":["GET"]}}],"collection":[{"href":"https:\/\/www.evamatic.com\/en\/wp-json\/wp\/v2\/product"}],"about":[{"href":"https:\/\/www.evamatic.com\/en\/wp-json\/wp\/v2\/types\/product"}],"wp:featuredmedia":[{"embeddable":true,"href":"https:\/\/www.evamatic.com\/en\/wp-json\/wp\/v2\/media\/4675"}],"wp:attachment":[{"href":"https:\/\/www.evamatic.com\/en\/wp-json\/wp\/v2\/media?parent=2768"}],"wp:term":[{"taxonomy":"product_brand","embeddable":true,"href":"https:\/\/www.evamatic.com\/en\/wp-json\/wp\/v2\/product_brand?post=2768"},{"taxonomy":"product_cat","embeddable":true,"href":"https:\/\/www.evamatic.com\/en\/wp-json\/wp\/v2\/product_cat?post=2768"},{"taxonomy":"product_tag","embeddable":true,"href":"https:\/\/www.evamatic.com\/en\/wp-json\/wp\/v2\/product_tag?post=2768"}],"curies":[{"name":"what","href":"https:\/\/api.w.org\/{rel}","templated":true}]}}