{"id":2757,"date":"2026-04-09T14:18:51","date_gmt":"2026-04-09T12:18:51","guid":{"rendered":"https:\/\/www.evamatic.at\/product\/kennzeichenhalter-pkw-oesterreich-525csb-chrom-klapprahmen-2\/"},"modified":"2026-05-05T14:01:20","modified_gmt":"2026-05-05T12:01:20","slug":"number-plate-holder-car-austria-525csb-chrome-folding-frame-2","status":"publish","type":"product","link":"https:\/\/www.evamatic.com\/en\/product\/kennzeichenhalter-pkw-oesterreich-525csb-chrom-klapprahmen-2\/","title":{"rendered":"Number Plate Holder Car Austria and Slovenia 520\u00d7120 mm (525CSB CHROME) \u2013 Folding Frame"},"content":{"rendered":"<p><span style=\"color: #000000;\"><strong>Number plate holder Austria and Slovenia Type 525CSB with hinged frame, chrome-plated, suitable for number plate size 520\u00d7120 mm.<\/strong><\/span><\/p>\n<p><span style=\"color: #000000;\">The Der Evamatic 525CSB license plate holder combines premium looks with high functionality \u2013 ideal for anyone who values a sophisticated vehicle presence. The holder is specifically designed for Austrian and Slovenian license plates (520 \u00d7 120 mm) and its well-thought-out design makes it easy to securely insert and attach the plate.<\/span><\/p>\n<p><span style=\"color: #000000;\">The high-quality chrome finish gives the number plate holder an elegant look, which really shines on modern vehicles and exclusive models. At the same time, the sturdy holder, made from robust, virtually unbreakable material, ensures that the number plate sits securely and vibration-free on the vehicle \u2013 without any rattling noises.<\/span><\/p>\n<p><span style=\"color: #000000;\">The 525CSB license plate holder is suitable for cars and lorries and blends harmoniously into any vehicle aesthetic \u2013 discreet and high-quality at the same time.<\/span><br \/>\n<span style=\"color: #000000;\">This holder is <strong>T\u00dcV tested for usability<\/strong>, corresponds <strong>all relevant EU standards and complies with current legal regulations.<\/strong> The <strong>Rounded outer edges with a minimum radius of 2.5 mm ensure maximum safety and road approval.<\/strong><\/span><\/p>\n<p><span style=\"color: #000000;\">Thanks to individual printing options with your logo or advertising text, the number plate holder becomes a subtle yet effective advertising medium \u2013 ideal for car dealerships, workshops, vehicle fleets, insurance agencies, or clubs. Alternatively, even without printing, it impresses with its simple, high-quality appearance and blends harmoniously into any vehicle design.<\/span><\/p>\n<p>&nbsp;<\/p>\n<p><span style=\"color: #000000;\"><strong>Product details:<\/strong><\/span><\/p>\n<ul>\n<li><span style=\"color: #000000;\">Number plate holder 525CSB CHROME \u2013 for Austrian and Slovenian number plates L 520x H 120 mm<\/span><\/li>\n<li><span style=\"color: #000000;\">Closure: Snap frame<\/span><\/li>\n<li><span style=\"color: #000000;\">Colour: black\/chrome<\/span><\/li>\n<li><span style=\"color: #000000;\">Polypropylene\/ABS<\/span><\/li>\n<li><span style=\"color: #000000;\">Print variants: unprinted, 4c digital print with resin coating<\/span><\/li>\n<\/ul>","protected":false},"excerpt":{"rendered":"<p>Kennzeichenhalter \u00d6sterreich und Slowenien Type 525CSB mit Klapprahmen verchromt passend f\u00fcr Kennzeichengr\u00f6\u00dfe 520&#215;120 mm. Der Evamatic Kennzeichenhalter 525CSB kombiniert premium Optik und hohe Funktionalit\u00e4t \u2013 ideal f\u00fcr alle, die Wert auf eine edel wirkende Fahrzeugpr\u00e4senz legen. Der Halter ist speziell f\u00fcr \u00f6sterreichische und slowenische Kennzeichen (520 \u00d7 120 mm) konzipiert und erleichtert durch sein durchdachtes [&hellip;]<\/p>\n","protected":false},"featured_media":4452,"template":"","meta":{"_acf_changed":false},"product_brand":[],"product_cat":[200,205],"product_tag":[],"class_list":{"0":"post-2757","1":"product","2":"type-product","3":"status-publish","4":"has-post-thumbnail","6":"product_cat-kennzeichenhalter-oesterreich-slowenien","7":"product_cat-pkw-lkw-520x120-mm","8":"pa_druckvariante-unbedruckt","9":"pa_druckvariante-4c-druck-mit-kunstharzbeschichtung-silber-hochglanz","10":"pa_menge-124","11":"pa_menge-93","12":"pa_menge-94","13":"pa_menge-113","14":"pa_menge-121","15":"pa_menge-123","17":"first","18":"instock","19":"taxable","20":"shipping-taxable","21":"purchasable","22":"product-type-variable"},"exclude_global_add_ons":false,"addons":[{"name":"Print file upload","type":"file_upload","position":0,"required":false,"title_format":"label","default":"","description_enable":false,"description":"Please upload the print file (image) here.","placeholder_enable":false,"placeholder":"","display":"select","restrictions_type":"any_text","adjust_price":false,"price":"","price_type":"flat_fee","restrictions":false,"min":"0","max":"0","options":[],"id":1776081863},{"name":"\u00a0","type":"checkbox","position":1,"required":false,"title_format":"label","default":"","description_enable":true,"description":"Leave the design to the professionals! Simply send us your wishes, logos, texts and preferred fonts conveniently by email or via our upload function. Our experienced graphic design team will create up to 3 individual design proposals for you, perfectly tailored to your requirements.","placeholder_enable":false,"placeholder":"","display":"select","restrictions_type":"any_text","adjust_price":false,"price":"","price_type":"flat_fee","restrictions":false,"min":"0","max":"0","options":[{"label":"Professionelle Layouterstellung durch unsere Grafikabteilung","price":"35","price_type":"flat_fee","image":0,"visibility":true}],"id":1775653837}],"acf":[],"_links":{"self":[{"href":"https:\/\/www.evamatic.com\/en\/wp-json\/wp\/v2\/product\/2757","targetHints":{"allow":["GET"]}}],"collection":[{"href":"https:\/\/www.evamatic.com\/en\/wp-json\/wp\/v2\/product"}],"about":[{"href":"https:\/\/www.evamatic.com\/en\/wp-json\/wp\/v2\/types\/product"}],"wp:featuredmedia":[{"embeddable":true,"href":"https:\/\/www.evamatic.com\/en\/wp-json\/wp\/v2\/media\/4452"}],"wp:attachment":[{"href":"https:\/\/www.evamatic.com\/en\/wp-json\/wp\/v2\/media?parent=2757"}],"wp:term":[{"taxonomy":"product_brand","embeddable":true,"href":"https:\/\/www.evamatic.com\/en\/wp-json\/wp\/v2\/product_brand?post=2757"},{"taxonomy":"product_cat","embeddable":true,"href":"https:\/\/www.evamatic.com\/en\/wp-json\/wp\/v2\/product_cat?post=2757"},{"taxonomy":"product_tag","embeddable":true,"href":"https:\/\/www.evamatic.com\/en\/wp-json\/wp\/v2\/product_tag?post=2757"}],"curies":[{"name":"what","href":"https:\/\/api.w.org\/{rel}","templated":true}]}}