{"id":2711,"date":"2026-04-09T14:18:49","date_gmt":"2026-04-09T12:18:49","guid":{"rendered":"https:\/\/www.evamatic.at\/product\/kennzeichenhalter-pkw-oesterreich-524-klapprahmen-2\/"},"modified":"2026-05-05T14:01:44","modified_gmt":"2026-05-05T12:01:44","slug":"number-plate-holder-car-austria-524-folding-frame-2","status":"publish","type":"product","link":"https:\/\/www.evamatic.com\/en\/product\/kennzeichenhalter-pkw-oesterreich-524-klapprahmen-2\/","title":{"rendered":"License plate holder, passenger car Austria and Slovenia 520\u00d7120 mm (524) \u2013 Hinged frame"},"content":{"rendered":"<p><strong>Number plate holder Austria and Slovenia Type 524 with flip frame and twist lock suitable for number plate size 520\u00d7120 mm.<\/strong><\/p>\n<p>The Der Evamatic Number Plate Holder Type 524 with a flip-frame system offers a secure, fast, and convenient solution for mounting Austrian and Slovenian number plates (520 \u00d7 120 mm). The practical flip frame makes inserting or changing number plates particularly easy. The holder is made of flexible, virtually shatterproof polypropylene, which adapts perfectly to the vehicle's contour and reliably prevents rattling noises. The flip frame also ensures stable mounting and quick handling.<\/p>\n<p>The Type 524 is suitable for both cars and lorries, and impresses with a high-quality design that blends harmoniously with the look of any vehicle.<\/p>\n<p>The license plate holder is <strong>T\u00dcV tested for usability, meets all applicable EU standards and complies with current legal regulations. The outer edges are rounded with a minimum radius of 2.5 mm, ensuring maximum safety and unrestricted road approval.<\/strong><br \/>\nThanks to the individual printing options with your logo or advertising text, the number plate holder becomes a permanent and eye-catching advertising medium \u2013 perfectly suited for car dealerships, workshops, vehicle fleets, insurance offices, or clubs.<\/p>\n<p>&nbsp;<\/p>\n<p><strong>Product details:<\/strong><\/p>\n<ul>\n<li>Number plate holder 524 \u2013 for Austrian and Slovenian number plates L 520 x H 120 mm<\/li>\n<li>Closure: Snap frame<\/li>\n<li>Colour: black<\/li>\n<li>Polypropylene<\/li>\n<li>Print variants: unprinted, 4c digital print silk matt, 4c digital print with synthetic resin coating\n<ul>\n<li><strong>On license plate holder 524, the print is set into a recess in the license plate holder, thereby reliably protecting it from scratches, weathering and mechanical stress \u2013 for a permanently high-quality brand presence.<\/strong><\/li>\n<\/ul>\n<\/li>\n<\/ul>","protected":false},"excerpt":{"rendered":"<p>Kennzeichenhalter \u00d6sterreich und Slowenien Type 524 mit Klapprahmen und Drehverschluss passend f\u00fcr Kennzeichengr\u00f6\u00dfe 520&#215;120 mm. Der Evamatic Kennzeichenhalter Type 524 mit Klapprahmen-System bietet eine sichere, schnelle und komfortable L\u00f6sung zur Montage von \u00f6sterreichischen und slowenischen Kennzeichen (520 \u00d7 120 mm). Durch den praktischen Klapprahmen lassen sich Kennzeichen besonders einfach einlegen oder wechseln. Der Halter besteht [&hellip;]<\/p>\n","protected":false},"featured_media":4450,"template":"","meta":{"_acf_changed":false},"product_brand":[],"product_cat":[200,205],"product_tag":[],"class_list":{"0":"post-2711","1":"product","2":"type-product","3":"status-publish","4":"has-post-thumbnail","6":"product_cat-kennzeichenhalter-oesterreich-slowenien","7":"product_cat-pkw-lkw-520x120-mm","8":"pa_druckvariante-4c-druck-mit-kunstharzbeschichtung-silber-hochglanz","9":"pa_druckvariante-4c-druck-mit-kunstharzbeschichtung-reflektierend","10":"pa_druckvariante-4c-druck-mit-kunstharzbeschichtung-silber-matt","11":"pa_druckvariante-4c-druck-seidenmatt","12":"pa_druckvariante-4c-druck-mit-kunstharzbeschichtung","13":"pa_menge-111","14":"pa_menge-112","15":"pa_menge-93","16":"pa_menge-94","17":"pa_menge-95","18":"pa_menge-96","19":"pa_menge-108","20":"pa_menge-109","21":"pa_menge-110","23":"first","24":"instock","25":"taxable","26":"shipping-taxable","27":"purchasable","28":"product-type-variable"},"exclude_global_add_ons":false,"addons":[{"name":"Print file upload","type":"file_upload","position":0,"required":false,"title_format":"label","default":"","description_enable":false,"description":"Please upload the print file (image) here.","placeholder_enable":false,"placeholder":"","display":"select","restrictions_type":"any_text","adjust_price":false,"price":"","price_type":"flat_fee","restrictions":false,"min":"0","max":"0","options":[],"id":1776081863},{"name":"\u00a0","type":"checkbox","position":1,"required":false,"title_format":"label","default":"","description_enable":true,"description":"Leave the design to the professionals! Simply send us your wishes, logos, texts and preferred fonts conveniently by email or via our upload function. Our experienced graphic design team will create up to 3 individual design proposals for you, perfectly tailored to your requirements.","placeholder_enable":false,"placeholder":"","display":"select","restrictions_type":"any_text","adjust_price":false,"price":"","price_type":"flat_fee","restrictions":false,"min":"0","max":"0","options":[{"label":"Professionelle Layouterstellung durch unsere Grafikabteilung","price":"35","price_type":"flat_fee","image":0,"visibility":true}],"id":1775653837}],"acf":[],"_links":{"self":[{"href":"https:\/\/www.evamatic.com\/en\/wp-json\/wp\/v2\/product\/2711","targetHints":{"allow":["GET"]}}],"collection":[{"href":"https:\/\/www.evamatic.com\/en\/wp-json\/wp\/v2\/product"}],"about":[{"href":"https:\/\/www.evamatic.com\/en\/wp-json\/wp\/v2\/types\/product"}],"wp:featuredmedia":[{"embeddable":true,"href":"https:\/\/www.evamatic.com\/en\/wp-json\/wp\/v2\/media\/4450"}],"wp:attachment":[{"href":"https:\/\/www.evamatic.com\/en\/wp-json\/wp\/v2\/media?parent=2711"}],"wp:term":[{"taxonomy":"product_brand","embeddable":true,"href":"https:\/\/www.evamatic.com\/en\/wp-json\/wp\/v2\/product_brand?post=2711"},{"taxonomy":"product_cat","embeddable":true,"href":"https:\/\/www.evamatic.com\/en\/wp-json\/wp\/v2\/product_cat?post=2711"},{"taxonomy":"product_tag","embeddable":true,"href":"https:\/\/www.evamatic.com\/en\/wp-json\/wp\/v2\/product_tag?post=2711"}],"curies":[{"name":"what","href":"https:\/\/api.w.org\/{rel}","templated":true}]}}