{"id":2710,"date":"2026-04-09T14:18:49","date_gmt":"2026-04-09T12:18:49","guid":{"rendered":"https:\/\/www.evamatic.at\/product\/kennzeichenhalter-pkw-oesterreich-528hs-rahmenlos-schiebeverschluss-2\/"},"modified":"2026-05-05T14:02:15","modified_gmt":"2026-05-05T12:02:15","slug":"number-plate-holder-car-austria-528hs-frameless-slide-lock-2","status":"publish","type":"product","link":"https:\/\/www.evamatic.com\/en\/product\/kennzeichenhalter-pkw-oesterreich-528hs-rahmenlos-schiebeverschluss-2\/","title":{"rendered":"Number plate holder for cars, Austria and Slovenia, 520\u00d7120 mm (528HS frameless) \u2013 Slide lock"},"content":{"rendered":"<p><strong>Number plate holder, car, Austria and Slovenia, Type 528HS with sliding lock \u2013 extra narrow, suitable for number plate size 520\u00d7120 mm.<\/strong><\/p>\n<p>The Der Evamatic Number Plate Holder Type 528HS with sliding lock system offers a secure, quick, and convenient solution for mounting Austrian and Slovenian number plates (520 \u00d7 120 mm). Thanks to the proven sliding lock, number plates can be effortlessly inserted and quickly changed if necessary.<\/p>\n<p>The frameless design without an advertising area ensures a discreet, unobtrusive appearance and puts the license plate itself in the foreground \u2013 ideal for anyone who values a reduced and neutral vehicle design.<\/p>\n<p>Made from flexible, virtually unbreakable polypropylene, the number plate holder adapts perfectly to the vehicle's contour and reliably prevents rattling and vibrating noises. It is suitable for both cars and lorries and impresses with its stable, durable design.<\/p>\n<p>The number plate holder Type 528HS is <strong>T\u00dcV tested for usability, complies with all applicable EU standards and meets current legal requirements.<\/strong> <strong>The rounded outer edges with a minimum radius of 2.5 mm ensure maximum safety and make the holder fully approved for use on public roads.<\/strong><\/p>\n<p>&nbsp;<\/p>\n<p><strong>Product details:<\/strong><\/p>\n<ul>\n<li>Number plate holder 528HS frameless \u2013 for Austrian and Slovenian number plates L 520x H 120 mm<\/li>\n<li>Closure: Slide clasp<\/li>\n<li>Colour: black<\/li>\n<li>Polypropylene<\/li>\n<li>Print variants: unprinted<\/li>\n<\/ul>","protected":false},"excerpt":{"rendered":"<p>Kennzeichenhalter PKW \u00d6sterreich und Slowenien Type 528HS mit Schiebeverschluss &#8211; extra schmal passend f\u00fcr Kennzeichengr\u00f6\u00dfe 520&#215;120 mm. Der Evamatic Kennzeichenhalter Type 528HS mit Schiebeverschluss-System bietet eine sichere, schnelle und komfortable L\u00f6sung zur Montage von \u00f6sterreichischen und slowenischen Kennzeichen (520 \u00d7 120 mm). Dank des bew\u00e4hrten Schiebeverschlusses lassen sich Kennzeichen m\u00fchelos einlegen und bei Bedarf rasch [&hellip;]<\/p>\n","protected":false},"featured_media":4451,"template":"","meta":{"_acf_changed":false},"product_brand":[],"product_cat":[200,205],"product_tag":[133],"class_list":{"0":"post-2710","1":"product","2":"type-product","3":"status-publish","4":"has-post-thumbnail","6":"product_cat-kennzeichenhalter-oesterreich-slowenien","7":"product_cat-pkw-lkw-520x120-mm","8":"product_tag-unbedruckt","9":"pa_druckvariante-unbedruckt","10":"pa_menge-121","11":"pa_menge-124","12":"pa_menge-93","13":"pa_menge-94","14":"pa_menge-97","15":"pa_menge-100","16":"pa_menge-101","18":"first","19":"instock","20":"taxable","21":"shipping-taxable","22":"purchasable","23":"product-type-variable"},"exclude_global_add_ons":[],"addons":[],"acf":[],"_links":{"self":[{"href":"https:\/\/www.evamatic.com\/en\/wp-json\/wp\/v2\/product\/2710","targetHints":{"allow":["GET"]}}],"collection":[{"href":"https:\/\/www.evamatic.com\/en\/wp-json\/wp\/v2\/product"}],"about":[{"href":"https:\/\/www.evamatic.com\/en\/wp-json\/wp\/v2\/types\/product"}],"wp:featuredmedia":[{"embeddable":true,"href":"https:\/\/www.evamatic.com\/en\/wp-json\/wp\/v2\/media\/4451"}],"wp:attachment":[{"href":"https:\/\/www.evamatic.com\/en\/wp-json\/wp\/v2\/media?parent=2710"}],"wp:term":[{"taxonomy":"product_brand","embeddable":true,"href":"https:\/\/www.evamatic.com\/en\/wp-json\/wp\/v2\/product_brand?post=2710"},{"taxonomy":"product_cat","embeddable":true,"href":"https:\/\/www.evamatic.com\/en\/wp-json\/wp\/v2\/product_cat?post=2710"},{"taxonomy":"product_tag","embeddable":true,"href":"https:\/\/www.evamatic.com\/en\/wp-json\/wp\/v2\/product_tag?post=2710"}],"curies":[{"name":"what","href":"https:\/\/api.w.org\/{rel}","templated":true}]}}