{"id":2648,"date":"2026-04-09T14:18:47","date_gmt":"2026-04-09T12:18:47","guid":{"rendered":"https:\/\/www.evamatic.at\/product\/kennzeichenhalter-pkw-oesterreich-530-schiebeverschluss-2\/"},"modified":"2026-05-05T14:02:42","modified_gmt":"2026-05-05T12:02:42","slug":"number-plate-holder-for-cars-austria-530-slide-fastener-2","status":"publish","type":"product","link":"https:\/\/www.evamatic.com\/en\/product\/kennzeichenhalter-pkw-oesterreich-530-schiebeverschluss-2\/","title":{"rendered":"Number plate holder, car Austria and Slovenia 520\u00d7120 mm (530) \u2013 slide fastener"},"content":{"rendered":"<p><strong>Number plate holder for cars, Austria and Slovenia, Type 530 with sliding lock, fits number plate size 520\u00d7120 mm.<\/strong><\/p>\n<p>The Der Evamatic Number Plate Holder Type 530 with sliding lock system offers a particularly stable, secure, and convenient solution for mounting Austrian and Slovenian number plates (520 x 120 mm). Thanks to the proven sliding lock system, number plates can be inserted and changed quickly and easily.<\/p>\n<p>Compared to the Type 526, the Type 530 has greater material thickness, ensuring even higher stability. Additionally, the mount offers a slightly larger advertising area, providing more space for logos, slogans, or advertising messages and increasing visibility.<br \/>\nThe license plate holder is made of flexible, almost unbreakable polypropylene, adapts perfectly to the vehicle's contour, and reliably prevents rattling noises. It is suitable for cars and lorries and impresses with a subtle, high-quality design that blends harmoniously with the vehicle's appearance.<\/p>\n<p>The Type 530 is <strong>T\u00dcV-tested for usability, meets all applicable EU standards and complies with current legal regulations. The rounded outer edges with a minimum radius of 2.5 mm ensure maximum safety and make the number plate holder fully approved for road use.<\/strong><\/p>\n<p>Thanks to individual print options, the Type 530 number plate holder becomes a durable and eye-catching advertising medium \u2013 ideal for car dealerships, workshops, fleets, insurance offices, or clubs.<\/p>\n<p>&nbsp;<\/p>\n<p><strong>Product details:<\/strong><\/p>\n<ul>\n<li>Number plate holder 530 \u2013 for Austrian and Slovenian number plates L 520 x H 120 mm<\/li>\n<li>Closure: Slide clasp<\/li>\n<li>Colour: black<\/li>\n<li>Polypropylene<\/li>\n<li>Printing options: plain, screen printing, 4c digital print silk matt, 4c digital print with resin coating\n<ul>\n<li><strong>In all 4c digital prints, the print is located in a recess of the license plate holder, thereby reliably protecting it from scratches, weather influences, and mechanical stress \u2013 for a permanently high-quality brand presence.<\/strong><\/li>\n<\/ul>\n<\/li>\n<\/ul>","protected":false},"excerpt":{"rendered":"<p>Kennzeichenhalter PKW \u00d6sterreich und Slowenien Type 530 mit Schiebeverschluss passen f\u00fcr Kennzeichengr\u00f6\u00dfe 520&#215;120 mm. Der Evamatic Kennzeichenhalter Type 530 mit Schiebeverschluss-System bietet eine besonders stabile, sichere und komfortable L\u00f6sung zur Montage von \u00f6sterreichischen und slowenischen Kennzeichen (520 \u00d7 120 mm). Durch den bew\u00e4hrten Schiebeverschluss lassen sich Kennzeichen schnell und unkompliziert einsetzen und wechseln. Im Vergleich [&hellip;]<\/p>\n","protected":false},"featured_media":4449,"template":"","meta":{"_acf_changed":false},"product_brand":[],"product_cat":[200,205],"product_tag":[],"class_list":{"0":"post-2648","1":"product","2":"type-product","3":"status-publish","4":"has-post-thumbnail","6":"product_cat-kennzeichenhalter-oesterreich-slowenien","7":"product_cat-pkw-lkw-520x120-mm","8":"pa_druckvariante-4c-druck-mit-kunstharzbeschichtung-reflektierend","9":"pa_druckvariante-4c-druck-mit-kunstharzbeschichtung-silber-matt","10":"pa_druckvariante-unbedruckt","11":"pa_druckvariante-siebdruck-einfaerbig-weiss","12":"pa_druckvariante-siebdruck-einfaerbig-silber","13":"pa_druckvariante-4c-druck-seidenmatt","14":"pa_druckvariante-4c-druck-mit-kunstharzbeschichtung","15":"pa_druckvariante-4c-druck-mit-kunstharzbeschichtung-silber-hochglanz","16":"pa_menge-101","17":"pa_menge-102","18":"pa_menge-103","19":"pa_menge-93","20":"pa_menge-104","21":"pa_menge-94","22":"pa_menge-105","23":"pa_menge-95","24":"pa_menge-106","25":"pa_menge-96","26":"pa_menge-107","27":"pa_menge-97","28":"pa_menge-132","29":"pa_menge-98","30":"pa_menge-99","31":"pa_menge-100","33":"first","34":"instock","35":"taxable","36":"shipping-taxable","37":"purchasable","38":"product-type-variable"},"exclude_global_add_ons":false,"addons":[{"name":"Print file upload","type":"file_upload","position":0,"required":false,"title_format":"label","default":"","description_enable":false,"description":"Please upload the print file (image) here.","placeholder_enable":false,"placeholder":"","display":"select","restrictions_type":"any_text","adjust_price":false,"price":"","price_type":"flat_fee","restrictions":false,"min":"0","max":"0","options":[],"id":1776081863},{"name":"\u00a0","type":"checkbox","position":1,"required":false,"title_format":"label","default":"","description_enable":true,"description":"Leave the design to the professionals! Simply send us your wishes, logos, texts and preferred fonts conveniently by email or via our upload function. Our experienced graphic design team will create up to 3 individual design proposals for you, perfectly tailored to your requirements.","placeholder_enable":false,"placeholder":"","display":"select","restrictions_type":"any_text","adjust_price":false,"price":"","price_type":"flat_fee","restrictions":false,"min":"0","max":"0","options":[{"label":"Professionelle Layouterstellung durch unsere Grafikabteilung","price":"35","price_type":"flat_fee","image":0,"visibility":true}],"id":1775653837}],"acf":[],"_links":{"self":[{"href":"https:\/\/www.evamatic.com\/en\/wp-json\/wp\/v2\/product\/2648","targetHints":{"allow":["GET"]}}],"collection":[{"href":"https:\/\/www.evamatic.com\/en\/wp-json\/wp\/v2\/product"}],"about":[{"href":"https:\/\/www.evamatic.com\/en\/wp-json\/wp\/v2\/types\/product"}],"wp:featuredmedia":[{"embeddable":true,"href":"https:\/\/www.evamatic.com\/en\/wp-json\/wp\/v2\/media\/4449"}],"wp:attachment":[{"href":"https:\/\/www.evamatic.com\/en\/wp-json\/wp\/v2\/media?parent=2648"}],"wp:term":[{"taxonomy":"product_brand","embeddable":true,"href":"https:\/\/www.evamatic.com\/en\/wp-json\/wp\/v2\/product_brand?post=2648"},{"taxonomy":"product_cat","embeddable":true,"href":"https:\/\/www.evamatic.com\/en\/wp-json\/wp\/v2\/product_cat?post=2648"},{"taxonomy":"product_tag","embeddable":true,"href":"https:\/\/www.evamatic.com\/en\/wp-json\/wp\/v2\/product_tag?post=2648"}],"curies":[{"name":"what","href":"https:\/\/api.w.org\/{rel}","templated":true}]}}