{"id":3,"date":"2026-01-22T12:31:49","date_gmt":"2026-01-22T12:31:49","guid":{"rendered":"http:\/\/www.evamatic.at\/?page_id=3"},"modified":"2026-03-26T15:19:05","modified_gmt":"2026-03-26T14:19:05","slug":"privacy-policy","status":"publish","type":"page","link":"https:\/\/www.evamatic.com\/en\/datenschutz\/","title":{"rendered":"Data protection"},"content":{"rendered":"<p><span style=\"font-weight: 400;\">This privacy policy informs users of this website about the type, scope, and purpose of the collection and use of personal data by the website operator, in accordance with the European General Data Protection Regulation (GDPR). The website operator treats your personal data confidentially and in accordance with legal provisions.<\/span><\/p>\r\n<p><span style=\"font-weight: 400;\">Personal data is information relating to an identified or identifiable natural person, such as contact details or an IP address. The terms used in this privacy policy are to be understood within the meaning of the General Data Protection Regulation (hereinafter referred to as \u201eGDPR\u201c).<\/span><\/p>\r\n<h2 class=\"wp-block-heading\"><b>Access data<\/b><\/h2>\r\n<p><span style=\"font-weight: 400;\">The website operator collects data about access to the site and stores it as \u201eserver log files\u201c. The following data is logged:<\/span><\/p>\r\n<ul>\r\n<li><span style=\"font-weight: 400;\"> Visited website<\/span><\/li>\r\n<li><span style=\"font-weight: 400;\"> Time at time of access<\/span><\/li>\r\n<li><span style=\"font-weight: 400;\"> Amount of data sent in bytes<\/span><\/li>\r\n<li><span style=\"font-weight: 400;\"> Reference<\/span><\/li>\r\n<li><span style=\"font-weight: 400;\"> Browser used<\/span><\/li>\r\n<li><span style=\"font-weight: 400;\"> Operating system used<\/span><\/li>\r\n<li><span style=\"font-weight: 400;\"> IP address used<\/span><\/li>\r\n<\/ul>\r\n<p><span style=\"font-weight: 400;\">The data collected is used solely for statistical analyses and to improve the website. However, the website operator reserves the right to retrospectively review the server log files if concrete indications of unlawful use arise.<\/span><\/p>\r\n<h2><b>Cookies<\/b><\/h2>\r\n<p><span style=\"font-weight: 400;\">This website uses cookies. These are small text files that are stored on an end device. Common browsers offer the setting to disallow cookies. Please note: It is not guaranteed that all functions of this website can be accessed without restrictions if corresponding settings are made.<\/span><\/p>\r\n<h2><b>Handling of personal data<\/b><\/h2>\r\n<p><span style=\"font-weight: 400;\">The website operator only collects, uses and passes on personal data if this is permitted by law or if consent for data collection is given.<\/span><\/p>\r\n<p><span style=\"font-weight: 400;\">Personal data refers to any information used to identify a person \u2013 for example, their name, your email address, and telephone number.<\/span><\/p>\r\n<h2><b>Managing contact details<\/b><\/h2>\r\n<p><span style=\"font-weight: 400;\">If contact is made with the website operator through the contact details provided, the details will be stored so that they can be used to process and answer the enquiry and in case of follow-up questions. This data will not be passed on to third parties without consent.<\/span><\/p>\r\n<h2><b>Processing time<\/b><\/h2>\r\n<p><span style=\"font-weight: 400;\">Personal data processed in the course of contract fulfilment will be processed for a maximum of the duration of statutory retention periods (currently 7 years). Deviating from this, longer periods may be agreed between the contracting parties. Personal data from enquiries will be stored for the duration of the fulfilment of the enquiry.\u00a0<\/span><\/p>\r\n<h2><b>User rights: access, rectification, and erasure<\/b><\/h2>\r\n<p><span style=\"font-weight: 400;\">Data protection law grants the following rights to a person affected by data processing:<\/span><\/p>\r\n<ol>\r\n<li style=\"font-weight: 400;\" aria-level=\"1\"><span style=\"font-weight: 400;\">Right to information<\/span><\/li>\r\n<li style=\"font-weight: 400;\" aria-level=\"1\"><span style=\"font-weight: 400;\">Right to rectification<\/span><\/li>\r\n<li style=\"font-weight: 400;\" aria-level=\"1\"><span style=\"font-weight: 400;\">Right to erasure<\/span><\/li>\r\n<li style=\"font-weight: 400;\" aria-level=\"1\"><span style=\"font-weight: 400;\">Right to restriction of processing<\/span><\/li>\r\n<li style=\"font-weight: 400;\" aria-level=\"1\"><span style=\"font-weight: 400;\">Right of objection<\/span><\/li>\r\n<li style=\"font-weight: 400;\" aria-level=\"1\"><span style=\"font-weight: 400;\">Withdrawal of consent granted<\/span><\/li>\r\n<li style=\"font-weight: 400;\" aria-level=\"1\"><span style=\"font-weight: 400;\">Right to data portability<\/span><\/li>\r\n<li style=\"font-weight: 400;\" aria-level=\"1\"><span style=\"font-weight: 400;\">Right of complaint to the data protection authority<\/span><\/li>\r\n<\/ol>\r\n<p><span style=\"font-weight: 400;\"><br \/>To assert the rights listed under a) to g), affected persons can contact by email<\/span><span style=\"font-weight: 400;\"> Customer's e-mail<\/span><span style=\"font-weight: 400;\"> turn.<\/span><\/p>\r\n<h2><b>Google Analytics<\/b><\/h2>\r\n<p><span style=\"font-weight: 400;\">To the extent you have consented, this website uses Google Analytics 4, a web analytics service provided by Google LLC. The responsible entity for users in the EU\/EEA and Switzerland is Google Ireland Limited, Google Building Gordon House, 4 Barrow St, Dublin, D04 E5W5, Ireland (\u201eGoogle\u201c).<\/span><\/p>\r\n<p><span style=\"font-weight: 400;\">Google Analytics uses cookies, which enable an analysis of your use of our website by you. The information collected by cookies about your use of this website is usually transferred to a Google server in the USA and stored there.<\/span><\/p>\r\n<p><span style=\"font-weight: 400;\">In Google Analytics 4, IP address anonymisation is enabled by default. Due to IP anonymisation, your IP address will be truncated by Google within member states of the European Union or other parties to the European Economic Area agreement. Only in exceptional cases will the full IP address be sent to a Google server in the USA and truncated there. According to Google, the IP address sent by your browser in the context of Google Analytics will not be merged with other Google data.<\/span><\/p>\r\n<p><span style=\"font-weight: 400;\">During your website visit, your user behaviour will be recorded in the form of \u201eevents\u201c. Events can include:<\/span><\/p>\r\n<ul>\r\n<li style=\"font-weight: 400;\" aria-level=\"1\"><span style=\"font-weight: 400;\">Page views<\/span><\/li>\r\n<li style=\"font-weight: 400;\" aria-level=\"1\"><span style=\"font-weight: 400;\">First visit to the website<\/span><\/li>\r\n<li style=\"font-weight: 400;\" aria-level=\"1\"><span style=\"font-weight: 400;\">Session start<\/span><\/li>\r\n<li style=\"font-weight: 400;\" aria-level=\"1\"><span style=\"font-weight: 400;\">Your \u201eclick path\u201c, website interaction<\/span><\/li>\r\n<li style=\"font-weight: 400;\" aria-level=\"1\"><span style=\"font-weight: 400;\">Scrolls (whenever a user scrolls to the end of the page (90%))<\/span><\/li>\r\n<li style=\"font-weight: 400;\" aria-level=\"1\"><span style=\"font-weight: 400;\">Clicks on external links\u00a0<\/span><\/li>\r\n<li style=\"font-weight: 400;\" aria-level=\"1\"><span style=\"font-weight: 400;\">Internal search queries<\/span><\/li>\r\n<li style=\"font-weight: 400;\" aria-level=\"1\"><span style=\"font-weight: 400;\">Interacting with Videos<\/span><\/li>\r\n<li style=\"font-weight: 400;\" aria-level=\"1\"><span style=\"font-weight: 400;\">File downloads<\/span><\/li>\r\n<li style=\"font-weight: 400;\" aria-level=\"1\"><span style=\"font-weight: 400;\">ads viewed \/ clicked<\/span><\/li>\r\n<li style=\"font-weight: 400;\" aria-level=\"1\"><span style=\"font-weight: 400;\">Language settings<\/span><\/li>\r\n<\/ul>\r\n<p><span style=\"font-weight: 400;\"><br \/>Also recorded:<\/span><\/p>\r\n<ul>\r\n<li style=\"font-weight: 400;\" aria-level=\"1\"><span style=\"font-weight: 400;\">Your approximate location (region)<\/span><\/li>\r\n<li style=\"font-weight: 400;\" aria-level=\"1\"><span style=\"font-weight: 400;\">Your IP address (in truncated form)<\/span><\/li>\r\n<li style=\"font-weight: 400;\" aria-level=\"1\"><span style=\"font-weight: 400;\">Technical information about your browser and the devices you use (e.g. language settings, screen resolution)<\/span><\/li>\r\n<li style=\"font-weight: 400;\" aria-level=\"1\"><span style=\"font-weight: 400;\">Your internet provider<\/span><\/li>\r\n<li style=\"font-weight: 400;\" aria-level=\"1\"><span style=\"font-weight: 400;\">the referrer URL (via which website\/advertisement you arrived at this website)<\/span><\/li>\r\n<\/ul>\r\n<p><span style=\"font-weight: 400;\"><br \/>These user-related data will be automatically deleted after 14 months. Other data will be stored indefinitely in an aggregated form.<\/span><\/p>\r\n<p><span style=\"font-weight: 400;\">Further information on the terms of use of Google Analytics and data protection at Google can be found at <\/span><a href=\"https:\/\/marketingplatform.google.com\/about\/analytics\/terms\/de\/\" target=\"_blank\" rel=\"noopener\"><span style=\"font-weight: 400;\">https:\/\/marketingplatform.google.com\/about\/analytics\/terms\/de<\/span><\/a><span style=\"font-weight: 400;\">and under <\/span><a href=\"https:\/\/policies.google.com\/?hl=de\" target=\"_blank\" rel=\"noopener\"><span style=\"font-weight: 400;\">https:\/\/policies.google.com\/?hl=de<\/span><\/a><span style=\"font-weight: 400;\">.<\/span><\/p>\r\n<p>&nbsp;<\/p>\r\n<p>&nbsp;<\/p>","protected":false},"excerpt":{"rendered":"<p>Diese Datenschutzerkl\u00e4rung informiert die Nutzer dieser Website gem\u00e4\u00df europ\u00e4ischer Datenschutzgrundverordnung (DSGVO) \u00fcber die Art, den Umfang und den Zweck der Erhebung und der Verwendung personenbezogener Daten durch den Websitebetreiber. Der Websitebetreiber behandelt Ihre personenbezogenen Daten vertraulich und entsprechend der gesetzlichen Vorschriften. Personenbezogene Daten sind Informationen, die sich auf die Identit\u00e4t einer Person beziehen oder durch [&hellip;]<\/p>\n","protected":false},"author":1,"featured_media":0,"parent":0,"menu_order":0,"comment_status":"closed","ping_status":"open","template":"","meta":{"_acf_changed":false,"footnotes":""},"class_list":["post-3","page","type-page","status-publish","hentry"],"acf":[],"_links":{"self":[{"href":"https:\/\/www.evamatic.com\/en\/wp-json\/wp\/v2\/pages\/3","targetHints":{"allow":["GET"]}}],"collection":[{"href":"https:\/\/www.evamatic.com\/en\/wp-json\/wp\/v2\/pages"}],"about":[{"href":"https:\/\/www.evamatic.com\/en\/wp-json\/wp\/v2\/types\/page"}],"author":[{"embeddable":true,"href":"https:\/\/www.evamatic.com\/en\/wp-json\/wp\/v2\/users\/1"}],"replies":[{"embeddable":true,"href":"https:\/\/www.evamatic.com\/en\/wp-json\/wp\/v2\/comments?post=3"}],"version-history":[{"count":5,"href":"https:\/\/www.evamatic.com\/en\/wp-json\/wp\/v2\/pages\/3\/revisions"}],"predecessor-version":[{"id":721,"href":"https:\/\/www.evamatic.com\/en\/wp-json\/wp\/v2\/pages\/3\/revisions\/721"}],"wp:attachment":[{"href":"https:\/\/www.evamatic.com\/en\/wp-json\/wp\/v2\/media?parent=3"}],"curies":[{"name":"what","href":"https:\/\/api.w.org\/{rel}","templated":true}]}}