{"id":1862,"date":"2026-03-20T11:22:05","date_gmt":"2026-03-20T10:22:05","guid":{"rendered":"http:\/\/www.evamatic.at\/?page_id=1862"},"modified":"2026-04-19T16:55:05","modified_gmt":"2026-04-19T14:55:05","slug":"delivery-and-shipping","status":"publish","type":"page","link":"https:\/\/www.evamatic.com\/en\/lieferung-und-versand\/","title":{"rendered":"Delivery and shipping"},"content":{"rendered":"<div data-elementor-type=\"wp-page\" data-elementor-id=\"1862\" class=\"elementor elementor-1862\" data-elementor-post-type=\"page\">\n\t\t\t\t<div class=\"elementor-element elementor-element-f116383 e-flex e-con-boxed e-con e-parent\" data-id=\"f116383\" data-element_type=\"container\" data-e-type=\"container\" data-settings=\"{&quot;background_background&quot;:&quot;gradient&quot;}\">\n\t\t\t\t\t<div class=\"e-con-inner\">\n\t\t<div class=\"elementor-element elementor-element-be4351c e-con-full e-flex e-con e-child\" data-id=\"be4351c\" data-element_type=\"container\" data-e-type=\"container\">\n\t\t\t\t<div class=\"elementor-element elementor-element-28e617b elementor-widget elementor-widget-heading\" data-id=\"28e617b\" data-element_type=\"widget\" data-e-type=\"widget\" data-widget_type=\"heading.default\">\n\t\t\t\t\t<h2 class=\"elementor-heading-title elementor-size-default\">Delivery &amp; Shipping<\/h2>\t\t\t\t<\/div>\n\t\t\t\t<div class=\"elementor-element elementor-element-20d1fb3 elementor-invisible elementor-widget elementor-widget-heading\" data-id=\"20d1fb3\" data-element_type=\"widget\" data-e-type=\"widget\" data-settings=\"{&quot;_animation&quot;:&quot;fadeInUp&quot;,&quot;_animation_delay&quot;:250}\" data-widget_type=\"heading.default\">\n\t\t\t\t\t<h4 class=\"elementor-heading-title elementor-size-default\">Relevant information and frequently asked questions about delivery &amp; shipping at a glance.\n\n\n\n<\/h4>\t\t\t\t<\/div>\n\t\t\t\t<\/div>\n\t\t\t\t\t<\/div>\n\t\t\t\t<\/div>\n\t\t<div class=\"elementor-element elementor-element-6964ee1 e-flex e-con-boxed e-con e-parent\" data-id=\"6964ee1\" data-element_type=\"container\" data-e-type=\"container\">\n\t\t\t\t\t<div class=\"e-con-inner\">\n\t\t\t\t<div class=\"elementor-element elementor-element-159d36d elementor-widget elementor-widget-text-editor\" data-id=\"159d36d\" data-element_type=\"widget\" data-e-type=\"widget\" data-widget_type=\"text-editor.default\">\n\t\t\t\t\t\t\t\t\t<p data-start=\"223\" data-end=\"382\">\u00a0<\/p><p data-start=\"223\" data-end=\"382\">We deliver our products reliably and on time. The delivery time depends on the respective product and the selected design and print type.<\/p><p data-start=\"384\" data-end=\"422\">Our range includes, among other things:<\/p><ul data-start=\"423\" data-end=\"539\"><li data-start=\"423\" data-end=\"446\"><p data-start=\"425\" data-end=\"446\"><strong data-start=\"425\" data-end=\"446\">Licence plate holder<\/strong><\/p><\/li><li data-start=\"481\" data-end=\"506\"><p data-start=\"483\" data-end=\"506\"><strong data-start=\"483\" data-end=\"506\">Signs &amp; displays<\/strong><\/p><\/li><li data-start=\"507\" data-end=\"539\"><p data-start=\"509\" data-end=\"539\"><strong data-start=\"509\" data-end=\"539\">Labelling &amp; stickers<\/strong><\/p><\/li><li><strong data-start=\"449\" data-end=\"480\">Key organisation (AUT)<\/strong><\/li><\/ul><p>\u00a0<\/p>\t\t\t\t\t\t\t\t<\/div>\n\t\t\t\t\t<\/div>\n\t\t\t\t<\/div>\n\t\t<div class=\"elementor-element elementor-element-483cd10 e-flex e-con-boxed e-con e-parent\" data-id=\"483cd10\" data-element_type=\"container\" data-e-type=\"container\">\n\t\t\t\t\t<div class=\"e-con-inner\">\n\t\t\t\t<div class=\"elementor-element elementor-element-58fc854 elementor-widget elementor-widget-heading\" data-id=\"58fc854\" data-element_type=\"widget\" data-e-type=\"widget\" data-widget_type=\"heading.default\">\n\t\t\t\t\t<h3 class=\"elementor-heading-title elementor-size-default\">Delivery times<\/h3>\t\t\t\t<\/div>\n\t\t\t\t<div class=\"elementor-element elementor-element-6aa573b elementor-widget elementor-widget-text-editor\" data-id=\"6aa573b\" data-element_type=\"widget\" data-e-type=\"widget\" data-widget_type=\"text-editor.default\">\n\t\t\t\t\t\t\t\t\t<p><strong>Unprinted licence plate holder<\/strong><\/p><ul><li><p>approx. <strong>5 working days<\/strong><\/p><\/li><\/ul><p><strong>4c printing (digital printing)<\/strong><\/p><ul><li><p>approx. <strong>10-14 days<\/strong><\/p><\/li><\/ul><p><strong>Screen printing<\/strong><\/p><ul><li><p>approx. <strong>3-4 weeks<\/strong><\/p><\/li><\/ul><p><em>The delivery time starts from receipt of payment. In the case of customised products, there may be production-related deviations.<\/em><\/p><p>\u00a0<\/p>\t\t\t\t\t\t\t\t<\/div>\n\t\t\t\t\t<\/div>\n\t\t\t\t<\/div>\n\t\t<div class=\"elementor-element elementor-element-dfb2575 e-flex e-con-boxed e-con e-parent\" data-id=\"dfb2575\" data-element_type=\"container\" data-e-type=\"container\">\n\t\t\t\t\t<div class=\"e-con-inner\">\n\t\t\t\t<div class=\"elementor-element elementor-element-9bc9d89 elementor-widget elementor-widget-heading\" data-id=\"9bc9d89\" data-element_type=\"widget\" data-e-type=\"widget\" data-widget_type=\"heading.default\">\n\t\t\t\t\t<h3 class=\"elementor-heading-title elementor-size-default\">Shipping costs &amp; delivery areas<\/h3>\t\t\t\t<\/div>\n\t\t\t\t<div class=\"elementor-element elementor-element-c7216dc elementor-widget elementor-widget-text-editor\" data-id=\"c7216dc\" data-element_type=\"widget\" data-e-type=\"widget\" data-widget_type=\"text-editor.default\">\n\t\t\t\t\t\t\t\t\t<p data-start=\"58\" data-end=\"228\">We deliver to Austria, Germany, Switzerland and the USA. Intra-community deliveries within the EU are also possible.<\/p>\n<h4><img decoding=\"async\" draggable=\"false\" role=\"img\" class=\"emoji\" alt=\"Austria\" src=\"https:\/\/s.w.org\/images\/core\/emoji\/17.0.2\/svg\/1f1e6-1f1f9.svg\" title=\"\"> Austria<\/h4>\n<ul>\n<li>\n<p><strong>Shipping costs:<\/strong> \u20ac <strong>9,90<\/strong><\/p>\n<\/li>\n<li>\n<p><strong>Free house:<\/strong> from an order value of <strong>\u20ac 250,-<\/strong><\/p>\n<\/li>\n<li>\n<p><strong>Delivery time:<\/strong> depending on product and print type&nbsp;<\/p>\n<\/li>\n<\/ul>\n<h4>&nbsp;<\/h4>\n<h4><img decoding=\"async\" draggable=\"false\" role=\"img\" class=\"emoji\" alt=\"Germany\" src=\"https:\/\/s.w.org\/images\/core\/emoji\/17.0.2\/svg\/1f1e9-1f1ea.svg\" title=\"\"> Germany<\/h4>\n<ul>\n<li>\n<p><strong>Shipping costs:<\/strong> \u20ac <strong>19,90<\/strong><\/p>\n<\/li>\n<li>\n<p><strong>Free house:<\/strong> from an order value of <strong>\u20ac 400,-<\/strong><\/p>\n<\/li>\n<li>\n<p><strong>Delivery time:<\/strong> depending on product and print type<\/p>\n<\/li>\n<\/ul>\n<p><em>Shipping to Germany is not possible for individual products. In this case, this will be indicated in the order process.<\/em><\/p>\n<h4><img decoding=\"async\" draggable=\"false\" role=\"img\" class=\"emoji\" alt=\"\ud83c\udde8\ud83c\udded\" src=\"https:\/\/s.w.org\/images\/core\/emoji\/17.0.2\/svg\/1f1e8-1f1ed.svg\" title=\"\"> Switzerland<\/h4>\n<p><em>Whether shipping to Switzerland is possible is indicated in the respective product or in the order process.<br><span style=\"font-weight: 400;\">Please refer to the web shop's shipping cost calculator for shipping costs to Switzerland. Please note that customs or import duties may apply. A VAT number is mandatory for customs clearance in Switzerland.<\/span><\/em><\/p>\n<h4 data-start=\"793\" data-end=\"817\"><img decoding=\"async\" draggable=\"false\" role=\"img\" class=\"emoji\" alt=\"\ud83c\uddec\ud83c\udde7\" src=\"https:\/\/s.w.org\/images\/core\/emoji\/17.0.2\/svg\/1f1ea-1f1fa.svg\" title=\"\"> European Union<\/h4>\n<p data-start=\"819\" data-end=\"874\"><span style=\"font-weight: 400;\">Deliveries to other EU countries are also possible.<\/span><\/p><p data-start=\"819\" data-end=\"874\"><span style=\"font-weight: 400;\">Shipping costs are available on request or can be found using the shipping cost calculator on the webshop.<\/span><\/p>\n<h4 data-start=\"792\" data-end=\"802\"><img decoding=\"async\" draggable=\"false\" role=\"img\" class=\"emoji\" alt=\"\ud83c\uddfa\ud83c\uddf8\" src=\"https:\/\/s.w.org\/images\/core\/emoji\/17.0.2\/svg\/1f1fa-1f1f8.svg\" title=\"\"> USA<\/h4>\n<p data-start=\"804\" data-end=\"832\">We will be happy to inform you of the shipping costs to the USA on request. Please note that customs or import duties may apply.<\/p>\n<p data-start=\"804\" data-end=\"832\">\n<\/p>\t\t\t\t\t\t\t\t<\/div>\n\t\t\t\t\t<\/div>\n\t\t\t\t<\/div>\n\t\t<div class=\"elementor-element elementor-element-33db644 e-flex e-con-boxed e-con e-parent\" data-id=\"33db644\" data-element_type=\"container\" data-e-type=\"container\">\n\t\t\t\t\t<div class=\"e-con-inner\">\n\t\t\t\t<div class=\"elementor-element elementor-element-5646282 elementor-widget elementor-widget-heading\" data-id=\"5646282\" data-element_type=\"widget\" data-e-type=\"widget\" data-widget_type=\"heading.default\">\n\t\t\t\t\t<h3 class=\"elementor-heading-title elementor-size-default\">Important notes<\/h3>\t\t\t\t<\/div>\n\t\t\t\t<div class=\"elementor-element elementor-element-24231ff elementor-widget elementor-widget-text-editor\" data-id=\"24231ff\" data-element_type=\"widget\" data-e-type=\"widget\" data-widget_type=\"text-editor.default\">\n\t\t\t\t\t\t\t\t\t<ul><li><p>Orders are processed on working days.<\/p><\/li><li><p>There is no delivery on weekends and public holidays.<\/p><\/li><li><p>Please make sure you enter the correct delivery address.<\/p><\/li><\/ul><p>For questions about delivery time, shipping or special solutions <a href=\"\/en\/contact\/\"><strong>please contact us<\/strong><\/a> - We can help you personally.<\/p>\t\t\t\t\t\t\t\t<\/div>\n\t\t\t\t\t<\/div>\n\t\t\t\t<\/div>\n\t\t\t\t<\/div>","protected":false},"excerpt":{"rendered":"<p>Lieferung &amp; Versand Relevante Informationen und h\u00e4ufige Fragen zu Lieferung &amp; Versand auf einen Blick. \u00a0 Wir liefern unsere Produkte zuverl\u00e4ssig und termingerecht. Die Lieferzeit richtet sich nach dem jeweiligen Produkt sowie der gew\u00e4hlten Ausf\u00fchrung und Druckart. Unser Sortiment umfasst unter anderem: Kennzeichenhalter Schilder &amp; Displays Beschriftungen &amp; Aufkleber Schl\u00fcsselorganisation (AUT) \u00a0 Lieferzeiten Unbedruckte Kennzeichenhalter [&hellip;]<\/p>\n","protected":false},"author":1,"featured_media":0,"parent":0,"menu_order":0,"comment_status":"closed","ping_status":"closed","template":"","meta":{"_acf_changed":false,"footnotes":""},"class_list":["post-1862","page","type-page","status-publish","hentry"],"acf":[],"_links":{"self":[{"href":"https:\/\/www.evamatic.com\/en\/wp-json\/wp\/v2\/pages\/1862","targetHints":{"allow":["GET"]}}],"collection":[{"href":"https:\/\/www.evamatic.com\/en\/wp-json\/wp\/v2\/pages"}],"about":[{"href":"https:\/\/www.evamatic.com\/en\/wp-json\/wp\/v2\/types\/page"}],"author":[{"embeddable":true,"href":"https:\/\/www.evamatic.com\/en\/wp-json\/wp\/v2\/users\/1"}],"replies":[{"embeddable":true,"href":"https:\/\/www.evamatic.com\/en\/wp-json\/wp\/v2\/comments?post=1862"}],"version-history":[{"count":10,"href":"https:\/\/www.evamatic.com\/en\/wp-json\/wp\/v2\/pages\/1862\/revisions"}],"predecessor-version":[{"id":3972,"href":"https:\/\/www.evamatic.com\/en\/wp-json\/wp\/v2\/pages\/1862\/revisions\/3972"}],"wp:attachment":[{"href":"https:\/\/www.evamatic.com\/en\/wp-json\/wp\/v2\/media?parent=1862"}],"curies":[{"name":"what","href":"https:\/\/api.w.org\/{rel}","templated":true}]}}