{"id":113,"date":"2026-01-22T13:25:34","date_gmt":"2026-01-22T12:25:34","guid":{"rendered":"http:\/\/www.evamatic.at\/impressum\/"},"modified":"2026-03-31T09:05:30","modified_gmt":"2026-03-31T07:05:30","slug":"imprint","status":"publish","type":"page","link":"https:\/\/www.evamatic.com\/en\/impressum\/","title":{"rendered":"Imprint"},"content":{"rendered":"<div data-elementor-type=\"wp-page\" data-elementor-id=\"113\" class=\"elementor elementor-113\" data-elementor-post-type=\"page\">\n\t\t\t\t<div class=\"elementor-element elementor-element-7a71b0c3 e-flex e-con-boxed e-con e-parent\" data-id=\"7a71b0c3\" data-element_type=\"container\" data-e-type=\"container\">\n\t\t\t\t\t<div class=\"e-con-inner\">\n\t\t\t\t<div class=\"elementor-element elementor-element-2c1a4b4 elementor-widget elementor-widget-heading\" data-id=\"2c1a4b4\" data-element_type=\"widget\" data-e-type=\"widget\" data-widget_type=\"heading.default\">\n\t\t\t\t\t<h2 class=\"elementor-heading-title elementor-size-default\">Imprint<\/h2>\t\t\t\t<\/div>\n\t\t\t\t<div class=\"elementor-element elementor-element-cd2e1c6 elementor-widget elementor-widget-text-editor\" data-id=\"cd2e1c6\" data-element_type=\"widget\" data-e-type=\"widget\" data-widget_type=\"text-editor.default\">\n\t\t\t\t\t\t\t\t\t<p class=\"text-align-left size-20\"><strong class=\"font-size-20\">EVAMATIC Handelsges.m.b.H.<\/strong><\/p><p class=\"text-align-left\">Opening hours:<\/p><p class=\"text-align-left\">Monday to Thursday: 09:00 - 16:00<\/p><p class=\"text-align-left\">Friday: 09:00 am - 12:00 pm<\/p><p class=\"text-align-left\">Managing Director:in<\/p><p class=\"text-align-left\">Monika Marksteiner<\/p><p class=\"text-align-left\">Roman Marksteiner<\/p><p class=\"text-align-left\"><span class=\"\">Telephone:\u00a0<\/span><a href=\"tel:+43 216263115\" target=\"_blank\" rel=\"noopener\" type=\"call\">+43 2162 \/ 63 115<\/a><\/p><p class=\"text-align-left\">Fax: +43 2162 \/ 63 115 18<\/p><p class=\"text-align-left\"><span class=\"\">e-mail:\u00a0<\/span><a href=\"mailto:office@evamatic.com\" target=\"_blank\" rel=\"noopener\" type=\"email\">office(at)evamatic.com<\/a><\/p><p class=\"text-align-left\"><span class=\"\">Internet:\u00a0<\/span><a href=\"http:\/\/www.evamatic.com\/en\/\" target=\"_blank\" rel=\"noopener\" type=\"url\">www.evamatic.com<\/a><\/p><p class=\"text-align-left\">Company headquarters: A-2460 Bruck\/Leitha, Industriegel\u00e4nde West 11<\/p><p class=\"text-align-left\">Company register number: FN 59488h<\/p><p class=\"text-align-left\">UID number: ATU14813308<\/p><p class=\"text-align-left\">ARA licence no.: 1511<\/p>\t\t\t\t\t\t\t\t<\/div>\n\t\t\t\t\t<\/div>\n\t\t\t\t<\/div>\n\t\t\t\t<\/div>","protected":false},"excerpt":{"rendered":"<p>Impressum EVAMATIC Handelsges.m.b.H. \u00d6ffnungszeiten: Montag bis Donnerstag: 09:00 Uhr &#8211; 16:00 Uhr Freitag: 09:00 Uhr &#8211; 12:00 Uhr Gesch\u00e4ftsf\u00fchrer:in Monika Marksteiner Roman Marksteiner Telefon:\u00a0+43 2162 \/ 63 115 Fax: +43 2162 \/ 63 115 18 E-Mail:\u00a0office(at)evamatic.com Internet:\u00a0www.evamatic.com Firmensitz: A-2460 Bruck\/Leitha, Industriegel\u00e4nde West 11 Firmenbuchnummer: FN 59488h UID-Nummer: ATU14813308 ARA Lizenz Nr.: 1511<\/p>","protected":false},"author":1,"featured_media":0,"parent":0,"menu_order":0,"comment_status":"closed","ping_status":"closed","template":"","meta":{"_acf_changed":false,"footnotes":""},"class_list":["post-113","page","type-page","status-publish","hentry"],"acf":[],"_links":{"self":[{"href":"https:\/\/www.evamatic.com\/en\/wp-json\/wp\/v2\/pages\/113","targetHints":{"allow":["GET"]}}],"collection":[{"href":"https:\/\/www.evamatic.com\/en\/wp-json\/wp\/v2\/pages"}],"about":[{"href":"https:\/\/www.evamatic.com\/en\/wp-json\/wp\/v2\/types\/page"}],"author":[{"embeddable":true,"href":"https:\/\/www.evamatic.com\/en\/wp-json\/wp\/v2\/users\/1"}],"replies":[{"embeddable":true,"href":"https:\/\/www.evamatic.com\/en\/wp-json\/wp\/v2\/comments?post=113"}],"version-history":[{"count":10,"href":"https:\/\/www.evamatic.com\/en\/wp-json\/wp\/v2\/pages\/113\/revisions"}],"predecessor-version":[{"id":2437,"href":"https:\/\/www.evamatic.com\/en\/wp-json\/wp\/v2\/pages\/113\/revisions\/2437"}],"wp:attachment":[{"href":"https:\/\/www.evamatic.com\/en\/wp-json\/wp\/v2\/media?parent=113"}],"curies":[{"name":"what","href":"https:\/\/api.w.org\/{rel}","templated":true}]}}