{"id":3144,"date":"2026-04-09T14:19:08","date_gmt":"2026-04-09T12:19:08","guid":{"rendered":"https:\/\/www.evamatic.at\/product\/kunden-info-box-2\/"},"modified":"2026-04-22T09:49:48","modified_gmt":"2026-04-22T07:49:48","slug":"informacni-box-pro-zakaznika-2","status":"publish","type":"product","link":"https:\/\/www.evamatic.com\/cs\/product\/kunden-info-box-2\/","title":{"rendered":"Info box pro z\u00e1kazn\u00edky DIN A4 \/ DIN A6"},"content":{"rendered":"<p><strong>Uspo\u0159\u00e1d\u00e1n\u00ed prospekt\u016f pro let\u00e1ky, bro\u017eury, cen\u00edky DIN A4 nebo DIN A6<\/strong><\/p>\n<p>S na\u0161imi \u0159e\u0161en\u00edmi pro organizaci prospekt\u016f prezentujete bro\u017eury, let\u00e1ky a informa\u010dn\u00ed materi\u00e1ly p\u0159ehledn\u011b, viditeln\u011b a profesion\u00e1ln\u011b. A\u0165 u\u017e ve vozidle, v recepci, \u010dek\u00e1rn\u00e1ch, na veletr\u017en\u00edch st\u00e1nc\u00edch, v kancel\u00e1\u0159i nebo prodejn\u00edch prostor\u00e1ch \u2013 dob\u0159e organizovan\u00e9 informa\u010dn\u00ed materi\u00e1ly jsou rychleji vn\u00edm\u00e1ny a vyu\u017e\u00edv\u00e1ny. Na\u0161e stojany na prospekty jsou univerz\u00e1ln\u011b pou\u017eiteln\u00e9, robustn\u00ed a vyroben\u00e9 z vysoce kvalitn\u00edch materi\u00e1l\u016f. Nab\u00edzej\u00ed dostatek prostoru pro form\u00e1ty DIN jako A4 nebo A6 a flexibiln\u00ed mo\u017enosti mont\u00e1\u017ee \u2013 od n\u00e1st\u011bnn\u00e9, p\u0159es stoln\u00ed a\u017e po mobiln\u00ed pou\u017eit\u00ed.<\/p>\n<p>&nbsp;<\/p>\n<p><strong>V\u00fdhody:<\/strong><\/p>\n<ul>\n<li>P\u0159ehledn\u00e1 prezentace va\u0161ich bro\u017eur a let\u00e1k\u016f<\/li>\n<li>Snadn\u00fd p\u0159\u00edstup pro z\u00e1kazn\u00edky a n\u00e1v\u0161t\u011bvn\u00edky<\/li>\n<li>Robustn\u00ed a odoln\u00e9 \u2013 ide\u00e1ln\u00ed pro frekventovan\u00e1 m\u00edsta<\/li>\n<li>V\u0161estrann\u011b montovateln\u00fd: na vozidlo, st\u011bnu, st\u016fl nebo voln\u011b stoj\u00edc\u00ed<\/li>\n<li>Vhodn\u00e9 pro voliteln\u011b A4 nebo A6<\/li>\n<\/ul>\n<p>&nbsp;<\/p>\n<p><strong>Oblast pou\u017eit\u00ed:<\/strong><\/p>\n<ul>\n<li>Prezentace vozidla<\/li>\n<li>Recepce a \u010dek\u00e1rny<\/li>\n<li>Veletrhy a akce<\/li>\n<li>Kancel\u00e1\u0159e, prodejn\u00ed prostory a showroom<\/li>\n<li>Informa\u010dn\u00ed st\u00e1nky a recepce<\/li>\n<li>\u00da\u0159ady, ordinace a \u0161kolic\u00ed m\u00edstnosti<\/li>\n<\/ul>\n<p>&nbsp;<\/p>\n<p><strong>Detaily produktu:<\/strong><\/p>\n<ul>\n<li>Materi\u00e1l: 3 mm akryl\u00e1tov\u00e9 sklo Zadn\u00ed \u010d\u00e1st: nerozbitn\u00fd PET materi\u00e1l<\/li>\n<li>Barva: \u010dern\u00e1\/transparentn\u00ed<\/li>\n<li>Zvl\u00e1\u0161tnosti: samouzav\u00edrac\u00ed v\u00edko, velk\u00fd objem pro ulo\u017een\u00ed, nelze vyvr\u00e1tit bou\u0159\u00ed, v\u011btrac\u00ed otvory proti kondenzaci, pro vnit\u0159n\u00ed i venkovn\u00ed pou\u017eit\u00ed<\/li>\n<\/ul>","protected":false},"excerpt":{"rendered":"<p>Prospektorganisation f\u00fcr Flyer, Brosch\u00fcren Preisbl\u00e4tter DIN A4 oder DIN A6 Mit unseren Prospektorganisation-L\u00f6sungen pr\u00e4sentieren Sie Brosch\u00fcren, Flyer und Informationsmaterial \u00fcbersichtlich, gut sichtbar und professionell. Ob am Fahrzeug, in Empfangsbereichen, Wartezonen, Messest\u00e4nden, B\u00fcro oder Verkaufsr\u00e4umen \u2013 gut organisierte Informationsmaterialien werden schneller wahrgenommen und genutzt.Unsere Prospekthalter sind vielseitig einsetzbar, robust und aus hochwertigen Materialien gefertigt. Sie bieten [&hellip;]<\/p>\n","protected":false},"featured_media":726,"template":"","meta":{"_acf_changed":false},"product_brand":[],"product_cat":[89],"product_tag":[],"class_list":{"0":"post-3144","1":"product","2":"type-product","3":"status-publish","4":"has-post-thumbnail","6":"product_cat-kunden-infoboxen","7":"pa_groesse-din-a4","8":"pa_groesse-din-a6","9":"pa_menge-94","10":"pa_menge-95","11":"pa_menge-113","12":"pa_menge-123","13":"pa_menge-191","14":"pa_menge-192","15":"pa_menge-193","16":"pa_menge-194","17":"pa_menge-195","18":"pa_menge-93","19":"pa_menge-196","21":"first","22":"instock","23":"taxable","24":"shipping-taxable","25":"purchasable","26":"product-type-variable"},"exclude_global_add_ons":[],"addons":[],"acf":[],"_links":{"self":[{"href":"https:\/\/www.evamatic.com\/cs\/wp-json\/wp\/v2\/product\/3144","targetHints":{"allow":["GET"]}}],"collection":[{"href":"https:\/\/www.evamatic.com\/cs\/wp-json\/wp\/v2\/product"}],"about":[{"href":"https:\/\/www.evamatic.com\/cs\/wp-json\/wp\/v2\/types\/product"}],"wp:featuredmedia":[{"embeddable":true,"href":"https:\/\/www.evamatic.com\/cs\/wp-json\/wp\/v2\/media\/726"}],"wp:attachment":[{"href":"https:\/\/www.evamatic.com\/cs\/wp-json\/wp\/v2\/media?parent=3144"}],"wp:term":[{"taxonomy":"product_brand","embeddable":true,"href":"https:\/\/www.evamatic.com\/cs\/wp-json\/wp\/v2\/product_brand?post=3144"},{"taxonomy":"product_cat","embeddable":true,"href":"https:\/\/www.evamatic.com\/cs\/wp-json\/wp\/v2\/product_cat?post=3144"},{"taxonomy":"product_tag","embeddable":true,"href":"https:\/\/www.evamatic.com\/cs\/wp-json\/wp\/v2\/product_tag?post=3144"}],"curies":[{"name":"wp","href":"https:\/\/api.w.org\/{rel}","templated":true}]}}