{"id":3129,"date":"2026-04-09T14:19:07","date_gmt":"2026-04-09T12:19:07","guid":{"rendered":"https:\/\/www.evamatic.at\/product\/anhaengeschlaufen-tyvek-2\/"},"modified":"2026-04-22T13:49:51","modified_gmt":"2026-04-22T11:49:51","slug":"poutka-tyvek-2","status":"publish","type":"product","link":"https:\/\/www.evamatic.com\/cs\/product\/anhaengeschlaufen-tyvek-2\/","title":{"rendered":"O\u010dkov\u00e1 poutka Tyvek"},"content":{"rendered":"<p><span style=\"color: #000000;\"><strong>Odoln\u00e9 \u0161t\u00edtky z Tyveku pro ozna\u010den\u00ed kl\u00ed\u010d\u016f ve d\u00edln\u011b \u2013 lehk\u00e9, odoln\u00e9 proti vod\u011b a \u0161p\u00edn\u011b.<\/strong><\/span><\/p>\n<p><span style=\"color: #000000;\">Tyvek z\u00e1v\u011bsn\u00e9 \u0161t\u00edtky s perforac\u00ed pro traktor jsou robustn\u00ed a spolehliv\u00e9 \u0159e\u0161en\u00ed jako kl\u00ed\u010denka v d\u00edln\u00e1ch, provozech a pr\u016fmyslov\u00e9m prost\u0159ed\u00ed. Extr\u00e9mn\u011b odoln\u00fd materi\u00e1l Tyvek\u00ae odol\u00e1v\u00e1 ka\u017edodenn\u00edmu opot\u0159eben\u00ed a zachov\u00e1v\u00e1 si sv\u016fj tvar i p\u0159i kontaktu s olejem, \u0161p\u00ednou nebo vlhkost\u00ed. Ide\u00e1ln\u00ed pro ozna\u010dov\u00e1n\u00ed kl\u00ed\u010d\u016f od automobil\u016f \u2013 lehk\u00e9, odoln\u00e9 a snadno popsateln\u00e9. Barvy: \u017elut\u00e1, modr\u00e1, \u010derven\u00e1, zelen\u00e1, oran\u017eov\u00e1, r\u016f\u017eov\u00e1, b\u00edl\u00e1<\/span><\/p>\n<p>&nbsp;<\/p>\n<p><strong><span style=\"color: #000000;\">Detaily produktu:<\/span><\/strong><\/p>\n<ul>\n<li><span style=\"color: #000000;\">Materi\u00e1l: Tyvek<\/span><\/li>\n<li><span style=\"color: #000000;\">Barva: \u017elut\u00e1, modr\u00e1, \u010derven\u00e1, zelen\u00e1, oran\u017eov\u00e1, r\u016f\u017eov\u00e1, b\u00edl\u00e1<\/span><\/li>\n<li><span style=\"color: #000000;\">Rozm\u011bry: 14 x 1,3 cm<\/span><\/li>\n<li><span style=\"color: #000000;\">Zvl\u00e1\u0161tnosti: s perforac\u00ed pro traktor<\/span><\/li>\n<li><span style=\"color: #000000;\">Vhodn\u00e9 pro kop\u00edrku, laserovou a inkoustovou tisk\u00e1rnu<\/span><\/li>\n<li><span style=\"color: #000000;\">VPE: 1000 kus\u016f v s\u00e1\u010dku<\/span><\/li>\n<\/ul>","protected":false},"excerpt":{"rendered":"<p>Rei\u00dffeste Tyvek-Anh\u00e4ngeschlaufen zur Schl\u00fcsselkennzeichnung in der Werkstatt \u2013 leicht, wasser- und schmutzbest\u00e4ndig. Tyvek Anh\u00e4ngeschlaufen mit Traktorlochung sind die robuste und zuverl\u00e4ssige L\u00f6sung als Schl\u00fcsselanh\u00e4nger in Werkst\u00e4tten, Betrieben und Industrieumgebungen. Das extrem rei\u00dffeste Tyvek\u00ae-Material h\u00e4lt t\u00e4glicher Beanspruchung stand und bleibt auch bei \u00d6l, Schmutz oder Feuchtigkeit formstabil. Ideal zur Kennzeichnung von Autoschl\u00fcssel \u2013 leicht, langlebig und [&hellip;]<\/p>\n","protected":false},"featured_media":2145,"template":"","meta":{"_acf_changed":false},"product_brand":[],"product_cat":[83],"product_tag":[],"class_list":{"0":"post-3129","1":"product","2":"type-product","3":"status-publish","4":"has-post-thumbnail","6":"product_cat-schluesselanhaenger","7":"pa_farbe-rosa","8":"pa_farbe-weiss","9":"pa_farbe-gelb","10":"pa_farbe-blau","11":"pa_farbe-rot","12":"pa_farbe-gruen","13":"pa_farbe-orange","14":"pa_menge-113","15":"pa_menge-123","16":"pa_menge-191","17":"pa_menge-192","18":"pa_menge-193","20":"first","21":"instock","22":"taxable","23":"shipping-taxable","24":"purchasable","25":"product-type-variable"},"exclude_global_add_ons":false,"addons":[{"name":"Nahr\u00e1t tiskov\u00e1 data","type":"file_upload","position":0,"required":false,"title_format":"label","default":"","description_enable":false,"description":"Bitte laden Sie hier die Druckdatei (Bild) hoch.","placeholder_enable":false,"placeholder":"","display":"select","restrictions_type":"any_text","adjust_price":false,"price":"","price_type":"flat_fee","restrictions":false,"min":"0","max":"0","options":[],"id":1776081863},{"name":"\u00a0","type":"checkbox","position":1,"required":false,"title_format":"label","default":"","description_enable":true,"description":"P\u0159enechte design profesion\u00e1l\u016fm! Jednodu\u0161e n\u00e1m za\u0161lete sv\u00e9 po\u017eadavky, loga, texty a preferovan\u00e9 fonty e-mailem nebo prost\u0159ednictv\u00edm na\u0161\u00ed funkce pro nahr\u00e1v\u00e1n\u00ed. N\u00e1\u0161 zku\u0161en\u00fd grafick\u00fd t\u00fdm pro v\u00e1s vytvo\u0159\u00ed a\u017e 3 individu\u00e1ln\u00ed n\u00e1vrhy designu, dokonale p\u0159izp\u016fsoben\u00e9 va\u0161im po\u017eadavk\u016fm.","placeholder_enable":false,"placeholder":"","display":"select","restrictions_type":"any_text","adjust_price":false,"price":"","price_type":"flat_fee","restrictions":false,"min":"0","max":"0","options":[{"label":"Professionelle Layouterstellung durch unsere Grafikabteilung","price":"35","price_type":"flat_fee","image":0,"visibility":true}],"id":1775653837}],"acf":[],"_links":{"self":[{"href":"https:\/\/www.evamatic.com\/cs\/wp-json\/wp\/v2\/product\/3129","targetHints":{"allow":["GET"]}}],"collection":[{"href":"https:\/\/www.evamatic.com\/cs\/wp-json\/wp\/v2\/product"}],"about":[{"href":"https:\/\/www.evamatic.com\/cs\/wp-json\/wp\/v2\/types\/product"}],"wp:featuredmedia":[{"embeddable":true,"href":"https:\/\/www.evamatic.com\/cs\/wp-json\/wp\/v2\/media\/2145"}],"wp:attachment":[{"href":"https:\/\/www.evamatic.com\/cs\/wp-json\/wp\/v2\/media?parent=3129"}],"wp:term":[{"taxonomy":"product_brand","embeddable":true,"href":"https:\/\/www.evamatic.com\/cs\/wp-json\/wp\/v2\/product_brand?post=3129"},{"taxonomy":"product_cat","embeddable":true,"href":"https:\/\/www.evamatic.com\/cs\/wp-json\/wp\/v2\/product_cat?post=3129"},{"taxonomy":"product_tag","embeddable":true,"href":"https:\/\/www.evamatic.com\/cs\/wp-json\/wp\/v2\/product_tag?post=3129"}],"curies":[{"name":"wp","href":"https:\/\/api.w.org\/{rel}","templated":true}]}}