{"id":3126,"date":"2026-04-09T14:19:07","date_gmt":"2026-04-09T12:19:07","guid":{"rendered":"https:\/\/www.evamatic.at\/product\/decotafel-miniletter-kennzeicheneinleger-uv-digitaldruck-fuer-pwk-kennzeichenhalter-schweiz-500x110mm\/"},"modified":"2026-04-29T11:12:25","modified_gmt":"2026-04-29T09:12:25","slug":"dekorativni-deska-mini-pismena-vlozka-na-registracni-znacku-uv-digitalni-tisk-pro-drzak-spz-osobniho-automobilu-svycarsko-500x110mm","status":"publish","type":"product","link":"https:\/\/www.evamatic.com\/cs\/product\/decotafel-miniletter-kennzeicheneinleger-uv-digitaldruck-fuer-pwk-kennzeichenhalter-schweiz-500x110mm\/","title":{"rendered":"Decotafel \/ Miniletter \/ Vkl\u00e1dac\u00ed tabulky pro pozn\u00e1vac\u00ed zna\u010dky UV digit\u00e1ln\u00ed tisk pro dr\u017e\u00e1k pozn\u00e1vac\u00edch zna\u010dek PWK \u0160v\u00fdcarsko 500x110mm"},"content":{"rendered":"<p>Miniletter Decoschilder jsou ide\u00e1ln\u00edm \u0159e\u0161en\u00edm pro individu\u00e1ln\u00ed reklamn\u00ed vlo\u017eky do dr\u017e\u00e1k\u016f registra\u010dn\u00edch zna\u010dek. Umo\u017e\u0148uj\u00ed decentn\u00ed, ale \u00fa\u010dinnou prezentaci log, slogan\u016f nebo firemn\u00edch n\u00e1zv\u016f p\u0159\u00edmo na vozidle a zaji\u0161\u0165uj\u00ed tak va\u0161i reklamn\u00ed prezentaci na parkovi\u0161t\u00edch u automobil\u016f nebo v autosalonu.<br \/>\nVlo\u017eky jsou p\u0159esn\u011b vyrobeny a lze je snadno zasunout do b\u011b\u017en\u00fdch dr\u017e\u00e1k\u016f registra\u010dn\u00edch zna\u010dek. D\u00edky vysoce kvalitn\u00edm materi\u00e1l\u016fm p\u0159esv\u011bd\u010d\u00ed dlouhou \u017eivotnost\u00ed potisku a profesion\u00e1ln\u00edm vzhledem, a to jak v interi\u00e9ru, tak v exteri\u00e9ru.<\/p>\n<p><strong>V\u00fdhody:<\/strong><\/p>\n<ul>\n<li>Ide\u00e1ln\u00ed jako reklamn\u00ed vlo\u017eka do dr\u017e\u00e1k\u016f registra\u010dn\u00edch zna\u010dek<\/li>\n<li>Decentn\u00ed, ale \u00fa\u010dinn\u00e1 reklama na vozidla<\/li>\n<li>Vysoce kvalitn\u00ed zpracov\u00e1n\u00ed a z\u0159eteln\u00e1 \u010ditelnost<\/li>\n<li>P\u0159esn\u011b pasuj\u00edc\u00ed pro b\u011b\u017en\u00e9 dr\u017e\u00e1ky pozn\u00e1vac\u00edch zna\u010dek<\/li>\n<li>Odoln\u00fd v\u016f\u010di pov\u011btrnostn\u00edm vliv\u016fm a UV z\u00e1\u0159en\u00ed<\/li>\n<\/ul>\n<p><strong>Oblast pou\u017eit\u00ed:<\/strong><\/p>\n<ul>\n<li>Autosalon a d\u00edlna<\/li>\n<li>Reklamn\u00ed a propaga\u010dn\u00ed \u00fa\u010dely<\/li>\n<li>Ak\u010dn\u00ed vozidla<\/li>\n<\/ul>","protected":false},"excerpt":{"rendered":"<p>Miniletter Decoschilder sind die ideale L\u00f6sung f\u00fcr individuelle Werbeeinleger in Kennzeichenhaltern. Sie erm\u00f6glichen eine dezente, aber wirkungsvolle Pr\u00e4sentation von Logos, Slogans oder Firmennamen direkt am Fahrzeug und sorgen so f\u00fcr Ihren Werbeauftritt am Autoplatz oder im Autohaus. Die Einleger sind passgenau gefertigt und lassen sich einfach in handels\u00fcbliche Kennzeichenhalter einsetzen. Dank hochwertiger Materialien \u00fcberzeugen sie [&hellip;]<\/p>\n","protected":false},"featured_media":4440,"template":"","meta":{"_acf_changed":false},"product_brand":[],"product_cat":[201,92],"product_tag":[],"class_list":{"0":"post-3126","1":"product","2":"type-product","3":"status-publish","4":"has-post-thumbnail","6":"product_cat-kennzeichenhalter-schweiz","7":"product_cat-decotafel-miniletter-kennzeicheneinleger","8":"pa_druckvariante-4c-uv-direktdruck","9":"pa_menge-95","10":"pa_menge-96","11":"pa_menge-116","12":"pa_menge-118","13":"pa_menge-120","15":"first","16":"instock","17":"taxable","18":"shipping-taxable","19":"purchasable","20":"product-type-variable"},"exclude_global_add_ons":false,"addons":[{"name":"Nahr\u00e1t tiskov\u00e1 data","type":"file_upload","position":0,"required":false,"title_format":"label","default":"","description_enable":false,"description":"Bitte laden Sie hier die Druckdatei (Bild) hoch.","placeholder_enable":false,"placeholder":"","display":"select","restrictions_type":"any_text","adjust_price":false,"price":"","price_type":"flat_fee","restrictions":false,"min":"0","max":"0","options":[],"id":1776081863},{"name":"\u00a0","type":"checkbox","position":1,"required":false,"title_format":"label","default":"","description_enable":true,"description":"P\u0159enechte design profesion\u00e1l\u016fm! Jednodu\u0161e n\u00e1m za\u0161lete sv\u00e9 po\u017eadavky, loga, texty a preferovan\u00e9 fonty e-mailem nebo prost\u0159ednictv\u00edm na\u0161\u00ed funkce pro nahr\u00e1v\u00e1n\u00ed. N\u00e1\u0161 zku\u0161en\u00fd grafick\u00fd t\u00fdm pro v\u00e1s vytvo\u0159\u00ed a\u017e 3 individu\u00e1ln\u00ed n\u00e1vrhy designu, dokonale p\u0159izp\u016fsoben\u00e9 va\u0161im po\u017eadavk\u016fm.","placeholder_enable":false,"placeholder":"","display":"select","restrictions_type":"any_text","adjust_price":false,"price":"","price_type":"flat_fee","restrictions":false,"min":"0","max":"0","options":[{"label":"Professionelle Layouterstellung durch unsere Grafikabteilung","price":"35","price_type":"flat_fee","image":0,"visibility":true}],"id":1775653837}],"acf":[],"_links":{"self":[{"href":"https:\/\/www.evamatic.com\/cs\/wp-json\/wp\/v2\/product\/3126","targetHints":{"allow":["GET"]}}],"collection":[{"href":"https:\/\/www.evamatic.com\/cs\/wp-json\/wp\/v2\/product"}],"about":[{"href":"https:\/\/www.evamatic.com\/cs\/wp-json\/wp\/v2\/types\/product"}],"wp:featuredmedia":[{"embeddable":true,"href":"https:\/\/www.evamatic.com\/cs\/wp-json\/wp\/v2\/media\/4440"}],"wp:attachment":[{"href":"https:\/\/www.evamatic.com\/cs\/wp-json\/wp\/v2\/media?parent=3126"}],"wp:term":[{"taxonomy":"product_brand","embeddable":true,"href":"https:\/\/www.evamatic.com\/cs\/wp-json\/wp\/v2\/product_brand?post=3126"},{"taxonomy":"product_cat","embeddable":true,"href":"https:\/\/www.evamatic.com\/cs\/wp-json\/wp\/v2\/product_cat?post=3126"},{"taxonomy":"product_tag","embeddable":true,"href":"https:\/\/www.evamatic.com\/cs\/wp-json\/wp\/v2\/product_tag?post=3126"}],"curies":[{"name":"wp","href":"https:\/\/api.w.org\/{rel}","templated":true}]}}